{"id":462271,"date":"2025-01-22T07:31:32","date_gmt":"2025-01-22T07:31:33","guid":{"rendered":"https:\/\/www.erresse-shop.it\/?post_type=product&#038;p=462271"},"modified":"2025-01-22T07:57:40","modified_gmt":"2025-01-22T07:57:40","slug":"berkel-elegance-sabre-champagner-rot-copia","status":"publish","type":"product","link":"https:\/\/www.erresse-shop.it\/de\/shop\/kuche\/messer\/berkel-elegance-sabre-champagner-rot-copia\/","title":{"rendered":"BERKEL Elegance Sabre Champagner Wenge"},"content":{"rendered":"<p><strong>S\u00e4bel zum Entkorken von Schaumweinen<\/strong><\/p>\n<p>Luxuri\u00f6ses Accessoire f\u00fcr die hochwertige Verkostung von Champagner, Spumante oder anderen Schaumweinen. Mit seiner geringen Gr\u00f6\u00dfe und in erfahrenen H\u00e4nden erm\u00f6glicht dieser S\u00e4bel einen sauberen Schnitt f\u00fcr ein spektakul\u00e4res \u00d6ffnen von Flaschen. Wenden Sie bew\u00e4hrte Methoden an.<\/p>\n<p><strong>Einzelheiten:<\/strong><br \/>\n<strong>Sch\u00e4rfung<\/strong>: Glatt, ohne Z\u00e4hne<br \/>\n<strong>Verpackung<\/strong>: Geschenkbox<\/p>\n<p><strong>Made in Italy<\/strong><\/p>\n","protected":false},"excerpt":{"rendered":"<p>S\u00e4bel zum Entkorken von Schaumweinen Luxuri\u00f6ses Accessoire f\u00fcr die hochwertige Verkostung von Champagner, Spumante oder anderen Schaumweinen. Mit seiner geringen<\/p>\n","protected":false},"featured_media":462281,"template":"","meta":{"_acf_changed":false,"inline_featured_image":false},"product_cat":[6742,6706,14454],"product_tag":[11529,17290,11718,17625],"acf":[],"yoast_head":"<!-- This site is optimized with the Yoast SEO Premium plugin v18.6 (Yoast SEO v19.13) - https:\/\/yoast.com\/wordpress\/plugins\/seo\/ -->\n<title>BERKEL Elegance Sabre Champagner Rot<\/title>\n<meta name=\"description\" content=\"Entdecken Sie BERKEL Elegance Sabre Champagner Rot bei ErresseShop. Qualit\u00e4t, Stil und Funktionalit\u00e4t \u2013 jetzt online bestellen!\" \/>\n<meta name=\"robots\" content=\"index, follow, max-snippet:-1, max-image-preview:large, max-video-preview:-1\" \/>\n<link rel=\"canonical\" href=\"https:\/\/www.erresse-shop.it\/de\/shop\/kuche\/messer\/berkel-elegance-sabre-champagner-rot-copia\/\" \/>\n<meta property=\"og:locale\" content=\"de_DE\" \/>\n<meta property=\"og:type\" content=\"article\" \/>\n<meta property=\"og:title\" content=\"BERKEL Elegance Sabre Champagner Wenge\" \/>\n<meta property=\"og:description\" content=\"Entdecken Sie BERKEL Elegance Sabre Champagner Rot bei ErresseShop. Qualit\u00e4t, Stil und Funktionalit\u00e4t \u2013 jetzt online bestellen!\" \/>\n<meta property=\"og:url\" content=\"https:\/\/www.erresse-shop.it\/de\/shop\/kuche\/messer\/berkel-elegance-sabre-champagner-rot-copia\/\" \/>\n<meta property=\"og:site_name\" content=\"Erresse Shop\" \/>\n<meta property=\"article:modified_time\" content=\"2025-01-22T07:57:40+00:00\" \/>\n<meta property=\"og:image\" content=\"https:\/\/www.erresse-shop.it\/wp-content\/uploads\/2025\/01\/BERKEL-Elegance-Sciabola-Champagne-Wenge.jpg\" \/>\n\t<meta property=\"og:image:width\" content=\"1200\" \/>\n\t<meta property=\"og:image:height\" content=\"1200\" \/>\n\t<meta property=\"og:image:type\" content=\"image\/jpeg\" \/>\n<meta name=\"twitter:card\" content=\"summary_large_image\" \/>\n<script type=\"application\/ld+json\" class=\"yoast-schema-graph\">{\"@context\":\"https:\/\/schema.org\",\"@graph\":[{\"@type\":\"WebPage\",\"@id\":\"https:\/\/www.erresse-shop.it\/de\/shop\/kuche\/messer\/berkel-elegance-sabre-champagner-rot-copia\/\",\"url\":\"https:\/\/www.erresse-shop.it\/de\/shop\/kuche\/messer\/berkel-elegance-sabre-champagner-rot-copia\/\",\"name\":\"BERKEL Elegance Sabre Champagner Rot\",\"isPartOf\":{\"@id\":\"https:\/\/www.erresse-shop.it\/de\/#website\"},\"datePublished\":\"2025-01-22T07:31:33+00:00\",\"dateModified\":\"2025-01-22T07:57:40+00:00\",\"description\":\"Entdecken Sie BERKEL Elegance Sabre Champagner Rot bei ErresseShop. Qualit\u00e4t, Stil und Funktionalit\u00e4t \u2013 jetzt online bestellen!\",\"breadcrumb\":{\"@id\":\"https:\/\/www.erresse-shop.it\/de\/shop\/kuche\/messer\/berkel-elegance-sabre-champagner-rot-copia\/#breadcrumb\"},\"inLanguage\":\"de-DE\",\"potentialAction\":[{\"@type\":\"ReadAction\",\"target\":[\"https:\/\/www.erresse-shop.it\/de\/shop\/kuche\/messer\/berkel-elegance-sabre-champagner-rot-copia\/\"]}]},{\"@type\":\"BreadcrumbList\",\"@id\":\"https:\/\/www.erresse-shop.it\/de\/shop\/kuche\/messer\/berkel-elegance-sabre-champagner-rot-copia\/#breadcrumb\",\"itemListElement\":[{\"@type\":\"ListItem\",\"position\":1,\"name\":\"Home\",\"item\":\"https:\/\/www.erresse-shop.it\/de\/\"},{\"@type\":\"ListItem\",\"position\":2,\"name\":\"Shop\",\"item\":\"https:\/\/www.erresse-shop.it\/de\/shop\/\"},{\"@type\":\"ListItem\",\"position\":3,\"name\":\"BERKEL Elegance Sabre Champagner Wenge\"}]},{\"@type\":\"WebSite\",\"@id\":\"https:\/\/www.erresse-shop.it\/de\/#website\",\"url\":\"https:\/\/www.erresse-shop.it\/de\/\",\"name\":\"Erresse Shop\",\"description\":\"Articoli di qualit\u00e0 per la casa\",\"potentialAction\":[{\"@type\":\"SearchAction\",\"target\":{\"@type\":\"EntryPoint\",\"urlTemplate\":\"https:\/\/www.erresse-shop.it\/de\/?s={search_term_string}\"},\"query-input\":\"required name=search_term_string\"}],\"inLanguage\":\"de-DE\"}]}<\/script>\n<!-- \/ Yoast SEO Premium plugin. -->","yoast_head_json":{"title":"BERKEL Elegance Sabre Champagner Rot","description":"Entdecken Sie BERKEL Elegance Sabre Champagner Rot bei ErresseShop. Qualit\u00e4t, Stil und Funktionalit\u00e4t \u2013 jetzt online bestellen!","robots":{"index":"index","follow":"follow","max-snippet":"max-snippet:-1","max-image-preview":"max-image-preview:large","max-video-preview":"max-video-preview:-1"},"canonical":"https:\/\/www.erresse-shop.it\/de\/shop\/kuche\/messer\/berkel-elegance-sabre-champagner-rot-copia\/","og_locale":"de_DE","og_type":"article","og_title":"BERKEL Elegance Sabre Champagner Wenge","og_description":"Entdecken Sie BERKEL Elegance Sabre Champagner Rot bei ErresseShop. Qualit\u00e4t, Stil und Funktionalit\u00e4t \u2013 jetzt online bestellen!","og_url":"https:\/\/www.erresse-shop.it\/de\/shop\/kuche\/messer\/berkel-elegance-sabre-champagner-rot-copia\/","og_site_name":"Erresse Shop","article_modified_time":"2025-01-22T07:57:40+00:00","og_image":[{"width":1200,"height":1200,"url":"https:\/\/www.erresse-shop.it\/wp-content\/uploads\/2025\/01\/BERKEL-Elegance-Sciabola-Champagne-Wenge.jpg","type":"image\/jpeg"}],"twitter_card":"summary_large_image","schema":{"@context":"https:\/\/schema.org","@graph":[{"@type":"WebPage","@id":"https:\/\/www.erresse-shop.it\/de\/shop\/kuche\/messer\/berkel-elegance-sabre-champagner-rot-copia\/","url":"https:\/\/www.erresse-shop.it\/de\/shop\/kuche\/messer\/berkel-elegance-sabre-champagner-rot-copia\/","name":"BERKEL Elegance Sabre Champagner Rot","isPartOf":{"@id":"https:\/\/www.erresse-shop.it\/de\/#website"},"datePublished":"2025-01-22T07:31:33+00:00","dateModified":"2025-01-22T07:57:40+00:00","description":"Entdecken Sie BERKEL Elegance Sabre Champagner Rot bei ErresseShop. Qualit\u00e4t, Stil und Funktionalit\u00e4t \u2013 jetzt online bestellen!","breadcrumb":{"@id":"https:\/\/www.erresse-shop.it\/de\/shop\/kuche\/messer\/berkel-elegance-sabre-champagner-rot-copia\/#breadcrumb"},"inLanguage":"de-DE","potentialAction":[{"@type":"ReadAction","target":["https:\/\/www.erresse-shop.it\/de\/shop\/kuche\/messer\/berkel-elegance-sabre-champagner-rot-copia\/"]}]},{"@type":"BreadcrumbList","@id":"https:\/\/www.erresse-shop.it\/de\/shop\/kuche\/messer\/berkel-elegance-sabre-champagner-rot-copia\/#breadcrumb","itemListElement":[{"@type":"ListItem","position":1,"name":"Home","item":"https:\/\/www.erresse-shop.it\/de\/"},{"@type":"ListItem","position":2,"name":"Shop","item":"https:\/\/www.erresse-shop.it\/de\/shop\/"},{"@type":"ListItem","position":3,"name":"BERKEL Elegance Sabre Champagner Wenge"}]},{"@type":"WebSite","@id":"https:\/\/www.erresse-shop.it\/de\/#website","url":"https:\/\/www.erresse-shop.it\/de\/","name":"Erresse Shop","description":"Articoli di qualit\u00e0 per la casa","potentialAction":[{"@type":"SearchAction","target":{"@type":"EntryPoint","urlTemplate":"https:\/\/www.erresse-shop.it\/de\/?s={search_term_string}"},"query-input":"required name=search_term_string"}],"inLanguage":"de-DE"}]}},"df_price":154.5,"df_sale_price":154.5,"df_regular_price":309,"df_image_link":"https:\/\/www.erresse-shop.it\/wp-content\/uploads\/2025\/01\/BERKEL-Elegance-Sciabola-Champagne-Wenge-300x300.jpg","_links":{"self":[{"href":"https:\/\/www.erresse-shop.it\/de\/wp-json\/wp\/v2\/product\/462271"}],"collection":[{"href":"https:\/\/www.erresse-shop.it\/de\/wp-json\/wp\/v2\/product"}],"about":[{"href":"https:\/\/www.erresse-shop.it\/de\/wp-json\/wp\/v2\/types\/product"}],"wp:featuredmedia":[{"embeddable":true,"href":"https:\/\/www.erresse-shop.it\/de\/wp-json\/wp\/v2\/media\/462281"}],"wp:attachment":[{"href":"https:\/\/www.erresse-shop.it\/de\/wp-json\/wp\/v2\/media?parent=462271"}],"wp:term":[{"taxonomy":"product_cat","embeddable":true,"href":"https:\/\/www.erresse-shop.it\/de\/wp-json\/wp\/v2\/product_cat?post=462271"},{"taxonomy":"product_tag","embeddable":true,"href":"https:\/\/www.erresse-shop.it\/de\/wp-json\/wp\/v2\/product_tag?post=462271"}],"curies":[{"name":"wp","href":"https:\/\/api.w.org\/{rel}","templated":true}]}}