{"id":462249,"date":"2025-01-22T06:54:30","date_gmt":"2025-01-22T06:54:31","guid":{"rendered":"https:\/\/www.erresse-shop.it\/?post_type=product&#038;p=462249"},"modified":"2025-01-22T07:18:32","modified_gmt":"2025-01-22T07:18:32","slug":"berkel-adhoc-schinkenmesser-26-cm-schwarz-copia","status":"publish","type":"product","link":"https:\/\/www.erresse-shop.it\/de\/shop\/kuche\/messer\/berkel-adhoc-schinkenmesser-26-cm-schwarz-copia\/","title":{"rendered":"BERKEL Adhoc Santokumesser 18 cm Schwarz"},"content":{"rendered":"<p><strong>Das Messer f\u00fcr Fleisch, Fisch und Gem\u00fcse<\/strong><\/p>\n<p>Stabiles Messer mit ausgewogenem Gewicht-Steifigkeits-Verh\u00e4ltnis. Im traditionellen japanischen Design ein universelles K\u00fcchenwerkzeug zum Hacken und Zerkleinern von Fleisch, Fisch, Obst und Gem\u00fcse, auch gro\u00dfen Mengen. Die charakteristischen Alveolen erleichtern das Abl\u00f6sen der Scheiben<\/p>\n<p><strong>FUNKTIONEN<\/strong><\/p>\n<p>Stabiles Santokumesser mit Nieten am Griff und einem ausgewogenen Verh\u00e4ltnis von Gewicht zu Steifigkeit. Dieses Santokumesser aus Edelstahl mit glatter Klinge im traditionellen japanischen Design ist zum Hacken und Zerkleinern auch gro\u00dfer Fleisch-, Fisch-, Obst- und Gem\u00fcsest\u00fccke konzipiert. Die charakteristischen Alveolen erleichtern das Abl\u00f6sen der Scheiben und sorgen f\u00fcr einen pr\u00e4zisen und sauberen Schnitt.<\/p>\n<ul>\n<li>Klinge aus hochwertigem 1.4116-X50 Cr Mo V15 Chrom-Molybd\u00e4n-Vanadium-Stahl<\/li>\n<li>Lasergeschnittene Klinge<\/li>\n<li>Griff bestehend aus Harzbacken, die mit AISI 304-Stahlnieten ohne Rillen zusammengef\u00fcgt sind, um die Ansammlung von R\u00fcckst\u00e4nden zu vermeiden<\/li>\n<li>Stahlknoten, um maximale Haftung zwischen Klinge und Griff und perfekte Balance des Messers w\u00e4hrend des Gebrauchs zu gew\u00e4hrleisten<\/li>\n<li>Berkel-Logo in die Klinge eingraviert<\/li>\n<\/ul>\n<p><strong>Gewicht:<\/strong> 258 gr<br \/>\n<strong>Klingenmaterial:<\/strong> Rostfreier Stahl 1.4116-X50 Cr Mo V15; H\u00e4rte nach T.T.: 53-54 HRC; Karte: Gut; Nieten: AISI 304 Stahl<br \/>\n<strong>Griff:<\/strong> Harzgriffe mit Nieten montiert<br \/>\n<strong>Gebrauch und Pflege:<\/strong> Wir empfehlen dringend, das Produkt mit der Hand in hei\u00dfem Wasser zu waschen, um die Integrit\u00e4t und Haltbarkeit des Produkts \u00fcber die Zeit sicherzustellen. In jedem Fall empfiehlt es sich, das Messer nach jedem Sp\u00fclen abzutrocknen. Verwenden Sie keine scheuernden T\u00fccher oder Schw\u00e4mme.<\/p>\n","protected":false},"excerpt":{"rendered":"<p>Das Messer f\u00fcr Fleisch, Fisch und Gem\u00fcse Stabiles Messer mit ausgewogenem Gewicht-Steifigkeits-Verh\u00e4ltnis. Im traditionellen japanischen Design ein universelles K\u00fcchenwerkzeug zum<\/p>\n","protected":false},"featured_media":462260,"template":"","meta":{"_acf_changed":false,"inline_featured_image":false},"product_cat":[6742,6706,14454],"product_tag":[18495,11529,20099,17316,11718,18704],"acf":[],"yoast_head":"<!-- This site is optimized with the Yoast SEO Premium plugin v18.6 (Yoast SEO v19.13) - https:\/\/yoast.com\/wordpress\/plugins\/seo\/ -->\n<title>BERKEL Adhoc-Brotmesser Schwarz 22 cm<\/title>\n<meta name=\"description\" content=\"Entdecken Sie BERKEL Adhoc-Brotmesser Schwarz 22 cm bei ErresseShop. Qualit\u00e4t, Stil und Funktionalit\u00e4t \u2013 jetzt online bestellen!\" \/>\n<meta name=\"robots\" content=\"index, follow, max-snippet:-1, max-image-preview:large, max-video-preview:-1\" \/>\n<link rel=\"canonical\" href=\"https:\/\/www.erresse-shop.it\/de\/shop\/kuche\/messer\/berkel-adhoc-schinkenmesser-26-cm-schwarz-copia\/\" \/>\n<meta property=\"og:locale\" content=\"de_DE\" \/>\n<meta property=\"og:type\" content=\"article\" \/>\n<meta property=\"og:title\" content=\"BERKEL Adhoc Santokumesser 18 cm Schwarz\" \/>\n<meta property=\"og:description\" content=\"Entdecken Sie BERKEL Adhoc-Brotmesser Schwarz 22 cm bei ErresseShop. Qualit\u00e4t, Stil und Funktionalit\u00e4t \u2013 jetzt online bestellen!\" \/>\n<meta property=\"og:url\" content=\"https:\/\/www.erresse-shop.it\/de\/shop\/kuche\/messer\/berkel-adhoc-schinkenmesser-26-cm-schwarz-copia\/\" \/>\n<meta property=\"og:site_name\" content=\"Erresse Shop\" \/>\n<meta property=\"article:modified_time\" content=\"2025-01-22T07:18:32+00:00\" \/>\n<meta property=\"og:image\" content=\"https:\/\/www.erresse-shop.it\/wp-content\/uploads\/2025\/01\/BERKEL-Coltello-Santoku-Adhoc-18-cm-Nero.jpg\" \/>\n\t<meta property=\"og:image:width\" content=\"1200\" \/>\n\t<meta property=\"og:image:height\" content=\"1200\" \/>\n\t<meta property=\"og:image:type\" content=\"image\/jpeg\" \/>\n<meta name=\"twitter:card\" content=\"summary_large_image\" \/>\n<script type=\"application\/ld+json\" class=\"yoast-schema-graph\">{\"@context\":\"https:\/\/schema.org\",\"@graph\":[{\"@type\":\"WebPage\",\"@id\":\"https:\/\/www.erresse-shop.it\/de\/shop\/kuche\/messer\/berkel-adhoc-schinkenmesser-26-cm-schwarz-copia\/\",\"url\":\"https:\/\/www.erresse-shop.it\/de\/shop\/kuche\/messer\/berkel-adhoc-schinkenmesser-26-cm-schwarz-copia\/\",\"name\":\"BERKEL Adhoc-Brotmesser Schwarz 22 cm\",\"isPartOf\":{\"@id\":\"https:\/\/www.erresse-shop.it\/de\/#website\"},\"datePublished\":\"2025-01-22T06:54:31+00:00\",\"dateModified\":\"2025-01-22T07:18:32+00:00\",\"description\":\"Entdecken Sie BERKEL Adhoc-Brotmesser Schwarz 22 cm bei ErresseShop. Qualit\u00e4t, Stil und Funktionalit\u00e4t \u2013 jetzt online bestellen!\",\"breadcrumb\":{\"@id\":\"https:\/\/www.erresse-shop.it\/de\/shop\/kuche\/messer\/berkel-adhoc-schinkenmesser-26-cm-schwarz-copia\/#breadcrumb\"},\"inLanguage\":\"de-DE\",\"potentialAction\":[{\"@type\":\"ReadAction\",\"target\":[\"https:\/\/www.erresse-shop.it\/de\/shop\/kuche\/messer\/berkel-adhoc-schinkenmesser-26-cm-schwarz-copia\/\"]}]},{\"@type\":\"BreadcrumbList\",\"@id\":\"https:\/\/www.erresse-shop.it\/de\/shop\/kuche\/messer\/berkel-adhoc-schinkenmesser-26-cm-schwarz-copia\/#breadcrumb\",\"itemListElement\":[{\"@type\":\"ListItem\",\"position\":1,\"name\":\"Home\",\"item\":\"https:\/\/www.erresse-shop.it\/de\/\"},{\"@type\":\"ListItem\",\"position\":2,\"name\":\"Shop\",\"item\":\"https:\/\/www.erresse-shop.it\/de\/shop\/\"},{\"@type\":\"ListItem\",\"position\":3,\"name\":\"BERKEL Adhoc Santokumesser 18 cm Schwarz\"}]},{\"@type\":\"WebSite\",\"@id\":\"https:\/\/www.erresse-shop.it\/de\/#website\",\"url\":\"https:\/\/www.erresse-shop.it\/de\/\",\"name\":\"Erresse Shop\",\"description\":\"Articoli di qualit\u00e0 per la casa\",\"potentialAction\":[{\"@type\":\"SearchAction\",\"target\":{\"@type\":\"EntryPoint\",\"urlTemplate\":\"https:\/\/www.erresse-shop.it\/de\/?s={search_term_string}\"},\"query-input\":\"required name=search_term_string\"}],\"inLanguage\":\"de-DE\"}]}<\/script>\n<!-- \/ Yoast SEO Premium plugin. -->","yoast_head_json":{"title":"BERKEL Adhoc-Brotmesser Schwarz 22 cm","description":"Entdecken Sie BERKEL Adhoc-Brotmesser Schwarz 22 cm bei ErresseShop. Qualit\u00e4t, Stil und Funktionalit\u00e4t \u2013 jetzt online bestellen!","robots":{"index":"index","follow":"follow","max-snippet":"max-snippet:-1","max-image-preview":"max-image-preview:large","max-video-preview":"max-video-preview:-1"},"canonical":"https:\/\/www.erresse-shop.it\/de\/shop\/kuche\/messer\/berkel-adhoc-schinkenmesser-26-cm-schwarz-copia\/","og_locale":"de_DE","og_type":"article","og_title":"BERKEL Adhoc Santokumesser 18 cm Schwarz","og_description":"Entdecken Sie BERKEL Adhoc-Brotmesser Schwarz 22 cm bei ErresseShop. Qualit\u00e4t, Stil und Funktionalit\u00e4t \u2013 jetzt online bestellen!","og_url":"https:\/\/www.erresse-shop.it\/de\/shop\/kuche\/messer\/berkel-adhoc-schinkenmesser-26-cm-schwarz-copia\/","og_site_name":"Erresse Shop","article_modified_time":"2025-01-22T07:18:32+00:00","og_image":[{"width":1200,"height":1200,"url":"https:\/\/www.erresse-shop.it\/wp-content\/uploads\/2025\/01\/BERKEL-Coltello-Santoku-Adhoc-18-cm-Nero.jpg","type":"image\/jpeg"}],"twitter_card":"summary_large_image","schema":{"@context":"https:\/\/schema.org","@graph":[{"@type":"WebPage","@id":"https:\/\/www.erresse-shop.it\/de\/shop\/kuche\/messer\/berkel-adhoc-schinkenmesser-26-cm-schwarz-copia\/","url":"https:\/\/www.erresse-shop.it\/de\/shop\/kuche\/messer\/berkel-adhoc-schinkenmesser-26-cm-schwarz-copia\/","name":"BERKEL Adhoc-Brotmesser Schwarz 22 cm","isPartOf":{"@id":"https:\/\/www.erresse-shop.it\/de\/#website"},"datePublished":"2025-01-22T06:54:31+00:00","dateModified":"2025-01-22T07:18:32+00:00","description":"Entdecken Sie BERKEL Adhoc-Brotmesser Schwarz 22 cm bei ErresseShop. Qualit\u00e4t, Stil und Funktionalit\u00e4t \u2013 jetzt online bestellen!","breadcrumb":{"@id":"https:\/\/www.erresse-shop.it\/de\/shop\/kuche\/messer\/berkel-adhoc-schinkenmesser-26-cm-schwarz-copia\/#breadcrumb"},"inLanguage":"de-DE","potentialAction":[{"@type":"ReadAction","target":["https:\/\/www.erresse-shop.it\/de\/shop\/kuche\/messer\/berkel-adhoc-schinkenmesser-26-cm-schwarz-copia\/"]}]},{"@type":"BreadcrumbList","@id":"https:\/\/www.erresse-shop.it\/de\/shop\/kuche\/messer\/berkel-adhoc-schinkenmesser-26-cm-schwarz-copia\/#breadcrumb","itemListElement":[{"@type":"ListItem","position":1,"name":"Home","item":"https:\/\/www.erresse-shop.it\/de\/"},{"@type":"ListItem","position":2,"name":"Shop","item":"https:\/\/www.erresse-shop.it\/de\/shop\/"},{"@type":"ListItem","position":3,"name":"BERKEL Adhoc Santokumesser 18 cm Schwarz"}]},{"@type":"WebSite","@id":"https:\/\/www.erresse-shop.it\/de\/#website","url":"https:\/\/www.erresse-shop.it\/de\/","name":"Erresse Shop","description":"Articoli di qualit\u00e0 per la casa","potentialAction":[{"@type":"SearchAction","target":{"@type":"EntryPoint","urlTemplate":"https:\/\/www.erresse-shop.it\/de\/?s={search_term_string}"},"query-input":"required name=search_term_string"}],"inLanguage":"de-DE"}]}},"df_price":29.5,"df_sale_price":29.5,"df_regular_price":59,"df_image_link":"https:\/\/www.erresse-shop.it\/wp-content\/uploads\/2025\/01\/BERKEL-Coltello-Santoku-Adhoc-18-cm-Nero-300x300.jpg","_links":{"self":[{"href":"https:\/\/www.erresse-shop.it\/de\/wp-json\/wp\/v2\/product\/462249"}],"collection":[{"href":"https:\/\/www.erresse-shop.it\/de\/wp-json\/wp\/v2\/product"}],"about":[{"href":"https:\/\/www.erresse-shop.it\/de\/wp-json\/wp\/v2\/types\/product"}],"wp:featuredmedia":[{"embeddable":true,"href":"https:\/\/www.erresse-shop.it\/de\/wp-json\/wp\/v2\/media\/462260"}],"wp:attachment":[{"href":"https:\/\/www.erresse-shop.it\/de\/wp-json\/wp\/v2\/media?parent=462249"}],"wp:term":[{"taxonomy":"product_cat","embeddable":true,"href":"https:\/\/www.erresse-shop.it\/de\/wp-json\/wp\/v2\/product_cat?post=462249"},{"taxonomy":"product_tag","embeddable":true,"href":"https:\/\/www.erresse-shop.it\/de\/wp-json\/wp\/v2\/product_tag?post=462249"}],"curies":[{"name":"wp","href":"https:\/\/api.w.org\/{rel}","templated":true}]}}