{"id":462134,"date":"2025-01-21T13:40:19","date_gmt":"2025-01-21T13:40:20","guid":{"rendered":"https:\/\/www.erresse-shop.it\/?post_type=product&#038;p=462134"},"modified":"2025-02-07T03:47:23","modified_gmt":"2025-02-07T03:47:23","slug":"berkel-messerblock-bag-weis-copia","status":"publish","type":"product","link":"https:\/\/www.erresse-shop.it\/de\/shop\/kuche\/messer\/berkel-messerblock-bag-weis-copia\/","title":{"rendered":"BERKEL Sense Black Block + 5er-Set Elegance Black Messer"},"content":{"rendered":"<h1><span style=\"font-size: 12pt;\">Messerblock mit 5-teiligem Set<\/span><\/h1>\n<p>Holzblock mit gef\u00e4rbtem Leder \u00fcberzogen. Enth\u00e4lt ein 5-teiliges Set, damit Ihnen beim Brotschneiden oder Braten nichts passiert. Sch\u00e4l- und K\u00fcchenmesser erm\u00f6glichen eine Vielzahl grundlegender Zubereitungen. Die eleganten Truhen, in denen sie sich befinden, werden von spezialisierten Handwerkern aus den besten Materialien hergestellt. ein Objekt, das die K\u00fcche ausstattet und vervollst\u00e4ndigt.<\/p>\n<p><strong>Set-Zusammensetzung:<\/strong><\/p>\n<ul>\n<li>Brotmesser 22 cm<\/li>\n<li>Bratenmesser 22 cm<\/li>\n<li>K\u00fcchenmesser 20 cm<\/li>\n<li>K\u00fcchenmesser 16 cm<\/li>\n<li>Sch\u00e4lmesser 11 cm<\/li>\n<li>Sense Black-Sorte<\/li>\n<\/ul>\n<div class=\"attribute\"><strong>Nutzung und Wartung<\/strong><\/div>\n<div class=\"data\">Um die Unversehrtheit und Haltbarkeit des Produkts zu gew\u00e4hrleisten, empfehlen wir dringend, es mit der Hand in hei\u00dfem Wasser zu waschen.<br \/>\nIn jedem Fall empfiehlt es sich, das Messer nach jedem Sp\u00fclen abzutrocknen.<br \/>\nVerwenden Sie keine scheuernden T\u00fccher oder Schw\u00e4mme.<\/div>\n","protected":false},"excerpt":{"rendered":"<p>Messerblock mit 5-teiligem Set Holzblock mit gef\u00e4rbtem Leder \u00fcberzogen. Enth\u00e4lt ein 5-teiliges Set, damit Ihnen beim Brotschneiden oder Braten nichts<\/p>\n","protected":false},"featured_media":462143,"template":"","meta":{"_acf_changed":false,"inline_featured_image":false},"product_cat":[6742,6706,6763],"product_tag":[17311,17306,11407,11529,17316,11718,14044,15417],"acf":[],"yoast_head":"<!-- This site is optimized with the Yoast SEO Premium plugin v18.6 (Yoast SEO v19.13) - https:\/\/yoast.com\/wordpress\/plugins\/seo\/ -->\n<title>BERKEL Messerblock Bag Wei\u00df<\/title>\n<meta name=\"description\" content=\"Entdecken Sie BERKEL Messerblock Bag Wei\u00df bei ErresseShop. Qualit\u00e4t, Stil und Funktionalit\u00e4t \u2013 jetzt online bestellen!\" \/>\n<meta name=\"robots\" content=\"index, follow, max-snippet:-1, max-image-preview:large, max-video-preview:-1\" \/>\n<link rel=\"canonical\" href=\"https:\/\/www.erresse-shop.it\/de\/shop\/kuche\/messer\/berkel-messerblock-bag-weis-copia\/\" \/>\n<meta property=\"og:locale\" content=\"de_DE\" \/>\n<meta property=\"og:type\" content=\"article\" \/>\n<meta property=\"og:title\" content=\"BERKEL Sense Black Block + 5er-Set Elegance Black Messer\" \/>\n<meta property=\"og:description\" content=\"Entdecken Sie BERKEL Messerblock Bag Wei\u00df bei ErresseShop. Qualit\u00e4t, Stil und Funktionalit\u00e4t \u2013 jetzt online bestellen!\" \/>\n<meta property=\"og:url\" content=\"https:\/\/www.erresse-shop.it\/de\/shop\/kuche\/messer\/berkel-messerblock-bag-weis-copia\/\" \/>\n<meta property=\"og:site_name\" content=\"Erresse Shop\" \/>\n<meta property=\"article:modified_time\" content=\"2025-02-07T03:47:23+00:00\" \/>\n<meta property=\"og:image\" content=\"https:\/\/www.erresse-shop.it\/wp-content\/uploads\/2025\/01\/BERKEL-Ceppo-Sense-Nero-Set-5-coltelli-Elegance-Nero.jpg\" \/>\n\t<meta property=\"og:image:width\" content=\"1200\" \/>\n\t<meta property=\"og:image:height\" content=\"1200\" \/>\n\t<meta property=\"og:image:type\" content=\"image\/jpeg\" \/>\n<meta name=\"twitter:card\" content=\"summary_large_image\" \/>\n<script type=\"application\/ld+json\" class=\"yoast-schema-graph\">{\"@context\":\"https:\/\/schema.org\",\"@graph\":[{\"@type\":\"WebPage\",\"@id\":\"https:\/\/www.erresse-shop.it\/de\/shop\/kuche\/messer\/berkel-messerblock-bag-weis-copia\/\",\"url\":\"https:\/\/www.erresse-shop.it\/de\/shop\/kuche\/messer\/berkel-messerblock-bag-weis-copia\/\",\"name\":\"BERKEL Messerblock Bag Wei\u00df\",\"isPartOf\":{\"@id\":\"https:\/\/www.erresse-shop.it\/de\/#website\"},\"datePublished\":\"2025-01-21T13:40:20+00:00\",\"dateModified\":\"2025-02-07T03:47:23+00:00\",\"description\":\"Entdecken Sie BERKEL Messerblock Bag Wei\u00df bei ErresseShop. Qualit\u00e4t, Stil und Funktionalit\u00e4t \u2013 jetzt online bestellen!\",\"breadcrumb\":{\"@id\":\"https:\/\/www.erresse-shop.it\/de\/shop\/kuche\/messer\/berkel-messerblock-bag-weis-copia\/#breadcrumb\"},\"inLanguage\":\"de-DE\",\"potentialAction\":[{\"@type\":\"ReadAction\",\"target\":[\"https:\/\/www.erresse-shop.it\/de\/shop\/kuche\/messer\/berkel-messerblock-bag-weis-copia\/\"]}]},{\"@type\":\"BreadcrumbList\",\"@id\":\"https:\/\/www.erresse-shop.it\/de\/shop\/kuche\/messer\/berkel-messerblock-bag-weis-copia\/#breadcrumb\",\"itemListElement\":[{\"@type\":\"ListItem\",\"position\":1,\"name\":\"Home\",\"item\":\"https:\/\/www.erresse-shop.it\/de\/\"},{\"@type\":\"ListItem\",\"position\":2,\"name\":\"Shop\",\"item\":\"https:\/\/www.erresse-shop.it\/de\/shop\/\"},{\"@type\":\"ListItem\",\"position\":3,\"name\":\"BERKEL Sense Black Block + 5er-Set Elegance Black Messer\"}]},{\"@type\":\"WebSite\",\"@id\":\"https:\/\/www.erresse-shop.it\/de\/#website\",\"url\":\"https:\/\/www.erresse-shop.it\/de\/\",\"name\":\"Erresse Shop\",\"description\":\"Articoli di qualit\u00e0 per la casa\",\"potentialAction\":[{\"@type\":\"SearchAction\",\"target\":{\"@type\":\"EntryPoint\",\"urlTemplate\":\"https:\/\/www.erresse-shop.it\/de\/?s={search_term_string}\"},\"query-input\":\"required name=search_term_string\"}],\"inLanguage\":\"de-DE\"}]}<\/script>\n<!-- \/ Yoast SEO Premium plugin. -->","yoast_head_json":{"title":"BERKEL Messerblock Bag Wei\u00df","description":"Entdecken Sie BERKEL Messerblock Bag Wei\u00df bei ErresseShop. Qualit\u00e4t, Stil und Funktionalit\u00e4t \u2013 jetzt online bestellen!","robots":{"index":"index","follow":"follow","max-snippet":"max-snippet:-1","max-image-preview":"max-image-preview:large","max-video-preview":"max-video-preview:-1"},"canonical":"https:\/\/www.erresse-shop.it\/de\/shop\/kuche\/messer\/berkel-messerblock-bag-weis-copia\/","og_locale":"de_DE","og_type":"article","og_title":"BERKEL Sense Black Block + 5er-Set Elegance Black Messer","og_description":"Entdecken Sie BERKEL Messerblock Bag Wei\u00df bei ErresseShop. Qualit\u00e4t, Stil und Funktionalit\u00e4t \u2013 jetzt online bestellen!","og_url":"https:\/\/www.erresse-shop.it\/de\/shop\/kuche\/messer\/berkel-messerblock-bag-weis-copia\/","og_site_name":"Erresse Shop","article_modified_time":"2025-02-07T03:47:23+00:00","og_image":[{"width":1200,"height":1200,"url":"https:\/\/www.erresse-shop.it\/wp-content\/uploads\/2025\/01\/BERKEL-Ceppo-Sense-Nero-Set-5-coltelli-Elegance-Nero.jpg","type":"image\/jpeg"}],"twitter_card":"summary_large_image","schema":{"@context":"https:\/\/schema.org","@graph":[{"@type":"WebPage","@id":"https:\/\/www.erresse-shop.it\/de\/shop\/kuche\/messer\/berkel-messerblock-bag-weis-copia\/","url":"https:\/\/www.erresse-shop.it\/de\/shop\/kuche\/messer\/berkel-messerblock-bag-weis-copia\/","name":"BERKEL Messerblock Bag Wei\u00df","isPartOf":{"@id":"https:\/\/www.erresse-shop.it\/de\/#website"},"datePublished":"2025-01-21T13:40:20+00:00","dateModified":"2025-02-07T03:47:23+00:00","description":"Entdecken Sie BERKEL Messerblock Bag Wei\u00df bei ErresseShop. Qualit\u00e4t, Stil und Funktionalit\u00e4t \u2013 jetzt online bestellen!","breadcrumb":{"@id":"https:\/\/www.erresse-shop.it\/de\/shop\/kuche\/messer\/berkel-messerblock-bag-weis-copia\/#breadcrumb"},"inLanguage":"de-DE","potentialAction":[{"@type":"ReadAction","target":["https:\/\/www.erresse-shop.it\/de\/shop\/kuche\/messer\/berkel-messerblock-bag-weis-copia\/"]}]},{"@type":"BreadcrumbList","@id":"https:\/\/www.erresse-shop.it\/de\/shop\/kuche\/messer\/berkel-messerblock-bag-weis-copia\/#breadcrumb","itemListElement":[{"@type":"ListItem","position":1,"name":"Home","item":"https:\/\/www.erresse-shop.it\/de\/"},{"@type":"ListItem","position":2,"name":"Shop","item":"https:\/\/www.erresse-shop.it\/de\/shop\/"},{"@type":"ListItem","position":3,"name":"BERKEL Sense Black Block + 5er-Set Elegance Black Messer"}]},{"@type":"WebSite","@id":"https:\/\/www.erresse-shop.it\/de\/#website","url":"https:\/\/www.erresse-shop.it\/de\/","name":"Erresse Shop","description":"Articoli di qualit\u00e0 per la casa","potentialAction":[{"@type":"SearchAction","target":{"@type":"EntryPoint","urlTemplate":"https:\/\/www.erresse-shop.it\/de\/?s={search_term_string}"},"query-input":"required name=search_term_string"}],"inLanguage":"de-DE"}]}},"df_price":659.5,"df_sale_price":659.5,"df_regular_price":1319,"df_image_link":"https:\/\/www.erresse-shop.it\/wp-content\/uploads\/2025\/01\/BERKEL-Ceppo-Sense-Nero-Set-5-coltelli-Elegance-Nero-300x300.jpg","_links":{"self":[{"href":"https:\/\/www.erresse-shop.it\/de\/wp-json\/wp\/v2\/product\/462134"}],"collection":[{"href":"https:\/\/www.erresse-shop.it\/de\/wp-json\/wp\/v2\/product"}],"about":[{"href":"https:\/\/www.erresse-shop.it\/de\/wp-json\/wp\/v2\/types\/product"}],"wp:featuredmedia":[{"embeddable":true,"href":"https:\/\/www.erresse-shop.it\/de\/wp-json\/wp\/v2\/media\/462143"}],"wp:attachment":[{"href":"https:\/\/www.erresse-shop.it\/de\/wp-json\/wp\/v2\/media?parent=462134"}],"wp:term":[{"taxonomy":"product_cat","embeddable":true,"href":"https:\/\/www.erresse-shop.it\/de\/wp-json\/wp\/v2\/product_cat?post=462134"},{"taxonomy":"product_tag","embeddable":true,"href":"https:\/\/www.erresse-shop.it\/de\/wp-json\/wp\/v2\/product_tag?post=462134"}],"curies":[{"name":"wp","href":"https:\/\/api.w.org\/{rel}","templated":true}]}}