{"id":461361,"date":"2025-01-20T06:49:39","date_gmt":"2025-01-20T06:49:41","guid":{"rendered":"https:\/\/www.erresse-shop.it\/?post_type=product&#038;p=461361"},"modified":"2026-02-24T08:56:47","modified_gmt":"2026-02-24T08:56:47","slug":"le-creuset-wasserkessel-tradition-azurblau","status":"publish","type":"product","link":"https:\/\/www.erresse-shop.it\/de\/shop\/kuche\/wasserkocher\/le-creuset-wasserkessel-tradition-azurblau\/","title":{"rendered":"LE CREUSET Wasserkessel Tradition Azurblau"},"content":{"rendered":"<p><strong>M\u00f6chten Sie eine Tasse Tee?<\/strong><br \/>\nVerleihen Sie Ihrer K\u00fcche einen Hauch von Vintage-Stil mit diesem klassischen Wasserkocher, der pfeift, wenn das Wasser fertig ist. Der stabile, induktionsgeeignete Boden erhitzt Wasser schnell und der ergonomische, hitzebest\u00e4ndige Griff erm\u00f6glicht ein einfaches und sicheres Ausgie\u00dfen. Es besteht aus emailliertem Stahl und verleiht Ihrem Zuhause einen Hauch von Farbe.<\/p>\n<p><strong>Produktdetails<\/strong><br \/>\n<strong>Einzelheiten<\/strong><br \/>\nEin Regenbogen aus Farben: Unser Sortiment ist in einer gro\u00dfen Farbauswahl erh\u00e4ltlich und bringt einen Farbtupfer in Ihre K\u00fcche.<br \/>\nErweiterte Effizienz: Unsere Wasserkocher verf\u00fcgen \u00fcber einen breiten Boden f\u00fcr effizienteres Erhitzen.<br \/>\nKlassenbeste: Unsere Produkte werden in Fabriken auf der ganzen Welt aus den hochwertigsten Materialien hergestellt, um die Qualit\u00e4t zu liefern, die Sie von Le Creuset erwarten.<\/p>\n<p><strong>Material:<\/strong> Emaillierter Kohlenstoffstahl<br \/>\n<strong>Hergestellt in:<\/strong> Thailand<br \/>\n<strong>Garantie:<\/strong> 5 Jahre<\/p>\n<p><strong>W\u00e4rmequelle<\/strong><br \/>\nElektrokochfeld<br \/>\nGlaskeramik<br \/>\nGaskochfeld<br \/>\nInduktionskochfeld<\/p>\n<p><strong>Abmessungen<\/strong><br \/>\nFassungsverm\u00f6gen: 2,1 L<br \/>\nL\u00e4nge: 27,6 cm<br \/>\nBreite: 20,9 cm<br \/>\nH\u00f6he: 25,2 cm<\/p>\n<p><strong>Tipps zur Verwendung<\/strong><br \/>\n<strong>Vor dem ersten Gebrauch<\/strong><br \/>\nGenie\u00dfen Sie den Moment des Auspackens Ihres Neukaufs! Und stellen Sie sicher, dass Sie s\u00e4mtliche Etiketten und Verpackungen entfernen.<br \/>\nWaschen Sie Ihr Le Creuset-Produkt in warmem Seifenwasser, sp\u00fclen Sie es anschlie\u00dfend ab und trocknen Sie es gr\u00fcndlich.<br \/>\nVor dem ersten Gebrauch den Deckel des Wasserkochers abnehmen, klares Wasser einf\u00fcllen, aufkochen und das Wasser wegsch\u00fctten.<br \/>\nNicht \u00fcber die Markierung hinaus bef\u00fcllen.<\/p>\n<p><strong>Kochen<\/strong><br \/>\nVermeiden Sie bei Induktionskochfeldern die Funktion \u201eBooster\u201c, da diese nur zum schnellen Erhitzen gro\u00dfer Wassermengen verwendet werden sollte.<br \/>\nHeben Sie den Wasserkocher beim Bewegen an und schieben Sie ihn nicht auf der Oberfl\u00e4che, um eine Besch\u00e4digung des Wasserkocherbodens oder der Oberfl\u00e4che zu vermeiden.<br \/>\nSchieben Sie das Produkt nicht \u00fcber eine Glaskochfl\u00e4che, da dies zu Sch\u00e4den an der Produktbasis und am Glas f\u00fchren kann. Heben Sie das Produkt stets an, wenn Sie es abstellen, bewegen oder von der Oberfl\u00e4che entfernen.<br \/>\nWenn es hei\u00df ist, auf eine hitzebest\u00e4ndige Oberfl\u00e4che legen.<\/p>\n<p><strong>Sauber<\/strong><br \/>\nReinigen Sie den Wasserkocher nach jedem Gebrauch, indem Sie ihn mit einem neutralen Reinigungsmittel von Hand waschen. Verwenden Sie niemals Scheuermittel oder aggressive Reinigungsmittel, da diese die Oberfl\u00e4che besch\u00e4digen k\u00f6nnen. Erledigt? Trocknen Sie den Wasserkocher gr\u00fcndlich, um Kalkablagerungen zu vermeiden.<br \/>\nLassen Sie kein Wasser im Wasserkocher, wenn Sie ihn nicht verwenden.<br \/>\nUm Kalkablagerungen zu entfernen, f\u00fcllen Sie den Wasserkocher bis zur H\u00f6chstmarke mit einer Mischung aus 50 % Wasser und 50 % wei\u00dfem Essig und lassen Sie das Ganze 20 Minuten k\u00f6cheln. Wenn die Ablagerung bestehen bleibt, verwenden Sie einen sanften Entkalker.<br \/>\nTrocknen Sie das Produkt nach dem Waschen gr\u00fcndlich ab und lagern Sie es an einem trockenen Ort.<\/p>\n<p><strong>Verwendung<\/strong><br \/>\nUm Besch\u00e4digungen oder \u00dcberhitzung zu vermeiden, verwenden Sie das Produkt auf der am besten geeigneten Kochplatte.<br \/>\nVerlassen Sie sich bei Induktionskochfeldern nicht auf die automatische Abschaltfunktion. Im St\u00f6rungsfall kann das gesamte Wasser im Wasserkocher verdampfen und es kann zu \u00dcberhitzungssch\u00e4den kommen.<br \/>\nUm eine \u00dcberhitzung des Griffs zu vermeiden, achten Sie bei Wasserkochern mit klappbarem Griff darauf, dass dieser sicher in aufrechter Position befestigt ist, bevor Sie den Wasserkocher auf die W\u00e4rmequelle stellen.<br \/>\nSchlie\u00dfen Sie den Deckel fest, um den Griff vor Dampf zu sch\u00fctzen.<br \/>\nAchten Sie immer darauf, dass der Ausguss und die Deckelkerben von Ihnen und anderen weg zeigen.<br \/>\nLassen Sie den Wasserkocher nicht auf der W\u00e4rmequelle stehen, bis das Wasser aufgebraucht ist, da es sonst zu einer schnellen \u00dcberhitzung kommt.<br \/>\nDenken Sie daran, die W\u00e4rmequelle auszuschalten, wenn das Wasser zu kochen beginnt, und den Wasserkocher von der W\u00e4rmequelle zu nehmen.<br \/>\nKocht das Wasser? Warten Sie 10\u201315 Sekunden, bevor Sie den Wasserkocher von der W\u00e4rmequelle nehmen, und gie\u00dfen Sie dann das Wasser aus. Stellen Sie den Wasserkocher niemals auf den Kopf. Stellen Sie sicher, dass Sie den Deckel schlie\u00dfen, indem Sie fest auf den Knopf dr\u00fccken.<br \/>\nLassen Sie den Wasserkocher vollst\u00e4ndig abk\u00fchlen, bevor Sie ihn mit kaltem Wasser f\u00fcllen.<\/p>\n","protected":false},"excerpt":{"rendered":"<p>M\u00f6chten Sie eine Tasse Tee? Verleihen Sie Ihrer K\u00fcche einen Hauch von Vintage-Stil mit diesem klassischen Wasserkocher, der pfeift, wenn<\/p>\n","protected":false},"featured_media":461369,"template":"","meta":{"_acf_changed":false,"inline_featured_image":false},"product_cat":[6742,21074],"product_tag":[11652,11385,12201],"acf":[],"yoast_head":"<!-- This site is optimized with the Yoast SEO Premium plugin v18.6 (Yoast SEO v19.13) - https:\/\/yoast.com\/wordpress\/plugins\/seo\/ -->\n<title>LE CREUSET Wasserkessel Tradition Schwarz<\/title>\n<meta name=\"description\" content=\"Entdecken Sie LE CREUSET Wasserkessel Tradition Schwarz bei ErresseShop. Qualit\u00e4t, Stil und Funktionalit\u00e4t \u2013 jetzt online bestellen!\" \/>\n<meta name=\"robots\" content=\"index, follow, max-snippet:-1, max-image-preview:large, max-video-preview:-1\" \/>\n<link rel=\"canonical\" href=\"https:\/\/www.erresse-shop.it\/de\/shop\/kuche\/wasserkocher\/le-creuset-wasserkessel-tradition-azurblau\/\" \/>\n<meta property=\"og:locale\" content=\"de_DE\" \/>\n<meta property=\"og:type\" content=\"article\" \/>\n<meta property=\"og:title\" content=\"LE CREUSET Wasserkessel Tradition Azurblau\" \/>\n<meta property=\"og:description\" content=\"Entdecken Sie LE CREUSET Wasserkessel Tradition Schwarz bei ErresseShop. Qualit\u00e4t, Stil und Funktionalit\u00e4t \u2013 jetzt online bestellen!\" \/>\n<meta property=\"og:url\" content=\"https:\/\/www.erresse-shop.it\/de\/shop\/kuche\/wasserkocher\/le-creuset-wasserkessel-tradition-azurblau\/\" \/>\n<meta property=\"og:site_name\" content=\"Erresse Shop\" \/>\n<meta property=\"article:modified_time\" content=\"2026-02-24T08:56:47+00:00\" \/>\n<meta property=\"og:image\" content=\"https:\/\/www.erresse-shop.it\/wp-content\/uploads\/2025\/01\/LE-CREUSET-Bollitore-Tradition-Azure.jpg\" \/>\n\t<meta property=\"og:image:width\" content=\"1200\" \/>\n\t<meta property=\"og:image:height\" content=\"1200\" \/>\n\t<meta property=\"og:image:type\" content=\"image\/jpeg\" \/>\n<meta name=\"twitter:card\" content=\"summary_large_image\" \/>\n<script type=\"application\/ld+json\" class=\"yoast-schema-graph\">{\"@context\":\"https:\/\/schema.org\",\"@graph\":[{\"@type\":\"WebPage\",\"@id\":\"https:\/\/www.erresse-shop.it\/de\/shop\/kuche\/wasserkocher\/le-creuset-wasserkessel-tradition-azurblau\/\",\"url\":\"https:\/\/www.erresse-shop.it\/de\/shop\/kuche\/wasserkocher\/le-creuset-wasserkessel-tradition-azurblau\/\",\"name\":\"LE CREUSET Wasserkessel Tradition Schwarz\",\"isPartOf\":{\"@id\":\"https:\/\/www.erresse-shop.it\/de\/#website\"},\"datePublished\":\"2025-01-20T06:49:41+00:00\",\"dateModified\":\"2026-02-24T08:56:47+00:00\",\"description\":\"Entdecken Sie LE CREUSET Wasserkessel Tradition Schwarz bei ErresseShop. Qualit\u00e4t, Stil und Funktionalit\u00e4t \u2013 jetzt online bestellen!\",\"breadcrumb\":{\"@id\":\"https:\/\/www.erresse-shop.it\/de\/shop\/kuche\/wasserkocher\/le-creuset-wasserkessel-tradition-azurblau\/#breadcrumb\"},\"inLanguage\":\"de-DE\",\"potentialAction\":[{\"@type\":\"ReadAction\",\"target\":[\"https:\/\/www.erresse-shop.it\/de\/shop\/kuche\/wasserkocher\/le-creuset-wasserkessel-tradition-azurblau\/\"]}]},{\"@type\":\"BreadcrumbList\",\"@id\":\"https:\/\/www.erresse-shop.it\/de\/shop\/kuche\/wasserkocher\/le-creuset-wasserkessel-tradition-azurblau\/#breadcrumb\",\"itemListElement\":[{\"@type\":\"ListItem\",\"position\":1,\"name\":\"Home\",\"item\":\"https:\/\/www.erresse-shop.it\/de\/\"},{\"@type\":\"ListItem\",\"position\":2,\"name\":\"Shop\",\"item\":\"https:\/\/www.erresse-shop.it\/de\/shop\/\"},{\"@type\":\"ListItem\",\"position\":3,\"name\":\"LE CREUSET Wasserkessel Tradition Azurblau\"}]},{\"@type\":\"WebSite\",\"@id\":\"https:\/\/www.erresse-shop.it\/de\/#website\",\"url\":\"https:\/\/www.erresse-shop.it\/de\/\",\"name\":\"Erresse Shop\",\"description\":\"Articoli di qualit\u00e0 per la casa\",\"potentialAction\":[{\"@type\":\"SearchAction\",\"target\":{\"@type\":\"EntryPoint\",\"urlTemplate\":\"https:\/\/www.erresse-shop.it\/de\/?s={search_term_string}\"},\"query-input\":\"required name=search_term_string\"}],\"inLanguage\":\"de-DE\"}]}<\/script>\n<!-- \/ Yoast SEO Premium plugin. -->","yoast_head_json":{"title":"LE CREUSET Wasserkessel Tradition Schwarz","description":"Entdecken Sie LE CREUSET Wasserkessel Tradition Schwarz bei ErresseShop. Qualit\u00e4t, Stil und Funktionalit\u00e4t \u2013 jetzt online bestellen!","robots":{"index":"index","follow":"follow","max-snippet":"max-snippet:-1","max-image-preview":"max-image-preview:large","max-video-preview":"max-video-preview:-1"},"canonical":"https:\/\/www.erresse-shop.it\/de\/shop\/kuche\/wasserkocher\/le-creuset-wasserkessel-tradition-azurblau\/","og_locale":"de_DE","og_type":"article","og_title":"LE CREUSET Wasserkessel Tradition Azurblau","og_description":"Entdecken Sie LE CREUSET Wasserkessel Tradition Schwarz bei ErresseShop. Qualit\u00e4t, Stil und Funktionalit\u00e4t \u2013 jetzt online bestellen!","og_url":"https:\/\/www.erresse-shop.it\/de\/shop\/kuche\/wasserkocher\/le-creuset-wasserkessel-tradition-azurblau\/","og_site_name":"Erresse Shop","article_modified_time":"2026-02-24T08:56:47+00:00","og_image":[{"width":1200,"height":1200,"url":"https:\/\/www.erresse-shop.it\/wp-content\/uploads\/2025\/01\/LE-CREUSET-Bollitore-Tradition-Azure.jpg","type":"image\/jpeg"}],"twitter_card":"summary_large_image","schema":{"@context":"https:\/\/schema.org","@graph":[{"@type":"WebPage","@id":"https:\/\/www.erresse-shop.it\/de\/shop\/kuche\/wasserkocher\/le-creuset-wasserkessel-tradition-azurblau\/","url":"https:\/\/www.erresse-shop.it\/de\/shop\/kuche\/wasserkocher\/le-creuset-wasserkessel-tradition-azurblau\/","name":"LE CREUSET Wasserkessel Tradition Schwarz","isPartOf":{"@id":"https:\/\/www.erresse-shop.it\/de\/#website"},"datePublished":"2025-01-20T06:49:41+00:00","dateModified":"2026-02-24T08:56:47+00:00","description":"Entdecken Sie LE CREUSET Wasserkessel Tradition Schwarz bei ErresseShop. Qualit\u00e4t, Stil und Funktionalit\u00e4t \u2013 jetzt online bestellen!","breadcrumb":{"@id":"https:\/\/www.erresse-shop.it\/de\/shop\/kuche\/wasserkocher\/le-creuset-wasserkessel-tradition-azurblau\/#breadcrumb"},"inLanguage":"de-DE","potentialAction":[{"@type":"ReadAction","target":["https:\/\/www.erresse-shop.it\/de\/shop\/kuche\/wasserkocher\/le-creuset-wasserkessel-tradition-azurblau\/"]}]},{"@type":"BreadcrumbList","@id":"https:\/\/www.erresse-shop.it\/de\/shop\/kuche\/wasserkocher\/le-creuset-wasserkessel-tradition-azurblau\/#breadcrumb","itemListElement":[{"@type":"ListItem","position":1,"name":"Home","item":"https:\/\/www.erresse-shop.it\/de\/"},{"@type":"ListItem","position":2,"name":"Shop","item":"https:\/\/www.erresse-shop.it\/de\/shop\/"},{"@type":"ListItem","position":3,"name":"LE CREUSET Wasserkessel Tradition Azurblau"}]},{"@type":"WebSite","@id":"https:\/\/www.erresse-shop.it\/de\/#website","url":"https:\/\/www.erresse-shop.it\/de\/","name":"Erresse Shop","description":"Articoli di qualit\u00e0 per la casa","potentialAction":[{"@type":"SearchAction","target":{"@type":"EntryPoint","urlTemplate":"https:\/\/www.erresse-shop.it\/de\/?s={search_term_string}"},"query-input":"required name=search_term_string"}],"inLanguage":"de-DE"}]}},"df_price":89.95,"df_sale_price":89.95,"df_regular_price":139,"df_image_link":"https:\/\/www.erresse-shop.it\/wp-content\/uploads\/2025\/01\/LE-CREUSET-Bollitore-Tradition-Azure-300x300.jpg","_links":{"self":[{"href":"https:\/\/www.erresse-shop.it\/de\/wp-json\/wp\/v2\/product\/461361"}],"collection":[{"href":"https:\/\/www.erresse-shop.it\/de\/wp-json\/wp\/v2\/product"}],"about":[{"href":"https:\/\/www.erresse-shop.it\/de\/wp-json\/wp\/v2\/types\/product"}],"wp:featuredmedia":[{"embeddable":true,"href":"https:\/\/www.erresse-shop.it\/de\/wp-json\/wp\/v2\/media\/461369"}],"wp:attachment":[{"href":"https:\/\/www.erresse-shop.it\/de\/wp-json\/wp\/v2\/media?parent=461361"}],"wp:term":[{"taxonomy":"product_cat","embeddable":true,"href":"https:\/\/www.erresse-shop.it\/de\/wp-json\/wp\/v2\/product_cat?post=461361"},{"taxonomy":"product_tag","embeddable":true,"href":"https:\/\/www.erresse-shop.it\/de\/wp-json\/wp\/v2\/product_tag?post=461361"}],"curies":[{"name":"wp","href":"https:\/\/api.w.org\/{rel}","templated":true}]}}