{"id":460918,"date":"2025-01-14T13:59:41","date_gmt":"2025-01-14T13:59:43","guid":{"rendered":"https:\/\/www.erresse-shop.it\/?post_type=product&#038;p=460918"},"modified":"2025-01-14T14:13:15","modified_gmt":"2025-01-14T14:13:15","slug":"villeroy-boch-oscar-service-24-stuck-copia","status":"publish","type":"product","link":"https:\/\/www.erresse-shop.it\/de\/shop\/tisch\/besteck\/villeroy-boch-oscar-service-24-stuck-copia\/","title":{"rendered":"VILLEROY &#038; BOCH Oscar Service 30 St\u00fcck"},"content":{"rendered":"<p><strong>Einfach und elegant<\/strong><br \/>\nDas Tafelservice aus der Kollektion Oscar besticht durch seine leicht abgerundeten Formen, die schlichte, zeitlose Linienf\u00fchrung und die dezente Kontur an der Spitze des Messergriffs. Dank der universellen Formensprache l\u00e4sst sich das Besteck problemlos mit s\u00e4mtlichen Porzellankollektionen von Villeroy &#038; Boch kombinieren. Boch. Das Geschirr dieser eleganten Kollektion ist ideal f\u00fcr den allt\u00e4glichen Gebrauch und eignet sich auch f\u00fcr festliche Anl\u00e4sse.<br \/>\nDas Set besteht aus:<\/p>\n<ul>\n<li>6x Tafelmesser<\/li>\n<li>6x Tafelgabel<\/li>\n<li>6x Dessertgabel<\/li>\n<li>6x Suppenl\u00f6ffel<\/li>\n<li>6x Kaffeel\u00f6ffel<\/li>\n<\/ul>\n<p><strong>Material<\/strong>: Edelstahl<br \/>\n<strong>Farbe<\/strong>: Silber\/Platin<br \/>\n<strong>Sp\u00fclmaschinenfest<\/strong> <strong>: Ja<br \/>\n<strong>Geeignet<\/strong> <strong>F\u00fcr<\/strong> <strong>Mikrowelle<\/strong>: Nein<\/p>\n","protected":false},"excerpt":{"rendered":"<p>Einfach und elegant Das Tafelservice aus der Kollektion Oscar besticht durch seine leicht abgerundeten Formen, die schlichte, zeitlose Linienf\u00fchrung und<\/p>\n","protected":false},"featured_media":460926,"template":"","meta":{"_acf_changed":false,"inline_featured_image":false},"product_cat":[6790,6787],"product_tag":[25027,24398,25022],"acf":[],"yoast_head":"<!-- This site is optimized with the Yoast SEO Premium plugin v18.6 (Yoast SEO v19.13) - https:\/\/yoast.com\/wordpress\/plugins\/seo\/ -->\n<title>VILLEROY &amp; BOCH Oscar Service 30 St\u00fcck - Erresse Shop<\/title>\n<meta name=\"description\" content=\"Einfach und elegant Das Tafelservice aus der Kollektion Oscar besticht durch seine leicht abgerundeten Formen, die schlichte, zeitlose Linienf\u00fchrung und\" \/>\n<meta name=\"robots\" content=\"index, follow, max-snippet:-1, max-image-preview:large, max-video-preview:-1\" \/>\n<link rel=\"canonical\" href=\"https:\/\/www.erresse-shop.it\/de\/shop\/tisch\/besteck\/villeroy-boch-oscar-service-24-stuck-copia\/\" \/>\n<meta property=\"og:locale\" content=\"de_DE\" \/>\n<meta property=\"og:type\" content=\"article\" \/>\n<meta property=\"og:title\" content=\"VILLEROY &amp; BOCH Oscar Service 30 St\u00fcck\" \/>\n<meta property=\"og:description\" content=\"Einfach und elegant Das Tafelservice aus der Kollektion Oscar besticht durch seine leicht abgerundeten Formen, die schlichte, zeitlose Linienf\u00fchrung und\" \/>\n<meta property=\"og:url\" content=\"https:\/\/www.erresse-shop.it\/de\/shop\/tisch\/besteck\/villeroy-boch-oscar-service-24-stuck-copia\/\" \/>\n<meta property=\"og:site_name\" content=\"Erresse Shop\" \/>\n<meta property=\"article:modified_time\" content=\"2025-01-14T14:13:15+00:00\" \/>\n<meta property=\"og:image\" content=\"https:\/\/www.erresse-shop.it\/wp-content\/uploads\/2025\/01\/VILLEROY-BOCH-Oscar-Servizio-30-Pezzi.jpg\" \/>\n\t<meta property=\"og:image:width\" content=\"1200\" \/>\n\t<meta property=\"og:image:height\" content=\"1200\" \/>\n\t<meta property=\"og:image:type\" content=\"image\/jpeg\" \/>\n<meta name=\"twitter:card\" content=\"summary_large_image\" \/>\n<script type=\"application\/ld+json\" class=\"yoast-schema-graph\">{\"@context\":\"https:\/\/schema.org\",\"@graph\":[{\"@type\":\"WebPage\",\"@id\":\"https:\/\/www.erresse-shop.it\/de\/shop\/tisch\/besteck\/villeroy-boch-oscar-service-24-stuck-copia\/\",\"url\":\"https:\/\/www.erresse-shop.it\/de\/shop\/tisch\/besteck\/villeroy-boch-oscar-service-24-stuck-copia\/\",\"name\":\"VILLEROY & BOCH Oscar Service 30 St\u00fcck - Erresse Shop\",\"isPartOf\":{\"@id\":\"https:\/\/www.erresse-shop.it\/de\/#website\"},\"datePublished\":\"2025-01-14T13:59:43+00:00\",\"dateModified\":\"2025-01-14T14:13:15+00:00\",\"description\":\"Einfach und elegant Das Tafelservice aus der Kollektion Oscar besticht durch seine leicht abgerundeten Formen, die schlichte, zeitlose Linienf\u00fchrung und\",\"breadcrumb\":{\"@id\":\"https:\/\/www.erresse-shop.it\/de\/shop\/tisch\/besteck\/villeroy-boch-oscar-service-24-stuck-copia\/#breadcrumb\"},\"inLanguage\":\"de-DE\",\"potentialAction\":[{\"@type\":\"ReadAction\",\"target\":[\"https:\/\/www.erresse-shop.it\/de\/shop\/tisch\/besteck\/villeroy-boch-oscar-service-24-stuck-copia\/\"]}]},{\"@type\":\"BreadcrumbList\",\"@id\":\"https:\/\/www.erresse-shop.it\/de\/shop\/tisch\/besteck\/villeroy-boch-oscar-service-24-stuck-copia\/#breadcrumb\",\"itemListElement\":[{\"@type\":\"ListItem\",\"position\":1,\"name\":\"Home\",\"item\":\"https:\/\/www.erresse-shop.it\/de\/\"},{\"@type\":\"ListItem\",\"position\":2,\"name\":\"Shop\",\"item\":\"https:\/\/www.erresse-shop.it\/de\/shop\/\"},{\"@type\":\"ListItem\",\"position\":3,\"name\":\"VILLEROY &#038; BOCH Oscar Service 30 St\u00fcck\"}]},{\"@type\":\"WebSite\",\"@id\":\"https:\/\/www.erresse-shop.it\/de\/#website\",\"url\":\"https:\/\/www.erresse-shop.it\/de\/\",\"name\":\"Erresse Shop\",\"description\":\"Articoli di qualit\u00e0 per la casa\",\"potentialAction\":[{\"@type\":\"SearchAction\",\"target\":{\"@type\":\"EntryPoint\",\"urlTemplate\":\"https:\/\/www.erresse-shop.it\/de\/?s={search_term_string}\"},\"query-input\":\"required name=search_term_string\"}],\"inLanguage\":\"de-DE\"}]}<\/script>\n<!-- \/ Yoast SEO Premium plugin. -->","yoast_head_json":{"title":"VILLEROY & BOCH Oscar Service 30 St\u00fcck - Erresse Shop","description":"Einfach und elegant Das Tafelservice aus der Kollektion Oscar besticht durch seine leicht abgerundeten Formen, die schlichte, zeitlose Linienf\u00fchrung und","robots":{"index":"index","follow":"follow","max-snippet":"max-snippet:-1","max-image-preview":"max-image-preview:large","max-video-preview":"max-video-preview:-1"},"canonical":"https:\/\/www.erresse-shop.it\/de\/shop\/tisch\/besteck\/villeroy-boch-oscar-service-24-stuck-copia\/","og_locale":"de_DE","og_type":"article","og_title":"VILLEROY & BOCH Oscar Service 30 St\u00fcck","og_description":"Einfach und elegant Das Tafelservice aus der Kollektion Oscar besticht durch seine leicht abgerundeten Formen, die schlichte, zeitlose Linienf\u00fchrung und","og_url":"https:\/\/www.erresse-shop.it\/de\/shop\/tisch\/besteck\/villeroy-boch-oscar-service-24-stuck-copia\/","og_site_name":"Erresse Shop","article_modified_time":"2025-01-14T14:13:15+00:00","og_image":[{"width":1200,"height":1200,"url":"https:\/\/www.erresse-shop.it\/wp-content\/uploads\/2025\/01\/VILLEROY-BOCH-Oscar-Servizio-30-Pezzi.jpg","type":"image\/jpeg"}],"twitter_card":"summary_large_image","schema":{"@context":"https:\/\/schema.org","@graph":[{"@type":"WebPage","@id":"https:\/\/www.erresse-shop.it\/de\/shop\/tisch\/besteck\/villeroy-boch-oscar-service-24-stuck-copia\/","url":"https:\/\/www.erresse-shop.it\/de\/shop\/tisch\/besteck\/villeroy-boch-oscar-service-24-stuck-copia\/","name":"VILLEROY & BOCH Oscar Service 30 St\u00fcck - Erresse Shop","isPartOf":{"@id":"https:\/\/www.erresse-shop.it\/de\/#website"},"datePublished":"2025-01-14T13:59:43+00:00","dateModified":"2025-01-14T14:13:15+00:00","description":"Einfach und elegant Das Tafelservice aus der Kollektion Oscar besticht durch seine leicht abgerundeten Formen, die schlichte, zeitlose Linienf\u00fchrung und","breadcrumb":{"@id":"https:\/\/www.erresse-shop.it\/de\/shop\/tisch\/besteck\/villeroy-boch-oscar-service-24-stuck-copia\/#breadcrumb"},"inLanguage":"de-DE","potentialAction":[{"@type":"ReadAction","target":["https:\/\/www.erresse-shop.it\/de\/shop\/tisch\/besteck\/villeroy-boch-oscar-service-24-stuck-copia\/"]}]},{"@type":"BreadcrumbList","@id":"https:\/\/www.erresse-shop.it\/de\/shop\/tisch\/besteck\/villeroy-boch-oscar-service-24-stuck-copia\/#breadcrumb","itemListElement":[{"@type":"ListItem","position":1,"name":"Home","item":"https:\/\/www.erresse-shop.it\/de\/"},{"@type":"ListItem","position":2,"name":"Shop","item":"https:\/\/www.erresse-shop.it\/de\/shop\/"},{"@type":"ListItem","position":3,"name":"VILLEROY &#038; BOCH Oscar Service 30 St\u00fcck"}]},{"@type":"WebSite","@id":"https:\/\/www.erresse-shop.it\/de\/#website","url":"https:\/\/www.erresse-shop.it\/de\/","name":"Erresse Shop","description":"Articoli di qualit\u00e0 per la casa","potentialAction":[{"@type":"SearchAction","target":{"@type":"EntryPoint","urlTemplate":"https:\/\/www.erresse-shop.it\/de\/?s={search_term_string}"},"query-input":"required name=search_term_string"}],"inLanguage":"de-DE"}]}},"df_price":109.95,"df_sale_price":109.95,"df_regular_price":249,"df_image_link":"https:\/\/www.erresse-shop.it\/wp-content\/uploads\/2025\/01\/VILLEROY-BOCH-Oscar-Servizio-30-Pezzi-300x300.jpg","_links":{"self":[{"href":"https:\/\/www.erresse-shop.it\/de\/wp-json\/wp\/v2\/product\/460918"}],"collection":[{"href":"https:\/\/www.erresse-shop.it\/de\/wp-json\/wp\/v2\/product"}],"about":[{"href":"https:\/\/www.erresse-shop.it\/de\/wp-json\/wp\/v2\/types\/product"}],"wp:featuredmedia":[{"embeddable":true,"href":"https:\/\/www.erresse-shop.it\/de\/wp-json\/wp\/v2\/media\/460926"}],"wp:attachment":[{"href":"https:\/\/www.erresse-shop.it\/de\/wp-json\/wp\/v2\/media?parent=460918"}],"wp:term":[{"taxonomy":"product_cat","embeddable":true,"href":"https:\/\/www.erresse-shop.it\/de\/wp-json\/wp\/v2\/product_cat?post=460918"},{"taxonomy":"product_tag","embeddable":true,"href":"https:\/\/www.erresse-shop.it\/de\/wp-json\/wp\/v2\/product_tag?post=460918"}],"curies":[{"name":"wp","href":"https:\/\/api.w.org\/{rel}","templated":true}]}}