{"id":460884,"date":"2025-01-14T13:36:11","date_gmt":"2025-01-14T13:36:13","guid":{"rendered":"https:\/\/www.erresse-shop.it\/?post_type=product&#038;p=460884"},"modified":"2025-01-14T13:56:17","modified_gmt":"2025-01-14T13:56:17","slug":"villeroy-boch-victor-service-30-stuck-copia","status":"publish","type":"product","link":"https:\/\/www.erresse-shop.it\/de\/shop\/tisch\/besteck\/villeroy-boch-victor-service-30-stuck-copia\/","title":{"rendered":"VILLEROY &#038; BOCH Victor Service 68 St\u00fcck"},"content":{"rendered":"<p><strong>Perfektes Design f\u00fcr jeden Anlass<\/strong><br \/>\nDie Besteckkollektion Victor passt mit ihren schlichten Linien und ihrer raffinierten Eleganz perfekt zu vielen Dekoren. Das Besteck ist aus sp\u00fclmaschinenfestem Edelstahl gefertigt. Die Lieferung erfolgt in einer edlen Kartonschachtel mit Produktbild. Mit diesem kompletten Besteck- und Service-Set f\u00fcr bis zu zw\u00f6lf Personen sind Sie f\u00fcr die allt\u00e4glichen Mahlzeiten oder ganz besondere Anl\u00e4sse immer bestens ger\u00fcstet. Auch ein tolles Geschenk. Entdecken Sie Stil mit Victor.<\/p>\n<p>Das 68-teilige Set besteht aus:<\/p>\n<ul>\n<li>\u00a012x Tafelgabel,<\/li>\n<li>\u00a012x Tafelmesser,<\/li>\n<li>\u00a012x Essl\u00f6ffel,<\/li>\n<li>\u00a012x Kaffeel\u00f6ffel,<\/li>\n<li>\u00a012x Dessertgabeln,<\/li>\n<li>\u00a01x Zuckerl\u00f6ffel,<\/li>\n<li>\u00a01x Tortenheber,<\/li>\n<li>\u00a01x Servierl\u00f6ffel,<\/li>\n<li>\u00a01x Salatgabel,<\/li>\n<li>\u00a01x Salatl\u00f6ffel,<\/li>\n<li>\u00a01x Sahnel\u00f6ffel,<\/li>\n<li>\u00a01x Fleischgabel,<\/li>\n<li>\u00a01x So\u00dfenkelle.<\/li>\n<\/ul>\n<p><strong>Material<\/strong>: Edelstahl<br \/>\n<strong>Farbe<\/strong>: Silber\/Platin<br \/>\n<strong>Sp\u00fclmaschinenfest<\/strong> <strong>: Ja<br \/>\n<strong>Geeignet<\/strong> <strong>F\u00fcr<\/strong> <strong>Mikrowelle<\/strong>: Nein<\/p>\n","protected":false},"excerpt":{"rendered":"<p>Perfektes Design f\u00fcr jeden Anlass Die Besteckkollektion Victor passt mit ihren schlichten Linien und ihrer raffinierten Eleganz perfekt zu vielen<\/p>\n","protected":false},"featured_media":460892,"template":"","meta":{"_acf_changed":false,"inline_featured_image":false},"product_cat":[6790,6787],"product_tag":[25027,24398,25022],"acf":[],"yoast_head":"<!-- This site is optimized with the Yoast SEO Premium plugin v18.6 (Yoast SEO v19.13) - https:\/\/yoast.com\/wordpress\/plugins\/seo\/ -->\n<title>VILLEROY &amp; BOCH Victor Service 68 St\u00fcck - Erresse Shop<\/title>\n<meta name=\"description\" content=\"Perfektes Design f\u00fcr jeden Anlass Die Besteckkollektion Victor passt mit ihren schlichten Linien und ihrer raffinierten Eleganz perfekt zu vielen Dekoren.\" \/>\n<meta name=\"robots\" content=\"index, follow, max-snippet:-1, max-image-preview:large, max-video-preview:-1\" \/>\n<link rel=\"canonical\" href=\"https:\/\/www.erresse-shop.it\/de\/shop\/tisch\/besteck\/villeroy-boch-victor-service-30-stuck-copia\/\" \/>\n<meta property=\"og:locale\" content=\"de_DE\" \/>\n<meta property=\"og:type\" content=\"article\" \/>\n<meta property=\"og:title\" content=\"VILLEROY &amp; BOCH Victor Service 68 St\u00fcck\" \/>\n<meta property=\"og:description\" content=\"Perfektes Design f\u00fcr jeden Anlass Die Besteckkollektion Victor passt mit ihren schlichten Linien und ihrer raffinierten Eleganz perfekt zu vielen Dekoren.\" \/>\n<meta property=\"og:url\" content=\"https:\/\/www.erresse-shop.it\/de\/shop\/tisch\/besteck\/villeroy-boch-victor-service-30-stuck-copia\/\" \/>\n<meta property=\"og:site_name\" content=\"Erresse Shop\" \/>\n<meta property=\"article:modified_time\" content=\"2025-01-14T13:56:17+00:00\" \/>\n<meta property=\"og:image\" content=\"https:\/\/www.erresse-shop.it\/wp-content\/uploads\/2025\/01\/VILLEROY-BOCH-Victor-Servizio-68-Pezzi.jpg\" \/>\n\t<meta property=\"og:image:width\" content=\"1200\" \/>\n\t<meta property=\"og:image:height\" content=\"1200\" \/>\n\t<meta property=\"og:image:type\" content=\"image\/jpeg\" \/>\n<meta name=\"twitter:card\" content=\"summary_large_image\" \/>\n<script type=\"application\/ld+json\" class=\"yoast-schema-graph\">{\"@context\":\"https:\/\/schema.org\",\"@graph\":[{\"@type\":\"WebPage\",\"@id\":\"https:\/\/www.erresse-shop.it\/de\/shop\/tisch\/besteck\/villeroy-boch-victor-service-30-stuck-copia\/\",\"url\":\"https:\/\/www.erresse-shop.it\/de\/shop\/tisch\/besteck\/villeroy-boch-victor-service-30-stuck-copia\/\",\"name\":\"VILLEROY & BOCH Victor Service 68 St\u00fcck - Erresse Shop\",\"isPartOf\":{\"@id\":\"https:\/\/www.erresse-shop.it\/de\/#website\"},\"datePublished\":\"2025-01-14T13:36:13+00:00\",\"dateModified\":\"2025-01-14T13:56:17+00:00\",\"description\":\"Perfektes Design f\u00fcr jeden Anlass Die Besteckkollektion Victor passt mit ihren schlichten Linien und ihrer raffinierten Eleganz perfekt zu vielen Dekoren.\",\"breadcrumb\":{\"@id\":\"https:\/\/www.erresse-shop.it\/de\/shop\/tisch\/besteck\/villeroy-boch-victor-service-30-stuck-copia\/#breadcrumb\"},\"inLanguage\":\"de-DE\",\"potentialAction\":[{\"@type\":\"ReadAction\",\"target\":[\"https:\/\/www.erresse-shop.it\/de\/shop\/tisch\/besteck\/villeroy-boch-victor-service-30-stuck-copia\/\"]}]},{\"@type\":\"BreadcrumbList\",\"@id\":\"https:\/\/www.erresse-shop.it\/de\/shop\/tisch\/besteck\/villeroy-boch-victor-service-30-stuck-copia\/#breadcrumb\",\"itemListElement\":[{\"@type\":\"ListItem\",\"position\":1,\"name\":\"Home\",\"item\":\"https:\/\/www.erresse-shop.it\/de\/\"},{\"@type\":\"ListItem\",\"position\":2,\"name\":\"Shop\",\"item\":\"https:\/\/www.erresse-shop.it\/de\/shop\/\"},{\"@type\":\"ListItem\",\"position\":3,\"name\":\"VILLEROY &#038; BOCH Victor Service 68 St\u00fcck\"}]},{\"@type\":\"WebSite\",\"@id\":\"https:\/\/www.erresse-shop.it\/de\/#website\",\"url\":\"https:\/\/www.erresse-shop.it\/de\/\",\"name\":\"Erresse Shop\",\"description\":\"Articoli di qualit\u00e0 per la casa\",\"potentialAction\":[{\"@type\":\"SearchAction\",\"target\":{\"@type\":\"EntryPoint\",\"urlTemplate\":\"https:\/\/www.erresse-shop.it\/de\/?s={search_term_string}\"},\"query-input\":\"required name=search_term_string\"}],\"inLanguage\":\"de-DE\"}]}<\/script>\n<!-- \/ Yoast SEO Premium plugin. -->","yoast_head_json":{"title":"VILLEROY & BOCH Victor Service 68 St\u00fcck - Erresse Shop","description":"Perfektes Design f\u00fcr jeden Anlass Die Besteckkollektion Victor passt mit ihren schlichten Linien und ihrer raffinierten Eleganz perfekt zu vielen Dekoren.","robots":{"index":"index","follow":"follow","max-snippet":"max-snippet:-1","max-image-preview":"max-image-preview:large","max-video-preview":"max-video-preview:-1"},"canonical":"https:\/\/www.erresse-shop.it\/de\/shop\/tisch\/besteck\/villeroy-boch-victor-service-30-stuck-copia\/","og_locale":"de_DE","og_type":"article","og_title":"VILLEROY & BOCH Victor Service 68 St\u00fcck","og_description":"Perfektes Design f\u00fcr jeden Anlass Die Besteckkollektion Victor passt mit ihren schlichten Linien und ihrer raffinierten Eleganz perfekt zu vielen Dekoren.","og_url":"https:\/\/www.erresse-shop.it\/de\/shop\/tisch\/besteck\/villeroy-boch-victor-service-30-stuck-copia\/","og_site_name":"Erresse Shop","article_modified_time":"2025-01-14T13:56:17+00:00","og_image":[{"width":1200,"height":1200,"url":"https:\/\/www.erresse-shop.it\/wp-content\/uploads\/2025\/01\/VILLEROY-BOCH-Victor-Servizio-68-Pezzi.jpg","type":"image\/jpeg"}],"twitter_card":"summary_large_image","schema":{"@context":"https:\/\/schema.org","@graph":[{"@type":"WebPage","@id":"https:\/\/www.erresse-shop.it\/de\/shop\/tisch\/besteck\/villeroy-boch-victor-service-30-stuck-copia\/","url":"https:\/\/www.erresse-shop.it\/de\/shop\/tisch\/besteck\/villeroy-boch-victor-service-30-stuck-copia\/","name":"VILLEROY & BOCH Victor Service 68 St\u00fcck - Erresse Shop","isPartOf":{"@id":"https:\/\/www.erresse-shop.it\/de\/#website"},"datePublished":"2025-01-14T13:36:13+00:00","dateModified":"2025-01-14T13:56:17+00:00","description":"Perfektes Design f\u00fcr jeden Anlass Die Besteckkollektion Victor passt mit ihren schlichten Linien und ihrer raffinierten Eleganz perfekt zu vielen Dekoren.","breadcrumb":{"@id":"https:\/\/www.erresse-shop.it\/de\/shop\/tisch\/besteck\/villeroy-boch-victor-service-30-stuck-copia\/#breadcrumb"},"inLanguage":"de-DE","potentialAction":[{"@type":"ReadAction","target":["https:\/\/www.erresse-shop.it\/de\/shop\/tisch\/besteck\/villeroy-boch-victor-service-30-stuck-copia\/"]}]},{"@type":"BreadcrumbList","@id":"https:\/\/www.erresse-shop.it\/de\/shop\/tisch\/besteck\/villeroy-boch-victor-service-30-stuck-copia\/#breadcrumb","itemListElement":[{"@type":"ListItem","position":1,"name":"Home","item":"https:\/\/www.erresse-shop.it\/de\/"},{"@type":"ListItem","position":2,"name":"Shop","item":"https:\/\/www.erresse-shop.it\/de\/shop\/"},{"@type":"ListItem","position":3,"name":"VILLEROY &#038; BOCH Victor Service 68 St\u00fcck"}]},{"@type":"WebSite","@id":"https:\/\/www.erresse-shop.it\/de\/#website","url":"https:\/\/www.erresse-shop.it\/de\/","name":"Erresse Shop","description":"Articoli di qualit\u00e0 per la casa","potentialAction":[{"@type":"SearchAction","target":{"@type":"EntryPoint","urlTemplate":"https:\/\/www.erresse-shop.it\/de\/?s={search_term_string}"},"query-input":"required name=search_term_string"}],"inLanguage":"de-DE"}]}},"df_price":199.6,"df_sale_price":199.6,"df_regular_price":499,"df_image_link":"https:\/\/www.erresse-shop.it\/wp-content\/uploads\/2025\/01\/VILLEROY-BOCH-Victor-Servizio-68-Pezzi-300x300.jpg","_links":{"self":[{"href":"https:\/\/www.erresse-shop.it\/de\/wp-json\/wp\/v2\/product\/460884"}],"collection":[{"href":"https:\/\/www.erresse-shop.it\/de\/wp-json\/wp\/v2\/product"}],"about":[{"href":"https:\/\/www.erresse-shop.it\/de\/wp-json\/wp\/v2\/types\/product"}],"wp:featuredmedia":[{"embeddable":true,"href":"https:\/\/www.erresse-shop.it\/de\/wp-json\/wp\/v2\/media\/460892"}],"wp:attachment":[{"href":"https:\/\/www.erresse-shop.it\/de\/wp-json\/wp\/v2\/media?parent=460884"}],"wp:term":[{"taxonomy":"product_cat","embeddable":true,"href":"https:\/\/www.erresse-shop.it\/de\/wp-json\/wp\/v2\/product_cat?post=460884"},{"taxonomy":"product_tag","embeddable":true,"href":"https:\/\/www.erresse-shop.it\/de\/wp-json\/wp\/v2\/product_tag?post=460884"}],"curies":[{"name":"wp","href":"https:\/\/api.w.org\/{rel}","templated":true}]}}