{"id":455485,"date":"2024-12-19T14:55:28","date_gmt":"2024-12-19T14:55:29","guid":{"rendered":"https:\/\/www.erresse-shop.it\/?post_type=product&#038;p=455485"},"modified":"2026-02-24T09:13:00","modified_gmt":"2026-02-24T09:13:00","slug":"joseph-joseph-flexa-buegeltischbezug-easy-fit-blau-124cm","status":"publish","type":"product","link":"https:\/\/www.erresse-shop.it\/de\/shop\/einrichtung-haus\/buegelbretter\/joseph-joseph-flexa-buegeltischbezug-easy-fit-blau-124cm\/","title":{"rendered":"JOSEPH JOSEPH Flexa B\u00fcgeltischbezug Easy-fit blau 124cm"},"content":{"rendered":"<p>Flexa\u2122 ist die geniale L\u00f6sung f\u00fcr minderwertige, schlecht sitzende Ersatz-B\u00fcgeltischbez\u00fcge. Er ist mit einer innovativen StretchMesh\u2122-Nase ausgestattet, die \u00fcber die Spitze jedes B\u00fcgelbretts passt, und verf\u00fcgt au\u00dferdem \u00fcber ein elastisches Band, das in der Mitte festgezogen werden kann, sowie eine einfach zu verbindende Froschspannschnur. Eine strapazierf\u00e4hige, rei\u00dffeste Oberschicht und eine weiche Schaumstoffunterlage sorgen f\u00fcr ein besonders glattes und komfortables B\u00fcgelerlebnis.<\/p>\n<ul>\n<li>Die StretchMesh\u2122-Nose passt sich schnell und einfach an die Spitze eines jeden Boards an.<\/li>\n<li>Strapazierf\u00e4hige Ripstop-Baumwoll-Oberschicht<\/li>\n<li>Weiche Schaumstoffunterlage f\u00fcr ein superglattes B\u00fcgelerlebnis<\/li>\n<li>Elastisches Band f\u00fcr perfekten Sitz<\/li>\n<li>Spannschnur mit leicht zu bindendem Frosch<\/li>\n<\/ul>\n<p><strong>Pflege und Gebrauch:<\/strong><\/p>\n<ul>\n<li>Nur mit einem Tuch waschen &#8211; nicht in der Maschine waschen.<\/li>\n<li>Bitte beachten Sie das Pflegeetikett.<\/li>\n<\/ul>\n<p><strong>Abmessungen:<\/strong><\/p>\n<p>Geeignet f\u00fcr Bretter L124 cm (48,8 Zoll) x B37 &#8211; 45 cm (14,5 &#8211; 17,7 Zoll)<\/p>\n","protected":false},"excerpt":{"rendered":"<p>Flexa\u2122 ist die geniale L\u00f6sung f\u00fcr minderwertige, schlecht sitzende Ersatz-B\u00fcgeltischbez\u00fcge. Er ist mit einer innovativen StretchMesh\u2122-Nase ausgestattet, die \u00fcber die<\/p>\n","protected":false},"featured_media":499533,"template":"","meta":{"_acf_changed":false,"inline_featured_image":false},"product_cat":[6817,18096],"product_tag":[25027,14058,25022],"acf":[],"yoast_head":"<!-- This site is optimized with the Yoast SEO Premium plugin v18.6 (Yoast SEO v19.13) - https:\/\/yoast.com\/wordpress\/plugins\/seo\/ -->\n<title>JOSEPH JOSEPH Flexa B\u00fcgeltischbezug Easy-fit blau 124cm - Erresse Shop<\/title>\n<meta name=\"description\" content=\"Flexa\u2122 ist die geniale L\u00f6sung f\u00fcr minderwertige, schlecht sitzende Ersatz-B\u00fcgeltischbez\u00fcge. Er ist mit einer innovativen StretchMesh\u2122-Nase ausgestattet,\" \/>\n<meta name=\"robots\" content=\"index, follow, max-snippet:-1, max-image-preview:large, max-video-preview:-1\" \/>\n<link rel=\"canonical\" href=\"https:\/\/www.erresse-shop.it\/de\/shop\/einrichtung-haus\/buegelbretter\/joseph-joseph-flexa-buegeltischbezug-easy-fit-blau-124cm\/\" \/>\n<meta property=\"og:locale\" content=\"de_DE\" \/>\n<meta property=\"og:type\" content=\"article\" \/>\n<meta property=\"og:title\" content=\"JOSEPH JOSEPH Flexa B\u00fcgeltischbezug Easy-fit blau 124cm\" \/>\n<meta property=\"og:description\" content=\"Flexa\u2122 ist die geniale L\u00f6sung f\u00fcr minderwertige, schlecht sitzende Ersatz-B\u00fcgeltischbez\u00fcge. Er ist mit einer innovativen StretchMesh\u2122-Nase ausgestattet,\" \/>\n<meta property=\"og:url\" content=\"https:\/\/www.erresse-shop.it\/de\/shop\/einrichtung-haus\/buegelbretter\/joseph-joseph-flexa-buegeltischbezug-easy-fit-blau-124cm\/\" \/>\n<meta property=\"og:site_name\" content=\"Erresse Shop\" \/>\n<meta property=\"article:modified_time\" content=\"2026-02-24T09:13:00+00:00\" \/>\n<meta property=\"og:image\" content=\"https:\/\/www.erresse-shop.it\/wp-content\/uploads\/2024\/12\/JOSEPH-JOSEPH-Copri-asse-da-stiro-Blu.jpg\" \/>\n\t<meta property=\"og:image:width\" content=\"1200\" \/>\n\t<meta property=\"og:image:height\" content=\"1200\" \/>\n\t<meta property=\"og:image:type\" content=\"image\/jpeg\" \/>\n<meta name=\"twitter:card\" content=\"summary_large_image\" \/>\n<script type=\"application\/ld+json\" class=\"yoast-schema-graph\">{\"@context\":\"https:\/\/schema.org\",\"@graph\":[{\"@type\":\"WebPage\",\"@id\":\"https:\/\/www.erresse-shop.it\/de\/shop\/einrichtung-haus\/buegelbretter\/joseph-joseph-flexa-buegeltischbezug-easy-fit-blau-124cm\/\",\"url\":\"https:\/\/www.erresse-shop.it\/de\/shop\/einrichtung-haus\/buegelbretter\/joseph-joseph-flexa-buegeltischbezug-easy-fit-blau-124cm\/\",\"name\":\"JOSEPH JOSEPH Flexa B\u00fcgeltischbezug Easy-fit blau 124cm - Erresse Shop\",\"isPartOf\":{\"@id\":\"https:\/\/www.erresse-shop.it\/de\/#website\"},\"datePublished\":\"2024-12-19T14:55:29+00:00\",\"dateModified\":\"2026-02-24T09:13:00+00:00\",\"description\":\"Flexa\u2122 ist die geniale L\u00f6sung f\u00fcr minderwertige, schlecht sitzende Ersatz-B\u00fcgeltischbez\u00fcge. Er ist mit einer innovativen StretchMesh\u2122-Nase ausgestattet,\",\"breadcrumb\":{\"@id\":\"https:\/\/www.erresse-shop.it\/de\/shop\/einrichtung-haus\/buegelbretter\/joseph-joseph-flexa-buegeltischbezug-easy-fit-blau-124cm\/#breadcrumb\"},\"inLanguage\":\"de-DE\",\"potentialAction\":[{\"@type\":\"ReadAction\",\"target\":[\"https:\/\/www.erresse-shop.it\/de\/shop\/einrichtung-haus\/buegelbretter\/joseph-joseph-flexa-buegeltischbezug-easy-fit-blau-124cm\/\"]}]},{\"@type\":\"BreadcrumbList\",\"@id\":\"https:\/\/www.erresse-shop.it\/de\/shop\/einrichtung-haus\/buegelbretter\/joseph-joseph-flexa-buegeltischbezug-easy-fit-blau-124cm\/#breadcrumb\",\"itemListElement\":[{\"@type\":\"ListItem\",\"position\":1,\"name\":\"Home\",\"item\":\"https:\/\/www.erresse-shop.it\/de\/\"},{\"@type\":\"ListItem\",\"position\":2,\"name\":\"Shop\",\"item\":\"https:\/\/www.erresse-shop.it\/de\/shop\/\"},{\"@type\":\"ListItem\",\"position\":3,\"name\":\"JOSEPH JOSEPH Flexa B\u00fcgeltischbezug Easy-fit blau 124cm\"}]},{\"@type\":\"WebSite\",\"@id\":\"https:\/\/www.erresse-shop.it\/de\/#website\",\"url\":\"https:\/\/www.erresse-shop.it\/de\/\",\"name\":\"Erresse Shop\",\"description\":\"Articoli di qualit\u00e0 per la casa\",\"potentialAction\":[{\"@type\":\"SearchAction\",\"target\":{\"@type\":\"EntryPoint\",\"urlTemplate\":\"https:\/\/www.erresse-shop.it\/de\/?s={search_term_string}\"},\"query-input\":\"required name=search_term_string\"}],\"inLanguage\":\"de-DE\"}]}<\/script>\n<!-- \/ Yoast SEO Premium plugin. -->","yoast_head_json":{"title":"JOSEPH JOSEPH Flexa B\u00fcgeltischbezug Easy-fit blau 124cm - Erresse Shop","description":"Flexa\u2122 ist die geniale L\u00f6sung f\u00fcr minderwertige, schlecht sitzende Ersatz-B\u00fcgeltischbez\u00fcge. Er ist mit einer innovativen StretchMesh\u2122-Nase ausgestattet,","robots":{"index":"index","follow":"follow","max-snippet":"max-snippet:-1","max-image-preview":"max-image-preview:large","max-video-preview":"max-video-preview:-1"},"canonical":"https:\/\/www.erresse-shop.it\/de\/shop\/einrichtung-haus\/buegelbretter\/joseph-joseph-flexa-buegeltischbezug-easy-fit-blau-124cm\/","og_locale":"de_DE","og_type":"article","og_title":"JOSEPH JOSEPH Flexa B\u00fcgeltischbezug Easy-fit blau 124cm","og_description":"Flexa\u2122 ist die geniale L\u00f6sung f\u00fcr minderwertige, schlecht sitzende Ersatz-B\u00fcgeltischbez\u00fcge. Er ist mit einer innovativen StretchMesh\u2122-Nase ausgestattet,","og_url":"https:\/\/www.erresse-shop.it\/de\/shop\/einrichtung-haus\/buegelbretter\/joseph-joseph-flexa-buegeltischbezug-easy-fit-blau-124cm\/","og_site_name":"Erresse Shop","article_modified_time":"2026-02-24T09:13:00+00:00","og_image":[{"width":1200,"height":1200,"url":"https:\/\/www.erresse-shop.it\/wp-content\/uploads\/2024\/12\/JOSEPH-JOSEPH-Copri-asse-da-stiro-Blu.jpg","type":"image\/jpeg"}],"twitter_card":"summary_large_image","schema":{"@context":"https:\/\/schema.org","@graph":[{"@type":"WebPage","@id":"https:\/\/www.erresse-shop.it\/de\/shop\/einrichtung-haus\/buegelbretter\/joseph-joseph-flexa-buegeltischbezug-easy-fit-blau-124cm\/","url":"https:\/\/www.erresse-shop.it\/de\/shop\/einrichtung-haus\/buegelbretter\/joseph-joseph-flexa-buegeltischbezug-easy-fit-blau-124cm\/","name":"JOSEPH JOSEPH Flexa B\u00fcgeltischbezug Easy-fit blau 124cm - Erresse Shop","isPartOf":{"@id":"https:\/\/www.erresse-shop.it\/de\/#website"},"datePublished":"2024-12-19T14:55:29+00:00","dateModified":"2026-02-24T09:13:00+00:00","description":"Flexa\u2122 ist die geniale L\u00f6sung f\u00fcr minderwertige, schlecht sitzende Ersatz-B\u00fcgeltischbez\u00fcge. Er ist mit einer innovativen StretchMesh\u2122-Nase ausgestattet,","breadcrumb":{"@id":"https:\/\/www.erresse-shop.it\/de\/shop\/einrichtung-haus\/buegelbretter\/joseph-joseph-flexa-buegeltischbezug-easy-fit-blau-124cm\/#breadcrumb"},"inLanguage":"de-DE","potentialAction":[{"@type":"ReadAction","target":["https:\/\/www.erresse-shop.it\/de\/shop\/einrichtung-haus\/buegelbretter\/joseph-joseph-flexa-buegeltischbezug-easy-fit-blau-124cm\/"]}]},{"@type":"BreadcrumbList","@id":"https:\/\/www.erresse-shop.it\/de\/shop\/einrichtung-haus\/buegelbretter\/joseph-joseph-flexa-buegeltischbezug-easy-fit-blau-124cm\/#breadcrumb","itemListElement":[{"@type":"ListItem","position":1,"name":"Home","item":"https:\/\/www.erresse-shop.it\/de\/"},{"@type":"ListItem","position":2,"name":"Shop","item":"https:\/\/www.erresse-shop.it\/de\/shop\/"},{"@type":"ListItem","position":3,"name":"JOSEPH JOSEPH Flexa B\u00fcgeltischbezug Easy-fit blau 124cm"}]},{"@type":"WebSite","@id":"https:\/\/www.erresse-shop.it\/de\/#website","url":"https:\/\/www.erresse-shop.it\/de\/","name":"Erresse Shop","description":"Articoli di qualit\u00e0 per la casa","potentialAction":[{"@type":"SearchAction","target":{"@type":"EntryPoint","urlTemplate":"https:\/\/www.erresse-shop.it\/de\/?s={search_term_string}"},"query-input":"required name=search_term_string"}],"inLanguage":"de-DE"}]}},"df_price":24.95,"df_sale_price":24.95,"df_regular_price":34.99,"df_image_link":"https:\/\/www.erresse-shop.it\/wp-content\/uploads\/2024\/12\/JOSEPH-JOSEPH-Copri-asse-da-stiro-Blu-300x300.jpg","_links":{"self":[{"href":"https:\/\/www.erresse-shop.it\/de\/wp-json\/wp\/v2\/product\/455485"}],"collection":[{"href":"https:\/\/www.erresse-shop.it\/de\/wp-json\/wp\/v2\/product"}],"about":[{"href":"https:\/\/www.erresse-shop.it\/de\/wp-json\/wp\/v2\/types\/product"}],"wp:featuredmedia":[{"embeddable":true,"href":"https:\/\/www.erresse-shop.it\/de\/wp-json\/wp\/v2\/media\/499533"}],"wp:attachment":[{"href":"https:\/\/www.erresse-shop.it\/de\/wp-json\/wp\/v2\/media?parent=455485"}],"wp:term":[{"taxonomy":"product_cat","embeddable":true,"href":"https:\/\/www.erresse-shop.it\/de\/wp-json\/wp\/v2\/product_cat?post=455485"},{"taxonomy":"product_tag","embeddable":true,"href":"https:\/\/www.erresse-shop.it\/de\/wp-json\/wp\/v2\/product_tag?post=455485"}],"curies":[{"name":"wp","href":"https:\/\/api.w.org\/{rel}","templated":true}]}}