{"id":455370,"date":"2024-12-18T14:40:47","date_gmt":"2024-12-18T14:40:48","guid":{"rendered":"https:\/\/www.erresse-shop.it\/?post_type=product&#038;p=455370"},"modified":"2026-02-24T09:17:24","modified_gmt":"2026-02-24T09:17:24","slug":"rosenthal-glasvase-silvana-33-cm-gruen","status":"publish","type":"product","link":"https:\/\/www.erresse-shop.it\/de\/shop\/einrichtung-haus\/vasen\/rosenthal-glasvase-silvana-33-cm-gruen\/","title":{"rendered":"ROSENTHAL Glasvase Silvana 33 cm Gr\u00fcn"},"content":{"rendered":"<p>Klasse und Sch\u00f6nheit sind die Symbole, die Rosenthal-Vasen repr\u00e4sentieren. Die neuen Kollektionen blicken voller Bewunderung in die Vergangenheit, wollen aber mit neuen und dynamischeren Formen \u00fcberraschen.<\/p>\n<p>Die Tischvase Silvana von Rosenthal wurde mit innovativen Formen geschaffen, um ein einzigartiges und v\u00f6llig originelles Produkt zum Leben zu erwecken. Geeignet f\u00fcr die Einrichtung Ihres modernen oder klassischen Zuhauses mit vielen neuen Features!<\/p>\n<p>Auf unserer Seite finden Sie verschiedene <strong>Rosenthal<\/strong>-Produkte, mit denen Sie die R\u00e4ume Ihres wunderbaren Zuhauses einrichten k\u00f6nnen.<\/p>\n<p><strong>Material:<\/strong> Glas<br \/>\n<strong>Sammlung:<\/strong> Glas-Vasen<\/p>\n","protected":false},"excerpt":{"rendered":"<p>Klasse und Sch\u00f6nheit sind die Symbole, die Rosenthal-Vasen repr\u00e4sentieren. Die neuen Kollektionen blicken voller Bewunderung in die Vergangenheit, wollen aber<\/p>\n","protected":false},"featured_media":455379,"template":"","meta":{"_acf_changed":false,"inline_featured_image":false},"product_cat":[6817,14421],"product_tag":[23911,11847],"acf":[],"yoast_head":"<!-- This site is optimized with the Yoast SEO Premium plugin v18.6 (Yoast SEO v19.13) - https:\/\/yoast.com\/wordpress\/plugins\/seo\/ -->\n<title>ROSENTHAL Glasvase Silvana 33 cm Gr\u00fcn - Erresse Shop<\/title>\n<meta name=\"description\" content=\"Klasse und Sch\u00f6nheit sind die Symbole, die Rosenthal-Vasen repr\u00e4sentieren. Die neuen Kollektionen blicken voller Bewunderung in die Vergangenheit, wollen\" \/>\n<meta name=\"robots\" content=\"index, follow, max-snippet:-1, max-image-preview:large, max-video-preview:-1\" \/>\n<link rel=\"canonical\" href=\"https:\/\/www.erresse-shop.it\/de\/shop\/einrichtung-haus\/vasen\/rosenthal-glasvase-silvana-33-cm-gruen\/\" \/>\n<meta property=\"og:locale\" content=\"de_DE\" \/>\n<meta property=\"og:type\" content=\"article\" \/>\n<meta property=\"og:title\" content=\"ROSENTHAL Glasvase Silvana 33 cm Gr\u00fcn\" \/>\n<meta property=\"og:description\" content=\"Klasse und Sch\u00f6nheit sind die Symbole, die Rosenthal-Vasen repr\u00e4sentieren. Die neuen Kollektionen blicken voller Bewunderung in die Vergangenheit, wollen\" \/>\n<meta property=\"og:url\" content=\"https:\/\/www.erresse-shop.it\/de\/shop\/einrichtung-haus\/vasen\/rosenthal-glasvase-silvana-33-cm-gruen\/\" \/>\n<meta property=\"og:site_name\" content=\"Erresse Shop\" \/>\n<meta property=\"article:modified_time\" content=\"2026-02-24T09:17:24+00:00\" \/>\n<meta property=\"og:image\" content=\"https:\/\/www.erresse-shop.it\/wp-content\/uploads\/2024\/12\/Silvana-verde-33-cm.jpg\" \/>\n\t<meta property=\"og:image:width\" content=\"1200\" \/>\n\t<meta property=\"og:image:height\" content=\"1200\" \/>\n\t<meta property=\"og:image:type\" content=\"image\/jpeg\" \/>\n<meta name=\"twitter:card\" content=\"summary_large_image\" \/>\n<script type=\"application\/ld+json\" class=\"yoast-schema-graph\">{\"@context\":\"https:\/\/schema.org\",\"@graph\":[{\"@type\":\"WebPage\",\"@id\":\"https:\/\/www.erresse-shop.it\/de\/shop\/einrichtung-haus\/vasen\/rosenthal-glasvase-silvana-33-cm-gruen\/\",\"url\":\"https:\/\/www.erresse-shop.it\/de\/shop\/einrichtung-haus\/vasen\/rosenthal-glasvase-silvana-33-cm-gruen\/\",\"name\":\"ROSENTHAL Glasvase Silvana 33 cm Gr\u00fcn - Erresse Shop\",\"isPartOf\":{\"@id\":\"https:\/\/www.erresse-shop.it\/de\/#website\"},\"datePublished\":\"2024-12-18T14:40:48+00:00\",\"dateModified\":\"2026-02-24T09:17:24+00:00\",\"description\":\"Klasse und Sch\u00f6nheit sind die Symbole, die Rosenthal-Vasen repr\u00e4sentieren. Die neuen Kollektionen blicken voller Bewunderung in die Vergangenheit, wollen\",\"breadcrumb\":{\"@id\":\"https:\/\/www.erresse-shop.it\/de\/shop\/einrichtung-haus\/vasen\/rosenthal-glasvase-silvana-33-cm-gruen\/#breadcrumb\"},\"inLanguage\":\"de-DE\",\"potentialAction\":[{\"@type\":\"ReadAction\",\"target\":[\"https:\/\/www.erresse-shop.it\/de\/shop\/einrichtung-haus\/vasen\/rosenthal-glasvase-silvana-33-cm-gruen\/\"]}]},{\"@type\":\"BreadcrumbList\",\"@id\":\"https:\/\/www.erresse-shop.it\/de\/shop\/einrichtung-haus\/vasen\/rosenthal-glasvase-silvana-33-cm-gruen\/#breadcrumb\",\"itemListElement\":[{\"@type\":\"ListItem\",\"position\":1,\"name\":\"Home\",\"item\":\"https:\/\/www.erresse-shop.it\/de\/\"},{\"@type\":\"ListItem\",\"position\":2,\"name\":\"Shop\",\"item\":\"https:\/\/www.erresse-shop.it\/de\/shop\/\"},{\"@type\":\"ListItem\",\"position\":3,\"name\":\"ROSENTHAL Glasvase Silvana 33 cm Gr\u00fcn\"}]},{\"@type\":\"WebSite\",\"@id\":\"https:\/\/www.erresse-shop.it\/de\/#website\",\"url\":\"https:\/\/www.erresse-shop.it\/de\/\",\"name\":\"Erresse Shop\",\"description\":\"Articoli di qualit\u00e0 per la casa\",\"potentialAction\":[{\"@type\":\"SearchAction\",\"target\":{\"@type\":\"EntryPoint\",\"urlTemplate\":\"https:\/\/www.erresse-shop.it\/de\/?s={search_term_string}\"},\"query-input\":\"required name=search_term_string\"}],\"inLanguage\":\"de-DE\"}]}<\/script>\n<!-- \/ Yoast SEO Premium plugin. -->","yoast_head_json":{"title":"ROSENTHAL Glasvase Silvana 33 cm Gr\u00fcn - Erresse Shop","description":"Klasse und Sch\u00f6nheit sind die Symbole, die Rosenthal-Vasen repr\u00e4sentieren. Die neuen Kollektionen blicken voller Bewunderung in die Vergangenheit, wollen","robots":{"index":"index","follow":"follow","max-snippet":"max-snippet:-1","max-image-preview":"max-image-preview:large","max-video-preview":"max-video-preview:-1"},"canonical":"https:\/\/www.erresse-shop.it\/de\/shop\/einrichtung-haus\/vasen\/rosenthal-glasvase-silvana-33-cm-gruen\/","og_locale":"de_DE","og_type":"article","og_title":"ROSENTHAL Glasvase Silvana 33 cm Gr\u00fcn","og_description":"Klasse und Sch\u00f6nheit sind die Symbole, die Rosenthal-Vasen repr\u00e4sentieren. Die neuen Kollektionen blicken voller Bewunderung in die Vergangenheit, wollen","og_url":"https:\/\/www.erresse-shop.it\/de\/shop\/einrichtung-haus\/vasen\/rosenthal-glasvase-silvana-33-cm-gruen\/","og_site_name":"Erresse Shop","article_modified_time":"2026-02-24T09:17:24+00:00","og_image":[{"width":1200,"height":1200,"url":"https:\/\/www.erresse-shop.it\/wp-content\/uploads\/2024\/12\/Silvana-verde-33-cm.jpg","type":"image\/jpeg"}],"twitter_card":"summary_large_image","schema":{"@context":"https:\/\/schema.org","@graph":[{"@type":"WebPage","@id":"https:\/\/www.erresse-shop.it\/de\/shop\/einrichtung-haus\/vasen\/rosenthal-glasvase-silvana-33-cm-gruen\/","url":"https:\/\/www.erresse-shop.it\/de\/shop\/einrichtung-haus\/vasen\/rosenthal-glasvase-silvana-33-cm-gruen\/","name":"ROSENTHAL Glasvase Silvana 33 cm Gr\u00fcn - Erresse Shop","isPartOf":{"@id":"https:\/\/www.erresse-shop.it\/de\/#website"},"datePublished":"2024-12-18T14:40:48+00:00","dateModified":"2026-02-24T09:17:24+00:00","description":"Klasse und Sch\u00f6nheit sind die Symbole, die Rosenthal-Vasen repr\u00e4sentieren. Die neuen Kollektionen blicken voller Bewunderung in die Vergangenheit, wollen","breadcrumb":{"@id":"https:\/\/www.erresse-shop.it\/de\/shop\/einrichtung-haus\/vasen\/rosenthal-glasvase-silvana-33-cm-gruen\/#breadcrumb"},"inLanguage":"de-DE","potentialAction":[{"@type":"ReadAction","target":["https:\/\/www.erresse-shop.it\/de\/shop\/einrichtung-haus\/vasen\/rosenthal-glasvase-silvana-33-cm-gruen\/"]}]},{"@type":"BreadcrumbList","@id":"https:\/\/www.erresse-shop.it\/de\/shop\/einrichtung-haus\/vasen\/rosenthal-glasvase-silvana-33-cm-gruen\/#breadcrumb","itemListElement":[{"@type":"ListItem","position":1,"name":"Home","item":"https:\/\/www.erresse-shop.it\/de\/"},{"@type":"ListItem","position":2,"name":"Shop","item":"https:\/\/www.erresse-shop.it\/de\/shop\/"},{"@type":"ListItem","position":3,"name":"ROSENTHAL Glasvase Silvana 33 cm Gr\u00fcn"}]},{"@type":"WebSite","@id":"https:\/\/www.erresse-shop.it\/de\/#website","url":"https:\/\/www.erresse-shop.it\/de\/","name":"Erresse Shop","description":"Articoli di qualit\u00e0 per la casa","potentialAction":[{"@type":"SearchAction","target":{"@type":"EntryPoint","urlTemplate":"https:\/\/www.erresse-shop.it\/de\/?s={search_term_string}"},"query-input":"required name=search_term_string"}],"inLanguage":"de-DE"}]}},"df_price":119,"df_sale_price":119,"df_regular_price":185,"df_image_link":"https:\/\/www.erresse-shop.it\/wp-content\/uploads\/2024\/12\/Silvana-verde-33-cm-300x300.jpg","_links":{"self":[{"href":"https:\/\/www.erresse-shop.it\/de\/wp-json\/wp\/v2\/product\/455370"}],"collection":[{"href":"https:\/\/www.erresse-shop.it\/de\/wp-json\/wp\/v2\/product"}],"about":[{"href":"https:\/\/www.erresse-shop.it\/de\/wp-json\/wp\/v2\/types\/product"}],"wp:featuredmedia":[{"embeddable":true,"href":"https:\/\/www.erresse-shop.it\/de\/wp-json\/wp\/v2\/media\/455379"}],"wp:attachment":[{"href":"https:\/\/www.erresse-shop.it\/de\/wp-json\/wp\/v2\/media?parent=455370"}],"wp:term":[{"taxonomy":"product_cat","embeddable":true,"href":"https:\/\/www.erresse-shop.it\/de\/wp-json\/wp\/v2\/product_cat?post=455370"},{"taxonomy":"product_tag","embeddable":true,"href":"https:\/\/www.erresse-shop.it\/de\/wp-json\/wp\/v2\/product_tag?post=455370"}],"curies":[{"name":"wp","href":"https:\/\/api.w.org\/{rel}","templated":true}]}}