{"id":455327,"date":"2024-12-18T13:47:21","date_gmt":"2024-12-18T13:47:21","guid":{"rendered":"https:\/\/www.erresse-shop.it\/?post_type=product&#038;p=455327"},"modified":"2024-12-18T14:04:05","modified_gmt":"2024-12-18T14:04:05","slug":"g3-ferrari-pastaio-elegance-copia","status":"publish","type":"product","link":"https:\/\/www.erresse-shop.it\/de\/shop\/kleine-elektrogeraete\/knetmaschinen\/g3-ferrari-pastaio-elegance-copia\/","title":{"rendered":"G3 FERRARI Pastaio Deluxe Rot"},"content":{"rendered":"<p>Die professionelle Knetmaschine Pastaio Deluxe ist das Nonplusultra in Sachen K\u00fcchenkomfort: Sie ist mit einem Motor mit Direktantrieb ausgestattet, der eine Optimierung der Planetenbewegung erm\u00f6glicht und im Vergleich zu herk\u00f6mmlichen riemengetriebenen Planetenmaschinen einen wesentlich geringeren Stromverbrauch und eine l\u00e4ngere Lebensdauer garantiert. Pastaio Deluxe verf\u00fcgt \u00fcber 8 Geschwindigkeitsstufen, die in Verbindung mit der Planetenbewegung der R\u00fchrbesen eine vollst\u00e4ndige Abdeckung der Sch\u00fcssel und ein gleichm\u00e4\u00dfiges, klumpenfreies Kneten erm\u00f6glichen &#8211; perfekt f\u00fcr die Zubereitung von Pizzateig, Brot, Kuchen und Keksen. Das Hinzuf\u00fcgen von Zutaten w\u00e4hrend der Zubereitung eines Rezepts ist dank des gro\u00dfen Neigungswinkels des Kopfes bequem und schnell. Die rutschfesten F\u00fc\u00dfe garantieren jederzeit maximale Sicherheit und Stabilit\u00e4t, auch bei hoher Geschwindigkeit oder beim Kneten h\u00e4rterer Teige. Mit seinen abgerundeten Formen, die an die Tradition des italienischen Designs erinnern, ist der Pasta Maker Deluxe ein echtes M\u00f6belst\u00fcck, das sich perfekt in jede K\u00fcche einf\u00fcgt. Durch den Erwerb von optionalem Zubeh\u00f6r ist es auch m\u00f6glich, Fleisch zu hacken, Nudeln zu rollen und Spaghetti und Nudeln zuzubereiten.<\/p>\n<p><strong>Technische Daten<\/strong><\/p>\n<p>-8 Betriebsgeschwindigkeiten<br \/>\n-Motor mit Direktantrieb ohne Riemen f\u00fcr maximale Effizienz und Zuverl\u00e4ssigkeit<br \/>\n5,2-Liter-Edelstahlbeh\u00e4lter mit Deckel<br \/>\n-Verarbeitungsm\u00f6glichkeit f\u00fcr Teige bis zu 2,5 kg (abh\u00e4ngig von den zu mischenden Lebensmitteln)<br \/>\n-Standf\u00fc\u00dfe mit Saugnapf f\u00fcr mehr Stabilit\u00e4t<br \/>\n-Sicherheitsvorrichtung, die eine ungewollte Benutzung verhindert<br \/>\nMitgeliefertes Zubeh\u00f6r: Aluminium-Knethaken und -R\u00fchrer, Schneebesen aus Edelstahl, transparenter Kunststoffdeckel<br \/>\n-Stromversorgung: AC 220-240V ~ 50\/60 Hz<br \/>\n-Leistung: 1000-1200 W<br \/>\n-Abmessungen (B x H x T): 340 x 380 x 220 mm<br \/>\n-Gewicht: 7,4 kg<\/p>\n<p><strong>Nicht zum Verkauf au\u00dferhalb Europas<\/strong><\/p>\n","protected":false},"excerpt":{"rendered":"<p>Die professionelle Knetmaschine Pastaio Deluxe ist das Nonplusultra in Sachen K\u00fcchenkomfort: Sie ist mit einem Motor mit Direktantrieb ausgestattet, der<\/p>\n","protected":false},"featured_media":488454,"template":"","meta":{"_acf_changed":false,"inline_featured_image":false},"product_cat":[6703,14475],"product_tag":[23691,12358,14837],"acf":[],"yoast_head":"<!-- This site is optimized with the Yoast SEO Premium plugin v18.6 (Yoast SEO v19.13) - https:\/\/yoast.com\/wordpress\/plugins\/seo\/ -->\n<title>G3 FERRARI Pastaio Deluxe Rot - Erresse Shop<\/title>\n<meta name=\"description\" content=\"Die professionelle Knetmaschine Pastaio Deluxe ist das Nonplusultra in Sachen K\u00fcchenkomfort: Sie ist mit einem Motor mit Direktantrieb ausgestattet, der\" \/>\n<meta name=\"robots\" content=\"index, follow, max-snippet:-1, max-image-preview:large, max-video-preview:-1\" \/>\n<link rel=\"canonical\" href=\"https:\/\/www.erresse-shop.it\/de\/shop\/kleine-elektrogeraete\/knetmaschinen\/g3-ferrari-pastaio-elegance-copia\/\" \/>\n<meta property=\"og:locale\" content=\"de_DE\" \/>\n<meta property=\"og:type\" content=\"article\" \/>\n<meta property=\"og:title\" content=\"G3 FERRARI Pastaio Deluxe Rot\" \/>\n<meta property=\"og:description\" content=\"Die professionelle Knetmaschine Pastaio Deluxe ist das Nonplusultra in Sachen K\u00fcchenkomfort: Sie ist mit einem Motor mit Direktantrieb ausgestattet, der\" \/>\n<meta property=\"og:url\" content=\"https:\/\/www.erresse-shop.it\/de\/shop\/kleine-elektrogeraete\/knetmaschinen\/g3-ferrari-pastaio-elegance-copia\/\" \/>\n<meta property=\"og:site_name\" content=\"Erresse Shop\" \/>\n<meta property=\"article:modified_time\" content=\"2024-12-18T14:04:05+00:00\" \/>\n<meta property=\"og:image\" content=\"https:\/\/www.erresse-shop.it\/wp-content\/uploads\/2024\/12\/G3-Ferrari-impastatrice-deluxe.jpg\" \/>\n\t<meta property=\"og:image:width\" content=\"1200\" \/>\n\t<meta property=\"og:image:height\" content=\"1200\" \/>\n\t<meta property=\"og:image:type\" content=\"image\/jpeg\" \/>\n<meta name=\"twitter:card\" content=\"summary_large_image\" \/>\n<script type=\"application\/ld+json\" class=\"yoast-schema-graph\">{\"@context\":\"https:\/\/schema.org\",\"@graph\":[{\"@type\":\"WebPage\",\"@id\":\"https:\/\/www.erresse-shop.it\/de\/shop\/kleine-elektrogeraete\/knetmaschinen\/g3-ferrari-pastaio-elegance-copia\/\",\"url\":\"https:\/\/www.erresse-shop.it\/de\/shop\/kleine-elektrogeraete\/knetmaschinen\/g3-ferrari-pastaio-elegance-copia\/\",\"name\":\"G3 FERRARI Pastaio Deluxe Rot - Erresse Shop\",\"isPartOf\":{\"@id\":\"https:\/\/www.erresse-shop.it\/de\/#website\"},\"datePublished\":\"2024-12-18T13:47:21+00:00\",\"dateModified\":\"2024-12-18T14:04:05+00:00\",\"description\":\"Die professionelle Knetmaschine Pastaio Deluxe ist das Nonplusultra in Sachen K\u00fcchenkomfort: Sie ist mit einem Motor mit Direktantrieb ausgestattet, der\",\"breadcrumb\":{\"@id\":\"https:\/\/www.erresse-shop.it\/de\/shop\/kleine-elektrogeraete\/knetmaschinen\/g3-ferrari-pastaio-elegance-copia\/#breadcrumb\"},\"inLanguage\":\"de-DE\",\"potentialAction\":[{\"@type\":\"ReadAction\",\"target\":[\"https:\/\/www.erresse-shop.it\/de\/shop\/kleine-elektrogeraete\/knetmaschinen\/g3-ferrari-pastaio-elegance-copia\/\"]}]},{\"@type\":\"BreadcrumbList\",\"@id\":\"https:\/\/www.erresse-shop.it\/de\/shop\/kleine-elektrogeraete\/knetmaschinen\/g3-ferrari-pastaio-elegance-copia\/#breadcrumb\",\"itemListElement\":[{\"@type\":\"ListItem\",\"position\":1,\"name\":\"Home\",\"item\":\"https:\/\/www.erresse-shop.it\/de\/\"},{\"@type\":\"ListItem\",\"position\":2,\"name\":\"Shop\",\"item\":\"https:\/\/www.erresse-shop.it\/de\/shop\/\"},{\"@type\":\"ListItem\",\"position\":3,\"name\":\"G3 FERRARI Pastaio Deluxe Rot\"}]},{\"@type\":\"WebSite\",\"@id\":\"https:\/\/www.erresse-shop.it\/de\/#website\",\"url\":\"https:\/\/www.erresse-shop.it\/de\/\",\"name\":\"Erresse Shop\",\"description\":\"Articoli di qualit\u00e0 per la casa\",\"potentialAction\":[{\"@type\":\"SearchAction\",\"target\":{\"@type\":\"EntryPoint\",\"urlTemplate\":\"https:\/\/www.erresse-shop.it\/de\/?s={search_term_string}\"},\"query-input\":\"required name=search_term_string\"}],\"inLanguage\":\"de-DE\"}]}<\/script>\n<!-- \/ Yoast SEO Premium plugin. -->","yoast_head_json":{"title":"G3 FERRARI Pastaio Deluxe Rot - Erresse Shop","description":"Die professionelle Knetmaschine Pastaio Deluxe ist das Nonplusultra in Sachen K\u00fcchenkomfort: Sie ist mit einem Motor mit Direktantrieb ausgestattet, der","robots":{"index":"index","follow":"follow","max-snippet":"max-snippet:-1","max-image-preview":"max-image-preview:large","max-video-preview":"max-video-preview:-1"},"canonical":"https:\/\/www.erresse-shop.it\/de\/shop\/kleine-elektrogeraete\/knetmaschinen\/g3-ferrari-pastaio-elegance-copia\/","og_locale":"de_DE","og_type":"article","og_title":"G3 FERRARI Pastaio Deluxe Rot","og_description":"Die professionelle Knetmaschine Pastaio Deluxe ist das Nonplusultra in Sachen K\u00fcchenkomfort: Sie ist mit einem Motor mit Direktantrieb ausgestattet, der","og_url":"https:\/\/www.erresse-shop.it\/de\/shop\/kleine-elektrogeraete\/knetmaschinen\/g3-ferrari-pastaio-elegance-copia\/","og_site_name":"Erresse Shop","article_modified_time":"2024-12-18T14:04:05+00:00","og_image":[{"width":1200,"height":1200,"url":"https:\/\/www.erresse-shop.it\/wp-content\/uploads\/2024\/12\/G3-Ferrari-impastatrice-deluxe.jpg","type":"image\/jpeg"}],"twitter_card":"summary_large_image","schema":{"@context":"https:\/\/schema.org","@graph":[{"@type":"WebPage","@id":"https:\/\/www.erresse-shop.it\/de\/shop\/kleine-elektrogeraete\/knetmaschinen\/g3-ferrari-pastaio-elegance-copia\/","url":"https:\/\/www.erresse-shop.it\/de\/shop\/kleine-elektrogeraete\/knetmaschinen\/g3-ferrari-pastaio-elegance-copia\/","name":"G3 FERRARI Pastaio Deluxe Rot - Erresse Shop","isPartOf":{"@id":"https:\/\/www.erresse-shop.it\/de\/#website"},"datePublished":"2024-12-18T13:47:21+00:00","dateModified":"2024-12-18T14:04:05+00:00","description":"Die professionelle Knetmaschine Pastaio Deluxe ist das Nonplusultra in Sachen K\u00fcchenkomfort: Sie ist mit einem Motor mit Direktantrieb ausgestattet, der","breadcrumb":{"@id":"https:\/\/www.erresse-shop.it\/de\/shop\/kleine-elektrogeraete\/knetmaschinen\/g3-ferrari-pastaio-elegance-copia\/#breadcrumb"},"inLanguage":"de-DE","potentialAction":[{"@type":"ReadAction","target":["https:\/\/www.erresse-shop.it\/de\/shop\/kleine-elektrogeraete\/knetmaschinen\/g3-ferrari-pastaio-elegance-copia\/"]}]},{"@type":"BreadcrumbList","@id":"https:\/\/www.erresse-shop.it\/de\/shop\/kleine-elektrogeraete\/knetmaschinen\/g3-ferrari-pastaio-elegance-copia\/#breadcrumb","itemListElement":[{"@type":"ListItem","position":1,"name":"Home","item":"https:\/\/www.erresse-shop.it\/de\/"},{"@type":"ListItem","position":2,"name":"Shop","item":"https:\/\/www.erresse-shop.it\/de\/shop\/"},{"@type":"ListItem","position":3,"name":"G3 FERRARI Pastaio Deluxe Rot"}]},{"@type":"WebSite","@id":"https:\/\/www.erresse-shop.it\/de\/#website","url":"https:\/\/www.erresse-shop.it\/de\/","name":"Erresse Shop","description":"Articoli di qualit\u00e0 per la casa","potentialAction":[{"@type":"SearchAction","target":{"@type":"EntryPoint","urlTemplate":"https:\/\/www.erresse-shop.it\/de\/?s={search_term_string}"},"query-input":"required name=search_term_string"}],"inLanguage":"de-DE"}]}},"df_price":249.95,"df_sale_price":249.95,"df_regular_price":279,"df_image_link":"https:\/\/www.erresse-shop.it\/wp-content\/uploads\/2024\/12\/G3-FERRARI-Pastaio-Deluxe-Rosso-300x300.jpg","_links":{"self":[{"href":"https:\/\/www.erresse-shop.it\/de\/wp-json\/wp\/v2\/product\/455327"}],"collection":[{"href":"https:\/\/www.erresse-shop.it\/de\/wp-json\/wp\/v2\/product"}],"about":[{"href":"https:\/\/www.erresse-shop.it\/de\/wp-json\/wp\/v2\/types\/product"}],"wp:featuredmedia":[{"embeddable":true,"href":"https:\/\/www.erresse-shop.it\/de\/wp-json\/wp\/v2\/media\/488454"}],"wp:attachment":[{"href":"https:\/\/www.erresse-shop.it\/de\/wp-json\/wp\/v2\/media?parent=455327"}],"wp:term":[{"taxonomy":"product_cat","embeddable":true,"href":"https:\/\/www.erresse-shop.it\/de\/wp-json\/wp\/v2\/product_cat?post=455327"},{"taxonomy":"product_tag","embeddable":true,"href":"https:\/\/www.erresse-shop.it\/de\/wp-json\/wp\/v2\/product_tag?post=455327"}],"curies":[{"name":"wp","href":"https:\/\/api.w.org\/{rel}","templated":true}]}}