{"id":455104,"date":"2024-12-17T14:46:22","date_gmt":"2024-12-17T14:46:23","guid":{"rendered":"https:\/\/www.erresse-shop.it\/?post_type=product&#038;p=455104"},"modified":"2026-02-24T09:20:49","modified_gmt":"2026-02-24T09:20:49","slug":"ruffoni-historia-decor-eiskuebel-24-cm","status":"publish","type":"product","link":"https:\/\/www.erresse-shop.it\/de\/shop\/tisch\/weinbar-korkenzieher-dekanter-eiskubel\/weinkuehler\/ruffoni-historia-decor-eiskuebel-24-cm\/","title":{"rendered":"RUFFONI Historia Decor Eisk\u00fcbel 24 cm"},"content":{"rendered":"<p>Dieser elegante Eisk\u00fcbel bringt nicht nur italienischen Charme auf den Tisch, sondern eignet sich auch perfekt f\u00fcr Cocktailpartys oder Picknicks, da er Limonade oder andere Getr\u00e4nke stilvoll k\u00fchlt. Er ist die perfekte Erg\u00e4nzung f\u00fcr jede Kupfersammlung und auch eine sch\u00f6ne Geschenkidee f\u00fcr jeden, unabh\u00e4ngig von seinen F\u00e4higkeiten in der K\u00fcche.<\/p>\n<p>Dieses zeitlose St\u00fcck wird in den italienischen Alpen aus massivem Kupfer handgefertigt und f\u00fcr St\u00e4rke und dauerhafte Sch\u00f6nheit geh\u00e4mmert. Es ist von einem antiken Kupfergef\u00e4\u00df aus der Privatsammlung von Ruffoni inspiriert und wurde von unseren Kupferschmiedemeistern in die heutige Zeit gebracht.<\/p>\n<p>Hergestellt in Italien.<br \/>\nIdeal, um eine Flasche Wein oder Champagner bei Tisch zu k\u00fchlen oder um Eis f\u00fcr Cocktails stilvoll aufzubewahren.<br \/>\nHergestellt aus massivem Kupfer, mit eingebautem Sockel zur Vermeidung von Kondensation<br \/>\nGeh\u00e4mmert f\u00fcr St\u00e4rke und dauerhafte Sch\u00f6nheit.<\/p>\n<p>H\u00f6he : 22 cm<br \/>\nDurchmesser: 24 cm<br \/>\nFassungsverm\u00f6gen: 5 l<\/p>\n","protected":false},"excerpt":{"rendered":"<p>Dieser elegante Eisk\u00fcbel bringt nicht nur italienischen Charme auf den Tisch, sondern eignet sich auch perfekt f\u00fcr Cocktailpartys oder Picknicks,<\/p>\n","protected":false},"featured_media":455112,"template":"","meta":{"_acf_changed":false,"inline_featured_image":false},"product_cat":[6787,6850,14465],"product_tag":[20352,24681,11718,23683],"acf":[],"yoast_head":"<!-- This site is optimized with the Yoast SEO Premium plugin v18.6 (Yoast SEO v19.13) - https:\/\/yoast.com\/wordpress\/plugins\/seo\/ -->\n<title>RUFFONI Historia Decor Eisk\u00fcbel 24 cm - Erresse Shop<\/title>\n<meta name=\"description\" content=\"Dieser elegante Eisk\u00fcbel bringt nicht nur italienischen Charme auf den Tisch, sondern eignet sich auch perfekt f\u00fcr Cocktailpartys oder Picknicks, da er\" \/>\n<meta name=\"robots\" content=\"index, follow, max-snippet:-1, max-image-preview:large, max-video-preview:-1\" \/>\n<link rel=\"canonical\" href=\"https:\/\/www.erresse-shop.it\/de\/shop\/tisch\/weinbar-korkenzieher-dekanter-eiskubel\/weinkuehler\/ruffoni-historia-decor-eiskuebel-24-cm\/\" \/>\n<meta property=\"og:locale\" content=\"de_DE\" \/>\n<meta property=\"og:type\" content=\"article\" \/>\n<meta property=\"og:title\" content=\"RUFFONI Historia Decor Eisk\u00fcbel 24 cm\" \/>\n<meta property=\"og:description\" content=\"Dieser elegante Eisk\u00fcbel bringt nicht nur italienischen Charme auf den Tisch, sondern eignet sich auch perfekt f\u00fcr Cocktailpartys oder Picknicks, da er\" \/>\n<meta property=\"og:url\" content=\"https:\/\/www.erresse-shop.it\/de\/shop\/tisch\/weinbar-korkenzieher-dekanter-eiskubel\/weinkuehler\/ruffoni-historia-decor-eiskuebel-24-cm\/\" \/>\n<meta property=\"og:site_name\" content=\"Erresse Shop\" \/>\n<meta property=\"article:modified_time\" content=\"2026-02-24T09:20:49+00:00\" \/>\n<meta property=\"og:image\" content=\"https:\/\/www.erresse-shop.it\/wp-content\/uploads\/2024\/12\/Ruffoni-secchiello-24-cm.jpg\" \/>\n\t<meta property=\"og:image:width\" content=\"1200\" \/>\n\t<meta property=\"og:image:height\" content=\"1200\" \/>\n\t<meta property=\"og:image:type\" content=\"image\/jpeg\" \/>\n<meta name=\"twitter:card\" content=\"summary_large_image\" \/>\n<script type=\"application\/ld+json\" class=\"yoast-schema-graph\">{\"@context\":\"https:\/\/schema.org\",\"@graph\":[{\"@type\":\"WebPage\",\"@id\":\"https:\/\/www.erresse-shop.it\/de\/shop\/tisch\/weinbar-korkenzieher-dekanter-eiskubel\/weinkuehler\/ruffoni-historia-decor-eiskuebel-24-cm\/\",\"url\":\"https:\/\/www.erresse-shop.it\/de\/shop\/tisch\/weinbar-korkenzieher-dekanter-eiskubel\/weinkuehler\/ruffoni-historia-decor-eiskuebel-24-cm\/\",\"name\":\"RUFFONI Historia Decor Eisk\u00fcbel 24 cm - Erresse Shop\",\"isPartOf\":{\"@id\":\"https:\/\/www.erresse-shop.it\/de\/#website\"},\"datePublished\":\"2024-12-17T14:46:23+00:00\",\"dateModified\":\"2026-02-24T09:20:49+00:00\",\"description\":\"Dieser elegante Eisk\u00fcbel bringt nicht nur italienischen Charme auf den Tisch, sondern eignet sich auch perfekt f\u00fcr Cocktailpartys oder Picknicks, da er\",\"breadcrumb\":{\"@id\":\"https:\/\/www.erresse-shop.it\/de\/shop\/tisch\/weinbar-korkenzieher-dekanter-eiskubel\/weinkuehler\/ruffoni-historia-decor-eiskuebel-24-cm\/#breadcrumb\"},\"inLanguage\":\"de-DE\",\"potentialAction\":[{\"@type\":\"ReadAction\",\"target\":[\"https:\/\/www.erresse-shop.it\/de\/shop\/tisch\/weinbar-korkenzieher-dekanter-eiskubel\/weinkuehler\/ruffoni-historia-decor-eiskuebel-24-cm\/\"]}]},{\"@type\":\"BreadcrumbList\",\"@id\":\"https:\/\/www.erresse-shop.it\/de\/shop\/tisch\/weinbar-korkenzieher-dekanter-eiskubel\/weinkuehler\/ruffoni-historia-decor-eiskuebel-24-cm\/#breadcrumb\",\"itemListElement\":[{\"@type\":\"ListItem\",\"position\":1,\"name\":\"Home\",\"item\":\"https:\/\/www.erresse-shop.it\/de\/\"},{\"@type\":\"ListItem\",\"position\":2,\"name\":\"Shop\",\"item\":\"https:\/\/www.erresse-shop.it\/de\/shop\/\"},{\"@type\":\"ListItem\",\"position\":3,\"name\":\"RUFFONI Historia Decor Eisk\u00fcbel 24 cm\"}]},{\"@type\":\"WebSite\",\"@id\":\"https:\/\/www.erresse-shop.it\/de\/#website\",\"url\":\"https:\/\/www.erresse-shop.it\/de\/\",\"name\":\"Erresse Shop\",\"description\":\"Articoli di qualit\u00e0 per la casa\",\"potentialAction\":[{\"@type\":\"SearchAction\",\"target\":{\"@type\":\"EntryPoint\",\"urlTemplate\":\"https:\/\/www.erresse-shop.it\/de\/?s={search_term_string}\"},\"query-input\":\"required name=search_term_string\"}],\"inLanguage\":\"de-DE\"}]}<\/script>\n<!-- \/ Yoast SEO Premium plugin. -->","yoast_head_json":{"title":"RUFFONI Historia Decor Eisk\u00fcbel 24 cm - Erresse Shop","description":"Dieser elegante Eisk\u00fcbel bringt nicht nur italienischen Charme auf den Tisch, sondern eignet sich auch perfekt f\u00fcr Cocktailpartys oder Picknicks, da er","robots":{"index":"index","follow":"follow","max-snippet":"max-snippet:-1","max-image-preview":"max-image-preview:large","max-video-preview":"max-video-preview:-1"},"canonical":"https:\/\/www.erresse-shop.it\/de\/shop\/tisch\/weinbar-korkenzieher-dekanter-eiskubel\/weinkuehler\/ruffoni-historia-decor-eiskuebel-24-cm\/","og_locale":"de_DE","og_type":"article","og_title":"RUFFONI Historia Decor Eisk\u00fcbel 24 cm","og_description":"Dieser elegante Eisk\u00fcbel bringt nicht nur italienischen Charme auf den Tisch, sondern eignet sich auch perfekt f\u00fcr Cocktailpartys oder Picknicks, da er","og_url":"https:\/\/www.erresse-shop.it\/de\/shop\/tisch\/weinbar-korkenzieher-dekanter-eiskubel\/weinkuehler\/ruffoni-historia-decor-eiskuebel-24-cm\/","og_site_name":"Erresse Shop","article_modified_time":"2026-02-24T09:20:49+00:00","og_image":[{"width":1200,"height":1200,"url":"https:\/\/www.erresse-shop.it\/wp-content\/uploads\/2024\/12\/Ruffoni-secchiello-24-cm.jpg","type":"image\/jpeg"}],"twitter_card":"summary_large_image","schema":{"@context":"https:\/\/schema.org","@graph":[{"@type":"WebPage","@id":"https:\/\/www.erresse-shop.it\/de\/shop\/tisch\/weinbar-korkenzieher-dekanter-eiskubel\/weinkuehler\/ruffoni-historia-decor-eiskuebel-24-cm\/","url":"https:\/\/www.erresse-shop.it\/de\/shop\/tisch\/weinbar-korkenzieher-dekanter-eiskubel\/weinkuehler\/ruffoni-historia-decor-eiskuebel-24-cm\/","name":"RUFFONI Historia Decor Eisk\u00fcbel 24 cm - Erresse Shop","isPartOf":{"@id":"https:\/\/www.erresse-shop.it\/de\/#website"},"datePublished":"2024-12-17T14:46:23+00:00","dateModified":"2026-02-24T09:20:49+00:00","description":"Dieser elegante Eisk\u00fcbel bringt nicht nur italienischen Charme auf den Tisch, sondern eignet sich auch perfekt f\u00fcr Cocktailpartys oder Picknicks, da er","breadcrumb":{"@id":"https:\/\/www.erresse-shop.it\/de\/shop\/tisch\/weinbar-korkenzieher-dekanter-eiskubel\/weinkuehler\/ruffoni-historia-decor-eiskuebel-24-cm\/#breadcrumb"},"inLanguage":"de-DE","potentialAction":[{"@type":"ReadAction","target":["https:\/\/www.erresse-shop.it\/de\/shop\/tisch\/weinbar-korkenzieher-dekanter-eiskubel\/weinkuehler\/ruffoni-historia-decor-eiskuebel-24-cm\/"]}]},{"@type":"BreadcrumbList","@id":"https:\/\/www.erresse-shop.it\/de\/shop\/tisch\/weinbar-korkenzieher-dekanter-eiskubel\/weinkuehler\/ruffoni-historia-decor-eiskuebel-24-cm\/#breadcrumb","itemListElement":[{"@type":"ListItem","position":1,"name":"Home","item":"https:\/\/www.erresse-shop.it\/de\/"},{"@type":"ListItem","position":2,"name":"Shop","item":"https:\/\/www.erresse-shop.it\/de\/shop\/"},{"@type":"ListItem","position":3,"name":"RUFFONI Historia Decor Eisk\u00fcbel 24 cm"}]},{"@type":"WebSite","@id":"https:\/\/www.erresse-shop.it\/de\/#website","url":"https:\/\/www.erresse-shop.it\/de\/","name":"Erresse Shop","description":"Articoli di qualit\u00e0 per la casa","potentialAction":[{"@type":"SearchAction","target":{"@type":"EntryPoint","urlTemplate":"https:\/\/www.erresse-shop.it\/de\/?s={search_term_string}"},"query-input":"required name=search_term_string"}],"inLanguage":"de-DE"}]}},"df_price":249.95,"df_sale_price":249.95,"df_regular_price":421,"df_image_link":"https:\/\/www.erresse-shop.it\/wp-content\/uploads\/2024\/12\/Ruffoni-secchiello-24-cm-300x300.jpg","_links":{"self":[{"href":"https:\/\/www.erresse-shop.it\/de\/wp-json\/wp\/v2\/product\/455104"}],"collection":[{"href":"https:\/\/www.erresse-shop.it\/de\/wp-json\/wp\/v2\/product"}],"about":[{"href":"https:\/\/www.erresse-shop.it\/de\/wp-json\/wp\/v2\/types\/product"}],"wp:featuredmedia":[{"embeddable":true,"href":"https:\/\/www.erresse-shop.it\/de\/wp-json\/wp\/v2\/media\/455112"}],"wp:attachment":[{"href":"https:\/\/www.erresse-shop.it\/de\/wp-json\/wp\/v2\/media?parent=455104"}],"wp:term":[{"taxonomy":"product_cat","embeddable":true,"href":"https:\/\/www.erresse-shop.it\/de\/wp-json\/wp\/v2\/product_cat?post=455104"},{"taxonomy":"product_tag","embeddable":true,"href":"https:\/\/www.erresse-shop.it\/de\/wp-json\/wp\/v2\/product_tag?post=455104"}],"curies":[{"name":"wp","href":"https:\/\/api.w.org\/{rel}","templated":true}]}}