{"id":455030,"date":"2024-12-17T08:57:37","date_gmt":"2024-12-17T08:57:38","guid":{"rendered":"https:\/\/www.erresse-shop.it\/?post_type=product&#038;p=455030"},"modified":"2024-12-17T09:12:07","modified_gmt":"2024-12-17T09:12:07","slug":"illy-8-packungen-mit-30-nespresso-classic-kompatiblen-kapseln-copia","status":"publish","type":"product","link":"https:\/\/www.erresse-shop.it\/de\/shop\/kaffe\/kaffeepads-und-kapseln\/illy-8-packungen-mit-30-nespresso-classic-kompatiblen-kapseln-copia\/","title":{"rendered":"ILLY 1 Packungen mit 30 Nespresso\u00ae Classic kompatiblen Kapseln"},"content":{"rendered":"<p><strong>Kompatibel mit:<\/strong><\/p>\n<p class=\"p1\">*mit der\u00a0<a href=\"https:\/\/www.illy.com\/it-it\/shop\/new-capsules-in-alluminio\/capsule-alluminio.html\">Kaffeemaschinen<\/a>\u00a0Nespresso\u00ae** Original.<br \/>\n**Drittmarke ohne Verbindung zu illycaff\u00e8 S.p.A.<\/p>\n<p class=\"p1\"><b>AROMATISCHE NOTEN<br \/>\n<\/b><\/p>\n<p class=\"p1\">Die KLASSISCHE Geschmacksnuance der einzigartigen Illy-Mischung aus 100 % Arabica dr\u00fcckt eine s\u00fc\u00dfe und blumige Note aus, die sich mit einem Hauch von ger\u00f6stetem Brot, Karamell und Schokolade verbindet. F\u00fcr alle, die eine Tasse Kaffee mit weichem und samtigem Geschmack bevorzugen. Um ihn optimal genie\u00dfen zu k\u00f6nnen, empfehlen wir f\u00fcr die Espresso-Variante ein Volumen in der Tasse zwischen 25 und 40 ml.<\/p>\n","protected":false},"excerpt":{"rendered":"<p>Kompatibel mit: *mit der\u00a0Kaffeemaschinen\u00a0Nespresso\u00ae** Original. **Drittmarke ohne Verbindung zu illycaff\u00e8 S.p.A. AROMATISCHE NOTEN Die KLASSISCHE Geschmacksnuance der einzigartigen Illy-Mischung aus<\/p>\n","protected":false},"featured_media":500640,"template":"","meta":{"_acf_changed":false,"inline_featured_image":false},"product_cat":[25351,25392],"product_tag":[11638,23564,23230],"acf":[],"yoast_head":"<!-- This site is optimized with the Yoast SEO Premium plugin v18.6 (Yoast SEO v19.13) - https:\/\/yoast.com\/wordpress\/plugins\/seo\/ -->\n<title>ILLY 1 Packungen mit 30 Nespresso\u00ae Classic kompatiblen Kapseln - Erresse Shop<\/title>\n<meta name=\"description\" content=\"Kompatibel mit: *mit der\u00a0Kaffeemaschinen\u00a0Nespresso\u00ae** Original. **Drittmarke ohne Verbindung zu illycaff\u00e8 S.p.A. AROMATISCHE NOTEN Die KLASSISCHE\" \/>\n<meta name=\"robots\" content=\"index, follow, max-snippet:-1, max-image-preview:large, max-video-preview:-1\" \/>\n<link rel=\"canonical\" href=\"https:\/\/www.erresse-shop.it\/de\/shop\/kaffe\/kaffeepads-und-kapseln\/illy-8-packungen-mit-30-nespresso-classic-kompatiblen-kapseln-copia\/\" \/>\n<meta property=\"og:locale\" content=\"de_DE\" \/>\n<meta property=\"og:type\" content=\"article\" \/>\n<meta property=\"og:title\" content=\"ILLY 1 Packungen mit 30 Nespresso\u00ae Classic kompatiblen Kapseln\" \/>\n<meta property=\"og:description\" content=\"Kompatibel mit: *mit der\u00a0Kaffeemaschinen\u00a0Nespresso\u00ae** Original. **Drittmarke ohne Verbindung zu illycaff\u00e8 S.p.A. AROMATISCHE NOTEN Die KLASSISCHE\" \/>\n<meta property=\"og:url\" content=\"https:\/\/www.erresse-shop.it\/de\/shop\/kaffe\/kaffeepads-und-kapseln\/illy-8-packungen-mit-30-nespresso-classic-kompatiblen-kapseln-copia\/\" \/>\n<meta property=\"og:site_name\" content=\"Erresse Shop\" \/>\n<meta property=\"article:modified_time\" content=\"2024-12-17T09:12:07+00:00\" \/>\n<meta property=\"og:image\" content=\"https:\/\/www.erresse-shop.it\/wp-content\/uploads\/2024\/10\/ILLY-8-Confezioni-da-30-Capsule-Compatibili-Nespresso\u00ae-Classico.jpg\" \/>\n\t<meta property=\"og:image:width\" content=\"1200\" \/>\n\t<meta property=\"og:image:height\" content=\"1200\" \/>\n\t<meta property=\"og:image:type\" content=\"image\/jpeg\" \/>\n<meta name=\"twitter:card\" content=\"summary_large_image\" \/>\n<script type=\"application\/ld+json\" class=\"yoast-schema-graph\">{\"@context\":\"https:\/\/schema.org\",\"@graph\":[{\"@type\":\"WebPage\",\"@id\":\"https:\/\/www.erresse-shop.it\/de\/shop\/kaffe\/kaffeepads-und-kapseln\/illy-8-packungen-mit-30-nespresso-classic-kompatiblen-kapseln-copia\/\",\"url\":\"https:\/\/www.erresse-shop.it\/de\/shop\/kaffe\/kaffeepads-und-kapseln\/illy-8-packungen-mit-30-nespresso-classic-kompatiblen-kapseln-copia\/\",\"name\":\"ILLY 1 Packungen mit 30 Nespresso\u00ae Classic kompatiblen Kapseln - Erresse Shop\",\"isPartOf\":{\"@id\":\"https:\/\/www.erresse-shop.it\/de\/#website\"},\"datePublished\":\"2024-12-17T08:57:38+00:00\",\"dateModified\":\"2024-12-17T09:12:07+00:00\",\"description\":\"Kompatibel mit: *mit der\u00a0Kaffeemaschinen\u00a0Nespresso\u00ae** Original. **Drittmarke ohne Verbindung zu illycaff\u00e8 S.p.A. AROMATISCHE NOTEN Die KLASSISCHE\",\"breadcrumb\":{\"@id\":\"https:\/\/www.erresse-shop.it\/de\/shop\/kaffe\/kaffeepads-und-kapseln\/illy-8-packungen-mit-30-nespresso-classic-kompatiblen-kapseln-copia\/#breadcrumb\"},\"inLanguage\":\"de-DE\",\"potentialAction\":[{\"@type\":\"ReadAction\",\"target\":[\"https:\/\/www.erresse-shop.it\/de\/shop\/kaffe\/kaffeepads-und-kapseln\/illy-8-packungen-mit-30-nespresso-classic-kompatiblen-kapseln-copia\/\"]}]},{\"@type\":\"BreadcrumbList\",\"@id\":\"https:\/\/www.erresse-shop.it\/de\/shop\/kaffe\/kaffeepads-und-kapseln\/illy-8-packungen-mit-30-nespresso-classic-kompatiblen-kapseln-copia\/#breadcrumb\",\"itemListElement\":[{\"@type\":\"ListItem\",\"position\":1,\"name\":\"Home\",\"item\":\"https:\/\/www.erresse-shop.it\/de\/\"},{\"@type\":\"ListItem\",\"position\":2,\"name\":\"Shop\",\"item\":\"https:\/\/www.erresse-shop.it\/de\/shop\/\"},{\"@type\":\"ListItem\",\"position\":3,\"name\":\"ILLY 1 Packungen mit 30 Nespresso\u00ae Classic kompatiblen Kapseln\"}]},{\"@type\":\"WebSite\",\"@id\":\"https:\/\/www.erresse-shop.it\/de\/#website\",\"url\":\"https:\/\/www.erresse-shop.it\/de\/\",\"name\":\"Erresse Shop\",\"description\":\"Articoli di qualit\u00e0 per la casa\",\"potentialAction\":[{\"@type\":\"SearchAction\",\"target\":{\"@type\":\"EntryPoint\",\"urlTemplate\":\"https:\/\/www.erresse-shop.it\/de\/?s={search_term_string}\"},\"query-input\":\"required name=search_term_string\"}],\"inLanguage\":\"de-DE\"}]}<\/script>\n<!-- \/ Yoast SEO Premium plugin. -->","yoast_head_json":{"title":"ILLY 1 Packungen mit 30 Nespresso\u00ae Classic kompatiblen Kapseln - Erresse Shop","description":"Kompatibel mit: *mit der\u00a0Kaffeemaschinen\u00a0Nespresso\u00ae** Original. **Drittmarke ohne Verbindung zu illycaff\u00e8 S.p.A. AROMATISCHE NOTEN Die KLASSISCHE","robots":{"index":"index","follow":"follow","max-snippet":"max-snippet:-1","max-image-preview":"max-image-preview:large","max-video-preview":"max-video-preview:-1"},"canonical":"https:\/\/www.erresse-shop.it\/de\/shop\/kaffe\/kaffeepads-und-kapseln\/illy-8-packungen-mit-30-nespresso-classic-kompatiblen-kapseln-copia\/","og_locale":"de_DE","og_type":"article","og_title":"ILLY 1 Packungen mit 30 Nespresso\u00ae Classic kompatiblen Kapseln","og_description":"Kompatibel mit: *mit der\u00a0Kaffeemaschinen\u00a0Nespresso\u00ae** Original. **Drittmarke ohne Verbindung zu illycaff\u00e8 S.p.A. AROMATISCHE NOTEN Die KLASSISCHE","og_url":"https:\/\/www.erresse-shop.it\/de\/shop\/kaffe\/kaffeepads-und-kapseln\/illy-8-packungen-mit-30-nespresso-classic-kompatiblen-kapseln-copia\/","og_site_name":"Erresse Shop","article_modified_time":"2024-12-17T09:12:07+00:00","og_image":[{"width":1200,"height":1200,"url":"https:\/\/www.erresse-shop.it\/wp-content\/uploads\/2024\/10\/ILLY-8-Confezioni-da-30-Capsule-Compatibili-Nespresso\u00ae-Classico.jpg","type":"image\/jpeg"}],"twitter_card":"summary_large_image","schema":{"@context":"https:\/\/schema.org","@graph":[{"@type":"WebPage","@id":"https:\/\/www.erresse-shop.it\/de\/shop\/kaffe\/kaffeepads-und-kapseln\/illy-8-packungen-mit-30-nespresso-classic-kompatiblen-kapseln-copia\/","url":"https:\/\/www.erresse-shop.it\/de\/shop\/kaffe\/kaffeepads-und-kapseln\/illy-8-packungen-mit-30-nespresso-classic-kompatiblen-kapseln-copia\/","name":"ILLY 1 Packungen mit 30 Nespresso\u00ae Classic kompatiblen Kapseln - Erresse Shop","isPartOf":{"@id":"https:\/\/www.erresse-shop.it\/de\/#website"},"datePublished":"2024-12-17T08:57:38+00:00","dateModified":"2024-12-17T09:12:07+00:00","description":"Kompatibel mit: *mit der\u00a0Kaffeemaschinen\u00a0Nespresso\u00ae** Original. **Drittmarke ohne Verbindung zu illycaff\u00e8 S.p.A. AROMATISCHE NOTEN Die KLASSISCHE","breadcrumb":{"@id":"https:\/\/www.erresse-shop.it\/de\/shop\/kaffe\/kaffeepads-und-kapseln\/illy-8-packungen-mit-30-nespresso-classic-kompatiblen-kapseln-copia\/#breadcrumb"},"inLanguage":"de-DE","potentialAction":[{"@type":"ReadAction","target":["https:\/\/www.erresse-shop.it\/de\/shop\/kaffe\/kaffeepads-und-kapseln\/illy-8-packungen-mit-30-nespresso-classic-kompatiblen-kapseln-copia\/"]}]},{"@type":"BreadcrumbList","@id":"https:\/\/www.erresse-shop.it\/de\/shop\/kaffe\/kaffeepads-und-kapseln\/illy-8-packungen-mit-30-nespresso-classic-kompatiblen-kapseln-copia\/#breadcrumb","itemListElement":[{"@type":"ListItem","position":1,"name":"Home","item":"https:\/\/www.erresse-shop.it\/de\/"},{"@type":"ListItem","position":2,"name":"Shop","item":"https:\/\/www.erresse-shop.it\/de\/shop\/"},{"@type":"ListItem","position":3,"name":"ILLY 1 Packungen mit 30 Nespresso\u00ae Classic kompatiblen Kapseln"}]},{"@type":"WebSite","@id":"https:\/\/www.erresse-shop.it\/de\/#website","url":"https:\/\/www.erresse-shop.it\/de\/","name":"Erresse Shop","description":"Articoli di qualit\u00e0 per la casa","potentialAction":[{"@type":"SearchAction","target":{"@type":"EntryPoint","urlTemplate":"https:\/\/www.erresse-shop.it\/de\/?s={search_term_string}"},"query-input":"required name=search_term_string"}],"inLanguage":"de-DE"}]}},"df_price":16.99,"df_sale_price":16.99,"df_regular_price":16.99,"df_image_link":"https:\/\/www.erresse-shop.it\/wp-content\/uploads\/2024\/10\/ILLY-8-Confezioni-30-Capsule-Compatibili-Nespresso-Classico-300x300.jpg","_links":{"self":[{"href":"https:\/\/www.erresse-shop.it\/de\/wp-json\/wp\/v2\/product\/455030"}],"collection":[{"href":"https:\/\/www.erresse-shop.it\/de\/wp-json\/wp\/v2\/product"}],"about":[{"href":"https:\/\/www.erresse-shop.it\/de\/wp-json\/wp\/v2\/types\/product"}],"wp:featuredmedia":[{"embeddable":true,"href":"https:\/\/www.erresse-shop.it\/de\/wp-json\/wp\/v2\/media\/500640"}],"wp:attachment":[{"href":"https:\/\/www.erresse-shop.it\/de\/wp-json\/wp\/v2\/media?parent=455030"}],"wp:term":[{"taxonomy":"product_cat","embeddable":true,"href":"https:\/\/www.erresse-shop.it\/de\/wp-json\/wp\/v2\/product_cat?post=455030"},{"taxonomy":"product_tag","embeddable":true,"href":"https:\/\/www.erresse-shop.it\/de\/wp-json\/wp\/v2\/product_tag?post=455030"}],"curies":[{"name":"wp","href":"https:\/\/api.w.org\/{rel}","templated":true}]}}