{"id":454501,"date":"2024-12-12T09:21:07","date_gmt":"2024-12-12T09:21:08","guid":{"rendered":"https:\/\/www.erresse-shop.it\/?post_type=product&#038;p=454501"},"modified":"2024-12-12T09:45:00","modified_gmt":"2024-12-12T09:45:00","slug":"riedel-set-von-4-rum-copia","status":"publish","type":"product","link":"https:\/\/www.erresse-shop.it\/de\/shop\/tisch\/trinkglaeser\/riedel-set-von-4-rum-copia\/","title":{"rendered":"RIEDEL Set Von 4 Spritz Drink"},"content":{"rendered":"<p>Das Spritz Drinks Set ist die perfekte Wahl f\u00fcr die Zeit des Aperitifs.<br \/>\nOhne Dekoration und mit einem eleganten Stiel ist dieses stilvolle Produkt ideal f\u00fcr jeden Drink, von Aperol Spritz bis Lillet. Jede Packung enth\u00e4lt Rezepte f\u00fcr 4 Schorle-Variationen f\u00fcr lange Sommermittagessen oder warme Fr\u00fchlingsnachmittage.<\/p>\n<p>Bringen Sie Ihre selbstgemachten Drinks auf ein neues Niveau mit unseren Mixing-Sets, Spirituosen f\u00fcr Spirituosen und Cocktails. Wir haben das richtige Glas f\u00fcr alle Ihre Lieblingsgetr\u00e4nke, von einem klassischen Gin Tonic oder einem sanften Destillat bis hin zu ausgefeilten Cocktails. Mit einer Reihe von Stilen, die f\u00fcr jeden Cocktail- und Spirituosenliebhaber geeignet sind, sind diese fantastischen Sets die richtige Wahl f\u00fcr Ihr Zuhause oder ein perfektes Geschenk.<\/p>\n<p>Dieses Produkt ist maschinell hergestellt.<br \/>\nDieses Produkt ist sp\u00fclmaschinengeeignet.<br \/>\nDie Packung enth\u00e4lt 4 St\u00fcck.<\/p>\n<p>Entwurf Jahr 2021<br \/>\nFassungsverm\u00f6gen 560,0 ccm<br \/>\nH\u00f6he 224,0 mm<br \/>\nMenge der Schachtel 4<br \/>\nHerstellungsart Maschinengefertigt<br \/>\nMaterial Kristall<\/p>\n","protected":false},"excerpt":{"rendered":"<p>Das Spritz Drinks Set ist die perfekte Wahl f\u00fcr die Zeit des Aperitifs. Ohne Dekoration und mit einem eleganten Stiel<\/p>\n","protected":false},"featured_media":491685,"template":"","meta":{"_acf_changed":false,"inline_featured_image":false},"product_cat":[6787,6811],"product_tag":[25088,21700,23705,11479,23911,14411,22556,25022,21822],"acf":[],"yoast_head":"<!-- This site is optimized with the Yoast SEO Premium plugin v18.6 (Yoast SEO v19.13) - https:\/\/yoast.com\/wordpress\/plugins\/seo\/ -->\n<title>RIEDEL Set Von 4 Spritz Drink - Erresse Shop<\/title>\n<meta name=\"description\" content=\"Das Spritz Drinks Set ist die perfekte Wahl f\u00fcr die Zeit des Aperitifs. Ohne Dekoration und mit einem eleganten Stiel ist dieses stilvolle Produkt ideal\" \/>\n<meta name=\"robots\" content=\"index, follow, max-snippet:-1, max-image-preview:large, max-video-preview:-1\" \/>\n<link rel=\"canonical\" href=\"https:\/\/www.erresse-shop.it\/de\/shop\/tisch\/trinkglaeser\/riedel-set-von-4-rum-copia\/\" \/>\n<meta property=\"og:locale\" content=\"de_DE\" \/>\n<meta property=\"og:type\" content=\"article\" \/>\n<meta property=\"og:title\" content=\"RIEDEL Set Von 4 Spritz Drink\" \/>\n<meta property=\"og:description\" content=\"Das Spritz Drinks Set ist die perfekte Wahl f\u00fcr die Zeit des Aperitifs. Ohne Dekoration und mit einem eleganten Stiel ist dieses stilvolle Produkt ideal\" \/>\n<meta property=\"og:url\" content=\"https:\/\/www.erresse-shop.it\/de\/shop\/tisch\/trinkglaeser\/riedel-set-von-4-rum-copia\/\" \/>\n<meta property=\"og:site_name\" content=\"Erresse Shop\" \/>\n<meta property=\"article:modified_time\" content=\"2024-12-12T09:45:00+00:00\" \/>\n<meta property=\"og:image\" content=\"https:\/\/www.erresse-shop.it\/wp-content\/uploads\/2024\/12\/Riedel-spritz-drink.jpg\" \/>\n\t<meta property=\"og:image:width\" content=\"1200\" \/>\n\t<meta property=\"og:image:height\" content=\"1200\" \/>\n\t<meta property=\"og:image:type\" content=\"image\/jpeg\" \/>\n<meta name=\"twitter:card\" content=\"summary_large_image\" \/>\n<script type=\"application\/ld+json\" class=\"yoast-schema-graph\">{\"@context\":\"https:\/\/schema.org\",\"@graph\":[{\"@type\":\"WebPage\",\"@id\":\"https:\/\/www.erresse-shop.it\/de\/shop\/tisch\/trinkglaeser\/riedel-set-von-4-rum-copia\/\",\"url\":\"https:\/\/www.erresse-shop.it\/de\/shop\/tisch\/trinkglaeser\/riedel-set-von-4-rum-copia\/\",\"name\":\"RIEDEL Set Von 4 Spritz Drink - Erresse Shop\",\"isPartOf\":{\"@id\":\"https:\/\/www.erresse-shop.it\/de\/#website\"},\"datePublished\":\"2024-12-12T09:21:08+00:00\",\"dateModified\":\"2024-12-12T09:45:00+00:00\",\"description\":\"Das Spritz Drinks Set ist die perfekte Wahl f\u00fcr die Zeit des Aperitifs. Ohne Dekoration und mit einem eleganten Stiel ist dieses stilvolle Produkt ideal\",\"breadcrumb\":{\"@id\":\"https:\/\/www.erresse-shop.it\/de\/shop\/tisch\/trinkglaeser\/riedel-set-von-4-rum-copia\/#breadcrumb\"},\"inLanguage\":\"de-DE\",\"potentialAction\":[{\"@type\":\"ReadAction\",\"target\":[\"https:\/\/www.erresse-shop.it\/de\/shop\/tisch\/trinkglaeser\/riedel-set-von-4-rum-copia\/\"]}]},{\"@type\":\"BreadcrumbList\",\"@id\":\"https:\/\/www.erresse-shop.it\/de\/shop\/tisch\/trinkglaeser\/riedel-set-von-4-rum-copia\/#breadcrumb\",\"itemListElement\":[{\"@type\":\"ListItem\",\"position\":1,\"name\":\"Home\",\"item\":\"https:\/\/www.erresse-shop.it\/de\/\"},{\"@type\":\"ListItem\",\"position\":2,\"name\":\"Shop\",\"item\":\"https:\/\/www.erresse-shop.it\/de\/shop\/\"},{\"@type\":\"ListItem\",\"position\":3,\"name\":\"RIEDEL Set Von 4 Spritz Drink\"}]},{\"@type\":\"WebSite\",\"@id\":\"https:\/\/www.erresse-shop.it\/de\/#website\",\"url\":\"https:\/\/www.erresse-shop.it\/de\/\",\"name\":\"Erresse Shop\",\"description\":\"Articoli di qualit\u00e0 per la casa\",\"potentialAction\":[{\"@type\":\"SearchAction\",\"target\":{\"@type\":\"EntryPoint\",\"urlTemplate\":\"https:\/\/www.erresse-shop.it\/de\/?s={search_term_string}\"},\"query-input\":\"required name=search_term_string\"}],\"inLanguage\":\"de-DE\"}]}<\/script>\n<!-- \/ Yoast SEO Premium plugin. -->","yoast_head_json":{"title":"RIEDEL Set Von 4 Spritz Drink - Erresse Shop","description":"Das Spritz Drinks Set ist die perfekte Wahl f\u00fcr die Zeit des Aperitifs. Ohne Dekoration und mit einem eleganten Stiel ist dieses stilvolle Produkt ideal","robots":{"index":"index","follow":"follow","max-snippet":"max-snippet:-1","max-image-preview":"max-image-preview:large","max-video-preview":"max-video-preview:-1"},"canonical":"https:\/\/www.erresse-shop.it\/de\/shop\/tisch\/trinkglaeser\/riedel-set-von-4-rum-copia\/","og_locale":"de_DE","og_type":"article","og_title":"RIEDEL Set Von 4 Spritz Drink","og_description":"Das Spritz Drinks Set ist die perfekte Wahl f\u00fcr die Zeit des Aperitifs. Ohne Dekoration und mit einem eleganten Stiel ist dieses stilvolle Produkt ideal","og_url":"https:\/\/www.erresse-shop.it\/de\/shop\/tisch\/trinkglaeser\/riedel-set-von-4-rum-copia\/","og_site_name":"Erresse Shop","article_modified_time":"2024-12-12T09:45:00+00:00","og_image":[{"width":1200,"height":1200,"url":"https:\/\/www.erresse-shop.it\/wp-content\/uploads\/2024\/12\/Riedel-spritz-drink.jpg","type":"image\/jpeg"}],"twitter_card":"summary_large_image","schema":{"@context":"https:\/\/schema.org","@graph":[{"@type":"WebPage","@id":"https:\/\/www.erresse-shop.it\/de\/shop\/tisch\/trinkglaeser\/riedel-set-von-4-rum-copia\/","url":"https:\/\/www.erresse-shop.it\/de\/shop\/tisch\/trinkglaeser\/riedel-set-von-4-rum-copia\/","name":"RIEDEL Set Von 4 Spritz Drink - Erresse Shop","isPartOf":{"@id":"https:\/\/www.erresse-shop.it\/de\/#website"},"datePublished":"2024-12-12T09:21:08+00:00","dateModified":"2024-12-12T09:45:00+00:00","description":"Das Spritz Drinks Set ist die perfekte Wahl f\u00fcr die Zeit des Aperitifs. Ohne Dekoration und mit einem eleganten Stiel ist dieses stilvolle Produkt ideal","breadcrumb":{"@id":"https:\/\/www.erresse-shop.it\/de\/shop\/tisch\/trinkglaeser\/riedel-set-von-4-rum-copia\/#breadcrumb"},"inLanguage":"de-DE","potentialAction":[{"@type":"ReadAction","target":["https:\/\/www.erresse-shop.it\/de\/shop\/tisch\/trinkglaeser\/riedel-set-von-4-rum-copia\/"]}]},{"@type":"BreadcrumbList","@id":"https:\/\/www.erresse-shop.it\/de\/shop\/tisch\/trinkglaeser\/riedel-set-von-4-rum-copia\/#breadcrumb","itemListElement":[{"@type":"ListItem","position":1,"name":"Home","item":"https:\/\/www.erresse-shop.it\/de\/"},{"@type":"ListItem","position":2,"name":"Shop","item":"https:\/\/www.erresse-shop.it\/de\/shop\/"},{"@type":"ListItem","position":3,"name":"RIEDEL Set Von 4 Spritz Drink"}]},{"@type":"WebSite","@id":"https:\/\/www.erresse-shop.it\/de\/#website","url":"https:\/\/www.erresse-shop.it\/de\/","name":"Erresse Shop","description":"Articoli di qualit\u00e0 per la casa","potentialAction":[{"@type":"SearchAction","target":{"@type":"EntryPoint","urlTemplate":"https:\/\/www.erresse-shop.it\/de\/?s={search_term_string}"},"query-input":"required name=search_term_string"}],"inLanguage":"de-DE"}]}},"df_price":20.25,"df_sale_price":20.25,"df_regular_price":45,"df_image_link":"https:\/\/www.erresse-shop.it\/wp-content\/uploads\/2024\/12\/RIEDEL-Set-da-4-Spritz-Drink-300x300.jpg","_links":{"self":[{"href":"https:\/\/www.erresse-shop.it\/de\/wp-json\/wp\/v2\/product\/454501"}],"collection":[{"href":"https:\/\/www.erresse-shop.it\/de\/wp-json\/wp\/v2\/product"}],"about":[{"href":"https:\/\/www.erresse-shop.it\/de\/wp-json\/wp\/v2\/types\/product"}],"wp:featuredmedia":[{"embeddable":true,"href":"https:\/\/www.erresse-shop.it\/de\/wp-json\/wp\/v2\/media\/491685"}],"wp:attachment":[{"href":"https:\/\/www.erresse-shop.it\/de\/wp-json\/wp\/v2\/media?parent=454501"}],"wp:term":[{"taxonomy":"product_cat","embeddable":true,"href":"https:\/\/www.erresse-shop.it\/de\/wp-json\/wp\/v2\/product_cat?post=454501"},{"taxonomy":"product_tag","embeddable":true,"href":"https:\/\/www.erresse-shop.it\/de\/wp-json\/wp\/v2\/product_tag?post=454501"}],"curies":[{"name":"wp","href":"https:\/\/api.w.org\/{rel}","templated":true}]}}