{"id":454482,"date":"2024-12-12T08:11:42","date_gmt":"2024-12-12T08:11:42","guid":{"rendered":"https:\/\/www.erresse-shop.it\/?post_type=product&#038;p=454482"},"modified":"2024-12-12T08:47:18","modified_gmt":"2024-12-12T08:47:18","slug":"toms-drag-schirmstander-copia","status":"publish","type":"product","link":"https:\/\/www.erresse-shop.it\/de\/shop\/einrichtung-haus\/dekoartikel\/toms-drag-schirmstander-copia\/","title":{"rendered":"TOM&#8217;S DRAG Taschentuch-Box"},"content":{"rendered":"<p>Um Taschent\u00fccher stilvoll aufzubewahren, gibt es die von Tom&#8217;s Drag entworfene Box, die vollst\u00e4ndig von Hand in leuchtenden Farben dekoriert wurde. Die Welt von Tom&#8217;s Drag begann mit einem Bed\u00fcrfnis: nach dem Anschlag auf die Zwillingst\u00fcrme im Jahr 2001 wollte er seinen Liebsten Gegenst\u00e4nde schenken, die ihnen Positivit\u00e4t vermitteln sollten. So gr\u00fcndete Tom Hoffmann nebenbei seine Marke, die heute weltweit gesch\u00e4tzt wird.<\/p>\n<p><strong>Ma\u00dfe:<\/strong> L: 28 cm x H 13 cm x T 20 cm<\/p>\n<p><strong>Gewicht:<\/strong> Kg 1,08<\/p>\n","protected":false},"excerpt":{"rendered":"<p>Um Taschent\u00fccher stilvoll aufzubewahren, gibt es die von Tom&#8217;s Drag entworfene Box, die vollst\u00e4ndig von Hand in leuchtenden Farben dekoriert<\/p>\n","protected":false},"featured_media":477722,"template":"","meta":{"_acf_changed":false,"inline_featured_image":false},"product_cat":[6817,14442],"product_tag":[25038,16994,16997,25022],"acf":[],"yoast_head":"<!-- This site is optimized with the Yoast SEO Premium plugin v18.6 (Yoast SEO v19.13) - https:\/\/yoast.com\/wordpress\/plugins\/seo\/ -->\n<title>TOM&#039;S DRAG Taschentuch-Box - Erresse Shop<\/title>\n<meta name=\"description\" content=\"Um Taschent\u00fccher stilvoll aufzubewahren, gibt es die von Tom&#039;s Drag entworfene Box, die vollst\u00e4ndig von Hand in leuchtenden Farben dekoriert wurde. Die\" \/>\n<meta name=\"robots\" content=\"index, follow, max-snippet:-1, max-image-preview:large, max-video-preview:-1\" \/>\n<link rel=\"canonical\" href=\"https:\/\/www.erresse-shop.it\/de\/shop\/einrichtung-haus\/dekoartikel\/toms-drag-schirmstander-copia\/\" \/>\n<meta property=\"og:locale\" content=\"de_DE\" \/>\n<meta property=\"og:type\" content=\"article\" \/>\n<meta property=\"og:title\" content=\"TOM&#039;S DRAG Taschentuch-Box\" \/>\n<meta property=\"og:description\" content=\"Um Taschent\u00fccher stilvoll aufzubewahren, gibt es die von Tom&#039;s Drag entworfene Box, die vollst\u00e4ndig von Hand in leuchtenden Farben dekoriert wurde. Die\" \/>\n<meta property=\"og:url\" content=\"https:\/\/www.erresse-shop.it\/de\/shop\/einrichtung-haus\/dekoartikel\/toms-drag-schirmstander-copia\/\" \/>\n<meta property=\"og:site_name\" content=\"Erresse Shop\" \/>\n<meta property=\"article:modified_time\" content=\"2024-12-12T08:47:18+00:00\" \/>\n<meta property=\"og:image\" content=\"https:\/\/www.erresse-shop.it\/wp-content\/uploads\/2024\/12\/Toms-Drag-porta-fazzoletti.jpg\" \/>\n\t<meta property=\"og:image:width\" content=\"1200\" \/>\n\t<meta property=\"og:image:height\" content=\"1200\" \/>\n\t<meta property=\"og:image:type\" content=\"image\/jpeg\" \/>\n<meta name=\"twitter:card\" content=\"summary_large_image\" \/>\n<script type=\"application\/ld+json\" class=\"yoast-schema-graph\">{\"@context\":\"https:\/\/schema.org\",\"@graph\":[{\"@type\":\"WebPage\",\"@id\":\"https:\/\/www.erresse-shop.it\/de\/shop\/einrichtung-haus\/dekoartikel\/toms-drag-schirmstander-copia\/\",\"url\":\"https:\/\/www.erresse-shop.it\/de\/shop\/einrichtung-haus\/dekoartikel\/toms-drag-schirmstander-copia\/\",\"name\":\"TOM'S DRAG Taschentuch-Box - Erresse Shop\",\"isPartOf\":{\"@id\":\"https:\/\/www.erresse-shop.it\/de\/#website\"},\"datePublished\":\"2024-12-12T08:11:42+00:00\",\"dateModified\":\"2024-12-12T08:47:18+00:00\",\"description\":\"Um Taschent\u00fccher stilvoll aufzubewahren, gibt es die von Tom's Drag entworfene Box, die vollst\u00e4ndig von Hand in leuchtenden Farben dekoriert wurde. Die\",\"breadcrumb\":{\"@id\":\"https:\/\/www.erresse-shop.it\/de\/shop\/einrichtung-haus\/dekoartikel\/toms-drag-schirmstander-copia\/#breadcrumb\"},\"inLanguage\":\"de-DE\",\"potentialAction\":[{\"@type\":\"ReadAction\",\"target\":[\"https:\/\/www.erresse-shop.it\/de\/shop\/einrichtung-haus\/dekoartikel\/toms-drag-schirmstander-copia\/\"]}]},{\"@type\":\"BreadcrumbList\",\"@id\":\"https:\/\/www.erresse-shop.it\/de\/shop\/einrichtung-haus\/dekoartikel\/toms-drag-schirmstander-copia\/#breadcrumb\",\"itemListElement\":[{\"@type\":\"ListItem\",\"position\":1,\"name\":\"Home\",\"item\":\"https:\/\/www.erresse-shop.it\/de\/\"},{\"@type\":\"ListItem\",\"position\":2,\"name\":\"Shop\",\"item\":\"https:\/\/www.erresse-shop.it\/de\/shop\/\"},{\"@type\":\"ListItem\",\"position\":3,\"name\":\"TOM&#8217;S DRAG Taschentuch-Box\"}]},{\"@type\":\"WebSite\",\"@id\":\"https:\/\/www.erresse-shop.it\/de\/#website\",\"url\":\"https:\/\/www.erresse-shop.it\/de\/\",\"name\":\"Erresse Shop\",\"description\":\"Articoli di qualit\u00e0 per la casa\",\"potentialAction\":[{\"@type\":\"SearchAction\",\"target\":{\"@type\":\"EntryPoint\",\"urlTemplate\":\"https:\/\/www.erresse-shop.it\/de\/?s={search_term_string}\"},\"query-input\":\"required name=search_term_string\"}],\"inLanguage\":\"de-DE\"}]}<\/script>\n<!-- \/ Yoast SEO Premium plugin. -->","yoast_head_json":{"title":"TOM'S DRAG Taschentuch-Box - Erresse Shop","description":"Um Taschent\u00fccher stilvoll aufzubewahren, gibt es die von Tom's Drag entworfene Box, die vollst\u00e4ndig von Hand in leuchtenden Farben dekoriert wurde. Die","robots":{"index":"index","follow":"follow","max-snippet":"max-snippet:-1","max-image-preview":"max-image-preview:large","max-video-preview":"max-video-preview:-1"},"canonical":"https:\/\/www.erresse-shop.it\/de\/shop\/einrichtung-haus\/dekoartikel\/toms-drag-schirmstander-copia\/","og_locale":"de_DE","og_type":"article","og_title":"TOM'S DRAG Taschentuch-Box","og_description":"Um Taschent\u00fccher stilvoll aufzubewahren, gibt es die von Tom's Drag entworfene Box, die vollst\u00e4ndig von Hand in leuchtenden Farben dekoriert wurde. Die","og_url":"https:\/\/www.erresse-shop.it\/de\/shop\/einrichtung-haus\/dekoartikel\/toms-drag-schirmstander-copia\/","og_site_name":"Erresse Shop","article_modified_time":"2024-12-12T08:47:18+00:00","og_image":[{"width":1200,"height":1200,"url":"https:\/\/www.erresse-shop.it\/wp-content\/uploads\/2024\/12\/Toms-Drag-porta-fazzoletti.jpg","type":"image\/jpeg"}],"twitter_card":"summary_large_image","schema":{"@context":"https:\/\/schema.org","@graph":[{"@type":"WebPage","@id":"https:\/\/www.erresse-shop.it\/de\/shop\/einrichtung-haus\/dekoartikel\/toms-drag-schirmstander-copia\/","url":"https:\/\/www.erresse-shop.it\/de\/shop\/einrichtung-haus\/dekoartikel\/toms-drag-schirmstander-copia\/","name":"TOM'S DRAG Taschentuch-Box - Erresse Shop","isPartOf":{"@id":"https:\/\/www.erresse-shop.it\/de\/#website"},"datePublished":"2024-12-12T08:11:42+00:00","dateModified":"2024-12-12T08:47:18+00:00","description":"Um Taschent\u00fccher stilvoll aufzubewahren, gibt es die von Tom's Drag entworfene Box, die vollst\u00e4ndig von Hand in leuchtenden Farben dekoriert wurde. Die","breadcrumb":{"@id":"https:\/\/www.erresse-shop.it\/de\/shop\/einrichtung-haus\/dekoartikel\/toms-drag-schirmstander-copia\/#breadcrumb"},"inLanguage":"de-DE","potentialAction":[{"@type":"ReadAction","target":["https:\/\/www.erresse-shop.it\/de\/shop\/einrichtung-haus\/dekoartikel\/toms-drag-schirmstander-copia\/"]}]},{"@type":"BreadcrumbList","@id":"https:\/\/www.erresse-shop.it\/de\/shop\/einrichtung-haus\/dekoartikel\/toms-drag-schirmstander-copia\/#breadcrumb","itemListElement":[{"@type":"ListItem","position":1,"name":"Home","item":"https:\/\/www.erresse-shop.it\/de\/"},{"@type":"ListItem","position":2,"name":"Shop","item":"https:\/\/www.erresse-shop.it\/de\/shop\/"},{"@type":"ListItem","position":3,"name":"TOM&#8217;S DRAG Taschentuch-Box"}]},{"@type":"WebSite","@id":"https:\/\/www.erresse-shop.it\/de\/#website","url":"https:\/\/www.erresse-shop.it\/de\/","name":"Erresse Shop","description":"Articoli di qualit\u00e0 per la casa","potentialAction":[{"@type":"SearchAction","target":{"@type":"EntryPoint","urlTemplate":"https:\/\/www.erresse-shop.it\/de\/?s={search_term_string}"},"query-input":"required name=search_term_string"}],"inLanguage":"de-DE"}]}},"df_price":96.72,"df_sale_price":96.72,"df_regular_price":186,"df_image_link":"https:\/\/www.erresse-shop.it\/wp-content\/uploads\/2024\/12\/TOMS-DRAG-Box-Porta-Fazzoletti-300x300.jpg","_links":{"self":[{"href":"https:\/\/www.erresse-shop.it\/de\/wp-json\/wp\/v2\/product\/454482"}],"collection":[{"href":"https:\/\/www.erresse-shop.it\/de\/wp-json\/wp\/v2\/product"}],"about":[{"href":"https:\/\/www.erresse-shop.it\/de\/wp-json\/wp\/v2\/types\/product"}],"wp:featuredmedia":[{"embeddable":true,"href":"https:\/\/www.erresse-shop.it\/de\/wp-json\/wp\/v2\/media\/477722"}],"wp:attachment":[{"href":"https:\/\/www.erresse-shop.it\/de\/wp-json\/wp\/v2\/media?parent=454482"}],"wp:term":[{"taxonomy":"product_cat","embeddable":true,"href":"https:\/\/www.erresse-shop.it\/de\/wp-json\/wp\/v2\/product_cat?post=454482"},{"taxonomy":"product_tag","embeddable":true,"href":"https:\/\/www.erresse-shop.it\/de\/wp-json\/wp\/v2\/product_tag?post=454482"}],"curies":[{"name":"wp","href":"https:\/\/api.w.org\/{rel}","templated":true}]}}