{"id":454135,"date":"2024-12-09T11:38:54","date_gmt":"2024-12-09T11:38:55","guid":{"rendered":"https:\/\/www.erresse-shop.it\/?post_type=product&#038;p=454135"},"modified":"2024-12-09T11:48:32","modified_gmt":"2024-12-09T11:48:32","slug":"seletti-spiegel-pixel-mirror-flame-copia","status":"publish","type":"product","link":"https:\/\/www.erresse-shop.it\/de\/shop\/einrichtung-haus\/dekoartikel\/seletti-spiegel-pixel-mirror-flame-copia\/","title":{"rendered":"SELETTI Spiegel Pixel Mirror Bomb"},"content":{"rendered":"<p>Ein Pixel Art Mirror f\u00fcr alle Fans von Grafik und Popkultur, f\u00fcr Liebhaber von Videospielen und ganz allgemein f\u00fcr alle, die ungew\u00f6hnliche Objekte anziehen! Der Mail\u00e4nder K\u00fcnstler Roberto Bruno erforscht die virtuelle \u00c4sthetik und verwandelt den Rahmen dieses Spiegels in ein digitales Bild. Die zahlreichen Quadrate, die auf verschiedenen H\u00f6hen nebeneinander angeordnet sind, schaffen eine originelle, unstrukturierte Form.<\/p>\n<p>Roberto Bruno begann seine Forschungskarriere in der bildenden Kunst, fasziniert von der digitalen \u00c4sthetik und schuf eine surrealistische Sprache mit existenziellen Implikationen. Er hat extravagante und ultra-innovative Webanwendungen f\u00fcr gro\u00dfe Marken wie Nike, Prada, miu miu und Toiletpaper geschaffen.<\/p>\n<p>Spieglein, Spieglein, wer ist die Sch\u00f6nste im ganzen Land? F\u00fcr Roberto Bruno ist der Mirror ein Manifest des hedonistischen und solipsistischen Zeitalters, in dem wir leben. Der Pixel Mirror erschafft eine surreale Welt, die in v\u00f6lligem Widerspruch zu unserer heutigen Bildergesellschaft steht. Der Pixel Mirror wird zum Zeugen einer magischen Welt, in der jede Illusion m\u00f6glich ist.<\/p>\n<p>Der Pixelspiegel veranschaulicht den st\u00e4ndigen Dialog zwischen Autor und Betrachter, der integraler aBestandteil der k\u00fcnstlerischen Arbeit von Roberto Bruno ist. Alles ver\u00e4ndert sich, nichts bleibt gleich, wie dieser sich st\u00e4ndig ver\u00e4ndernde Pixelrahmen, der sich je nach Betrachtungswinkel transformiert. Der Betrachter sieht je nach seinem Standort unterschiedliche Pixel. Das Bild des Rahmens stellt sich wieder her, wenn man sich entfernt, wodurch der Spiegel den Eindruck eines Reliefs und damit einer r\u00e4umlichen Realit\u00e4t vermittelt.<\/p>\n<p>Der Rahmen des Pixel Mirror ist aus lackiertem MDF gefertigt. Der Pixel Mirror von Seletti verleiht dem Eingangsbereich, dem Wohnzimmer, dem Badezimmer oder dem Schlafzimmer eine originelle Pr\u00e4senz&#8230;<\/p>\n<p><strong>Designer<\/strong> : Roberto Bruno<br \/>\n<strong>Produkt<\/strong> : Wandspiegel<br \/>\n<strong>Farbe<\/strong> : Grau<br \/>\n<strong>Material<\/strong> : Rahmen: MDF &#8211; Glas<br \/>\n<strong>Abmessungen<\/strong> : 55,5 x 60 cm<br \/>\n<strong>Gewicht<\/strong> : 2,15 kg<br \/>\n<strong>Projektdatum<\/strong> : 2024<\/p>\n","protected":false},"excerpt":{"rendered":"<p>Ein Pixel Art Mirror f\u00fcr alle Fans von Grafik und Popkultur, f\u00fcr Liebhaber von Videospielen und ganz allgemein f\u00fcr alle,<\/p>\n","protected":false},"featured_media":454157,"template":"","meta":{"_acf_changed":false,"inline_featured_image":false},"product_cat":[6817,14442],"product_tag":[22579],"acf":[],"yoast_head":"<!-- This site is optimized with the Yoast SEO Premium plugin v18.6 (Yoast SEO v19.13) - https:\/\/yoast.com\/wordpress\/plugins\/seo\/ -->\n<title>SELETTI Spiegel Pixel Mirror Bomb - Erresse Shop<\/title>\n<meta name=\"description\" content=\"Ein Pixel Art Mirror f\u00fcr alle Fans von Grafik und Popkultur, f\u00fcr Liebhaber von Videospielen und ganz allgemein f\u00fcr alle, die ungew\u00f6hnliche Objekte\" \/>\n<meta name=\"robots\" content=\"index, follow, max-snippet:-1, max-image-preview:large, max-video-preview:-1\" \/>\n<link rel=\"canonical\" href=\"https:\/\/www.erresse-shop.it\/de\/shop\/einrichtung-haus\/dekoartikel\/seletti-spiegel-pixel-mirror-flame-copia\/\" \/>\n<meta property=\"og:locale\" content=\"de_DE\" \/>\n<meta property=\"og:type\" content=\"article\" \/>\n<meta property=\"og:title\" content=\"SELETTI Spiegel Pixel Mirror Bomb\" \/>\n<meta property=\"og:description\" content=\"Ein Pixel Art Mirror f\u00fcr alle Fans von Grafik und Popkultur, f\u00fcr Liebhaber von Videospielen und ganz allgemein f\u00fcr alle, die ungew\u00f6hnliche Objekte\" \/>\n<meta property=\"og:url\" content=\"https:\/\/www.erresse-shop.it\/de\/shop\/einrichtung-haus\/dekoartikel\/seletti-spiegel-pixel-mirror-flame-copia\/\" \/>\n<meta property=\"og:site_name\" content=\"Erresse Shop\" \/>\n<meta property=\"article:modified_time\" content=\"2024-12-09T11:48:32+00:00\" \/>\n<meta property=\"og:image\" content=\"https:\/\/www.erresse-shop.it\/wp-content\/uploads\/2024\/12\/seletti-pixel-mirror-bomb.jpg\" \/>\n\t<meta property=\"og:image:width\" content=\"1200\" \/>\n\t<meta property=\"og:image:height\" content=\"1200\" \/>\n\t<meta property=\"og:image:type\" content=\"image\/jpeg\" \/>\n<meta name=\"twitter:card\" content=\"summary_large_image\" \/>\n<script type=\"application\/ld+json\" class=\"yoast-schema-graph\">{\"@context\":\"https:\/\/schema.org\",\"@graph\":[{\"@type\":\"WebPage\",\"@id\":\"https:\/\/www.erresse-shop.it\/de\/shop\/einrichtung-haus\/dekoartikel\/seletti-spiegel-pixel-mirror-flame-copia\/\",\"url\":\"https:\/\/www.erresse-shop.it\/de\/shop\/einrichtung-haus\/dekoartikel\/seletti-spiegel-pixel-mirror-flame-copia\/\",\"name\":\"SELETTI Spiegel Pixel Mirror Bomb - Erresse Shop\",\"isPartOf\":{\"@id\":\"https:\/\/www.erresse-shop.it\/de\/#website\"},\"datePublished\":\"2024-12-09T11:38:55+00:00\",\"dateModified\":\"2024-12-09T11:48:32+00:00\",\"description\":\"Ein Pixel Art Mirror f\u00fcr alle Fans von Grafik und Popkultur, f\u00fcr Liebhaber von Videospielen und ganz allgemein f\u00fcr alle, die ungew\u00f6hnliche Objekte\",\"breadcrumb\":{\"@id\":\"https:\/\/www.erresse-shop.it\/de\/shop\/einrichtung-haus\/dekoartikel\/seletti-spiegel-pixel-mirror-flame-copia\/#breadcrumb\"},\"inLanguage\":\"de-DE\",\"potentialAction\":[{\"@type\":\"ReadAction\",\"target\":[\"https:\/\/www.erresse-shop.it\/de\/shop\/einrichtung-haus\/dekoartikel\/seletti-spiegel-pixel-mirror-flame-copia\/\"]}]},{\"@type\":\"BreadcrumbList\",\"@id\":\"https:\/\/www.erresse-shop.it\/de\/shop\/einrichtung-haus\/dekoartikel\/seletti-spiegel-pixel-mirror-flame-copia\/#breadcrumb\",\"itemListElement\":[{\"@type\":\"ListItem\",\"position\":1,\"name\":\"Home\",\"item\":\"https:\/\/www.erresse-shop.it\/de\/\"},{\"@type\":\"ListItem\",\"position\":2,\"name\":\"Shop\",\"item\":\"https:\/\/www.erresse-shop.it\/de\/shop\/\"},{\"@type\":\"ListItem\",\"position\":3,\"name\":\"SELETTI Spiegel Pixel Mirror Bomb\"}]},{\"@type\":\"WebSite\",\"@id\":\"https:\/\/www.erresse-shop.it\/de\/#website\",\"url\":\"https:\/\/www.erresse-shop.it\/de\/\",\"name\":\"Erresse Shop\",\"description\":\"Articoli di qualit\u00e0 per la casa\",\"potentialAction\":[{\"@type\":\"SearchAction\",\"target\":{\"@type\":\"EntryPoint\",\"urlTemplate\":\"https:\/\/www.erresse-shop.it\/de\/?s={search_term_string}\"},\"query-input\":\"required name=search_term_string\"}],\"inLanguage\":\"de-DE\"}]}<\/script>\n<!-- \/ Yoast SEO Premium plugin. -->","yoast_head_json":{"title":"SELETTI Spiegel Pixel Mirror Bomb - Erresse Shop","description":"Ein Pixel Art Mirror f\u00fcr alle Fans von Grafik und Popkultur, f\u00fcr Liebhaber von Videospielen und ganz allgemein f\u00fcr alle, die ungew\u00f6hnliche Objekte","robots":{"index":"index","follow":"follow","max-snippet":"max-snippet:-1","max-image-preview":"max-image-preview:large","max-video-preview":"max-video-preview:-1"},"canonical":"https:\/\/www.erresse-shop.it\/de\/shop\/einrichtung-haus\/dekoartikel\/seletti-spiegel-pixel-mirror-flame-copia\/","og_locale":"de_DE","og_type":"article","og_title":"SELETTI Spiegel Pixel Mirror Bomb","og_description":"Ein Pixel Art Mirror f\u00fcr alle Fans von Grafik und Popkultur, f\u00fcr Liebhaber von Videospielen und ganz allgemein f\u00fcr alle, die ungew\u00f6hnliche Objekte","og_url":"https:\/\/www.erresse-shop.it\/de\/shop\/einrichtung-haus\/dekoartikel\/seletti-spiegel-pixel-mirror-flame-copia\/","og_site_name":"Erresse Shop","article_modified_time":"2024-12-09T11:48:32+00:00","og_image":[{"width":1200,"height":1200,"url":"https:\/\/www.erresse-shop.it\/wp-content\/uploads\/2024\/12\/seletti-pixel-mirror-bomb.jpg","type":"image\/jpeg"}],"twitter_card":"summary_large_image","schema":{"@context":"https:\/\/schema.org","@graph":[{"@type":"WebPage","@id":"https:\/\/www.erresse-shop.it\/de\/shop\/einrichtung-haus\/dekoartikel\/seletti-spiegel-pixel-mirror-flame-copia\/","url":"https:\/\/www.erresse-shop.it\/de\/shop\/einrichtung-haus\/dekoartikel\/seletti-spiegel-pixel-mirror-flame-copia\/","name":"SELETTI Spiegel Pixel Mirror Bomb - Erresse Shop","isPartOf":{"@id":"https:\/\/www.erresse-shop.it\/de\/#website"},"datePublished":"2024-12-09T11:38:55+00:00","dateModified":"2024-12-09T11:48:32+00:00","description":"Ein Pixel Art Mirror f\u00fcr alle Fans von Grafik und Popkultur, f\u00fcr Liebhaber von Videospielen und ganz allgemein f\u00fcr alle, die ungew\u00f6hnliche Objekte","breadcrumb":{"@id":"https:\/\/www.erresse-shop.it\/de\/shop\/einrichtung-haus\/dekoartikel\/seletti-spiegel-pixel-mirror-flame-copia\/#breadcrumb"},"inLanguage":"de-DE","potentialAction":[{"@type":"ReadAction","target":["https:\/\/www.erresse-shop.it\/de\/shop\/einrichtung-haus\/dekoartikel\/seletti-spiegel-pixel-mirror-flame-copia\/"]}]},{"@type":"BreadcrumbList","@id":"https:\/\/www.erresse-shop.it\/de\/shop\/einrichtung-haus\/dekoartikel\/seletti-spiegel-pixel-mirror-flame-copia\/#breadcrumb","itemListElement":[{"@type":"ListItem","position":1,"name":"Home","item":"https:\/\/www.erresse-shop.it\/de\/"},{"@type":"ListItem","position":2,"name":"Shop","item":"https:\/\/www.erresse-shop.it\/de\/shop\/"},{"@type":"ListItem","position":3,"name":"SELETTI Spiegel Pixel Mirror Bomb"}]},{"@type":"WebSite","@id":"https:\/\/www.erresse-shop.it\/de\/#website","url":"https:\/\/www.erresse-shop.it\/de\/","name":"Erresse Shop","description":"Articoli di qualit\u00e0 per la casa","potentialAction":[{"@type":"SearchAction","target":{"@type":"EntryPoint","urlTemplate":"https:\/\/www.erresse-shop.it\/de\/?s={search_term_string}"},"query-input":"required name=search_term_string"}],"inLanguage":"de-DE"}]}},"df_price":67.05,"df_sale_price":67.05,"df_regular_price":149,"df_image_link":"https:\/\/www.erresse-shop.it\/wp-content\/uploads\/2024\/12\/seletti-pixel-mirror-bomb-300x300.jpg","_links":{"self":[{"href":"https:\/\/www.erresse-shop.it\/de\/wp-json\/wp\/v2\/product\/454135"}],"collection":[{"href":"https:\/\/www.erresse-shop.it\/de\/wp-json\/wp\/v2\/product"}],"about":[{"href":"https:\/\/www.erresse-shop.it\/de\/wp-json\/wp\/v2\/types\/product"}],"wp:featuredmedia":[{"embeddable":true,"href":"https:\/\/www.erresse-shop.it\/de\/wp-json\/wp\/v2\/media\/454157"}],"wp:attachment":[{"href":"https:\/\/www.erresse-shop.it\/de\/wp-json\/wp\/v2\/media?parent=454135"}],"wp:term":[{"taxonomy":"product_cat","embeddable":true,"href":"https:\/\/www.erresse-shop.it\/de\/wp-json\/wp\/v2\/product_cat?post=454135"},{"taxonomy":"product_tag","embeddable":true,"href":"https:\/\/www.erresse-shop.it\/de\/wp-json\/wp\/v2\/product_tag?post=454135"}],"curies":[{"name":"wp","href":"https:\/\/api.w.org\/{rel}","templated":true}]}}