{"id":453528,"date":"2024-12-05T09:46:47","date_gmt":"2024-12-05T09:46:47","guid":{"rendered":"https:\/\/www.erresse-shop.it\/?post_type=product&#038;p=453528"},"modified":"2024-12-05T10:34:24","modified_gmt":"2024-12-05T10:34:24","slug":"g3-ferrari-rosto-37-l-titanium-copia","status":"publish","type":"product","link":"https:\/\/www.erresse-shop.it\/de\/shop\/kleine-elektrogeraete\/kuechenmaschinen\/g3-ferrari-rosto-37-l-titanium-copia\/","title":{"rendered":"G3 FERRARI Sakuri&#8217;so Reiskocher 1,8L"},"content":{"rendered":"<p>Mit SAKURI&#8217; SO k\u00f6nnen Sie bis zu 10 Tassen ausgezeichneten Reis auf einmal zubereiten, der dank der automatischen Abschaltfunktion am Ende des Garvorgangs einwandfrei ged\u00e4mpft wird. Aber das ist noch nicht alles: SAKURI&#8217; SO verf\u00fcgt auch \u00fcber ein Fach f\u00fcr die Zubereitung von Fisch und Gem\u00fcse. Ausgestattet mit einem abnehmbaren Topf mit Antihaftbeschichtung, einem Deckel mit Bel\u00fcftung und einem Anti-Brandschutz-Griff f\u00fcr maximalen Komfort, liefert unser Reiskocher eine maximale Leistung von 700 Watt, mit der Sie Ihre Gerichte im Handumdrehen auf den Tisch bringen k\u00f6nnen.<\/p>\n<p><strong>Technische Daten<\/strong><\/p>\n<p>Abnehmbarer Antihaft-Topf<br \/>\nAutomatische Abschaltung<br \/>\nGro\u00dfes Fassungsverm\u00f6gen 1,8 l \/ 10 Tassen<br \/>\nDampfgareinsatz<br \/>\nGeh\u00e4use aus rostfreiem Stahl<br \/>\nDeckel mit Entl\u00fcftung und Anti-Brand-Griff<br \/>\nZubeh\u00f6r: Tablett, L\u00f6ffel, Tasse<br \/>\nStromversorgung: AC 220-240V ~ 50\/60Hz<br \/>\nLeistung: 700 W<br \/>\nAbmessungen (\u00d8 x H): 27 x 28,5 cm<br \/>\nGewicht: 2,7 kg<\/p>\n<p><strong>Nicht zum Verkauf au\u00dferhalb Europas<\/strong><\/p>\n","protected":false},"excerpt":{"rendered":"<p>Mit SAKURI&#8217; SO k\u00f6nnen Sie bis zu 10 Tassen ausgezeichneten Reis auf einmal zubereiten, der dank der automatischen Abschaltfunktion am<\/p>\n","protected":false},"featured_media":453585,"template":"","meta":{"_acf_changed":false,"inline_featured_image":false},"product_cat":[6703,6721],"product_tag":[23691,12327,11415],"acf":[],"yoast_head":"<!-- This site is optimized with the Yoast SEO Premium plugin v18.6 (Yoast SEO v19.13) - https:\/\/yoast.com\/wordpress\/plugins\/seo\/ -->\n<title>G3 FERRARI Sakuri&#039;so Reiskocher 1,8L - Erresse Shop<\/title>\n<meta name=\"description\" content=\"Mit SAKURI&#039; SO k\u00f6nnen Sie bis zu 10 Tassen ausgezeichneten Reis auf einmal zubereiten, der dank der automatischen Abschaltfunktion am Ende des Garvorgangs\" \/>\n<meta name=\"robots\" content=\"index, follow, max-snippet:-1, max-image-preview:large, max-video-preview:-1\" \/>\n<link rel=\"canonical\" href=\"https:\/\/www.erresse-shop.it\/de\/shop\/kleine-elektrogeraete\/kuechenmaschinen\/g3-ferrari-rosto-37-l-titanium-copia\/\" \/>\n<meta property=\"og:locale\" content=\"de_DE\" \/>\n<meta property=\"og:type\" content=\"article\" \/>\n<meta property=\"og:title\" content=\"G3 FERRARI Sakuri&#039;so Reiskocher 1,8L\" \/>\n<meta property=\"og:description\" content=\"Mit SAKURI&#039; SO k\u00f6nnen Sie bis zu 10 Tassen ausgezeichneten Reis auf einmal zubereiten, der dank der automatischen Abschaltfunktion am Ende des Garvorgangs\" \/>\n<meta property=\"og:url\" content=\"https:\/\/www.erresse-shop.it\/de\/shop\/kleine-elektrogeraete\/kuechenmaschinen\/g3-ferrari-rosto-37-l-titanium-copia\/\" \/>\n<meta property=\"og:site_name\" content=\"Erresse Shop\" \/>\n<meta property=\"article:modified_time\" content=\"2024-12-05T10:34:24+00:00\" \/>\n<meta property=\"og:image\" content=\"https:\/\/www.erresse-shop.it\/wp-content\/uploads\/2024\/12\/G3-ferrari-cuociriso.jpg\" \/>\n\t<meta property=\"og:image:width\" content=\"1200\" \/>\n\t<meta property=\"og:image:height\" content=\"1200\" \/>\n\t<meta property=\"og:image:type\" content=\"image\/jpeg\" \/>\n<meta name=\"twitter:card\" content=\"summary_large_image\" \/>\n<script type=\"application\/ld+json\" class=\"yoast-schema-graph\">{\"@context\":\"https:\/\/schema.org\",\"@graph\":[{\"@type\":\"WebPage\",\"@id\":\"https:\/\/www.erresse-shop.it\/de\/shop\/kleine-elektrogeraete\/kuechenmaschinen\/g3-ferrari-rosto-37-l-titanium-copia\/\",\"url\":\"https:\/\/www.erresse-shop.it\/de\/shop\/kleine-elektrogeraete\/kuechenmaschinen\/g3-ferrari-rosto-37-l-titanium-copia\/\",\"name\":\"G3 FERRARI Sakuri'so Reiskocher 1,8L - Erresse Shop\",\"isPartOf\":{\"@id\":\"https:\/\/www.erresse-shop.it\/de\/#website\"},\"datePublished\":\"2024-12-05T09:46:47+00:00\",\"dateModified\":\"2024-12-05T10:34:24+00:00\",\"description\":\"Mit SAKURI' SO k\u00f6nnen Sie bis zu 10 Tassen ausgezeichneten Reis auf einmal zubereiten, der dank der automatischen Abschaltfunktion am Ende des Garvorgangs\",\"breadcrumb\":{\"@id\":\"https:\/\/www.erresse-shop.it\/de\/shop\/kleine-elektrogeraete\/kuechenmaschinen\/g3-ferrari-rosto-37-l-titanium-copia\/#breadcrumb\"},\"inLanguage\":\"de-DE\",\"potentialAction\":[{\"@type\":\"ReadAction\",\"target\":[\"https:\/\/www.erresse-shop.it\/de\/shop\/kleine-elektrogeraete\/kuechenmaschinen\/g3-ferrari-rosto-37-l-titanium-copia\/\"]}]},{\"@type\":\"BreadcrumbList\",\"@id\":\"https:\/\/www.erresse-shop.it\/de\/shop\/kleine-elektrogeraete\/kuechenmaschinen\/g3-ferrari-rosto-37-l-titanium-copia\/#breadcrumb\",\"itemListElement\":[{\"@type\":\"ListItem\",\"position\":1,\"name\":\"Home\",\"item\":\"https:\/\/www.erresse-shop.it\/de\/\"},{\"@type\":\"ListItem\",\"position\":2,\"name\":\"Shop\",\"item\":\"https:\/\/www.erresse-shop.it\/de\/shop\/\"},{\"@type\":\"ListItem\",\"position\":3,\"name\":\"G3 FERRARI Sakuri&#8217;so Reiskocher 1,8L\"}]},{\"@type\":\"WebSite\",\"@id\":\"https:\/\/www.erresse-shop.it\/de\/#website\",\"url\":\"https:\/\/www.erresse-shop.it\/de\/\",\"name\":\"Erresse Shop\",\"description\":\"Articoli di qualit\u00e0 per la casa\",\"potentialAction\":[{\"@type\":\"SearchAction\",\"target\":{\"@type\":\"EntryPoint\",\"urlTemplate\":\"https:\/\/www.erresse-shop.it\/de\/?s={search_term_string}\"},\"query-input\":\"required name=search_term_string\"}],\"inLanguage\":\"de-DE\"}]}<\/script>\n<!-- \/ Yoast SEO Premium plugin. -->","yoast_head_json":{"title":"G3 FERRARI Sakuri'so Reiskocher 1,8L - Erresse Shop","description":"Mit SAKURI' SO k\u00f6nnen Sie bis zu 10 Tassen ausgezeichneten Reis auf einmal zubereiten, der dank der automatischen Abschaltfunktion am Ende des Garvorgangs","robots":{"index":"index","follow":"follow","max-snippet":"max-snippet:-1","max-image-preview":"max-image-preview:large","max-video-preview":"max-video-preview:-1"},"canonical":"https:\/\/www.erresse-shop.it\/de\/shop\/kleine-elektrogeraete\/kuechenmaschinen\/g3-ferrari-rosto-37-l-titanium-copia\/","og_locale":"de_DE","og_type":"article","og_title":"G3 FERRARI Sakuri'so Reiskocher 1,8L","og_description":"Mit SAKURI' SO k\u00f6nnen Sie bis zu 10 Tassen ausgezeichneten Reis auf einmal zubereiten, der dank der automatischen Abschaltfunktion am Ende des Garvorgangs","og_url":"https:\/\/www.erresse-shop.it\/de\/shop\/kleine-elektrogeraete\/kuechenmaschinen\/g3-ferrari-rosto-37-l-titanium-copia\/","og_site_name":"Erresse Shop","article_modified_time":"2024-12-05T10:34:24+00:00","og_image":[{"width":1200,"height":1200,"url":"https:\/\/www.erresse-shop.it\/wp-content\/uploads\/2024\/12\/G3-ferrari-cuociriso.jpg","type":"image\/jpeg"}],"twitter_card":"summary_large_image","schema":{"@context":"https:\/\/schema.org","@graph":[{"@type":"WebPage","@id":"https:\/\/www.erresse-shop.it\/de\/shop\/kleine-elektrogeraete\/kuechenmaschinen\/g3-ferrari-rosto-37-l-titanium-copia\/","url":"https:\/\/www.erresse-shop.it\/de\/shop\/kleine-elektrogeraete\/kuechenmaschinen\/g3-ferrari-rosto-37-l-titanium-copia\/","name":"G3 FERRARI Sakuri'so Reiskocher 1,8L - Erresse Shop","isPartOf":{"@id":"https:\/\/www.erresse-shop.it\/de\/#website"},"datePublished":"2024-12-05T09:46:47+00:00","dateModified":"2024-12-05T10:34:24+00:00","description":"Mit SAKURI' SO k\u00f6nnen Sie bis zu 10 Tassen ausgezeichneten Reis auf einmal zubereiten, der dank der automatischen Abschaltfunktion am Ende des Garvorgangs","breadcrumb":{"@id":"https:\/\/www.erresse-shop.it\/de\/shop\/kleine-elektrogeraete\/kuechenmaschinen\/g3-ferrari-rosto-37-l-titanium-copia\/#breadcrumb"},"inLanguage":"de-DE","potentialAction":[{"@type":"ReadAction","target":["https:\/\/www.erresse-shop.it\/de\/shop\/kleine-elektrogeraete\/kuechenmaschinen\/g3-ferrari-rosto-37-l-titanium-copia\/"]}]},{"@type":"BreadcrumbList","@id":"https:\/\/www.erresse-shop.it\/de\/shop\/kleine-elektrogeraete\/kuechenmaschinen\/g3-ferrari-rosto-37-l-titanium-copia\/#breadcrumb","itemListElement":[{"@type":"ListItem","position":1,"name":"Home","item":"https:\/\/www.erresse-shop.it\/de\/"},{"@type":"ListItem","position":2,"name":"Shop","item":"https:\/\/www.erresse-shop.it\/de\/shop\/"},{"@type":"ListItem","position":3,"name":"G3 FERRARI Sakuri&#8217;so Reiskocher 1,8L"}]},{"@type":"WebSite","@id":"https:\/\/www.erresse-shop.it\/de\/#website","url":"https:\/\/www.erresse-shop.it\/de\/","name":"Erresse Shop","description":"Articoli di qualit\u00e0 per la casa","potentialAction":[{"@type":"SearchAction","target":{"@type":"EntryPoint","urlTemplate":"https:\/\/www.erresse-shop.it\/de\/?s={search_term_string}"},"query-input":"required name=search_term_string"}],"inLanguage":"de-DE"}]}},"df_price":59.9,"df_sale_price":59.9,"df_regular_price":59.9,"df_image_link":"https:\/\/www.erresse-shop.it\/wp-content\/uploads\/2024\/12\/G3-ferrari-cuociriso-300x300.jpg","_links":{"self":[{"href":"https:\/\/www.erresse-shop.it\/de\/wp-json\/wp\/v2\/product\/453528"}],"collection":[{"href":"https:\/\/www.erresse-shop.it\/de\/wp-json\/wp\/v2\/product"}],"about":[{"href":"https:\/\/www.erresse-shop.it\/de\/wp-json\/wp\/v2\/types\/product"}],"wp:featuredmedia":[{"embeddable":true,"href":"https:\/\/www.erresse-shop.it\/de\/wp-json\/wp\/v2\/media\/453585"}],"wp:attachment":[{"href":"https:\/\/www.erresse-shop.it\/de\/wp-json\/wp\/v2\/media?parent=453528"}],"wp:term":[{"taxonomy":"product_cat","embeddable":true,"href":"https:\/\/www.erresse-shop.it\/de\/wp-json\/wp\/v2\/product_cat?post=453528"},{"taxonomy":"product_tag","embeddable":true,"href":"https:\/\/www.erresse-shop.it\/de\/wp-json\/wp\/v2\/product_tag?post=453528"}],"curies":[{"name":"wp","href":"https:\/\/api.w.org\/{rel}","templated":true}]}}