{"id":452762,"date":"2024-12-02T07:54:30","date_gmt":"2024-12-02T07:54:30","guid":{"rendered":"https:\/\/www.erresse-shop.it\/?post_type=product&#038;p=452762"},"modified":"2025-01-10T17:36:54","modified_gmt":"2025-01-10T17:36:54","slug":"villeroy-boch-set-6-speiseteller-toys-delight-29-cm-copia","status":"publish","type":"product","link":"https:\/\/www.erresse-shop.it\/de\/shop\/tisch\/teller-geschirr\/villeroy-boch-set-6-speiseteller-toys-delight-29-cm-copia\/","title":{"rendered":"VILLEROY &#038; BOCH Satz 12 Piatti Royal Classic Toy&#8217;s Delight"},"content":{"rendered":"<p>Holen Sie sich die k\u00f6nigliche Eleganz vergangener Weihnachtsfeste in Ihr Zuhause mit der bezaubernden Toy&#8217;s Delight Royal Classic Kollektion von Villeroy &amp; Boch. Diese Kollektion kombiniert detailreiche Reliefmotive, inspiriert von der Form nostalgischer Pappteller, mit klassischem, hochwertigem wei\u00dfem Porzellan und schafft eine unvergleichlich festliche Atmosph\u00e4re. Die hochwertigen Porzellanreliefs sind mit typischen Spielzeugmotiven aus dem Erzgebirge verziert, die der rein wei\u00dfen Kollektion einen besonderen Charme verleihen. Lassen Sie sich von der zeitlosen Sch\u00f6nheit und Noblesse der Toy&#8217;s Delight Royal Classic Kollektion begeistern!<\/p>\n<p><strong>Material<\/strong>: Hochwertiges Porzellan<br \/>\n<strong>Mikrowellengeeignet<\/strong>: Ja<br \/>\n<strong>Sp\u00fclmaschinenfest<\/strong>: Ja<\/p>\n<p>Das 12-teilige Set besteht aus:<\/p>\n<p>4x Flacher Teller, \u00d8 29,5 cm<br \/>\n4x Suppenteller, \u00d8 23,2 cm<br \/>\n4x Dessert-\/Fr\u00fchst\u00fccksteller, \u00d8 23,3 cm<\/p>\n","protected":false},"excerpt":{"rendered":"<p>Holen Sie sich die k\u00f6nigliche Eleganz vergangener Weihnachtsfeste in Ihr Zuhause mit der bezaubernden Toy&#8217;s Delight Royal Classic Kollektion von<\/p>\n","protected":false},"featured_media":452771,"template":"","meta":{"_acf_changed":false,"inline_featured_image":false},"product_cat":[6793,6787],"product_tag":[23911,20502],"acf":[],"yoast_head":"<!-- This site is optimized with the Yoast SEO Premium plugin v18.6 (Yoast SEO v19.13) - https:\/\/yoast.com\/wordpress\/plugins\/seo\/ -->\n<title>VILLEROY &amp; BOCH Satz 12 Piatti Royal Classic Toy&#039;s Delight - Erresse Shop<\/title>\n<meta name=\"description\" content=\"Holen Sie sich die k\u00f6nigliche Eleganz vergangener Weihnachtsfeste in Ihr Zuhause mit der bezaubernden Toy&#039;s Delight Royal Classic Kollektion von\" \/>\n<meta name=\"robots\" content=\"index, follow, max-snippet:-1, max-image-preview:large, max-video-preview:-1\" \/>\n<link rel=\"canonical\" href=\"https:\/\/www.erresse-shop.it\/de\/shop\/tisch\/teller-geschirr\/villeroy-boch-set-6-speiseteller-toys-delight-29-cm-copia\/\" \/>\n<meta property=\"og:locale\" content=\"de_DE\" \/>\n<meta property=\"og:type\" content=\"article\" \/>\n<meta property=\"og:title\" content=\"VILLEROY &amp; BOCH Satz 12 Piatti Royal Classic Toy&#039;s Delight\" \/>\n<meta property=\"og:description\" content=\"Holen Sie sich die k\u00f6nigliche Eleganz vergangener Weihnachtsfeste in Ihr Zuhause mit der bezaubernden Toy&#039;s Delight Royal Classic Kollektion von\" \/>\n<meta property=\"og:url\" content=\"https:\/\/www.erresse-shop.it\/de\/shop\/tisch\/teller-geschirr\/villeroy-boch-set-6-speiseteller-toys-delight-29-cm-copia\/\" \/>\n<meta property=\"og:site_name\" content=\"Erresse Shop\" \/>\n<meta property=\"article:modified_time\" content=\"2025-01-10T17:36:54+00:00\" \/>\n<meta property=\"og:image\" content=\"https:\/\/www.erresse-shop.it\/wp-content\/uploads\/2024\/12\/Villeroy-e-boch-set-12-pz-toys-delight-royal-classic.jpg\" \/>\n\t<meta property=\"og:image:width\" content=\"1200\" \/>\n\t<meta property=\"og:image:height\" content=\"1200\" \/>\n\t<meta property=\"og:image:type\" content=\"image\/jpeg\" \/>\n<meta name=\"twitter:card\" content=\"summary_large_image\" \/>\n<script type=\"application\/ld+json\" class=\"yoast-schema-graph\">{\"@context\":\"https:\/\/schema.org\",\"@graph\":[{\"@type\":\"WebPage\",\"@id\":\"https:\/\/www.erresse-shop.it\/de\/shop\/tisch\/teller-geschirr\/villeroy-boch-set-6-speiseteller-toys-delight-29-cm-copia\/\",\"url\":\"https:\/\/www.erresse-shop.it\/de\/shop\/tisch\/teller-geschirr\/villeroy-boch-set-6-speiseteller-toys-delight-29-cm-copia\/\",\"name\":\"VILLEROY & BOCH Satz 12 Piatti Royal Classic Toy's Delight - Erresse Shop\",\"isPartOf\":{\"@id\":\"https:\/\/www.erresse-shop.it\/de\/#website\"},\"datePublished\":\"2024-12-02T07:54:30+00:00\",\"dateModified\":\"2025-01-10T17:36:54+00:00\",\"description\":\"Holen Sie sich die k\u00f6nigliche Eleganz vergangener Weihnachtsfeste in Ihr Zuhause mit der bezaubernden Toy's Delight Royal Classic Kollektion von\",\"breadcrumb\":{\"@id\":\"https:\/\/www.erresse-shop.it\/de\/shop\/tisch\/teller-geschirr\/villeroy-boch-set-6-speiseteller-toys-delight-29-cm-copia\/#breadcrumb\"},\"inLanguage\":\"de-DE\",\"potentialAction\":[{\"@type\":\"ReadAction\",\"target\":[\"https:\/\/www.erresse-shop.it\/de\/shop\/tisch\/teller-geschirr\/villeroy-boch-set-6-speiseteller-toys-delight-29-cm-copia\/\"]}]},{\"@type\":\"BreadcrumbList\",\"@id\":\"https:\/\/www.erresse-shop.it\/de\/shop\/tisch\/teller-geschirr\/villeroy-boch-set-6-speiseteller-toys-delight-29-cm-copia\/#breadcrumb\",\"itemListElement\":[{\"@type\":\"ListItem\",\"position\":1,\"name\":\"Home\",\"item\":\"https:\/\/www.erresse-shop.it\/de\/\"},{\"@type\":\"ListItem\",\"position\":2,\"name\":\"Shop\",\"item\":\"https:\/\/www.erresse-shop.it\/de\/shop\/\"},{\"@type\":\"ListItem\",\"position\":3,\"name\":\"VILLEROY &#038; BOCH Satz 12 Piatti Royal Classic Toy&#8217;s Delight\"}]},{\"@type\":\"WebSite\",\"@id\":\"https:\/\/www.erresse-shop.it\/de\/#website\",\"url\":\"https:\/\/www.erresse-shop.it\/de\/\",\"name\":\"Erresse Shop\",\"description\":\"Articoli di qualit\u00e0 per la casa\",\"potentialAction\":[{\"@type\":\"SearchAction\",\"target\":{\"@type\":\"EntryPoint\",\"urlTemplate\":\"https:\/\/www.erresse-shop.it\/de\/?s={search_term_string}\"},\"query-input\":\"required name=search_term_string\"}],\"inLanguage\":\"de-DE\"}]}<\/script>\n<!-- \/ Yoast SEO Premium plugin. -->","yoast_head_json":{"title":"VILLEROY & BOCH Satz 12 Piatti Royal Classic Toy's Delight - Erresse Shop","description":"Holen Sie sich die k\u00f6nigliche Eleganz vergangener Weihnachtsfeste in Ihr Zuhause mit der bezaubernden Toy's Delight Royal Classic Kollektion von","robots":{"index":"index","follow":"follow","max-snippet":"max-snippet:-1","max-image-preview":"max-image-preview:large","max-video-preview":"max-video-preview:-1"},"canonical":"https:\/\/www.erresse-shop.it\/de\/shop\/tisch\/teller-geschirr\/villeroy-boch-set-6-speiseteller-toys-delight-29-cm-copia\/","og_locale":"de_DE","og_type":"article","og_title":"VILLEROY & BOCH Satz 12 Piatti Royal Classic Toy's Delight","og_description":"Holen Sie sich die k\u00f6nigliche Eleganz vergangener Weihnachtsfeste in Ihr Zuhause mit der bezaubernden Toy's Delight Royal Classic Kollektion von","og_url":"https:\/\/www.erresse-shop.it\/de\/shop\/tisch\/teller-geschirr\/villeroy-boch-set-6-speiseteller-toys-delight-29-cm-copia\/","og_site_name":"Erresse Shop","article_modified_time":"2025-01-10T17:36:54+00:00","og_image":[{"width":1200,"height":1200,"url":"https:\/\/www.erresse-shop.it\/wp-content\/uploads\/2024\/12\/Villeroy-e-boch-set-12-pz-toys-delight-royal-classic.jpg","type":"image\/jpeg"}],"twitter_card":"summary_large_image","schema":{"@context":"https:\/\/schema.org","@graph":[{"@type":"WebPage","@id":"https:\/\/www.erresse-shop.it\/de\/shop\/tisch\/teller-geschirr\/villeroy-boch-set-6-speiseteller-toys-delight-29-cm-copia\/","url":"https:\/\/www.erresse-shop.it\/de\/shop\/tisch\/teller-geschirr\/villeroy-boch-set-6-speiseteller-toys-delight-29-cm-copia\/","name":"VILLEROY & BOCH Satz 12 Piatti Royal Classic Toy's Delight - Erresse Shop","isPartOf":{"@id":"https:\/\/www.erresse-shop.it\/de\/#website"},"datePublished":"2024-12-02T07:54:30+00:00","dateModified":"2025-01-10T17:36:54+00:00","description":"Holen Sie sich die k\u00f6nigliche Eleganz vergangener Weihnachtsfeste in Ihr Zuhause mit der bezaubernden Toy's Delight Royal Classic Kollektion von","breadcrumb":{"@id":"https:\/\/www.erresse-shop.it\/de\/shop\/tisch\/teller-geschirr\/villeroy-boch-set-6-speiseteller-toys-delight-29-cm-copia\/#breadcrumb"},"inLanguage":"de-DE","potentialAction":[{"@type":"ReadAction","target":["https:\/\/www.erresse-shop.it\/de\/shop\/tisch\/teller-geschirr\/villeroy-boch-set-6-speiseteller-toys-delight-29-cm-copia\/"]}]},{"@type":"BreadcrumbList","@id":"https:\/\/www.erresse-shop.it\/de\/shop\/tisch\/teller-geschirr\/villeroy-boch-set-6-speiseteller-toys-delight-29-cm-copia\/#breadcrumb","itemListElement":[{"@type":"ListItem","position":1,"name":"Home","item":"https:\/\/www.erresse-shop.it\/de\/"},{"@type":"ListItem","position":2,"name":"Shop","item":"https:\/\/www.erresse-shop.it\/de\/shop\/"},{"@type":"ListItem","position":3,"name":"VILLEROY &#038; BOCH Satz 12 Piatti Royal Classic Toy&#8217;s Delight"}]},{"@type":"WebSite","@id":"https:\/\/www.erresse-shop.it\/de\/#website","url":"https:\/\/www.erresse-shop.it\/de\/","name":"Erresse Shop","description":"Articoli di qualit\u00e0 per la casa","potentialAction":[{"@type":"SearchAction","target":{"@type":"EntryPoint","urlTemplate":"https:\/\/www.erresse-shop.it\/de\/?s={search_term_string}"},"query-input":"required name=search_term_string"}],"inLanguage":"de-DE"}]}},"df_price":269.95,"df_sale_price":269.95,"df_regular_price":319,"df_image_link":"https:\/\/www.erresse-shop.it\/wp-content\/uploads\/2024\/12\/Villeroy-e-boch-set-12-pz-toys-delight-royal-classic-300x300.jpg","_links":{"self":[{"href":"https:\/\/www.erresse-shop.it\/de\/wp-json\/wp\/v2\/product\/452762"}],"collection":[{"href":"https:\/\/www.erresse-shop.it\/de\/wp-json\/wp\/v2\/product"}],"about":[{"href":"https:\/\/www.erresse-shop.it\/de\/wp-json\/wp\/v2\/types\/product"}],"wp:featuredmedia":[{"embeddable":true,"href":"https:\/\/www.erresse-shop.it\/de\/wp-json\/wp\/v2\/media\/452771"}],"wp:attachment":[{"href":"https:\/\/www.erresse-shop.it\/de\/wp-json\/wp\/v2\/media?parent=452762"}],"wp:term":[{"taxonomy":"product_cat","embeddable":true,"href":"https:\/\/www.erresse-shop.it\/de\/wp-json\/wp\/v2\/product_cat?post=452762"},{"taxonomy":"product_tag","embeddable":true,"href":"https:\/\/www.erresse-shop.it\/de\/wp-json\/wp\/v2\/product_tag?post=452762"}],"curies":[{"name":"wp","href":"https:\/\/api.w.org\/{rel}","templated":true}]}}