{"id":451586,"date":"2024-11-27T08:13:08","date_gmt":"2024-11-27T08:13:09","guid":{"rendered":"https:\/\/www.erresse-shop.it\/?post_type=product&#038;p=451586"},"modified":"2024-11-27T09:35:40","modified_gmt":"2024-11-27T09:35:40","slug":"portmeirion-christmas-tree-set-mit-4-speisetellern-copia","status":"publish","type":"product","link":"https:\/\/www.erresse-shop.it\/de\/shop\/tisch\/teller-geschirr\/portmeirion-christmas-tree-set-mit-4-speisetellern-copia\/","title":{"rendered":"PORTMEIRION Christmas Tree Set mit 4 Obsttellern"},"content":{"rendered":"<p>Weihnachten gibt es nur einmal im Jahr, also machen Sie Ihr Familientreffen mit diesen Spode-Weihnachtsbaumtellern noch unvergesslicher. Sie eignen sich perfekt zum Servieren saisonaler Beilagen oder als kleine Servierteller und zeichnen sich durch das traditionelle Weihnachtsbaumdesign aus, das seit 1938 auf der ganzen Welt beliebt ist, mit einer festlichen gr\u00fcnen Oberfl\u00e4che auf der Au\u00dfenseite. Jahr f\u00fcr Jahr zaubern sie Kindern und Enkelkindern ein L\u00e4cheln ins Gesicht. Erstellen Sie ein passendes Set mit dem Rest unseres Sortiments f\u00fcr einen Tisch voller Weihnachtsstimmung.<\/p>\n<p>Jedes einzelne St\u00fcck wird in vielen Fabriken in England hergestellt und ist f\u00fcr das moderne Ess- und Wohnzimmer konzipiert und von h\u00f6chster Qualit\u00e4t.<\/p>\n<p><strong>Produktdetails:<\/strong><\/p>\n<p>Pflege: Geeignet f\u00fcr Mikrowelle, Sp\u00fclmaschine, Gefrierschrank und Backofen<br \/>\nMaterial: Terrakotta<\/p>\n","protected":false},"excerpt":{"rendered":"<p>Weihnachten gibt es nur einmal im Jahr, also machen Sie Ihr Familientreffen mit diesen Spode-Weihnachtsbaumtellern noch unvergesslicher. Sie eignen sich<\/p>\n","protected":false},"featured_media":451606,"template":"","meta":{"_acf_changed":false,"inline_featured_image":false},"product_cat":[6793,6787],"product_tag":[19359,23911,20877,14548,24604,20172,11971,25022,11827,16717],"acf":[],"yoast_head":"<!-- This site is optimized with the Yoast SEO Premium plugin v18.6 (Yoast SEO v19.13) - https:\/\/yoast.com\/wordpress\/plugins\/seo\/ -->\n<title>PORTMEIRION Christmas Tree Set mit 4 Obsttellern - Erresse Shop<\/title>\n<meta name=\"description\" content=\"Weihnachten gibt es nur einmal im Jahr, also machen Sie Ihr Familientreffen mit diesen Spode-Weihnachtsbaumtellern noch unvergesslicher. Sie eignen sich\" \/>\n<meta name=\"robots\" content=\"index, follow, max-snippet:-1, max-image-preview:large, max-video-preview:-1\" \/>\n<link rel=\"canonical\" href=\"https:\/\/www.erresse-shop.it\/de\/shop\/tisch\/teller-geschirr\/portmeirion-christmas-tree-set-mit-4-speisetellern-copia\/\" \/>\n<meta property=\"og:locale\" content=\"de_DE\" \/>\n<meta property=\"og:type\" content=\"article\" \/>\n<meta property=\"og:title\" content=\"PORTMEIRION Christmas Tree Set mit 4 Obsttellern\" \/>\n<meta property=\"og:description\" content=\"Weihnachten gibt es nur einmal im Jahr, also machen Sie Ihr Familientreffen mit diesen Spode-Weihnachtsbaumtellern noch unvergesslicher. Sie eignen sich\" \/>\n<meta property=\"og:url\" content=\"https:\/\/www.erresse-shop.it\/de\/shop\/tisch\/teller-geschirr\/portmeirion-christmas-tree-set-mit-4-speisetellern-copia\/\" \/>\n<meta property=\"og:site_name\" content=\"Erresse Shop\" \/>\n<meta property=\"article:modified_time\" content=\"2024-11-27T09:35:40+00:00\" \/>\n<meta property=\"og:image\" content=\"https:\/\/www.erresse-shop.it\/wp-content\/uploads\/2024\/11\/PORTMEIRION-Christmas-Tree-Set-4-Piatti-Frutta.jpg\" \/>\n\t<meta property=\"og:image:width\" content=\"1200\" \/>\n\t<meta property=\"og:image:height\" content=\"1200\" \/>\n\t<meta property=\"og:image:type\" content=\"image\/jpeg\" \/>\n<meta name=\"twitter:card\" content=\"summary_large_image\" \/>\n<script type=\"application\/ld+json\" class=\"yoast-schema-graph\">{\"@context\":\"https:\/\/schema.org\",\"@graph\":[{\"@type\":\"WebPage\",\"@id\":\"https:\/\/www.erresse-shop.it\/de\/shop\/tisch\/teller-geschirr\/portmeirion-christmas-tree-set-mit-4-speisetellern-copia\/\",\"url\":\"https:\/\/www.erresse-shop.it\/de\/shop\/tisch\/teller-geschirr\/portmeirion-christmas-tree-set-mit-4-speisetellern-copia\/\",\"name\":\"PORTMEIRION Christmas Tree Set mit 4 Obsttellern - Erresse Shop\",\"isPartOf\":{\"@id\":\"https:\/\/www.erresse-shop.it\/de\/#website\"},\"datePublished\":\"2024-11-27T08:13:09+00:00\",\"dateModified\":\"2024-11-27T09:35:40+00:00\",\"description\":\"Weihnachten gibt es nur einmal im Jahr, also machen Sie Ihr Familientreffen mit diesen Spode-Weihnachtsbaumtellern noch unvergesslicher. Sie eignen sich\",\"breadcrumb\":{\"@id\":\"https:\/\/www.erresse-shop.it\/de\/shop\/tisch\/teller-geschirr\/portmeirion-christmas-tree-set-mit-4-speisetellern-copia\/#breadcrumb\"},\"inLanguage\":\"de-DE\",\"potentialAction\":[{\"@type\":\"ReadAction\",\"target\":[\"https:\/\/www.erresse-shop.it\/de\/shop\/tisch\/teller-geschirr\/portmeirion-christmas-tree-set-mit-4-speisetellern-copia\/\"]}]},{\"@type\":\"BreadcrumbList\",\"@id\":\"https:\/\/www.erresse-shop.it\/de\/shop\/tisch\/teller-geschirr\/portmeirion-christmas-tree-set-mit-4-speisetellern-copia\/#breadcrumb\",\"itemListElement\":[{\"@type\":\"ListItem\",\"position\":1,\"name\":\"Home\",\"item\":\"https:\/\/www.erresse-shop.it\/de\/\"},{\"@type\":\"ListItem\",\"position\":2,\"name\":\"Shop\",\"item\":\"https:\/\/www.erresse-shop.it\/de\/shop\/\"},{\"@type\":\"ListItem\",\"position\":3,\"name\":\"PORTMEIRION Christmas Tree Set mit 4 Obsttellern\"}]},{\"@type\":\"WebSite\",\"@id\":\"https:\/\/www.erresse-shop.it\/de\/#website\",\"url\":\"https:\/\/www.erresse-shop.it\/de\/\",\"name\":\"Erresse Shop\",\"description\":\"Articoli di qualit\u00e0 per la casa\",\"potentialAction\":[{\"@type\":\"SearchAction\",\"target\":{\"@type\":\"EntryPoint\",\"urlTemplate\":\"https:\/\/www.erresse-shop.it\/de\/?s={search_term_string}\"},\"query-input\":\"required name=search_term_string\"}],\"inLanguage\":\"de-DE\"}]}<\/script>\n<!-- \/ Yoast SEO Premium plugin. -->","yoast_head_json":{"title":"PORTMEIRION Christmas Tree Set mit 4 Obsttellern - Erresse Shop","description":"Weihnachten gibt es nur einmal im Jahr, also machen Sie Ihr Familientreffen mit diesen Spode-Weihnachtsbaumtellern noch unvergesslicher. Sie eignen sich","robots":{"index":"index","follow":"follow","max-snippet":"max-snippet:-1","max-image-preview":"max-image-preview:large","max-video-preview":"max-video-preview:-1"},"canonical":"https:\/\/www.erresse-shop.it\/de\/shop\/tisch\/teller-geschirr\/portmeirion-christmas-tree-set-mit-4-speisetellern-copia\/","og_locale":"de_DE","og_type":"article","og_title":"PORTMEIRION Christmas Tree Set mit 4 Obsttellern","og_description":"Weihnachten gibt es nur einmal im Jahr, also machen Sie Ihr Familientreffen mit diesen Spode-Weihnachtsbaumtellern noch unvergesslicher. Sie eignen sich","og_url":"https:\/\/www.erresse-shop.it\/de\/shop\/tisch\/teller-geschirr\/portmeirion-christmas-tree-set-mit-4-speisetellern-copia\/","og_site_name":"Erresse Shop","article_modified_time":"2024-11-27T09:35:40+00:00","og_image":[{"width":1200,"height":1200,"url":"https:\/\/www.erresse-shop.it\/wp-content\/uploads\/2024\/11\/PORTMEIRION-Christmas-Tree-Set-4-Piatti-Frutta.jpg","type":"image\/jpeg"}],"twitter_card":"summary_large_image","schema":{"@context":"https:\/\/schema.org","@graph":[{"@type":"WebPage","@id":"https:\/\/www.erresse-shop.it\/de\/shop\/tisch\/teller-geschirr\/portmeirion-christmas-tree-set-mit-4-speisetellern-copia\/","url":"https:\/\/www.erresse-shop.it\/de\/shop\/tisch\/teller-geschirr\/portmeirion-christmas-tree-set-mit-4-speisetellern-copia\/","name":"PORTMEIRION Christmas Tree Set mit 4 Obsttellern - Erresse Shop","isPartOf":{"@id":"https:\/\/www.erresse-shop.it\/de\/#website"},"datePublished":"2024-11-27T08:13:09+00:00","dateModified":"2024-11-27T09:35:40+00:00","description":"Weihnachten gibt es nur einmal im Jahr, also machen Sie Ihr Familientreffen mit diesen Spode-Weihnachtsbaumtellern noch unvergesslicher. Sie eignen sich","breadcrumb":{"@id":"https:\/\/www.erresse-shop.it\/de\/shop\/tisch\/teller-geschirr\/portmeirion-christmas-tree-set-mit-4-speisetellern-copia\/#breadcrumb"},"inLanguage":"de-DE","potentialAction":[{"@type":"ReadAction","target":["https:\/\/www.erresse-shop.it\/de\/shop\/tisch\/teller-geschirr\/portmeirion-christmas-tree-set-mit-4-speisetellern-copia\/"]}]},{"@type":"BreadcrumbList","@id":"https:\/\/www.erresse-shop.it\/de\/shop\/tisch\/teller-geschirr\/portmeirion-christmas-tree-set-mit-4-speisetellern-copia\/#breadcrumb","itemListElement":[{"@type":"ListItem","position":1,"name":"Home","item":"https:\/\/www.erresse-shop.it\/de\/"},{"@type":"ListItem","position":2,"name":"Shop","item":"https:\/\/www.erresse-shop.it\/de\/shop\/"},{"@type":"ListItem","position":3,"name":"PORTMEIRION Christmas Tree Set mit 4 Obsttellern"}]},{"@type":"WebSite","@id":"https:\/\/www.erresse-shop.it\/de\/#website","url":"https:\/\/www.erresse-shop.it\/de\/","name":"Erresse Shop","description":"Articoli di qualit\u00e0 per la casa","potentialAction":[{"@type":"SearchAction","target":{"@type":"EntryPoint","urlTemplate":"https:\/\/www.erresse-shop.it\/de\/?s={search_term_string}"},"query-input":"required name=search_term_string"}],"inLanguage":"de-DE"}]}},"df_price":77.95,"df_sale_price":77.95,"df_regular_price":115.95,"df_image_link":"https:\/\/www.erresse-shop.it\/wp-content\/uploads\/2024\/11\/PORTMEIRION-Christmas-Tree-Set-4-Piatti-Frutta-300x300.jpg","_links":{"self":[{"href":"https:\/\/www.erresse-shop.it\/de\/wp-json\/wp\/v2\/product\/451586"}],"collection":[{"href":"https:\/\/www.erresse-shop.it\/de\/wp-json\/wp\/v2\/product"}],"about":[{"href":"https:\/\/www.erresse-shop.it\/de\/wp-json\/wp\/v2\/types\/product"}],"wp:featuredmedia":[{"embeddable":true,"href":"https:\/\/www.erresse-shop.it\/de\/wp-json\/wp\/v2\/media\/451606"}],"wp:attachment":[{"href":"https:\/\/www.erresse-shop.it\/de\/wp-json\/wp\/v2\/media?parent=451586"}],"wp:term":[{"taxonomy":"product_cat","embeddable":true,"href":"https:\/\/www.erresse-shop.it\/de\/wp-json\/wp\/v2\/product_cat?post=451586"},{"taxonomy":"product_tag","embeddable":true,"href":"https:\/\/www.erresse-shop.it\/de\/wp-json\/wp\/v2\/product_tag?post=451586"}],"curies":[{"name":"wp","href":"https:\/\/api.w.org\/{rel}","templated":true}]}}