{"id":451563,"date":"2024-11-27T07:54:02","date_gmt":"2024-11-27T07:54:03","guid":{"rendered":"https:\/\/www.erresse-shop.it\/?post_type=product&#038;p=451563"},"modified":"2024-11-27T08:09:56","modified_gmt":"2024-11-27T08:09:56","slug":"portmeirion-christmas-tree-set-6-suppenteller-copia","status":"publish","type":"product","link":"https:\/\/www.erresse-shop.it\/de\/shop\/tisch\/teller-geschirr\/portmeirion-christmas-tree-set-6-suppenteller-copia\/","title":{"rendered":"PORTMEIRION Christmas Tree Set mit 4 Speisetellern"},"content":{"rendered":"<p>Ganz gleich, ob es sich um den klassischen Weihnachtsbraten, ein k\u00f6stliches vegetarisches Festmahl oder etwas v\u00f6llig Unkonventionelles handelt, bringen Sie mit diesem Set aus vier thematischen Serviertellern Weihnachtsstimmung auf Ihren Tisch. Mit dem Weihnachtsbaum-Design, einem nostalgischen Favoriten mit seinen gr\u00fcnen und roten Farben, werden diese Weihnachtsteller Ihre G\u00e4ste bei Ihrem Feiertagsbankett begeistern. Trotz des komplizierten Designs, das erstmals 1938 entworfen wurde, sind diese in Gro\u00dfbritannien hergestellten Teller bereit f\u00fcr das moderne Leben, da sie mikrowellen-, ofen- und sp\u00fclmaschinenfest sind.<\/p>\n<p>Jedes einzelne St\u00fcck wird in vielen Fabriken in England hergestellt und ist f\u00fcr das moderne Ess- und Wohnzimmer konzipiert und von h\u00f6chster Qualit\u00e4t.<\/p>\n<p><strong>Produktdetails:<\/strong><\/p>\n<p>Pflege: Geeignet f\u00fcr Mikrowelle, Sp\u00fclmaschine, Gefrierschrank und Backofen<br \/>\nMaterial: Terrakotta<\/p>\n","protected":false},"excerpt":{"rendered":"<p>Ganz gleich, ob es sich um den klassischen Weihnachtsbraten, ein k\u00f6stliches vegetarisches Festmahl oder etwas v\u00f6llig Unkonventionelles handelt, bringen Sie<\/p>\n","protected":false},"featured_media":451583,"template":"","meta":{"_acf_changed":false,"inline_featured_image":false},"product_cat":[6793,6787],"product_tag":[19359,23911,21971,24604,21970,25022,12350,11827],"acf":[],"yoast_head":"<!-- This site is optimized with the Yoast SEO Premium plugin v18.6 (Yoast SEO v19.13) - https:\/\/yoast.com\/wordpress\/plugins\/seo\/ -->\n<title>PORTMEIRION Christmas Tree Set mit 4 Speisetellern - Erresse Shop<\/title>\n<meta name=\"description\" content=\"Ganz gleich, ob es sich um den klassischen Weihnachtsbraten, ein k\u00f6stliches vegetarisches Festmahl oder etwas v\u00f6llig Unkonventionelles handelt, bringen\" \/>\n<meta name=\"robots\" content=\"index, follow, max-snippet:-1, max-image-preview:large, max-video-preview:-1\" \/>\n<link rel=\"canonical\" href=\"https:\/\/www.erresse-shop.it\/de\/shop\/tisch\/teller-geschirr\/portmeirion-christmas-tree-set-6-suppenteller-copia\/\" \/>\n<meta property=\"og:locale\" content=\"de_DE\" \/>\n<meta property=\"og:type\" content=\"article\" \/>\n<meta property=\"og:title\" content=\"PORTMEIRION Christmas Tree Set mit 4 Speisetellern\" \/>\n<meta property=\"og:description\" content=\"Ganz gleich, ob es sich um den klassischen Weihnachtsbraten, ein k\u00f6stliches vegetarisches Festmahl oder etwas v\u00f6llig Unkonventionelles handelt, bringen\" \/>\n<meta property=\"og:url\" content=\"https:\/\/www.erresse-shop.it\/de\/shop\/tisch\/teller-geschirr\/portmeirion-christmas-tree-set-6-suppenteller-copia\/\" \/>\n<meta property=\"og:site_name\" content=\"Erresse Shop\" \/>\n<meta property=\"article:modified_time\" content=\"2024-11-27T08:09:56+00:00\" \/>\n<meta property=\"og:image\" content=\"https:\/\/www.erresse-shop.it\/wp-content\/uploads\/2024\/11\/PORTMEIRION-Christmas-Tree-Set-4-Piatti-Piani.jpg\" \/>\n\t<meta property=\"og:image:width\" content=\"1200\" \/>\n\t<meta property=\"og:image:height\" content=\"1200\" \/>\n\t<meta property=\"og:image:type\" content=\"image\/jpeg\" \/>\n<meta name=\"twitter:card\" content=\"summary_large_image\" \/>\n<script type=\"application\/ld+json\" class=\"yoast-schema-graph\">{\"@context\":\"https:\/\/schema.org\",\"@graph\":[{\"@type\":\"WebPage\",\"@id\":\"https:\/\/www.erresse-shop.it\/de\/shop\/tisch\/teller-geschirr\/portmeirion-christmas-tree-set-6-suppenteller-copia\/\",\"url\":\"https:\/\/www.erresse-shop.it\/de\/shop\/tisch\/teller-geschirr\/portmeirion-christmas-tree-set-6-suppenteller-copia\/\",\"name\":\"PORTMEIRION Christmas Tree Set mit 4 Speisetellern - Erresse Shop\",\"isPartOf\":{\"@id\":\"https:\/\/www.erresse-shop.it\/de\/#website\"},\"datePublished\":\"2024-11-27T07:54:03+00:00\",\"dateModified\":\"2024-11-27T08:09:56+00:00\",\"description\":\"Ganz gleich, ob es sich um den klassischen Weihnachtsbraten, ein k\u00f6stliches vegetarisches Festmahl oder etwas v\u00f6llig Unkonventionelles handelt, bringen\",\"breadcrumb\":{\"@id\":\"https:\/\/www.erresse-shop.it\/de\/shop\/tisch\/teller-geschirr\/portmeirion-christmas-tree-set-6-suppenteller-copia\/#breadcrumb\"},\"inLanguage\":\"de-DE\",\"potentialAction\":[{\"@type\":\"ReadAction\",\"target\":[\"https:\/\/www.erresse-shop.it\/de\/shop\/tisch\/teller-geschirr\/portmeirion-christmas-tree-set-6-suppenteller-copia\/\"]}]},{\"@type\":\"BreadcrumbList\",\"@id\":\"https:\/\/www.erresse-shop.it\/de\/shop\/tisch\/teller-geschirr\/portmeirion-christmas-tree-set-6-suppenteller-copia\/#breadcrumb\",\"itemListElement\":[{\"@type\":\"ListItem\",\"position\":1,\"name\":\"Home\",\"item\":\"https:\/\/www.erresse-shop.it\/de\/\"},{\"@type\":\"ListItem\",\"position\":2,\"name\":\"Shop\",\"item\":\"https:\/\/www.erresse-shop.it\/de\/shop\/\"},{\"@type\":\"ListItem\",\"position\":3,\"name\":\"PORTMEIRION Christmas Tree Set mit 4 Speisetellern\"}]},{\"@type\":\"WebSite\",\"@id\":\"https:\/\/www.erresse-shop.it\/de\/#website\",\"url\":\"https:\/\/www.erresse-shop.it\/de\/\",\"name\":\"Erresse Shop\",\"description\":\"Articoli di qualit\u00e0 per la casa\",\"potentialAction\":[{\"@type\":\"SearchAction\",\"target\":{\"@type\":\"EntryPoint\",\"urlTemplate\":\"https:\/\/www.erresse-shop.it\/de\/?s={search_term_string}\"},\"query-input\":\"required name=search_term_string\"}],\"inLanguage\":\"de-DE\"}]}<\/script>\n<!-- \/ Yoast SEO Premium plugin. -->","yoast_head_json":{"title":"PORTMEIRION Christmas Tree Set mit 4 Speisetellern - Erresse Shop","description":"Ganz gleich, ob es sich um den klassischen Weihnachtsbraten, ein k\u00f6stliches vegetarisches Festmahl oder etwas v\u00f6llig Unkonventionelles handelt, bringen","robots":{"index":"index","follow":"follow","max-snippet":"max-snippet:-1","max-image-preview":"max-image-preview:large","max-video-preview":"max-video-preview:-1"},"canonical":"https:\/\/www.erresse-shop.it\/de\/shop\/tisch\/teller-geschirr\/portmeirion-christmas-tree-set-6-suppenteller-copia\/","og_locale":"de_DE","og_type":"article","og_title":"PORTMEIRION Christmas Tree Set mit 4 Speisetellern","og_description":"Ganz gleich, ob es sich um den klassischen Weihnachtsbraten, ein k\u00f6stliches vegetarisches Festmahl oder etwas v\u00f6llig Unkonventionelles handelt, bringen","og_url":"https:\/\/www.erresse-shop.it\/de\/shop\/tisch\/teller-geschirr\/portmeirion-christmas-tree-set-6-suppenteller-copia\/","og_site_name":"Erresse Shop","article_modified_time":"2024-11-27T08:09:56+00:00","og_image":[{"width":1200,"height":1200,"url":"https:\/\/www.erresse-shop.it\/wp-content\/uploads\/2024\/11\/PORTMEIRION-Christmas-Tree-Set-4-Piatti-Piani.jpg","type":"image\/jpeg"}],"twitter_card":"summary_large_image","schema":{"@context":"https:\/\/schema.org","@graph":[{"@type":"WebPage","@id":"https:\/\/www.erresse-shop.it\/de\/shop\/tisch\/teller-geschirr\/portmeirion-christmas-tree-set-6-suppenteller-copia\/","url":"https:\/\/www.erresse-shop.it\/de\/shop\/tisch\/teller-geschirr\/portmeirion-christmas-tree-set-6-suppenteller-copia\/","name":"PORTMEIRION Christmas Tree Set mit 4 Speisetellern - Erresse Shop","isPartOf":{"@id":"https:\/\/www.erresse-shop.it\/de\/#website"},"datePublished":"2024-11-27T07:54:03+00:00","dateModified":"2024-11-27T08:09:56+00:00","description":"Ganz gleich, ob es sich um den klassischen Weihnachtsbraten, ein k\u00f6stliches vegetarisches Festmahl oder etwas v\u00f6llig Unkonventionelles handelt, bringen","breadcrumb":{"@id":"https:\/\/www.erresse-shop.it\/de\/shop\/tisch\/teller-geschirr\/portmeirion-christmas-tree-set-6-suppenteller-copia\/#breadcrumb"},"inLanguage":"de-DE","potentialAction":[{"@type":"ReadAction","target":["https:\/\/www.erresse-shop.it\/de\/shop\/tisch\/teller-geschirr\/portmeirion-christmas-tree-set-6-suppenteller-copia\/"]}]},{"@type":"BreadcrumbList","@id":"https:\/\/www.erresse-shop.it\/de\/shop\/tisch\/teller-geschirr\/portmeirion-christmas-tree-set-6-suppenteller-copia\/#breadcrumb","itemListElement":[{"@type":"ListItem","position":1,"name":"Home","item":"https:\/\/www.erresse-shop.it\/de\/"},{"@type":"ListItem","position":2,"name":"Shop","item":"https:\/\/www.erresse-shop.it\/de\/shop\/"},{"@type":"ListItem","position":3,"name":"PORTMEIRION Christmas Tree Set mit 4 Speisetellern"}]},{"@type":"WebSite","@id":"https:\/\/www.erresse-shop.it\/de\/#website","url":"https:\/\/www.erresse-shop.it\/de\/","name":"Erresse Shop","description":"Articoli di qualit\u00e0 per la casa","potentialAction":[{"@type":"SearchAction","target":{"@type":"EntryPoint","urlTemplate":"https:\/\/www.erresse-shop.it\/de\/?s={search_term_string}"},"query-input":"required name=search_term_string"}],"inLanguage":"de-DE"}]}},"df_price":102.95,"df_sale_price":102.95,"df_regular_price":168.71,"df_image_link":"https:\/\/www.erresse-shop.it\/wp-content\/uploads\/2024\/11\/PORTMEIRION-Christmas-Tree-Set-4-Piatti-Piani-300x300.jpg","_links":{"self":[{"href":"https:\/\/www.erresse-shop.it\/de\/wp-json\/wp\/v2\/product\/451563"}],"collection":[{"href":"https:\/\/www.erresse-shop.it\/de\/wp-json\/wp\/v2\/product"}],"about":[{"href":"https:\/\/www.erresse-shop.it\/de\/wp-json\/wp\/v2\/types\/product"}],"wp:featuredmedia":[{"embeddable":true,"href":"https:\/\/www.erresse-shop.it\/de\/wp-json\/wp\/v2\/media\/451583"}],"wp:attachment":[{"href":"https:\/\/www.erresse-shop.it\/de\/wp-json\/wp\/v2\/media?parent=451563"}],"wp:term":[{"taxonomy":"product_cat","embeddable":true,"href":"https:\/\/www.erresse-shop.it\/de\/wp-json\/wp\/v2\/product_cat?post=451563"},{"taxonomy":"product_tag","embeddable":true,"href":"https:\/\/www.erresse-shop.it\/de\/wp-json\/wp\/v2\/product_tag?post=451563"}],"curies":[{"name":"wp","href":"https:\/\/api.w.org\/{rel}","templated":true}]}}