{"id":451404,"date":"2024-11-26T14:47:51","date_gmt":"2024-11-26T14:47:52","guid":{"rendered":"https:\/\/www.erresse-shop.it\/?post_type=product&#038;p=451404"},"modified":"2025-04-24T07:30:08","modified_gmt":"2025-04-24T07:30:08","slug":"cookvision-nesto-smart-kochgeschirr-set-10-teilig-schwarz-copia","status":"publish","type":"product","link":"https:\/\/www.erresse-shop.it\/de\/shop\/toepfe-pfannen\/topfsets\/cookvision-nesto-smart-kochgeschirr-set-10-teilig-schwarz-copia\/","title":{"rendered":"COOKVISION Mega Nesto Topfset 11-teilig Schwarz"},"content":{"rendered":"<p><strong>PLATZ UND ORDNUNG AUCH IN DER KLEINSTEN K\u00dcCHE<\/strong><\/p>\n<p>Nesto ist so konzipiert, dass alle T\u00f6pfe und Pfannen ineinander gestapelt werden k\u00f6nnen, ohne dass sich die H\u00f6he wesentlich vergr\u00f6\u00dfert. Selbst der gr\u00f6\u00dfte Topf passt in die kleinste Pfanne und gleich gro\u00dfe Elemente sind kein Problem. Nesto spart in jeder Hinsicht maximal Platz!<\/p>\n<p><strong>SERVIEREN UND SERVIEREN<\/strong><\/p>\n<p>Nesto Edelstahlt\u00f6pfe sind so elegant und so hochwertig, dass Sie sie auch direkt zum Servieren verwenden k\u00f6nnen.<\/p>\n<p>T\u00f6pfe ohne Griff verwandeln sich in elegante Sch\u00fcsseln, die in Schalen f\u00fcr Salate, Gem\u00fcse und Beilagen die Blicke auf sich ziehen!<\/p>\n<p><strong>PROFESSIONELLES KOCHEN<\/strong><\/p>\n<p>Was unterscheidet Profi-Equipment von Hobby-Werkzeugen? Das Material und die Verarbeitung: F\u00fcr Nesto haben wir extra widerstandsf\u00e4higen 18\/10 Chrom-Nickel-Edelstahl verwendet. Nesto verf\u00fcgt \u00fcber einen 6 mm starken gekapselten Thermoboden mit Aluminiumkern. Dieser sorgt daf\u00fcr, dass sich die B\u00f6den auch bei gro\u00dfer Hitze nicht verziehen und garantiert so eine optimale W\u00e4rmeverteilung.<\/p>\n<p><strong>Offensive Party<\/strong><\/p>\n<p>Unsere Nesto Edelstahlt\u00f6pfe und -pfannen sind nicht nur robust und pflegeleicht, sondern auch vielseitig einsetzbar. Mit einem Handgriff lassen sie sich vom Herd in den Backofen stellen und von dort direkt am Tisch servieren.<\/p>\n<p>Dank der Backofenfestigkeit sind Ihrer Kreativit\u00e4t in der K\u00fcche keine Grenzen gesetzt: Entdecken Sie die vielf\u00e4ltigen Einsatzm\u00f6glichkeiten von Nesto Edelstahlkochgeschirr!<\/p>\n<p><strong>Deckel mit Dampfauslass<\/strong><\/p>\n<p>Nesto Deckel verf\u00fcgen \u00fcber einen seitlichen Dampfauslass und leiten den austretenden Dampf somit optimal in Ventilatoren und Downdraft-Dunstabzugshauben.<\/p>\n<p>K\u00fcchenger\u00fcche, Dampf und Fett werden kontinuierlich entfernt und der Kochbereich bleibt sauber!<\/p>\n<p><strong>Das Topfset enth\u00e4lt:<\/strong><\/p>\n<ul>\n<li>3 T\u00f6pfe:\n<ol>\n<li>\u00f8 16 x 8,5 cm 1,3 l<\/li>\n<li>\u00f8 20 x 11,4 cm 2,8 l<\/li>\n<li>\u00f8 24 x 14,0 cm 5,1 l<\/li>\n<\/ol>\n<\/li>\n<li>3 Glasdeckel:\n<ol>\n<li>\u00f8 16 cm<\/li>\n<li>\u00f8 20 cm<\/li>\n<li>\u00f8 24 cm<\/li>\n<\/ol>\n<\/li>\n<li>1 Bratpfanne mit Antihaftbeschichtung \u00f8 24 x 5,0 cm<\/li>\n<li>1 langer Griff<\/li>\n<li>2 Silikongriffe<\/li>\n<li>1 Untersetzer<\/li>\n<\/ul>\n","protected":false},"excerpt":{"rendered":"<p>PLATZ UND ORDNUNG AUCH IN DER KLEINSTEN K\u00dcCHE Nesto ist so konzipiert, dass alle T\u00f6pfe und Pfannen ineinander gestapelt werden<\/p>\n","protected":false},"featured_media":451441,"template":"","meta":{"_acf_changed":false,"inline_featured_image":false},"product_cat":[6709,14781],"product_tag":[11605,12992,12205,13686],"acf":[],"yoast_head":"<!-- This site is optimized with the Yoast SEO Premium plugin v18.6 (Yoast SEO v19.13) - https:\/\/yoast.com\/wordpress\/plugins\/seo\/ -->\n<title>COOKVISION Mega Nesto Topfset 11-teilig Schwarz - Erresse Shop<\/title>\n<meta name=\"description\" content=\"PLATZ UND ORDNUNG AUCH IN DER KLEINSTEN K\u00dcCHE Nesto ist so konzipiert, dass alle T\u00f6pfe und Pfannen ineinander gestapelt werden k\u00f6nnen, ohne dass sich die\" \/>\n<meta name=\"robots\" content=\"index, follow, max-snippet:-1, max-image-preview:large, max-video-preview:-1\" \/>\n<link rel=\"canonical\" href=\"https:\/\/www.erresse-shop.it\/de\/shop\/toepfe-pfannen\/topfsets\/cookvision-nesto-smart-kochgeschirr-set-10-teilig-schwarz-copia\/\" \/>\n<meta property=\"og:locale\" content=\"de_DE\" \/>\n<meta property=\"og:type\" content=\"article\" \/>\n<meta property=\"og:title\" content=\"COOKVISION Mega Nesto Topfset 11-teilig Schwarz\" \/>\n<meta property=\"og:description\" content=\"PLATZ UND ORDNUNG AUCH IN DER KLEINSTEN K\u00dcCHE Nesto ist so konzipiert, dass alle T\u00f6pfe und Pfannen ineinander gestapelt werden k\u00f6nnen, ohne dass sich die\" \/>\n<meta property=\"og:url\" content=\"https:\/\/www.erresse-shop.it\/de\/shop\/toepfe-pfannen\/topfsets\/cookvision-nesto-smart-kochgeschirr-set-10-teilig-schwarz-copia\/\" \/>\n<meta property=\"og:site_name\" content=\"Erresse Shop\" \/>\n<meta property=\"article:modified_time\" content=\"2025-04-24T07:30:08+00:00\" \/>\n<meta property=\"og:image\" content=\"https:\/\/www.erresse-shop.it\/wp-content\/uploads\/2024\/11\/COOKVISION-Set-Pentole-Smart-Nesto-11-Pezzi-Nero.jpg\" \/>\n\t<meta property=\"og:image:width\" content=\"1200\" \/>\n\t<meta property=\"og:image:height\" content=\"1200\" \/>\n\t<meta property=\"og:image:type\" content=\"image\/jpeg\" \/>\n<meta name=\"twitter:card\" content=\"summary_large_image\" \/>\n<script type=\"application\/ld+json\" class=\"yoast-schema-graph\">{\"@context\":\"https:\/\/schema.org\",\"@graph\":[{\"@type\":\"WebPage\",\"@id\":\"https:\/\/www.erresse-shop.it\/de\/shop\/toepfe-pfannen\/topfsets\/cookvision-nesto-smart-kochgeschirr-set-10-teilig-schwarz-copia\/\",\"url\":\"https:\/\/www.erresse-shop.it\/de\/shop\/toepfe-pfannen\/topfsets\/cookvision-nesto-smart-kochgeschirr-set-10-teilig-schwarz-copia\/\",\"name\":\"COOKVISION Mega Nesto Topfset 11-teilig Schwarz - Erresse Shop\",\"isPartOf\":{\"@id\":\"https:\/\/www.erresse-shop.it\/de\/#website\"},\"datePublished\":\"2024-11-26T14:47:52+00:00\",\"dateModified\":\"2025-04-24T07:30:08+00:00\",\"description\":\"PLATZ UND ORDNUNG AUCH IN DER KLEINSTEN K\u00dcCHE Nesto ist so konzipiert, dass alle T\u00f6pfe und Pfannen ineinander gestapelt werden k\u00f6nnen, ohne dass sich die\",\"breadcrumb\":{\"@id\":\"https:\/\/www.erresse-shop.it\/de\/shop\/toepfe-pfannen\/topfsets\/cookvision-nesto-smart-kochgeschirr-set-10-teilig-schwarz-copia\/#breadcrumb\"},\"inLanguage\":\"de-DE\",\"potentialAction\":[{\"@type\":\"ReadAction\",\"target\":[\"https:\/\/www.erresse-shop.it\/de\/shop\/toepfe-pfannen\/topfsets\/cookvision-nesto-smart-kochgeschirr-set-10-teilig-schwarz-copia\/\"]}]},{\"@type\":\"BreadcrumbList\",\"@id\":\"https:\/\/www.erresse-shop.it\/de\/shop\/toepfe-pfannen\/topfsets\/cookvision-nesto-smart-kochgeschirr-set-10-teilig-schwarz-copia\/#breadcrumb\",\"itemListElement\":[{\"@type\":\"ListItem\",\"position\":1,\"name\":\"Home\",\"item\":\"https:\/\/www.erresse-shop.it\/de\/\"},{\"@type\":\"ListItem\",\"position\":2,\"name\":\"Shop\",\"item\":\"https:\/\/www.erresse-shop.it\/de\/shop\/\"},{\"@type\":\"ListItem\",\"position\":3,\"name\":\"COOKVISION Mega Nesto Topfset 11-teilig Schwarz\"}]},{\"@type\":\"WebSite\",\"@id\":\"https:\/\/www.erresse-shop.it\/de\/#website\",\"url\":\"https:\/\/www.erresse-shop.it\/de\/\",\"name\":\"Erresse Shop\",\"description\":\"Articoli di qualit\u00e0 per la casa\",\"potentialAction\":[{\"@type\":\"SearchAction\",\"target\":{\"@type\":\"EntryPoint\",\"urlTemplate\":\"https:\/\/www.erresse-shop.it\/de\/?s={search_term_string}\"},\"query-input\":\"required name=search_term_string\"}],\"inLanguage\":\"de-DE\"}]}<\/script>\n<!-- \/ Yoast SEO Premium plugin. -->","yoast_head_json":{"title":"COOKVISION Mega Nesto Topfset 11-teilig Schwarz - Erresse Shop","description":"PLATZ UND ORDNUNG AUCH IN DER KLEINSTEN K\u00dcCHE Nesto ist so konzipiert, dass alle T\u00f6pfe und Pfannen ineinander gestapelt werden k\u00f6nnen, ohne dass sich die","robots":{"index":"index","follow":"follow","max-snippet":"max-snippet:-1","max-image-preview":"max-image-preview:large","max-video-preview":"max-video-preview:-1"},"canonical":"https:\/\/www.erresse-shop.it\/de\/shop\/toepfe-pfannen\/topfsets\/cookvision-nesto-smart-kochgeschirr-set-10-teilig-schwarz-copia\/","og_locale":"de_DE","og_type":"article","og_title":"COOKVISION Mega Nesto Topfset 11-teilig Schwarz","og_description":"PLATZ UND ORDNUNG AUCH IN DER KLEINSTEN K\u00dcCHE Nesto ist so konzipiert, dass alle T\u00f6pfe und Pfannen ineinander gestapelt werden k\u00f6nnen, ohne dass sich die","og_url":"https:\/\/www.erresse-shop.it\/de\/shop\/toepfe-pfannen\/topfsets\/cookvision-nesto-smart-kochgeschirr-set-10-teilig-schwarz-copia\/","og_site_name":"Erresse Shop","article_modified_time":"2025-04-24T07:30:08+00:00","og_image":[{"width":1200,"height":1200,"url":"https:\/\/www.erresse-shop.it\/wp-content\/uploads\/2024\/11\/COOKVISION-Set-Pentole-Smart-Nesto-11-Pezzi-Nero.jpg","type":"image\/jpeg"}],"twitter_card":"summary_large_image","schema":{"@context":"https:\/\/schema.org","@graph":[{"@type":"WebPage","@id":"https:\/\/www.erresse-shop.it\/de\/shop\/toepfe-pfannen\/topfsets\/cookvision-nesto-smart-kochgeschirr-set-10-teilig-schwarz-copia\/","url":"https:\/\/www.erresse-shop.it\/de\/shop\/toepfe-pfannen\/topfsets\/cookvision-nesto-smart-kochgeschirr-set-10-teilig-schwarz-copia\/","name":"COOKVISION Mega Nesto Topfset 11-teilig Schwarz - Erresse Shop","isPartOf":{"@id":"https:\/\/www.erresse-shop.it\/de\/#website"},"datePublished":"2024-11-26T14:47:52+00:00","dateModified":"2025-04-24T07:30:08+00:00","description":"PLATZ UND ORDNUNG AUCH IN DER KLEINSTEN K\u00dcCHE Nesto ist so konzipiert, dass alle T\u00f6pfe und Pfannen ineinander gestapelt werden k\u00f6nnen, ohne dass sich die","breadcrumb":{"@id":"https:\/\/www.erresse-shop.it\/de\/shop\/toepfe-pfannen\/topfsets\/cookvision-nesto-smart-kochgeschirr-set-10-teilig-schwarz-copia\/#breadcrumb"},"inLanguage":"de-DE","potentialAction":[{"@type":"ReadAction","target":["https:\/\/www.erresse-shop.it\/de\/shop\/toepfe-pfannen\/topfsets\/cookvision-nesto-smart-kochgeschirr-set-10-teilig-schwarz-copia\/"]}]},{"@type":"BreadcrumbList","@id":"https:\/\/www.erresse-shop.it\/de\/shop\/toepfe-pfannen\/topfsets\/cookvision-nesto-smart-kochgeschirr-set-10-teilig-schwarz-copia\/#breadcrumb","itemListElement":[{"@type":"ListItem","position":1,"name":"Home","item":"https:\/\/www.erresse-shop.it\/de\/"},{"@type":"ListItem","position":2,"name":"Shop","item":"https:\/\/www.erresse-shop.it\/de\/shop\/"},{"@type":"ListItem","position":3,"name":"COOKVISION Mega Nesto Topfset 11-teilig Schwarz"}]},{"@type":"WebSite","@id":"https:\/\/www.erresse-shop.it\/de\/#website","url":"https:\/\/www.erresse-shop.it\/de\/","name":"Erresse Shop","description":"Articoli di qualit\u00e0 per la casa","potentialAction":[{"@type":"SearchAction","target":{"@type":"EntryPoint","urlTemplate":"https:\/\/www.erresse-shop.it\/de\/?s={search_term_string}"},"query-input":"required name=search_term_string"}],"inLanguage":"de-DE"}]}},"df_price":228.89999999999998,"df_sale_price":228.89999999999998,"df_regular_price":327,"df_image_link":"https:\/\/www.erresse-shop.it\/wp-content\/uploads\/2024\/11\/COOKVISION-Set-Pentole-Smart-Nesto-11-Pezzi-Nero-300x300.jpg","_links":{"self":[{"href":"https:\/\/www.erresse-shop.it\/de\/wp-json\/wp\/v2\/product\/451404"}],"collection":[{"href":"https:\/\/www.erresse-shop.it\/de\/wp-json\/wp\/v2\/product"}],"about":[{"href":"https:\/\/www.erresse-shop.it\/de\/wp-json\/wp\/v2\/types\/product"}],"wp:featuredmedia":[{"embeddable":true,"href":"https:\/\/www.erresse-shop.it\/de\/wp-json\/wp\/v2\/media\/451441"}],"wp:attachment":[{"href":"https:\/\/www.erresse-shop.it\/de\/wp-json\/wp\/v2\/media?parent=451404"}],"wp:term":[{"taxonomy":"product_cat","embeddable":true,"href":"https:\/\/www.erresse-shop.it\/de\/wp-json\/wp\/v2\/product_cat?post=451404"},{"taxonomy":"product_tag","embeddable":true,"href":"https:\/\/www.erresse-shop.it\/de\/wp-json\/wp\/v2\/product_tag?post=451404"}],"curies":[{"name":"wp","href":"https:\/\/api.w.org\/{rel}","templated":true}]}}