{"id":451366,"date":"2024-11-26T14:18:03","date_gmt":"2024-11-26T14:18:04","guid":{"rendered":"https:\/\/www.erresse-shop.it\/?post_type=product&#038;p=451366"},"modified":"2025-04-07T19:40:07","modified_gmt":"2025-04-07T19:40:07","slug":"wmf-provence-plus-set-5-stuck-copia","status":"publish","type":"product","link":"https:\/\/www.erresse-shop.it\/de\/shop\/toepfe-pfannen\/topfsets\/wmf-provence-plus-set-5-stuck-copia\/","title":{"rendered":"COOKVISION Nesto Smart Kochgeschirr-Set, 10-teilig, Schwarz"},"content":{"rendered":"<p><strong>RAUM UND ORDNUNG AUCH IN DER KLEINSTEN K\u00dcCHE<\/strong><\/p>\n<p>Nesto ist so konzipiert, dass alle T\u00f6pfe und Pfannen ineinander gestapelt werden k\u00f6nnen, ohne die H\u00f6he wesentlich zu erh\u00f6hen. Sogar die gr\u00f6\u00dfte Pfanne passt in die kleinste Pfanne und gleichgro\u00dfe Gegenst\u00e4nde sind kein Problem. Nesto spart in jeder Hinsicht maximal Platz!<\/p>\n<p><strong>SERVIEREN UND SERVIEREN<\/strong><\/p>\n<p>Nesto-Edelstahlkochgeschirr ist so elegant und so hochwertig<br \/>\nQualit\u00e4ten, die Sie auch direkt nutzen k\u00f6nnen.<\/p>\n<p>Die grifflosen T\u00f6pfe verwandeln sich in elegante, auff\u00e4llige Schalen f\u00fcr Salate, Gem\u00fcse und Beilagen!<\/p>\n<p><strong>KOCHEN AUF PROFESSIONELLEM NIVEAU<\/strong><\/p>\n<p>Was unterscheidet Profiger\u00e4te von Hobbywerkzeugen? Das Material und die Verarbeitung: F\u00fcr Nesto haben wir extrastarken Chrom-Nickel-Edelstahl 18\/10 verwendet. Nesto ist mit einem 6 mm dicken gekapselten Thermoboden mit Aluminiumkern ausgestattet. Dadurch wird sichergestellt, dass die B\u00f6den auch bei extremer Hitze nicht durchh\u00e4ngen und somit eine optimale W\u00e4rmeverteilung gew\u00e4hrleistet ist.<\/p>\n<p><strong>Deckel mit Dampfauslass<\/strong><\/p>\n<p>Nesto-Deckel verf\u00fcgen \u00fcber einen seitlichen Dampfauslass und leiten den austretenden Dampf somit perfekt in Downdraft-Ventilatoren und Dunstabzugshauben.<\/p>\n<p>K\u00fcchenger\u00fcche, D\u00e4mpfe und Fett werden kontinuierlich entfernt und der Kochbereich bleibt sauber!<\/p>\n<p><strong>Das Kochgeschirr-Set enth\u00e4lt:<\/strong><\/p>\n<ul>\n<li>3 T\u00f6pfe:\n<ol>\n<li>\u00f8 16 x 8,5 cm 1,3 l<\/li>\n<li>\u00f8 20 x 11,4 cm 2,8 l<\/li>\n<li>\u00f8 24 x 14,0 cm 5,1 l<\/li>\n<\/ol>\n<\/li>\n<li>3 Glasdeckel:\n<ol>\n<li>\u00f8 16 cm<\/li>\n<li>\u00f8 20 cm<\/li>\n<li>\u00f8 24 cm<\/li>\n<\/ol>\n<\/li>\n<li>1 langer Griff2 Silikongriffe1 Untersetzer<\/li>\n<\/ul>\n","protected":false},"excerpt":{"rendered":"<p>RAUM UND ORDNUNG AUCH IN DER KLEINSTEN K\u00dcCHE Nesto ist so konzipiert, dass alle T\u00f6pfe und Pfannen ineinander gestapelt werden<\/p>\n","protected":false},"featured_media":451400,"template":"","meta":{"_acf_changed":false,"inline_featured_image":false},"product_cat":[6709,14781],"product_tag":[12992,12205,13686],"acf":[],"yoast_head":"<!-- This site is optimized with the Yoast SEO Premium plugin v18.6 (Yoast SEO v19.13) - https:\/\/yoast.com\/wordpress\/plugins\/seo\/ -->\n<title>COOKVISION Nesto Smart Kochgeschirr-Set, 10-teilig, Schwarz - Erresse Shop<\/title>\n<meta name=\"description\" content=\"RAUM UND ORDNUNG AUCH IN DER KLEINSTEN K\u00dcCHE Nesto ist so konzipiert, dass alle T\u00f6pfe und Pfannen ineinander gestapelt werden k\u00f6nnen, ohne die H\u00f6he\" \/>\n<meta name=\"robots\" content=\"index, follow, max-snippet:-1, max-image-preview:large, max-video-preview:-1\" \/>\n<link rel=\"canonical\" href=\"https:\/\/www.erresse-shop.it\/de\/shop\/toepfe-pfannen\/topfsets\/wmf-provence-plus-set-5-stuck-copia\/\" \/>\n<meta property=\"og:locale\" content=\"de_DE\" \/>\n<meta property=\"og:type\" content=\"article\" \/>\n<meta property=\"og:title\" content=\"COOKVISION Nesto Smart Kochgeschirr-Set, 10-teilig, Schwarz\" \/>\n<meta property=\"og:description\" content=\"RAUM UND ORDNUNG AUCH IN DER KLEINSTEN K\u00dcCHE Nesto ist so konzipiert, dass alle T\u00f6pfe und Pfannen ineinander gestapelt werden k\u00f6nnen, ohne die H\u00f6he\" \/>\n<meta property=\"og:url\" content=\"https:\/\/www.erresse-shop.it\/de\/shop\/toepfe-pfannen\/topfsets\/wmf-provence-plus-set-5-stuck-copia\/\" \/>\n<meta property=\"og:site_name\" content=\"Erresse Shop\" \/>\n<meta property=\"article:modified_time\" content=\"2025-04-07T19:40:07+00:00\" \/>\n<meta property=\"og:image\" content=\"https:\/\/www.erresse-shop.it\/wp-content\/uploads\/2024\/11\/COOKVISION-Set-Pentole-Smart-Nesto-10-Pezzi-Nero.jpg\" \/>\n\t<meta property=\"og:image:width\" content=\"1200\" \/>\n\t<meta property=\"og:image:height\" content=\"1200\" \/>\n\t<meta property=\"og:image:type\" content=\"image\/jpeg\" \/>\n<meta name=\"twitter:card\" content=\"summary_large_image\" \/>\n<script type=\"application\/ld+json\" class=\"yoast-schema-graph\">{\"@context\":\"https:\/\/schema.org\",\"@graph\":[{\"@type\":\"WebPage\",\"@id\":\"https:\/\/www.erresse-shop.it\/de\/shop\/toepfe-pfannen\/topfsets\/wmf-provence-plus-set-5-stuck-copia\/\",\"url\":\"https:\/\/www.erresse-shop.it\/de\/shop\/toepfe-pfannen\/topfsets\/wmf-provence-plus-set-5-stuck-copia\/\",\"name\":\"COOKVISION Nesto Smart Kochgeschirr-Set, 10-teilig, Schwarz - Erresse Shop\",\"isPartOf\":{\"@id\":\"https:\/\/www.erresse-shop.it\/de\/#website\"},\"datePublished\":\"2024-11-26T14:18:04+00:00\",\"dateModified\":\"2025-04-07T19:40:07+00:00\",\"description\":\"RAUM UND ORDNUNG AUCH IN DER KLEINSTEN K\u00dcCHE Nesto ist so konzipiert, dass alle T\u00f6pfe und Pfannen ineinander gestapelt werden k\u00f6nnen, ohne die H\u00f6he\",\"breadcrumb\":{\"@id\":\"https:\/\/www.erresse-shop.it\/de\/shop\/toepfe-pfannen\/topfsets\/wmf-provence-plus-set-5-stuck-copia\/#breadcrumb\"},\"inLanguage\":\"de-DE\",\"potentialAction\":[{\"@type\":\"ReadAction\",\"target\":[\"https:\/\/www.erresse-shop.it\/de\/shop\/toepfe-pfannen\/topfsets\/wmf-provence-plus-set-5-stuck-copia\/\"]}]},{\"@type\":\"BreadcrumbList\",\"@id\":\"https:\/\/www.erresse-shop.it\/de\/shop\/toepfe-pfannen\/topfsets\/wmf-provence-plus-set-5-stuck-copia\/#breadcrumb\",\"itemListElement\":[{\"@type\":\"ListItem\",\"position\":1,\"name\":\"Home\",\"item\":\"https:\/\/www.erresse-shop.it\/de\/\"},{\"@type\":\"ListItem\",\"position\":2,\"name\":\"Shop\",\"item\":\"https:\/\/www.erresse-shop.it\/de\/shop\/\"},{\"@type\":\"ListItem\",\"position\":3,\"name\":\"COOKVISION Nesto Smart Kochgeschirr-Set, 10-teilig, Schwarz\"}]},{\"@type\":\"WebSite\",\"@id\":\"https:\/\/www.erresse-shop.it\/de\/#website\",\"url\":\"https:\/\/www.erresse-shop.it\/de\/\",\"name\":\"Erresse Shop\",\"description\":\"Articoli di qualit\u00e0 per la casa\",\"potentialAction\":[{\"@type\":\"SearchAction\",\"target\":{\"@type\":\"EntryPoint\",\"urlTemplate\":\"https:\/\/www.erresse-shop.it\/de\/?s={search_term_string}\"},\"query-input\":\"required name=search_term_string\"}],\"inLanguage\":\"de-DE\"}]}<\/script>\n<!-- \/ Yoast SEO Premium plugin. -->","yoast_head_json":{"title":"COOKVISION Nesto Smart Kochgeschirr-Set, 10-teilig, Schwarz - Erresse Shop","description":"RAUM UND ORDNUNG AUCH IN DER KLEINSTEN K\u00dcCHE Nesto ist so konzipiert, dass alle T\u00f6pfe und Pfannen ineinander gestapelt werden k\u00f6nnen, ohne die H\u00f6he","robots":{"index":"index","follow":"follow","max-snippet":"max-snippet:-1","max-image-preview":"max-image-preview:large","max-video-preview":"max-video-preview:-1"},"canonical":"https:\/\/www.erresse-shop.it\/de\/shop\/toepfe-pfannen\/topfsets\/wmf-provence-plus-set-5-stuck-copia\/","og_locale":"de_DE","og_type":"article","og_title":"COOKVISION Nesto Smart Kochgeschirr-Set, 10-teilig, Schwarz","og_description":"RAUM UND ORDNUNG AUCH IN DER KLEINSTEN K\u00dcCHE Nesto ist so konzipiert, dass alle T\u00f6pfe und Pfannen ineinander gestapelt werden k\u00f6nnen, ohne die H\u00f6he","og_url":"https:\/\/www.erresse-shop.it\/de\/shop\/toepfe-pfannen\/topfsets\/wmf-provence-plus-set-5-stuck-copia\/","og_site_name":"Erresse Shop","article_modified_time":"2025-04-07T19:40:07+00:00","og_image":[{"width":1200,"height":1200,"url":"https:\/\/www.erresse-shop.it\/wp-content\/uploads\/2024\/11\/COOKVISION-Set-Pentole-Smart-Nesto-10-Pezzi-Nero.jpg","type":"image\/jpeg"}],"twitter_card":"summary_large_image","schema":{"@context":"https:\/\/schema.org","@graph":[{"@type":"WebPage","@id":"https:\/\/www.erresse-shop.it\/de\/shop\/toepfe-pfannen\/topfsets\/wmf-provence-plus-set-5-stuck-copia\/","url":"https:\/\/www.erresse-shop.it\/de\/shop\/toepfe-pfannen\/topfsets\/wmf-provence-plus-set-5-stuck-copia\/","name":"COOKVISION Nesto Smart Kochgeschirr-Set, 10-teilig, Schwarz - Erresse Shop","isPartOf":{"@id":"https:\/\/www.erresse-shop.it\/de\/#website"},"datePublished":"2024-11-26T14:18:04+00:00","dateModified":"2025-04-07T19:40:07+00:00","description":"RAUM UND ORDNUNG AUCH IN DER KLEINSTEN K\u00dcCHE Nesto ist so konzipiert, dass alle T\u00f6pfe und Pfannen ineinander gestapelt werden k\u00f6nnen, ohne die H\u00f6he","breadcrumb":{"@id":"https:\/\/www.erresse-shop.it\/de\/shop\/toepfe-pfannen\/topfsets\/wmf-provence-plus-set-5-stuck-copia\/#breadcrumb"},"inLanguage":"de-DE","potentialAction":[{"@type":"ReadAction","target":["https:\/\/www.erresse-shop.it\/de\/shop\/toepfe-pfannen\/topfsets\/wmf-provence-plus-set-5-stuck-copia\/"]}]},{"@type":"BreadcrumbList","@id":"https:\/\/www.erresse-shop.it\/de\/shop\/toepfe-pfannen\/topfsets\/wmf-provence-plus-set-5-stuck-copia\/#breadcrumb","itemListElement":[{"@type":"ListItem","position":1,"name":"Home","item":"https:\/\/www.erresse-shop.it\/de\/"},{"@type":"ListItem","position":2,"name":"Shop","item":"https:\/\/www.erresse-shop.it\/de\/shop\/"},{"@type":"ListItem","position":3,"name":"COOKVISION Nesto Smart Kochgeschirr-Set, 10-teilig, Schwarz"}]},{"@type":"WebSite","@id":"https:\/\/www.erresse-shop.it\/de\/#website","url":"https:\/\/www.erresse-shop.it\/de\/","name":"Erresse Shop","description":"Articoli di qualit\u00e0 per la casa","potentialAction":[{"@type":"SearchAction","target":{"@type":"EntryPoint","urlTemplate":"https:\/\/www.erresse-shop.it\/de\/?s={search_term_string}"},"query-input":"required name=search_term_string"}],"inLanguage":"de-DE"}]}},"df_price":184.1,"df_sale_price":184.1,"df_regular_price":263,"df_image_link":"https:\/\/www.erresse-shop.it\/wp-content\/uploads\/2024\/11\/COOKVISION-Set-Pentole-Smart-Nesto-10-Pezzi-Nero-300x300.jpg","_links":{"self":[{"href":"https:\/\/www.erresse-shop.it\/de\/wp-json\/wp\/v2\/product\/451366"}],"collection":[{"href":"https:\/\/www.erresse-shop.it\/de\/wp-json\/wp\/v2\/product"}],"about":[{"href":"https:\/\/www.erresse-shop.it\/de\/wp-json\/wp\/v2\/types\/product"}],"wp:featuredmedia":[{"embeddable":true,"href":"https:\/\/www.erresse-shop.it\/de\/wp-json\/wp\/v2\/media\/451400"}],"wp:attachment":[{"href":"https:\/\/www.erresse-shop.it\/de\/wp-json\/wp\/v2\/media?parent=451366"}],"wp:term":[{"taxonomy":"product_cat","embeddable":true,"href":"https:\/\/www.erresse-shop.it\/de\/wp-json\/wp\/v2\/product_cat?post=451366"},{"taxonomy":"product_tag","embeddable":true,"href":"https:\/\/www.erresse-shop.it\/de\/wp-json\/wp\/v2\/product_tag?post=451366"}],"curies":[{"name":"wp","href":"https:\/\/api.w.org\/{rel}","templated":true}]}}