{"id":450804,"date":"2024-11-22T14:49:28","date_gmt":"2024-11-22T14:49:29","guid":{"rendered":"https:\/\/www.erresse-shop.it\/?post_type=product&#038;p=450804"},"modified":"2026-02-04T10:38:18","modified_gmt":"2026-02-04T10:38:18","slug":"fratelli-desideri-masterchef-mistery-box-punto-di-rottura-di-edoardo","status":"publish","type":"product","link":"https:\/\/www.erresse-shop.it\/de\/shop\/food-de\/fratelli-desideri-masterchef-mistery-box-punto-di-rottura-di-edoardo\/","title":{"rendered":"FRATELLI DESIDERI Masterchef Mistery Box Punto di Rottura di Edoardo"},"content":{"rendered":"<div class=\"flex-shrink-0 flex flex-col relative items-end\">\n<div class=\"pt-0\">\n<div class=\"gizmo-bot-avatar flex h-8 w-8 items-center justify-center overflow-hiddenrounded-full\">\n<div class=\"relative p-1 abgerundet-sm flexible items-center justify-center bg-token-main-surface-primary text-token-text-primary h-8 w-8\">\n<div class=\"flex-shrink-0 flex flex-col relative items-end\">\n<div class=\"pt-0\">\n<div class=\"gizmo-bot-avatar flex h-8 w-8 items-center justify-center overflow-hiddenrounded-full\">\n<div class=\"relative p-1 abgerundet-sm flexible items-center justify-center bg-token-main-surface-primary text-token-text-primary h-8 w-8\">\n<div class=\"flex-shrink-0 flex flex-col relative items-end\">\n<div>\n<div class=\"pt-0\">\n<div class=\"gizmo-bot-avatar flex h-8 w-8 items-center justify-center overflow-hiddenrounded-full\">\n<div class=\"relative p-1 abgerundet-sm flexible items-center justify-center bg-token-main-surface-primary text-token-text-primary h-8 w-8\">In einer absoluten Vorschau signiert Edoardo, Gewinner der zw\u00f6lften Ausgabe von <em>MasterChef Italia<\/em>, dieses Rezept, das er selbst gerne als \u201eKraftvoll\u201c bezeichnet. Ein Gericht, das nicht nur sein Talent zum Ausdruck bringt, sondern auch seine Leidenschaft f\u00fcr authentische K\u00fcche und f\u00fcr Aromen verk\u00f6rpert, die pers\u00f6nliche Geschichten und Kindheitserinnerungen erz\u00e4hlen.<\/div>\n<\/div>\n<\/div>\n<\/div>\n<\/div>\n<div class=\"group\/conversation-turn relative flex w-full min-w-0 flex-col agent-turn\">\n<div class=\"flex-col gap-1 md:gap-3\">\n<div class=\"flex max-w-full flex-col flex-grow\">\n<div class=\"min-h-8 text-message flex w-full flex-col items-end gap-2 whitespace-normal break-words [.text-message+&amp;]:mt-5\" dir=\"auto \" data-message-author-role=\"assistant\" data-message-id=\"8846b4f9-945c-45ec-9ec5-a3cd3ea6d42d\" data-client-thread-id=\"WEB:877b58cf-0454-4829-95aa-96eae27b0354\" data-message-model-slug=\"gpt-4o-mini\">\n<div class=\"flex w-full flex-col gap-1 empty:hidden first:pt-[3px]\">\n<div class=\"markdown prose w-full break-words dark:prose-invert dark\">\n<p>Inspiriert von seinen sch\u00f6nsten Erinnerungen, die mit den authentischen und schmackhaften Gerichten seiner geliebten Gro\u00dfmutter verbunden sind, gelang es Edoardo, Tradition und Innovation in einer Kreation zu vereinen, die eine wahre Sinnesreise darstellt. Er w\u00e4hlte sorgf\u00e4ltig drei Zutaten aus, die in ihrer Einfachheit in der Lage sind, eine wirklich einzigartige und umh\u00fcllende Geschmacksintensit\u00e4t freizusetzen. Sein Ziel war es, Zutaten zu kombinieren, die sich nicht nur erg\u00e4nzen, sondern zusammen etwas \u00dcberraschendes und Wirkungsvolles schaffen.<\/p>\n<p>Der Tr\u00fcffel dominiert mit seiner Eleganz und seinem unverwechselbaren Duft die Szene und umh\u00fcllt den Gaumen mit seiner Tiefe. Die Sardellenperlen, kleine Edelsteine \u200b\u200bmit einem kr\u00e4ftigen und salzigen Geschmack, verleihen dem Gericht eine Meeresnote, die einen wunderbaren Kontrast zur Weichheit und Reichhaltigkeit der Walnusscreme bildet, die dem Gericht einen Hauch von S\u00fc\u00dfe und Cremigkeit verleiht. Diese drei scheinbar einfachen Zutaten verschmelzen zu einer explosiven Mischung, die den Gaumen \u00fcberrascht und erobert.<\/p>\n<p>Aber es ist nicht nur die Geschmackskombination, die dieses Rezept besonders macht, sondern auch seine F\u00e4higkeit, Emotionen zu wecken. Jede Zutat ist so ausgew\u00e4hlt, dass sie etwas Tieferes erz\u00e4hlt und an jene Momente der Intimit\u00e4t und famili\u00e4ren W\u00e4rme erinnert, die nur das Kochen bieten kann. Das Ergebnis ist ein Gericht, das nicht nur \u00fcberzeugt, sondern auch einen unausl\u00f6schlichen Eindruck hinterl\u00e4sst.<\/p>\n<p>Der wahre Knackpunkt dieses Rezepts ist genau diese Balance zwischen Tradition und K\u00fchnheit, zwischen Vertrautheit und Innovation. Edoardos Kreation ist <strong>gro\u00dfartig und bahnbrechend<\/strong> und kann selbst die erfahrensten Feinschmecker begeistern. Ein Gericht, das die ganze Kraft der Aromen, die St\u00e4rke seines kulinarischen Ged\u00e4chtnisses und seine Vision als Koch zum Ausdruck bringt, der in der Lage ist, gew\u00f6hnliche Zutaten in etwas Au\u00dfergew\u00f6hnliches zu verwandeln.<\/p>\n<p>Bei jedem Bissen sp\u00fcrt man die Liebe und Hingabe, die Edoardo in dieses Rezept gesteckt hat, ein Gericht, das nicht nur den K\u00f6rper, sondern auch die Seele n\u00e4hrt. Ein Erlebnis, das Sie sprachlos macht, aber mit einem L\u00e4cheln im Gesicht und dem Wunsch, mehr zu entdecken.<\/p>\n<\/div>\n<\/div>\n<\/div>\n<\/div>\n<\/div>\n<\/div>\n<\/div>\n<\/div>\n<\/div>\n<\/div>\n<\/div>\n<\/div>\n<\/div>\n<\/div>\n<p><strong>Produktdetails:<\/strong><\/p>\n<p><strong>Portionen:<\/strong> 4 Personen<br \/>\n<strong>Vorbereitungszeit:<\/strong> 15 Min.<br \/>\n<strong>Schwierigkeitsgrad:<\/strong> Niedrig<\/p>\n","protected":false},"excerpt":{"rendered":"<p>In einer absoluten Vorschau signiert Edoardo, Gewinner der zw\u00f6lften Ausgabe von MasterChef Italia, dieses Rezept, das er selbst gerne als<\/p>\n","protected":false},"featured_media":450825,"template":"","meta":{"_acf_changed":false,"inline_featured_image":false},"product_cat":[25934],"product_tag":[21533],"acf":[],"yoast_head":"<!-- This site is optimized with the Yoast SEO Premium plugin v18.6 (Yoast SEO v19.13) - https:\/\/yoast.com\/wordpress\/plugins\/seo\/ -->\n<title>FRATELLI DESIDERI Masterchef Mistery Box Punto di Rottura di Edoardo - Erresse Shop<\/title>\n<meta name=\"description\" content=\"In einer absoluten Vorschau signiert Edoardo, Gewinner der zw\u00f6lften Ausgabe von MasterChef Italia, dieses Rezept, das er selbst gerne als \u201eKraftvoll\u201c\" \/>\n<meta name=\"robots\" content=\"index, follow, max-snippet:-1, max-image-preview:large, max-video-preview:-1\" \/>\n<link rel=\"canonical\" href=\"https:\/\/www.erresse-shop.it\/de\/shop\/food-de\/fratelli-desideri-masterchef-mistery-box-punto-di-rottura-di-edoardo\/\" \/>\n<meta property=\"og:locale\" content=\"de_DE\" \/>\n<meta property=\"og:type\" content=\"article\" \/>\n<meta property=\"og:title\" content=\"FRATELLI DESIDERI Masterchef Mistery Box Punto di Rottura di Edoardo\" \/>\n<meta property=\"og:description\" content=\"In einer absoluten Vorschau signiert Edoardo, Gewinner der zw\u00f6lften Ausgabe von MasterChef Italia, dieses Rezept, das er selbst gerne als \u201eKraftvoll\u201c\" \/>\n<meta property=\"og:url\" content=\"https:\/\/www.erresse-shop.it\/de\/shop\/food-de\/fratelli-desideri-masterchef-mistery-box-punto-di-rottura-di-edoardo\/\" \/>\n<meta property=\"og:site_name\" content=\"Erresse Shop\" \/>\n<meta property=\"article:modified_time\" content=\"2026-02-04T10:38:18+00:00\" \/>\n<meta property=\"og:image\" content=\"https:\/\/www.erresse-shop.it\/wp-content\/uploads\/2024\/11\/FRATELLI-DESIDERI-Masterchef-Mistery-Box-Punto-di-Rottura.jpg\" \/>\n\t<meta property=\"og:image:width\" content=\"1200\" \/>\n\t<meta property=\"og:image:height\" content=\"1200\" \/>\n\t<meta property=\"og:image:type\" content=\"image\/jpeg\" \/>\n<meta name=\"twitter:card\" content=\"summary_large_image\" \/>\n<script type=\"application\/ld+json\" class=\"yoast-schema-graph\">{\"@context\":\"https:\/\/schema.org\",\"@graph\":[{\"@type\":\"WebPage\",\"@id\":\"https:\/\/www.erresse-shop.it\/de\/shop\/food-de\/fratelli-desideri-masterchef-mistery-box-punto-di-rottura-di-edoardo\/\",\"url\":\"https:\/\/www.erresse-shop.it\/de\/shop\/food-de\/fratelli-desideri-masterchef-mistery-box-punto-di-rottura-di-edoardo\/\",\"name\":\"FRATELLI DESIDERI Masterchef Mistery Box Punto di Rottura di Edoardo - Erresse Shop\",\"isPartOf\":{\"@id\":\"https:\/\/www.erresse-shop.it\/de\/#website\"},\"datePublished\":\"2024-11-22T14:49:29+00:00\",\"dateModified\":\"2026-02-04T10:38:18+00:00\",\"description\":\"In einer absoluten Vorschau signiert Edoardo, Gewinner der zw\u00f6lften Ausgabe von MasterChef Italia, dieses Rezept, das er selbst gerne als \u201eKraftvoll\u201c\",\"breadcrumb\":{\"@id\":\"https:\/\/www.erresse-shop.it\/de\/shop\/food-de\/fratelli-desideri-masterchef-mistery-box-punto-di-rottura-di-edoardo\/#breadcrumb\"},\"inLanguage\":\"de-DE\",\"potentialAction\":[{\"@type\":\"ReadAction\",\"target\":[\"https:\/\/www.erresse-shop.it\/de\/shop\/food-de\/fratelli-desideri-masterchef-mistery-box-punto-di-rottura-di-edoardo\/\"]}]},{\"@type\":\"BreadcrumbList\",\"@id\":\"https:\/\/www.erresse-shop.it\/de\/shop\/food-de\/fratelli-desideri-masterchef-mistery-box-punto-di-rottura-di-edoardo\/#breadcrumb\",\"itemListElement\":[{\"@type\":\"ListItem\",\"position\":1,\"name\":\"Home\",\"item\":\"https:\/\/www.erresse-shop.it\/de\/\"},{\"@type\":\"ListItem\",\"position\":2,\"name\":\"Shop\",\"item\":\"https:\/\/www.erresse-shop.it\/de\/shop\/\"},{\"@type\":\"ListItem\",\"position\":3,\"name\":\"FRATELLI DESIDERI Masterchef Mistery Box Punto di Rottura di Edoardo\"}]},{\"@type\":\"WebSite\",\"@id\":\"https:\/\/www.erresse-shop.it\/de\/#website\",\"url\":\"https:\/\/www.erresse-shop.it\/de\/\",\"name\":\"Erresse Shop\",\"description\":\"Articoli di qualit\u00e0 per la casa\",\"potentialAction\":[{\"@type\":\"SearchAction\",\"target\":{\"@type\":\"EntryPoint\",\"urlTemplate\":\"https:\/\/www.erresse-shop.it\/de\/?s={search_term_string}\"},\"query-input\":\"required name=search_term_string\"}],\"inLanguage\":\"de-DE\"}]}<\/script>\n<!-- \/ Yoast SEO Premium plugin. -->","yoast_head_json":{"title":"FRATELLI DESIDERI Masterchef Mistery Box Punto di Rottura di Edoardo - Erresse Shop","description":"In einer absoluten Vorschau signiert Edoardo, Gewinner der zw\u00f6lften Ausgabe von MasterChef Italia, dieses Rezept, das er selbst gerne als \u201eKraftvoll\u201c","robots":{"index":"index","follow":"follow","max-snippet":"max-snippet:-1","max-image-preview":"max-image-preview:large","max-video-preview":"max-video-preview:-1"},"canonical":"https:\/\/www.erresse-shop.it\/de\/shop\/food-de\/fratelli-desideri-masterchef-mistery-box-punto-di-rottura-di-edoardo\/","og_locale":"de_DE","og_type":"article","og_title":"FRATELLI DESIDERI Masterchef Mistery Box Punto di Rottura di Edoardo","og_description":"In einer absoluten Vorschau signiert Edoardo, Gewinner der zw\u00f6lften Ausgabe von MasterChef Italia, dieses Rezept, das er selbst gerne als \u201eKraftvoll\u201c","og_url":"https:\/\/www.erresse-shop.it\/de\/shop\/food-de\/fratelli-desideri-masterchef-mistery-box-punto-di-rottura-di-edoardo\/","og_site_name":"Erresse Shop","article_modified_time":"2026-02-04T10:38:18+00:00","og_image":[{"width":1200,"height":1200,"url":"https:\/\/www.erresse-shop.it\/wp-content\/uploads\/2024\/11\/FRATELLI-DESIDERI-Masterchef-Mistery-Box-Punto-di-Rottura.jpg","type":"image\/jpeg"}],"twitter_card":"summary_large_image","schema":{"@context":"https:\/\/schema.org","@graph":[{"@type":"WebPage","@id":"https:\/\/www.erresse-shop.it\/de\/shop\/food-de\/fratelli-desideri-masterchef-mistery-box-punto-di-rottura-di-edoardo\/","url":"https:\/\/www.erresse-shop.it\/de\/shop\/food-de\/fratelli-desideri-masterchef-mistery-box-punto-di-rottura-di-edoardo\/","name":"FRATELLI DESIDERI Masterchef Mistery Box Punto di Rottura di Edoardo - Erresse Shop","isPartOf":{"@id":"https:\/\/www.erresse-shop.it\/de\/#website"},"datePublished":"2024-11-22T14:49:29+00:00","dateModified":"2026-02-04T10:38:18+00:00","description":"In einer absoluten Vorschau signiert Edoardo, Gewinner der zw\u00f6lften Ausgabe von MasterChef Italia, dieses Rezept, das er selbst gerne als \u201eKraftvoll\u201c","breadcrumb":{"@id":"https:\/\/www.erresse-shop.it\/de\/shop\/food-de\/fratelli-desideri-masterchef-mistery-box-punto-di-rottura-di-edoardo\/#breadcrumb"},"inLanguage":"de-DE","potentialAction":[{"@type":"ReadAction","target":["https:\/\/www.erresse-shop.it\/de\/shop\/food-de\/fratelli-desideri-masterchef-mistery-box-punto-di-rottura-di-edoardo\/"]}]},{"@type":"BreadcrumbList","@id":"https:\/\/www.erresse-shop.it\/de\/shop\/food-de\/fratelli-desideri-masterchef-mistery-box-punto-di-rottura-di-edoardo\/#breadcrumb","itemListElement":[{"@type":"ListItem","position":1,"name":"Home","item":"https:\/\/www.erresse-shop.it\/de\/"},{"@type":"ListItem","position":2,"name":"Shop","item":"https:\/\/www.erresse-shop.it\/de\/shop\/"},{"@type":"ListItem","position":3,"name":"FRATELLI DESIDERI Masterchef Mistery Box Punto di Rottura di Edoardo"}]},{"@type":"WebSite","@id":"https:\/\/www.erresse-shop.it\/de\/#website","url":"https:\/\/www.erresse-shop.it\/de\/","name":"Erresse Shop","description":"Articoli di qualit\u00e0 per la casa","potentialAction":[{"@type":"SearchAction","target":{"@type":"EntryPoint","urlTemplate":"https:\/\/www.erresse-shop.it\/de\/?s={search_term_string}"},"query-input":"required name=search_term_string"}],"inLanguage":"de-DE"}]}},"df_price":48,"df_sale_price":48,"df_regular_price":48,"df_image_link":"https:\/\/www.erresse-shop.it\/wp-content\/uploads\/2024\/11\/FRATELLI-DESIDERI-Masterchef-Mistery-Box-Punto-di-Rottura-300x300.jpg","_links":{"self":[{"href":"https:\/\/www.erresse-shop.it\/de\/wp-json\/wp\/v2\/product\/450804"}],"collection":[{"href":"https:\/\/www.erresse-shop.it\/de\/wp-json\/wp\/v2\/product"}],"about":[{"href":"https:\/\/www.erresse-shop.it\/de\/wp-json\/wp\/v2\/types\/product"}],"wp:featuredmedia":[{"embeddable":true,"href":"https:\/\/www.erresse-shop.it\/de\/wp-json\/wp\/v2\/media\/450825"}],"wp:attachment":[{"href":"https:\/\/www.erresse-shop.it\/de\/wp-json\/wp\/v2\/media?parent=450804"}],"wp:term":[{"taxonomy":"product_cat","embeddable":true,"href":"https:\/\/www.erresse-shop.it\/de\/wp-json\/wp\/v2\/product_cat?post=450804"},{"taxonomy":"product_tag","embeddable":true,"href":"https:\/\/www.erresse-shop.it\/de\/wp-json\/wp\/v2\/product_tag?post=450804"}],"curies":[{"name":"wp","href":"https:\/\/api.w.org\/{rel}","templated":true}]}}