{"id":450777,"date":"2024-11-22T14:41:22","date_gmt":"2024-11-22T14:41:23","guid":{"rendered":"https:\/\/www.erresse-shop.it\/?post_type=product&#038;p=450777"},"modified":"2026-02-04T10:32:46","modified_gmt":"2026-02-04T10:32:46","slug":"fratelli-desideri-masterchef-mistery-box-sunset-rice-di-tracy","status":"publish","type":"product","link":"https:\/\/www.erresse-shop.it\/de\/shop\/food-de\/fratelli-desideri-masterchef-mistery-box-sunset-rice-di-tracy\/","title":{"rendered":"FRATELLI DESIDERI Masterchef Mistery Box Sunset Rice di Tracy"},"content":{"rendered":"<div class=\"flex-shrink-0 flex flex-col relative items-end\">\n<div class=\"pt-0\">\n<div class=\"gizmo-bot-avatar flex h-8 w-8 items-center justify-center overflow-hiddenrounded-full\">\n<div class=\"relative p-1 abgerundet-sm flexible items-center justify-center bg-token-main-surface-primary text-token-text-primary h-8 w-8\">\n<div class=\"flex-shrink-0 flex flex-col relative items-end\">\n<div>\n<div class=\"pt-0\">\n<div class=\"gizmo-bot-avatar flex h-8 w-8 items-center justify-center overflow-hiddenrounded-full\">\n<div class=\"relative p-1rounded-sm flex items-center justify-center bg-token-main-surface-primary text-token-text-primary h-8 w-8\">Stellen Sie sich vor, Sie h\u00e4tten die Sonne eines Afrikaners Sonnenuntergang auf dem Teller, ein warmes, goldenes Licht, das durch die Aromen eines Gerichts scheint, das ferne Geschichten erz\u00e4hlt. Mit diesem Rezept l\u00e4dt uns Tracy zu einer echten \u00e4sthetischen und sinnlichen Reise zwischen zwei Kontinenten ein und vereint Tradition und Innovation in einem kulinarischen Erlebnis, das weit \u00fcber einfaches Essen hinausgeht. Jede Zutat wird sorgf\u00e4ltig ausgew\u00e4hlt, um uns in eine Welt zu entf\u00fchren, in der sich Noten und Aromen in einem Tanz vermischen, der die Sinne anregt und unsere Neugier weckt.<\/div>\n<\/div>\n<\/div>\n<\/div>\n<\/div>\n<div class=\"group\/conversation-turn relative flex w-full min-w-0 flex-col agent-turn\">\n<div class=\"flex-col gap-1 md:gap-3\">\n<div class=\"flex max-w-full flex-col flex-grow\">\n<div class=\"min-h-8 text-message flex w-full flex-col items-end gap-2 whitespace-normal break-words [.text-message+&amp;]:mt-5\" dir=\"auto \" data-message-author-role=\"assistant\" data-message-id=\"a82e99c6-f106-407a-b78e-d2d0f0885e8b\" data-client-thread-id=\"WEB:877b58cf-0454-4829-95aa-96eae27b0354\" data-message-model-slug=\"gpt-4o-mini\">\n<div class=\"flex w-full flex-col gap-1 empty:hidden first:pt-[3px]\">\n<div class=\"markdown prose w-full break-words dark:prose-invert dark\">\n<p>Die umh\u00fcllenden Noten von Safran mit seiner goldenen Farbe und seinem unverwechselbaren Duft bilden den Hintergrund und verst\u00e4rken gleichzeitig die aromatischen Akzente von schwarzem Knoblauch, der dem Gericht Tiefe und eine leicht rauchige S\u00fc\u00dfe verleiht. Die Kombination dieser Zutaten schafft eine Basis, die \u00fcberrascht und erfreut, eine perfekte Balance zwischen Tradition und Moderne.<\/p>\n<p>Aber damit ist der Zauber noch nicht zu Ende: Die beiden Pulver aus Chipotle und Paprika sorgen mit ihrer Intensit\u00e4t und Vielseitigkeit am Ende f\u00fcr w\u00fcrzige, aber gleichzeitig s\u00fc\u00dfe Empfindungen und sorgen f\u00fcr den Hauch von Lebendigkeit, der jeden Bissen zu einem einzigartigen und unvergesslichen Erlebnis macht . Die Sch\u00e4rfe offenbart sich langsam, steigert die Intensit\u00e4t und verleiht eine Energie, die sich mit Worten kaum beschreiben l\u00e4sst, die aber bei jedem Geschmack sp\u00fcrbar ist.<\/p>\n<p>In diesem Gericht bietet uns Tracy nicht nur ein Rezept, sondern nimmt uns mit auf ein sensorisches Abenteuer, das Farben, Aromen und Geschmacksrichtungen vereint. Es ist eine Einladung, neue kulinarische Horizonte zu entdecken und die Mischung aus Kulturen und Traditionen zu genie\u00dfen, die das Essen zu bieten hat. Jedes Element des Rezepts scheint eine Geschichte von fernen L\u00e4ndern zu erz\u00e4hlen, von Menschen, die durch Essen Kontakte kn\u00fcpfen, kommunizieren und die Sch\u00f6nheit der Welt teilen.<\/p>\n<p>Willkommen in Tracys magischer Welt, in der jedes Gericht eine Geschichte und jeder Geschmack ein Versprechen f\u00fcr neue Entdeckungen ist.<\/p>\n<\/div>\n<\/div>\n<\/div>\n<\/div>\n<\/div>\n<\/div>\n<\/div>\n<\/div>\n<\/div>\n<\/div>\n<p><strong>Produktdetails:<\/strong><\/p>\n<p><strong>Portionen:<\/strong> 4 Personen<br \/>\n<strong>Vorbereitungszeit:<\/strong> 20 Min.<br \/>\n<strong>Schwierigkeitsgrad:<\/strong> Mittel<\/p>\n","protected":false},"excerpt":{"rendered":"<p>Stellen Sie sich vor, Sie h\u00e4tten die Sonne eines Afrikaners Sonnenuntergang auf dem Teller, ein warmes, goldenes Licht, das durch<\/p>\n","protected":false},"featured_media":450798,"template":"","meta":{"_acf_changed":false,"inline_featured_image":false},"product_cat":[25934],"product_tag":[21533],"acf":[],"yoast_head":"<!-- This site is optimized with the Yoast SEO Premium plugin v18.6 (Yoast SEO v19.13) - https:\/\/yoast.com\/wordpress\/plugins\/seo\/ -->\n<title>FRATELLI DESIDERI Masterchef Mistery Box Sunset Rice di Tracy - Erresse Shop<\/title>\n<meta name=\"description\" content=\"Stellen Sie sich vor, Sie h\u00e4tten die Sonne eines Afrikaners Sonnenuntergang auf dem Teller, ein warmes, goldenes Licht, das durch die Aromen eines\" \/>\n<meta name=\"robots\" content=\"index, follow, max-snippet:-1, max-image-preview:large, max-video-preview:-1\" \/>\n<link rel=\"canonical\" href=\"https:\/\/www.erresse-shop.it\/de\/shop\/food-de\/fratelli-desideri-masterchef-mistery-box-sunset-rice-di-tracy\/\" \/>\n<meta property=\"og:locale\" content=\"de_DE\" \/>\n<meta property=\"og:type\" content=\"article\" \/>\n<meta property=\"og:title\" content=\"FRATELLI DESIDERI Masterchef Mistery Box Sunset Rice di Tracy\" \/>\n<meta property=\"og:description\" content=\"Stellen Sie sich vor, Sie h\u00e4tten die Sonne eines Afrikaners Sonnenuntergang auf dem Teller, ein warmes, goldenes Licht, das durch die Aromen eines\" \/>\n<meta property=\"og:url\" content=\"https:\/\/www.erresse-shop.it\/de\/shop\/food-de\/fratelli-desideri-masterchef-mistery-box-sunset-rice-di-tracy\/\" \/>\n<meta property=\"og:site_name\" content=\"Erresse Shop\" \/>\n<meta property=\"article:modified_time\" content=\"2026-02-04T10:32:46+00:00\" \/>\n<meta property=\"og:image\" content=\"https:\/\/www.erresse-shop.it\/wp-content\/uploads\/2024\/11\/FRATELLI-DESIDERI-Masterchef-Mistery-Box-Sunset-Rice.jpg\" \/>\n\t<meta property=\"og:image:width\" content=\"1200\" \/>\n\t<meta property=\"og:image:height\" content=\"1200\" \/>\n\t<meta property=\"og:image:type\" content=\"image\/jpeg\" \/>\n<meta name=\"twitter:card\" content=\"summary_large_image\" \/>\n<script type=\"application\/ld+json\" class=\"yoast-schema-graph\">{\"@context\":\"https:\/\/schema.org\",\"@graph\":[{\"@type\":\"WebPage\",\"@id\":\"https:\/\/www.erresse-shop.it\/de\/shop\/food-de\/fratelli-desideri-masterchef-mistery-box-sunset-rice-di-tracy\/\",\"url\":\"https:\/\/www.erresse-shop.it\/de\/shop\/food-de\/fratelli-desideri-masterchef-mistery-box-sunset-rice-di-tracy\/\",\"name\":\"FRATELLI DESIDERI Masterchef Mistery Box Sunset Rice di Tracy - Erresse Shop\",\"isPartOf\":{\"@id\":\"https:\/\/www.erresse-shop.it\/de\/#website\"},\"datePublished\":\"2024-11-22T14:41:23+00:00\",\"dateModified\":\"2026-02-04T10:32:46+00:00\",\"description\":\"Stellen Sie sich vor, Sie h\u00e4tten die Sonne eines Afrikaners Sonnenuntergang auf dem Teller, ein warmes, goldenes Licht, das durch die Aromen eines\",\"breadcrumb\":{\"@id\":\"https:\/\/www.erresse-shop.it\/de\/shop\/food-de\/fratelli-desideri-masterchef-mistery-box-sunset-rice-di-tracy\/#breadcrumb\"},\"inLanguage\":\"de-DE\",\"potentialAction\":[{\"@type\":\"ReadAction\",\"target\":[\"https:\/\/www.erresse-shop.it\/de\/shop\/food-de\/fratelli-desideri-masterchef-mistery-box-sunset-rice-di-tracy\/\"]}]},{\"@type\":\"BreadcrumbList\",\"@id\":\"https:\/\/www.erresse-shop.it\/de\/shop\/food-de\/fratelli-desideri-masterchef-mistery-box-sunset-rice-di-tracy\/#breadcrumb\",\"itemListElement\":[{\"@type\":\"ListItem\",\"position\":1,\"name\":\"Home\",\"item\":\"https:\/\/www.erresse-shop.it\/de\/\"},{\"@type\":\"ListItem\",\"position\":2,\"name\":\"Shop\",\"item\":\"https:\/\/www.erresse-shop.it\/de\/shop\/\"},{\"@type\":\"ListItem\",\"position\":3,\"name\":\"FRATELLI DESIDERI Masterchef Mistery Box Sunset Rice di Tracy\"}]},{\"@type\":\"WebSite\",\"@id\":\"https:\/\/www.erresse-shop.it\/de\/#website\",\"url\":\"https:\/\/www.erresse-shop.it\/de\/\",\"name\":\"Erresse Shop\",\"description\":\"Articoli di qualit\u00e0 per la casa\",\"potentialAction\":[{\"@type\":\"SearchAction\",\"target\":{\"@type\":\"EntryPoint\",\"urlTemplate\":\"https:\/\/www.erresse-shop.it\/de\/?s={search_term_string}\"},\"query-input\":\"required name=search_term_string\"}],\"inLanguage\":\"de-DE\"}]}<\/script>\n<!-- \/ Yoast SEO Premium plugin. -->","yoast_head_json":{"title":"FRATELLI DESIDERI Masterchef Mistery Box Sunset Rice di Tracy - Erresse Shop","description":"Stellen Sie sich vor, Sie h\u00e4tten die Sonne eines Afrikaners Sonnenuntergang auf dem Teller, ein warmes, goldenes Licht, das durch die Aromen eines","robots":{"index":"index","follow":"follow","max-snippet":"max-snippet:-1","max-image-preview":"max-image-preview:large","max-video-preview":"max-video-preview:-1"},"canonical":"https:\/\/www.erresse-shop.it\/de\/shop\/food-de\/fratelli-desideri-masterchef-mistery-box-sunset-rice-di-tracy\/","og_locale":"de_DE","og_type":"article","og_title":"FRATELLI DESIDERI Masterchef Mistery Box Sunset Rice di Tracy","og_description":"Stellen Sie sich vor, Sie h\u00e4tten die Sonne eines Afrikaners Sonnenuntergang auf dem Teller, ein warmes, goldenes Licht, das durch die Aromen eines","og_url":"https:\/\/www.erresse-shop.it\/de\/shop\/food-de\/fratelli-desideri-masterchef-mistery-box-sunset-rice-di-tracy\/","og_site_name":"Erresse Shop","article_modified_time":"2026-02-04T10:32:46+00:00","og_image":[{"width":1200,"height":1200,"url":"https:\/\/www.erresse-shop.it\/wp-content\/uploads\/2024\/11\/FRATELLI-DESIDERI-Masterchef-Mistery-Box-Sunset-Rice.jpg","type":"image\/jpeg"}],"twitter_card":"summary_large_image","schema":{"@context":"https:\/\/schema.org","@graph":[{"@type":"WebPage","@id":"https:\/\/www.erresse-shop.it\/de\/shop\/food-de\/fratelli-desideri-masterchef-mistery-box-sunset-rice-di-tracy\/","url":"https:\/\/www.erresse-shop.it\/de\/shop\/food-de\/fratelli-desideri-masterchef-mistery-box-sunset-rice-di-tracy\/","name":"FRATELLI DESIDERI Masterchef Mistery Box Sunset Rice di Tracy - Erresse Shop","isPartOf":{"@id":"https:\/\/www.erresse-shop.it\/de\/#website"},"datePublished":"2024-11-22T14:41:23+00:00","dateModified":"2026-02-04T10:32:46+00:00","description":"Stellen Sie sich vor, Sie h\u00e4tten die Sonne eines Afrikaners Sonnenuntergang auf dem Teller, ein warmes, goldenes Licht, das durch die Aromen eines","breadcrumb":{"@id":"https:\/\/www.erresse-shop.it\/de\/shop\/food-de\/fratelli-desideri-masterchef-mistery-box-sunset-rice-di-tracy\/#breadcrumb"},"inLanguage":"de-DE","potentialAction":[{"@type":"ReadAction","target":["https:\/\/www.erresse-shop.it\/de\/shop\/food-de\/fratelli-desideri-masterchef-mistery-box-sunset-rice-di-tracy\/"]}]},{"@type":"BreadcrumbList","@id":"https:\/\/www.erresse-shop.it\/de\/shop\/food-de\/fratelli-desideri-masterchef-mistery-box-sunset-rice-di-tracy\/#breadcrumb","itemListElement":[{"@type":"ListItem","position":1,"name":"Home","item":"https:\/\/www.erresse-shop.it\/de\/"},{"@type":"ListItem","position":2,"name":"Shop","item":"https:\/\/www.erresse-shop.it\/de\/shop\/"},{"@type":"ListItem","position":3,"name":"FRATELLI DESIDERI Masterchef Mistery Box Sunset Rice di Tracy"}]},{"@type":"WebSite","@id":"https:\/\/www.erresse-shop.it\/de\/#website","url":"https:\/\/www.erresse-shop.it\/de\/","name":"Erresse Shop","description":"Articoli di qualit\u00e0 per la casa","potentialAction":[{"@type":"SearchAction","target":{"@type":"EntryPoint","urlTemplate":"https:\/\/www.erresse-shop.it\/de\/?s={search_term_string}"},"query-input":"required name=search_term_string"}],"inLanguage":"de-DE"}]}},"df_price":32,"df_sale_price":32,"df_regular_price":52,"df_image_link":"https:\/\/www.erresse-shop.it\/wp-content\/uploads\/2024\/11\/FRATELLI-DESIDERI-Masterchef-Mistery-Box-Sunset-Rice-300x300.jpg","_links":{"self":[{"href":"https:\/\/www.erresse-shop.it\/de\/wp-json\/wp\/v2\/product\/450777"}],"collection":[{"href":"https:\/\/www.erresse-shop.it\/de\/wp-json\/wp\/v2\/product"}],"about":[{"href":"https:\/\/www.erresse-shop.it\/de\/wp-json\/wp\/v2\/types\/product"}],"wp:featuredmedia":[{"embeddable":true,"href":"https:\/\/www.erresse-shop.it\/de\/wp-json\/wp\/v2\/media\/450798"}],"wp:attachment":[{"href":"https:\/\/www.erresse-shop.it\/de\/wp-json\/wp\/v2\/media?parent=450777"}],"wp:term":[{"taxonomy":"product_cat","embeddable":true,"href":"https:\/\/www.erresse-shop.it\/de\/wp-json\/wp\/v2\/product_cat?post=450777"},{"taxonomy":"product_tag","embeddable":true,"href":"https:\/\/www.erresse-shop.it\/de\/wp-json\/wp\/v2\/product_tag?post=450777"}],"curies":[{"name":"wp","href":"https:\/\/api.w.org\/{rel}","templated":true}]}}