{"id":450576,"date":"2024-11-22T10:37:51","date_gmt":"2024-11-22T10:37:52","guid":{"rendered":"https:\/\/www.erresse-shop.it\/?post_type=product&#038;p=450576"},"modified":"2026-02-04T10:17:30","modified_gmt":"2026-02-04T10:17:30","slug":"fratelli-desideri-le-cene-stellate-chef-gualtiero-marchesi-riso-oro-e-zafferano","status":"publish","type":"product","link":"https:\/\/www.erresse-shop.it\/de\/shop\/food-de\/fratelli-desideri-le-cene-stellate-chef-gualtiero-marchesi-riso-oro-e-zafferano\/","title":{"rendered":"FRATELLI DESIDERI Le Cene Stellate Chef Gualtiero Marchesi Riso, Oro e Zafferano"},"content":{"rendered":"<div class=\"flex-shrink-0 flex flex-col relative items-end\">\n<div class=\"pt-0\">\n<div class=\"gizmo-bot-avatar flex h-8 w-8 items-center justify-center overflow-hidden rounded-full\">\n<div class=\"relative p-1 rounded-sm flex items-center justify-center bg-token-main-surface-primary text-token-text-primary h-8 w-8\">\n<p><strong>Risotto \u201eReis, Gold und Safran\u201c<\/strong> ist ein symbolisches Gericht in der K\u00fcche von <strong>Gualtiero Marchesi<\/strong>, dem Gr\u00fcnder von <strong>Nuova Cucina Italiana<\/strong>, einer wahren gastronomischen Revolution, die nicht nur die italienische K\u00fcche, sondern auch die internationale K\u00fcche nachhaltig beeinflusst hat. Marchesi hat durch st\u00e4ndige <strong>Forschung und Experimente<\/strong> eine Art von K\u00fcche entwickelt, die gleichzeitig <strong>kreativ<\/strong>, <strong>frisch<\/strong>, <strong>leicht<\/strong>, <strong>essentiell<\/strong> und <strong>raffiniert<\/strong> ist und sich durch eine au\u00dfergew\u00f6hnliche Liebe zum Detail auszeichnet. Seine Philosophie konzentriert sich auf das Gleichgewicht zwischen <strong>Produkten<\/strong> h\u00f6chster Qualit\u00e4t, die Verwendung der richtigen <strong>Kochsysteme<\/strong>, eine innovative Vision der <strong>Ern\u00e4hrungswissenschaft<\/strong> und die kontinuierliche <strong>Entwicklung des Geschmacks<\/strong>, den er immer zu verfeinern suchte, indem er mit neuen Techniken und Geschmackskombinationen experimentierte.<\/p>\n<p>Risotto \u201eReis, Gold und Safran\u201c ist wahrscheinlich das ber\u00fchmteste Gericht der Welt, das von Marchesi kreiert wurde, einer authentischen <strong>gastronomischen Ikone<\/strong>, die die Geschichte der modernen K\u00fcche gepr\u00e4gt hat. Dieses Gericht, das Anfang der 1980er Jahre, zwischen <strong>1981 und 1982<\/strong>, konzipiert und zum ersten Mal serviert wurde, stellt die perfekte Synthese seiner K\u00fcche dar: <strong>Einfachheit<\/strong>, <strong>Eleganz<\/strong> und <strong>Raffinesse<\/strong>. Die Kombination aus <strong>Reis<\/strong>, <strong>Safran<\/strong> und <strong>Gold<\/strong> ist eine Hommage an die italienische gastronomische Tradition, neu interpretiert mit der innovativen und modernen Vision des K\u00fcchenchefs. Seitdem ist das Gericht nicht nur ein Muss f\u00fcr Liebhaber der Haute Cuisine, sondern auch ein <strong>Symbol<\/strong> seiner K\u00fcche, ein Sinnbild seiner Kochkunst.<\/p>\n<p>Die <strong>Einzigartigkeit des Gerichts<\/strong> wird durch die Anwesenheit von <strong>Blattgold<\/strong> noch spezieller, ein letzter Schliff, der das Gericht nicht nur \u00e4sthetisch aufwertet, sondern auch seine symbolische Bedeutung und seinen Wert unterstreicht. Der Reis mit seiner warmen und sonnigen Farbe ist mit Gold verziert, das perfekt mit der Intensit\u00e4t und Zartheit des Safrans harmoniert und eine Symphonie aus Farben und Aromen schafft.<\/p>\n<p>Die Vollendung des sensorischen Erlebnisses des Gerichts erfolgt durch den <strong>Akt des Essens<\/strong>. Marchesi hat sich daf\u00fcr entschieden, dieses Risotto mit einem <strong>L\u00f6ffel<\/strong> und nicht mit einer Gabel zu servieren, als Geste, die Sie einl\u00e4dt, sich auf das Gericht einzustimmen, seine Zartheit und Intensit\u00e4t auf eine intimere und direktere Weise wahrzunehmen. Der Duft des Risottos ist so umh\u00fcllend, dass man beim ersten Bissen sofort das Blattgold zerbrechen m\u00f6chte, wodurch das kulinarische \u201eKunstwerk\u201c in gewissem Sinne zerst\u00f6rt wird, gleichzeitig aber sein Wert und seine Bedeutung gesteigert werden, genau wie bei einer Kreation, die in ihrem Moment maximaler Pracht verzehrt und gesch\u00e4tzt werden muss.<\/p>\n<p>Marchesi wiederholte gern, wenn er von diesem Risotto sprach: \u201e<strong>Die Helligkeit von Reis und Gold ist f\u00fcr mich \u00fcberw\u00e4ltigend. Es ist das Gericht, das meine Vorstellung von Sch\u00f6nheit am besten wiedergibt. Essenziell, ohne Schnickschnack<\/strong>.\u201c Dieser Satz enth\u00e4lt die Essenz seiner Herangehensweise an das Kochen: eine Kunst, die keine \u00fcberfl\u00fcssigen Elemente hinzuf\u00fcgen muss, um au\u00dfergew\u00f6hnlich zu sein, sondern die ihre Sch\u00f6nheit in der <strong>Einfachheit<\/strong>, <strong>Reinheit<\/strong> und <strong>Feinheit<\/strong> der Zutaten findet. Das <strong>Risotto \u201eReis, Gold und Safran\u201c<\/strong> ist nicht nur ein Gericht zum Essen, sondern ein Erlebnis, das alle Sinne einbezieht und uns einl\u00e4dt, \u00fcber die <strong>Sch\u00f6nheit<\/strong> nachzudenken, die in den wesentlichen Dingen steckt, in Traditionen, die mit einem Hauch von Genialit\u00e4t neu interpretiert werden.<\/p>\n<p>Mit diesem Gericht hat Gualtiero Marchesi nicht nur ein au\u00dfergew\u00f6hnliches Gericht kreiert, sondern auch eine <strong>gastronomische Philosophie<\/strong> definiert, die Generationen von K\u00f6chen und Feinschmeckern beeinflusst hat. Sein Risotto ist nach wie vor ein <strong>Bezugspunkt<\/strong> f\u00fcr alle, die erstklassige K\u00fcche verstehen und sch\u00e4tzen m\u00f6chten, eine K\u00fcche, die <strong>Kunst, \u00c4sthetik und Geschmack<\/strong> in perfekter Balance vereint.<\/p>\n<\/div>\n<\/div>\n<\/div>\n<\/div>\n<p><strong>Produktdetails:<\/strong><\/p>\n<p><strong>Portionen:<\/strong> 4 Personen<br \/>\n<strong>Zubereitungszeit:<\/strong> 20 Min.<br \/>\n<strong>Schwierigkeitsgrad:<\/strong> Niedrig<\/p>\n","protected":false},"excerpt":{"rendered":"<p>Risotto \u201eReis, Gold und Safran\u201c ist ein symbolisches Gericht in der K\u00fcche von Gualtiero Marchesi, dem Gr\u00fcnder von Nuova Cucina<\/p>\n","protected":false},"featured_media":450620,"template":"","meta":{"_acf_changed":false,"inline_featured_image":false},"product_cat":[25934],"product_tag":[21533],"acf":[],"yoast_head":"<!-- This site is optimized with the Yoast SEO Premium plugin v18.6 (Yoast SEO v19.13) - https:\/\/yoast.com\/wordpress\/plugins\/seo\/ -->\n<title>FRATELLI DESIDERI Le Cene Stellate Chef Gualtiero Marchesi Riso, Oro e Zafferano - Erresse Shop<\/title>\n<meta name=\"description\" content=\"Risotto \u201eReis, Gold und Safran\u201c ist ein symbolisches Gericht in der K\u00fcche von Gualtiero Marchesi, dem Gr\u00fcnder von Nuova Cucina Italiana, einer wahren\" \/>\n<meta name=\"robots\" content=\"index, follow, max-snippet:-1, max-image-preview:large, max-video-preview:-1\" \/>\n<link rel=\"canonical\" href=\"https:\/\/www.erresse-shop.it\/de\/shop\/food-de\/fratelli-desideri-le-cene-stellate-chef-gualtiero-marchesi-riso-oro-e-zafferano\/\" \/>\n<meta property=\"og:locale\" content=\"de_DE\" \/>\n<meta property=\"og:type\" content=\"article\" \/>\n<meta property=\"og:title\" content=\"FRATELLI DESIDERI Le Cene Stellate Chef Gualtiero Marchesi Riso, Oro e Zafferano\" \/>\n<meta property=\"og:description\" content=\"Risotto \u201eReis, Gold und Safran\u201c ist ein symbolisches Gericht in der K\u00fcche von Gualtiero Marchesi, dem Gr\u00fcnder von Nuova Cucina Italiana, einer wahren\" \/>\n<meta property=\"og:url\" content=\"https:\/\/www.erresse-shop.it\/de\/shop\/food-de\/fratelli-desideri-le-cene-stellate-chef-gualtiero-marchesi-riso-oro-e-zafferano\/\" \/>\n<meta property=\"og:site_name\" content=\"Erresse Shop\" \/>\n<meta property=\"article:modified_time\" content=\"2026-02-04T10:17:30+00:00\" \/>\n<meta property=\"og:image\" content=\"https:\/\/www.erresse-shop.it\/wp-content\/uploads\/2024\/11\/FRATELLI-DESIDERI-Le-Cene-Stellate-Riso-Oro-e-Zafferano.jpg\" \/>\n\t<meta property=\"og:image:width\" content=\"1200\" \/>\n\t<meta property=\"og:image:height\" content=\"1200\" \/>\n\t<meta property=\"og:image:type\" content=\"image\/jpeg\" \/>\n<meta name=\"twitter:card\" content=\"summary_large_image\" \/>\n<script type=\"application\/ld+json\" class=\"yoast-schema-graph\">{\"@context\":\"https:\/\/schema.org\",\"@graph\":[{\"@type\":\"WebPage\",\"@id\":\"https:\/\/www.erresse-shop.it\/de\/shop\/food-de\/fratelli-desideri-le-cene-stellate-chef-gualtiero-marchesi-riso-oro-e-zafferano\/\",\"url\":\"https:\/\/www.erresse-shop.it\/de\/shop\/food-de\/fratelli-desideri-le-cene-stellate-chef-gualtiero-marchesi-riso-oro-e-zafferano\/\",\"name\":\"FRATELLI DESIDERI Le Cene Stellate Chef Gualtiero Marchesi Riso, Oro e Zafferano - Erresse Shop\",\"isPartOf\":{\"@id\":\"https:\/\/www.erresse-shop.it\/de\/#website\"},\"datePublished\":\"2024-11-22T10:37:52+00:00\",\"dateModified\":\"2026-02-04T10:17:30+00:00\",\"description\":\"Risotto \u201eReis, Gold und Safran\u201c ist ein symbolisches Gericht in der K\u00fcche von Gualtiero Marchesi, dem Gr\u00fcnder von Nuova Cucina Italiana, einer wahren\",\"breadcrumb\":{\"@id\":\"https:\/\/www.erresse-shop.it\/de\/shop\/food-de\/fratelli-desideri-le-cene-stellate-chef-gualtiero-marchesi-riso-oro-e-zafferano\/#breadcrumb\"},\"inLanguage\":\"de-DE\",\"potentialAction\":[{\"@type\":\"ReadAction\",\"target\":[\"https:\/\/www.erresse-shop.it\/de\/shop\/food-de\/fratelli-desideri-le-cene-stellate-chef-gualtiero-marchesi-riso-oro-e-zafferano\/\"]}]},{\"@type\":\"BreadcrumbList\",\"@id\":\"https:\/\/www.erresse-shop.it\/de\/shop\/food-de\/fratelli-desideri-le-cene-stellate-chef-gualtiero-marchesi-riso-oro-e-zafferano\/#breadcrumb\",\"itemListElement\":[{\"@type\":\"ListItem\",\"position\":1,\"name\":\"Home\",\"item\":\"https:\/\/www.erresse-shop.it\/de\/\"},{\"@type\":\"ListItem\",\"position\":2,\"name\":\"Shop\",\"item\":\"https:\/\/www.erresse-shop.it\/de\/shop\/\"},{\"@type\":\"ListItem\",\"position\":3,\"name\":\"FRATELLI DESIDERI Le Cene Stellate Chef Gualtiero Marchesi Riso, Oro e Zafferano\"}]},{\"@type\":\"WebSite\",\"@id\":\"https:\/\/www.erresse-shop.it\/de\/#website\",\"url\":\"https:\/\/www.erresse-shop.it\/de\/\",\"name\":\"Erresse Shop\",\"description\":\"Articoli di qualit\u00e0 per la casa\",\"potentialAction\":[{\"@type\":\"SearchAction\",\"target\":{\"@type\":\"EntryPoint\",\"urlTemplate\":\"https:\/\/www.erresse-shop.it\/de\/?s={search_term_string}\"},\"query-input\":\"required name=search_term_string\"}],\"inLanguage\":\"de-DE\"}]}<\/script>\n<!-- \/ Yoast SEO Premium plugin. -->","yoast_head_json":{"title":"FRATELLI DESIDERI Le Cene Stellate Chef Gualtiero Marchesi Riso, Oro e Zafferano - Erresse Shop","description":"Risotto \u201eReis, Gold und Safran\u201c ist ein symbolisches Gericht in der K\u00fcche von Gualtiero Marchesi, dem Gr\u00fcnder von Nuova Cucina Italiana, einer wahren","robots":{"index":"index","follow":"follow","max-snippet":"max-snippet:-1","max-image-preview":"max-image-preview:large","max-video-preview":"max-video-preview:-1"},"canonical":"https:\/\/www.erresse-shop.it\/de\/shop\/food-de\/fratelli-desideri-le-cene-stellate-chef-gualtiero-marchesi-riso-oro-e-zafferano\/","og_locale":"de_DE","og_type":"article","og_title":"FRATELLI DESIDERI Le Cene Stellate Chef Gualtiero Marchesi Riso, Oro e Zafferano","og_description":"Risotto \u201eReis, Gold und Safran\u201c ist ein symbolisches Gericht in der K\u00fcche von Gualtiero Marchesi, dem Gr\u00fcnder von Nuova Cucina Italiana, einer wahren","og_url":"https:\/\/www.erresse-shop.it\/de\/shop\/food-de\/fratelli-desideri-le-cene-stellate-chef-gualtiero-marchesi-riso-oro-e-zafferano\/","og_site_name":"Erresse Shop","article_modified_time":"2026-02-04T10:17:30+00:00","og_image":[{"width":1200,"height":1200,"url":"https:\/\/www.erresse-shop.it\/wp-content\/uploads\/2024\/11\/FRATELLI-DESIDERI-Le-Cene-Stellate-Riso-Oro-e-Zafferano.jpg","type":"image\/jpeg"}],"twitter_card":"summary_large_image","schema":{"@context":"https:\/\/schema.org","@graph":[{"@type":"WebPage","@id":"https:\/\/www.erresse-shop.it\/de\/shop\/food-de\/fratelli-desideri-le-cene-stellate-chef-gualtiero-marchesi-riso-oro-e-zafferano\/","url":"https:\/\/www.erresse-shop.it\/de\/shop\/food-de\/fratelli-desideri-le-cene-stellate-chef-gualtiero-marchesi-riso-oro-e-zafferano\/","name":"FRATELLI DESIDERI Le Cene Stellate Chef Gualtiero Marchesi Riso, Oro e Zafferano - Erresse Shop","isPartOf":{"@id":"https:\/\/www.erresse-shop.it\/de\/#website"},"datePublished":"2024-11-22T10:37:52+00:00","dateModified":"2026-02-04T10:17:30+00:00","description":"Risotto \u201eReis, Gold und Safran\u201c ist ein symbolisches Gericht in der K\u00fcche von Gualtiero Marchesi, dem Gr\u00fcnder von Nuova Cucina Italiana, einer wahren","breadcrumb":{"@id":"https:\/\/www.erresse-shop.it\/de\/shop\/food-de\/fratelli-desideri-le-cene-stellate-chef-gualtiero-marchesi-riso-oro-e-zafferano\/#breadcrumb"},"inLanguage":"de-DE","potentialAction":[{"@type":"ReadAction","target":["https:\/\/www.erresse-shop.it\/de\/shop\/food-de\/fratelli-desideri-le-cene-stellate-chef-gualtiero-marchesi-riso-oro-e-zafferano\/"]}]},{"@type":"BreadcrumbList","@id":"https:\/\/www.erresse-shop.it\/de\/shop\/food-de\/fratelli-desideri-le-cene-stellate-chef-gualtiero-marchesi-riso-oro-e-zafferano\/#breadcrumb","itemListElement":[{"@type":"ListItem","position":1,"name":"Home","item":"https:\/\/www.erresse-shop.it\/de\/"},{"@type":"ListItem","position":2,"name":"Shop","item":"https:\/\/www.erresse-shop.it\/de\/shop\/"},{"@type":"ListItem","position":3,"name":"FRATELLI DESIDERI Le Cene Stellate Chef Gualtiero Marchesi Riso, Oro e Zafferano"}]},{"@type":"WebSite","@id":"https:\/\/www.erresse-shop.it\/de\/#website","url":"https:\/\/www.erresse-shop.it\/de\/","name":"Erresse Shop","description":"Articoli di qualit\u00e0 per la casa","potentialAction":[{"@type":"SearchAction","target":{"@type":"EntryPoint","urlTemplate":"https:\/\/www.erresse-shop.it\/de\/?s={search_term_string}"},"query-input":"required name=search_term_string"}],"inLanguage":"de-DE"}]}},"df_price":54.95,"df_sale_price":54.95,"df_regular_price":62,"df_image_link":"https:\/\/www.erresse-shop.it\/wp-content\/uploads\/2024\/11\/FRATELLI-DESIDERI-Le-Cene-Stellate-Riso-Oro-e-Zafferano-300x300.jpg","_links":{"self":[{"href":"https:\/\/www.erresse-shop.it\/de\/wp-json\/wp\/v2\/product\/450576"}],"collection":[{"href":"https:\/\/www.erresse-shop.it\/de\/wp-json\/wp\/v2\/product"}],"about":[{"href":"https:\/\/www.erresse-shop.it\/de\/wp-json\/wp\/v2\/types\/product"}],"wp:featuredmedia":[{"embeddable":true,"href":"https:\/\/www.erresse-shop.it\/de\/wp-json\/wp\/v2\/media\/450620"}],"wp:attachment":[{"href":"https:\/\/www.erresse-shop.it\/de\/wp-json\/wp\/v2\/media?parent=450576"}],"wp:term":[{"taxonomy":"product_cat","embeddable":true,"href":"https:\/\/www.erresse-shop.it\/de\/wp-json\/wp\/v2\/product_cat?post=450576"},{"taxonomy":"product_tag","embeddable":true,"href":"https:\/\/www.erresse-shop.it\/de\/wp-json\/wp\/v2\/product_tag?post=450576"}],"curies":[{"name":"wp","href":"https:\/\/api.w.org\/{rel}","templated":true}]}}