{"id":450547,"date":"2024-11-22T10:11:11","date_gmt":"2024-11-22T10:11:12","guid":{"rendered":"https:\/\/www.erresse-shop.it\/?post_type=product&#038;p=450547"},"modified":"2026-02-04T10:15:08","modified_gmt":"2026-02-04T10:15:08","slug":"fratelli-desideri-le-cene-stellate-chef-enrico-bartolini-purple-grain","status":"publish","type":"product","link":"https:\/\/www.erresse-shop.it\/de\/shop\/food-de\/fratelli-desideri-le-cene-stellate-chef-enrico-bartolini-purple-grain\/","title":{"rendered":"FRATELLI DESIDERI Le Cene Stellate Chef Enrico Bartolini Purple Grain"},"content":{"rendered":"<div class=\"flex-shrink-0 flex flex-col relative items-end\">\n<div class=\"pt-0\">\n<div class=\"gizmo-bot-avatar flex h-8 w-8 items-center justify-center overflow-hiddenrounded-full\">\n<div class=\"relative p-1 abgerundet-sm flexible items-center justify-center bg-token-main-surface-primary text-token-text-primary h-8 w-8\">\n<p><strong>Enricos Signature<\/strong> ist ein Gericht, das die Geschichte der internationalen Gastronomie gepr\u00e4gt hat, ein preisgekr\u00f6ntes Risotto, das die Genialit\u00e4t und Meisterschaft von <strong>Enrico<\/strong>, einem der renommiertesten und innovativsten Gerichte, perfekt verk\u00f6rpert in der Welt. Dieses Gericht, wahrscheinlich eines der ber\u00fchmtesten in der <strong>Haute Cuisine<\/strong>-Panorama, ist auf der Speisekarte von <strong>Mudec<\/strong>, seinem mit drei Michelin-Sternen ausgezeichneten Restaurant in Mailand, das seit Jahren vertreten ist, allgegenw\u00e4rtig ein Leuchtturm der zeitgen\u00f6ssischen K\u00fcche. Ein Gericht, das nicht nur eine Geschmacksexplosion ist, sondern ein wahres kulinarisches Kunstwerk, das die au\u00dfergew\u00f6hnliche k\u00fcnstlerische Vision des K\u00fcchenchefs widerspiegelt.<\/p>\n<p>Risotto erscheint in seiner ganzen Pracht wie ein Gericht, das an die flie\u00dfenden und unvorhersehbaren Formen eines Tropfens von Jackson Pollock erinnert, dem ber\u00fchmten amerikanischen K\u00fcnstler, der das Konzept der Malerei revolutionierte. Die \u00c4sthetik des Gerichts ist einfach <strong>grandios<\/strong>, mit lebendigen Farben und Texturen, die sich in einem Spiel aus Formen und Schattierungen vermischen und nicht nur zum Geschmack, sondern auch zum Anblick einladen. Es ist ein Gericht, das durch jedes einzelne Element eine Geschichte erz\u00e4hlt, bei dem <strong>Kreativit\u00e4t<\/strong> und <strong>Technik<\/strong> zusammenkommen, um etwas Einzigartiges zu schaffen.<\/p>\n<p>Beim ersten Geschmack wird der Gaumen von den <strong>s\u00fc\u00dfen Noten roter Fr\u00fcchte<\/strong> umh\u00fcllt, die zart mit ihrem nat\u00fcrlichen, lebendigen und fruchtigen Geschmack explodieren. Ihre Frische wird wunderbar durch die <strong>Sanftheit der Roten Bete<\/strong> ausgeglichen, eine Zutat, die eine erdige und reichhaltige Dimension verleiht und die S\u00fc\u00dfe der Fr\u00fcchte mit einem samtigen Gef\u00fchl erg\u00e4nzt, das perfekt mit den anderen Aromen harmoniert. Aber es ist die Zugabe von <strong>Blauschimmelk\u00e4se<\/strong> \u2013 einem K\u00e4se mit intensiven und schmackhaften Noten \u2013 der das Gericht mit seiner Kraft bereichert und einen au\u00dfergew\u00f6hnlichen Kontrast zur S\u00fc\u00dfe der Roten Bete und roten Fr\u00fcchten schafft.<\/p>\n<p>Um diese gastronomische Arbeit abzurunden, verleiht die <strong>Walnusscreme in der Garnitur<\/strong> den letzten Schliff und verleiht ihm eine zarte Textur und einen leicht ger\u00f6steten Geschmack, der das gesamte Gericht harmoniert, w\u00e4hrend die unglaubliche Intensit\u00e4t jeder einzelnen Zutat f\u00fcr ein harmonisches Gesamtbild sorgt selbst f\u00fchlte sich in einer perfekten Ausgewogenheit der Geschm\u00e4cker an.<\/p>\n<p>Doch die wahre Wirkung dieses Gerichts liegt nicht nur in seinem au\u00dfergew\u00f6hnlichen Geschmack, sondern auch im <strong>allgemeinen Sinneserlebnis<\/strong>, das es bietet. Das Aufeinandertreffen von Geschm\u00e4ckern, Farben und Texturen sowie die perfekte Balance von S\u00fc\u00dfe, Intensit\u00e4t und Frische machen dieses Risotto zu einer echten <strong>gastronomischen Erinnerung<\/strong>, einem Gericht, das sich im Kopf und im Herzen derjenigen, die es genie\u00dfen, einpr\u00e4gt haben das Gl\u00fcck, es zu probieren.<\/p>\n<p>Dieses Rezept ist nicht nur ein Beweis f\u00fcr Enricos <strong>absolutes Genie<\/strong> in der <strong>modernen Haute Cuisine<\/strong>, sondern auch ein Zeugnis seiner F\u00e4higkeit, <strong>Lebensmittel in Kunst zu verwandeln<\/strong> &gt; , wodurch ein Gericht kreiert wird, das in der kulinarischen Szene der Welt seinesgleichen sucht. Ein Gericht, das als eines der unbestrittenen Meisterwerke unserer Zeit in die Geschichte der Gastronomie eingehen wird.<\/p>\n<\/div>\n<\/div>\n<\/div>\n<\/div>\n<p><strong>Produktdetails:<\/strong><\/p>\n<p><strong>Portionen:<\/strong> 4 Personen<br \/>\n<strong>Vorbereitungszeit:<\/strong> 25 Min.<br \/>\n<strong>Schwierigkeitsgrad:<\/strong> Mittel<\/p>\n","protected":false},"excerpt":{"rendered":"<p>Enricos Signature ist ein Gericht, das die Geschichte der internationalen Gastronomie gepr\u00e4gt hat, ein preisgekr\u00f6ntes Risotto, das die Genialit\u00e4t und<\/p>\n","protected":false},"featured_media":450570,"template":"","meta":{"_acf_changed":false,"inline_featured_image":false},"product_cat":[25934],"product_tag":[21533],"acf":[],"yoast_head":"<!-- This site is optimized with the Yoast SEO Premium plugin v18.6 (Yoast SEO v19.13) - https:\/\/yoast.com\/wordpress\/plugins\/seo\/ -->\n<title>FRATELLI DESIDERI Le Cene Stellate Chef Enrico Bartolini Purple Grain - Erresse Shop<\/title>\n<meta name=\"description\" content=\"Enricos Signature ist ein Gericht, das die Geschichte der internationalen Gastronomie gepr\u00e4gt hat, ein preisgekr\u00f6ntes Risotto, das die Genialit\u00e4t und\" \/>\n<meta name=\"robots\" content=\"index, follow, max-snippet:-1, max-image-preview:large, max-video-preview:-1\" \/>\n<link rel=\"canonical\" href=\"https:\/\/www.erresse-shop.it\/de\/shop\/food-de\/fratelli-desideri-le-cene-stellate-chef-enrico-bartolini-purple-grain\/\" \/>\n<meta property=\"og:locale\" content=\"de_DE\" \/>\n<meta property=\"og:type\" content=\"article\" \/>\n<meta property=\"og:title\" content=\"FRATELLI DESIDERI Le Cene Stellate Chef Enrico Bartolini Purple Grain\" \/>\n<meta property=\"og:description\" content=\"Enricos Signature ist ein Gericht, das die Geschichte der internationalen Gastronomie gepr\u00e4gt hat, ein preisgekr\u00f6ntes Risotto, das die Genialit\u00e4t und\" \/>\n<meta property=\"og:url\" content=\"https:\/\/www.erresse-shop.it\/de\/shop\/food-de\/fratelli-desideri-le-cene-stellate-chef-enrico-bartolini-purple-grain\/\" \/>\n<meta property=\"og:site_name\" content=\"Erresse Shop\" \/>\n<meta property=\"article:modified_time\" content=\"2026-02-04T10:15:08+00:00\" \/>\n<meta property=\"og:image\" content=\"https:\/\/www.erresse-shop.it\/wp-content\/uploads\/2024\/11\/FRATELLI-DESIDERI-Le-Cene-Stellate-Purple-Grain.jpg\" \/>\n\t<meta property=\"og:image:width\" content=\"1200\" \/>\n\t<meta property=\"og:image:height\" content=\"1200\" \/>\n\t<meta property=\"og:image:type\" content=\"image\/jpeg\" \/>\n<meta name=\"twitter:card\" content=\"summary_large_image\" \/>\n<script type=\"application\/ld+json\" class=\"yoast-schema-graph\">{\"@context\":\"https:\/\/schema.org\",\"@graph\":[{\"@type\":\"WebPage\",\"@id\":\"https:\/\/www.erresse-shop.it\/de\/shop\/food-de\/fratelli-desideri-le-cene-stellate-chef-enrico-bartolini-purple-grain\/\",\"url\":\"https:\/\/www.erresse-shop.it\/de\/shop\/food-de\/fratelli-desideri-le-cene-stellate-chef-enrico-bartolini-purple-grain\/\",\"name\":\"FRATELLI DESIDERI Le Cene Stellate Chef Enrico Bartolini Purple Grain - Erresse Shop\",\"isPartOf\":{\"@id\":\"https:\/\/www.erresse-shop.it\/de\/#website\"},\"datePublished\":\"2024-11-22T10:11:12+00:00\",\"dateModified\":\"2026-02-04T10:15:08+00:00\",\"description\":\"Enricos Signature ist ein Gericht, das die Geschichte der internationalen Gastronomie gepr\u00e4gt hat, ein preisgekr\u00f6ntes Risotto, das die Genialit\u00e4t und\",\"breadcrumb\":{\"@id\":\"https:\/\/www.erresse-shop.it\/de\/shop\/food-de\/fratelli-desideri-le-cene-stellate-chef-enrico-bartolini-purple-grain\/#breadcrumb\"},\"inLanguage\":\"de-DE\",\"potentialAction\":[{\"@type\":\"ReadAction\",\"target\":[\"https:\/\/www.erresse-shop.it\/de\/shop\/food-de\/fratelli-desideri-le-cene-stellate-chef-enrico-bartolini-purple-grain\/\"]}]},{\"@type\":\"BreadcrumbList\",\"@id\":\"https:\/\/www.erresse-shop.it\/de\/shop\/food-de\/fratelli-desideri-le-cene-stellate-chef-enrico-bartolini-purple-grain\/#breadcrumb\",\"itemListElement\":[{\"@type\":\"ListItem\",\"position\":1,\"name\":\"Home\",\"item\":\"https:\/\/www.erresse-shop.it\/de\/\"},{\"@type\":\"ListItem\",\"position\":2,\"name\":\"Shop\",\"item\":\"https:\/\/www.erresse-shop.it\/de\/shop\/\"},{\"@type\":\"ListItem\",\"position\":3,\"name\":\"FRATELLI DESIDERI Le Cene Stellate Chef Enrico Bartolini Purple Grain\"}]},{\"@type\":\"WebSite\",\"@id\":\"https:\/\/www.erresse-shop.it\/de\/#website\",\"url\":\"https:\/\/www.erresse-shop.it\/de\/\",\"name\":\"Erresse Shop\",\"description\":\"Articoli di qualit\u00e0 per la casa\",\"potentialAction\":[{\"@type\":\"SearchAction\",\"target\":{\"@type\":\"EntryPoint\",\"urlTemplate\":\"https:\/\/www.erresse-shop.it\/de\/?s={search_term_string}\"},\"query-input\":\"required name=search_term_string\"}],\"inLanguage\":\"de-DE\"}]}<\/script>\n<!-- \/ Yoast SEO Premium plugin. -->","yoast_head_json":{"title":"FRATELLI DESIDERI Le Cene Stellate Chef Enrico Bartolini Purple Grain - Erresse Shop","description":"Enricos Signature ist ein Gericht, das die Geschichte der internationalen Gastronomie gepr\u00e4gt hat, ein preisgekr\u00f6ntes Risotto, das die Genialit\u00e4t und","robots":{"index":"index","follow":"follow","max-snippet":"max-snippet:-1","max-image-preview":"max-image-preview:large","max-video-preview":"max-video-preview:-1"},"canonical":"https:\/\/www.erresse-shop.it\/de\/shop\/food-de\/fratelli-desideri-le-cene-stellate-chef-enrico-bartolini-purple-grain\/","og_locale":"de_DE","og_type":"article","og_title":"FRATELLI DESIDERI Le Cene Stellate Chef Enrico Bartolini Purple Grain","og_description":"Enricos Signature ist ein Gericht, das die Geschichte der internationalen Gastronomie gepr\u00e4gt hat, ein preisgekr\u00f6ntes Risotto, das die Genialit\u00e4t und","og_url":"https:\/\/www.erresse-shop.it\/de\/shop\/food-de\/fratelli-desideri-le-cene-stellate-chef-enrico-bartolini-purple-grain\/","og_site_name":"Erresse Shop","article_modified_time":"2026-02-04T10:15:08+00:00","og_image":[{"width":1200,"height":1200,"url":"https:\/\/www.erresse-shop.it\/wp-content\/uploads\/2024\/11\/FRATELLI-DESIDERI-Le-Cene-Stellate-Purple-Grain.jpg","type":"image\/jpeg"}],"twitter_card":"summary_large_image","schema":{"@context":"https:\/\/schema.org","@graph":[{"@type":"WebPage","@id":"https:\/\/www.erresse-shop.it\/de\/shop\/food-de\/fratelli-desideri-le-cene-stellate-chef-enrico-bartolini-purple-grain\/","url":"https:\/\/www.erresse-shop.it\/de\/shop\/food-de\/fratelli-desideri-le-cene-stellate-chef-enrico-bartolini-purple-grain\/","name":"FRATELLI DESIDERI Le Cene Stellate Chef Enrico Bartolini Purple Grain - Erresse Shop","isPartOf":{"@id":"https:\/\/www.erresse-shop.it\/de\/#website"},"datePublished":"2024-11-22T10:11:12+00:00","dateModified":"2026-02-04T10:15:08+00:00","description":"Enricos Signature ist ein Gericht, das die Geschichte der internationalen Gastronomie gepr\u00e4gt hat, ein preisgekr\u00f6ntes Risotto, das die Genialit\u00e4t und","breadcrumb":{"@id":"https:\/\/www.erresse-shop.it\/de\/shop\/food-de\/fratelli-desideri-le-cene-stellate-chef-enrico-bartolini-purple-grain\/#breadcrumb"},"inLanguage":"de-DE","potentialAction":[{"@type":"ReadAction","target":["https:\/\/www.erresse-shop.it\/de\/shop\/food-de\/fratelli-desideri-le-cene-stellate-chef-enrico-bartolini-purple-grain\/"]}]},{"@type":"BreadcrumbList","@id":"https:\/\/www.erresse-shop.it\/de\/shop\/food-de\/fratelli-desideri-le-cene-stellate-chef-enrico-bartolini-purple-grain\/#breadcrumb","itemListElement":[{"@type":"ListItem","position":1,"name":"Home","item":"https:\/\/www.erresse-shop.it\/de\/"},{"@type":"ListItem","position":2,"name":"Shop","item":"https:\/\/www.erresse-shop.it\/de\/shop\/"},{"@type":"ListItem","position":3,"name":"FRATELLI DESIDERI Le Cene Stellate Chef Enrico Bartolini Purple Grain"}]},{"@type":"WebSite","@id":"https:\/\/www.erresse-shop.it\/de\/#website","url":"https:\/\/www.erresse-shop.it\/de\/","name":"Erresse Shop","description":"Articoli di qualit\u00e0 per la casa","potentialAction":[{"@type":"SearchAction","target":{"@type":"EntryPoint","urlTemplate":"https:\/\/www.erresse-shop.it\/de\/?s={search_term_string}"},"query-input":"required name=search_term_string"}],"inLanguage":"de-DE"}]}},"df_price":39,"df_sale_price":39,"df_regular_price":68,"df_image_link":"https:\/\/www.erresse-shop.it\/wp-content\/uploads\/2024\/11\/FRATELLI-DESIDERI-Le-Cene-Stellate-Purple-Grain-300x300.jpg","_links":{"self":[{"href":"https:\/\/www.erresse-shop.it\/de\/wp-json\/wp\/v2\/product\/450547"}],"collection":[{"href":"https:\/\/www.erresse-shop.it\/de\/wp-json\/wp\/v2\/product"}],"about":[{"href":"https:\/\/www.erresse-shop.it\/de\/wp-json\/wp\/v2\/types\/product"}],"wp:featuredmedia":[{"embeddable":true,"href":"https:\/\/www.erresse-shop.it\/de\/wp-json\/wp\/v2\/media\/450570"}],"wp:attachment":[{"href":"https:\/\/www.erresse-shop.it\/de\/wp-json\/wp\/v2\/media?parent=450547"}],"wp:term":[{"taxonomy":"product_cat","embeddable":true,"href":"https:\/\/www.erresse-shop.it\/de\/wp-json\/wp\/v2\/product_cat?post=450547"},{"taxonomy":"product_tag","embeddable":true,"href":"https:\/\/www.erresse-shop.it\/de\/wp-json\/wp\/v2\/product_tag?post=450547"}],"curies":[{"name":"wp","href":"https:\/\/api.w.org\/{rel}","templated":true}]}}