{"id":450510,"date":"2024-11-22T09:46:48","date_gmt":"2024-11-22T09:46:49","guid":{"rendered":"https:\/\/www.erresse-shop.it\/?post_type=product&#038;p=450510"},"modified":"2026-02-04T10:12:18","modified_gmt":"2026-02-04T10:12:18","slug":"fratelli-desideri-le-cene-stellate-chef-antonino-cannavacciuolo-o-mare-mio","status":"publish","type":"product","link":"https:\/\/www.erresse-shop.it\/de\/shop\/food-de\/fratelli-desideri-le-cene-stellate-chef-antonino-cannavacciuolo-o-mare-mio\/","title":{"rendered":"FRATELLI DESIDERI Le Cene Stellate Chef Antonino Cannavacciuolo O&#8217; Mare Mio"},"content":{"rendered":"<div class=\"flex-shrink-0 flex flex-col relative items-end\">\n<div class=\"pt-0\">\n<div class=\"gizmo-bot-avatar flex h-8 w-8 items-center justify-center overflow-hiddenrounded-full\">\n<div class=\"relative p-1 abgerundet-sm flexible items-center justify-center bg-token-main-surface-primary text-token-text-primary h-8 w-8\">\n<p><strong>Der Fisch-Comic der Villa Crespi<\/strong> ist die geheime Zutat, die dem gastronomischen Meisterwerk von <strong>Antonino Cannavacciuolo<\/strong>, einem der renommiertesten italienischen K\u00f6che, Leben einhaucht. Dieses Gericht ist ein wahrer Ausdruck von Raffinesse und Meisterschaft, bei dem jede Komponente sorgf\u00e4ltig ausgew\u00e4hlt wird, um den authentischen und tiefen Geschmack des Meeres hervorzuheben, der seit jeher die neapolitanische kulinarische Tradition kennzeichnet.<\/p>\n<p>Das Herzst\u00fcck dieses Rezepts ist die <strong>Fischbr\u00fche<\/strong>, eine reichhaltige und schmackhafte Zubereitung, die dank der langen Garzeit und der sorgf\u00e4ltigen Auswahl der Zutaten die ganze Intensit\u00e4t von Meeresfr\u00fcchten am besten zum Ausdruck bringt. Der Fischfond ist nicht nur eine Br\u00fche, sondern eine wertvolle Basis, die dem Gericht eine einzigartige Tiefe und Komplexit\u00e4t verleiht und den Geschmacksg\u00e4nger auf eine sinnliche Reise ins Herz des Meeres entf\u00fchrt.<\/p>\n<p>Um dieses gastronomische Meisterwerk abzurunden, wird das Gericht durch die <strong>intensiven Noten von Seeigel<\/strong> verfeinert, einer wertvollen Zutat, die eine zarte, salzige Note verleiht und jeden Bissen mit der Frische und Reinheit des Meeres bereichern kann. Seine nat\u00fcrliche S\u00fc\u00dfe verschmilzt perfekt mit der Kraft des Comics und schafft eine perfekte Balance, die den Gaumen verw\u00f6hnt und die Sinne anregt.<\/p>\n<p>Dar\u00fcber hinaus verleiht die <strong>umh\u00fcllende Umarmung der Safranstempel<\/strong> dem Gericht eine goldene Note und ein unverwechselbares Aroma, das das Geschmackserlebnis intensiviert und jede Verkostung zu einer Explosion von Aromen und Geschmacksrichtungen macht. Safran verleiht mit seiner Feinheit und leuchtenden Farbe eine Leichtigkeit, die die Reichhaltigkeit des Gerichts ausgleicht und ein Gef\u00fchl absoluter Harmonie erzeugt.<\/p>\n<p>Dieses <strong>gro\u00dfartige Rezept<\/strong> ist das Ergebnis einer geschickten Kombination von Zutaten und raffinierten kulinarischen Techniken, die es schaffen, die Essenz der traditionellen neapolitanischen K\u00fcche in einer modernen und \u00fcberraschenden Version zum Ausdruck zu bringen. Die von Antonino Cannavacciuolo verwendeten <strong>Haute-Cuisine-Techniken<\/strong> erwecken ein Gericht zum Leben, in dem jedes Element hervorgehoben wird, und erzeugen eine Beschleunigung der <strong>D\u00fcfte des Meeres<\/strong>, die die Sinne wecken und beleben Zauber der s\u00fcditalienischen K\u00fcche im neuen Gewand.<\/p>\n<p>In diesem Gericht trifft <strong>Kochkunst<\/strong> auf <strong>Leidenschaft f\u00fcr das Meer<\/strong> und erweckt ein Rezept zum Leben, das sowohl <strong>innovativ<\/strong> als auch tief in der Tradition verwurzelt ist , in der Lage, denjenigen, die das Privileg haben, es zu probieren, ein einzigartiges und unvergessliches Erlebnis zu bieten.<\/p>\n<\/div>\n<\/div>\n<\/div>\n<\/div>\n<p><strong>Produktdetails:<\/strong><\/p>\n<p><strong>Portionen:<\/strong> 4 Personen<br \/>\n<strong>Vorbereitungszeit:<\/strong> 15 Min.<br \/>\n<strong>Schwierigkeitsgrad:<\/strong> Mittel<\/p>\n","protected":false},"excerpt":{"rendered":"<p>Der Fisch-Comic der Villa Crespi ist die geheime Zutat, die dem gastronomischen Meisterwerk von Antonino Cannavacciuolo, einem der renommiertesten italienischen<\/p>\n","protected":false},"featured_media":450540,"template":"","meta":{"_acf_changed":false,"inline_featured_image":false},"product_cat":[25934],"product_tag":[21533],"acf":[],"yoast_head":"<!-- This site is optimized with the Yoast SEO Premium plugin v18.6 (Yoast SEO v19.13) - https:\/\/yoast.com\/wordpress\/plugins\/seo\/ -->\n<title>FRATELLI DESIDERI Le Cene Stellate Chef Antonino Cannavacciuolo O&#039; Mare Mio - Erresse Shop<\/title>\n<meta name=\"description\" content=\"Der Fisch-Comic der Villa Crespi ist die geheime Zutat, die dem gastronomischen Meisterwerk von Antonino Cannavacciuolo, einem der renommiertesten\" \/>\n<meta name=\"robots\" content=\"index, follow, max-snippet:-1, max-image-preview:large, max-video-preview:-1\" \/>\n<link rel=\"canonical\" href=\"https:\/\/www.erresse-shop.it\/de\/shop\/food-de\/fratelli-desideri-le-cene-stellate-chef-antonino-cannavacciuolo-o-mare-mio\/\" \/>\n<meta property=\"og:locale\" content=\"de_DE\" \/>\n<meta property=\"og:type\" content=\"article\" \/>\n<meta property=\"og:title\" content=\"FRATELLI DESIDERI Le Cene Stellate Chef Antonino Cannavacciuolo O&#039; Mare Mio\" \/>\n<meta property=\"og:description\" content=\"Der Fisch-Comic der Villa Crespi ist die geheime Zutat, die dem gastronomischen Meisterwerk von Antonino Cannavacciuolo, einem der renommiertesten\" \/>\n<meta property=\"og:url\" content=\"https:\/\/www.erresse-shop.it\/de\/shop\/food-de\/fratelli-desideri-le-cene-stellate-chef-antonino-cannavacciuolo-o-mare-mio\/\" \/>\n<meta property=\"og:site_name\" content=\"Erresse Shop\" \/>\n<meta property=\"article:modified_time\" content=\"2026-02-04T10:12:18+00:00\" \/>\n<meta property=\"og:image\" content=\"https:\/\/www.erresse-shop.it\/wp-content\/uploads\/2024\/11\/FRATELLI-DESIDERI-Le-Cene-Stellate-O-Mare-Mio.jpg\" \/>\n\t<meta property=\"og:image:width\" content=\"1200\" \/>\n\t<meta property=\"og:image:height\" content=\"1200\" \/>\n\t<meta property=\"og:image:type\" content=\"image\/jpeg\" \/>\n<meta name=\"twitter:card\" content=\"summary_large_image\" \/>\n<script type=\"application\/ld+json\" class=\"yoast-schema-graph\">{\"@context\":\"https:\/\/schema.org\",\"@graph\":[{\"@type\":\"WebPage\",\"@id\":\"https:\/\/www.erresse-shop.it\/de\/shop\/food-de\/fratelli-desideri-le-cene-stellate-chef-antonino-cannavacciuolo-o-mare-mio\/\",\"url\":\"https:\/\/www.erresse-shop.it\/de\/shop\/food-de\/fratelli-desideri-le-cene-stellate-chef-antonino-cannavacciuolo-o-mare-mio\/\",\"name\":\"FRATELLI DESIDERI Le Cene Stellate Chef Antonino Cannavacciuolo O' Mare Mio - Erresse Shop\",\"isPartOf\":{\"@id\":\"https:\/\/www.erresse-shop.it\/de\/#website\"},\"datePublished\":\"2024-11-22T09:46:49+00:00\",\"dateModified\":\"2026-02-04T10:12:18+00:00\",\"description\":\"Der Fisch-Comic der Villa Crespi ist die geheime Zutat, die dem gastronomischen Meisterwerk von Antonino Cannavacciuolo, einem der renommiertesten\",\"breadcrumb\":{\"@id\":\"https:\/\/www.erresse-shop.it\/de\/shop\/food-de\/fratelli-desideri-le-cene-stellate-chef-antonino-cannavacciuolo-o-mare-mio\/#breadcrumb\"},\"inLanguage\":\"de-DE\",\"potentialAction\":[{\"@type\":\"ReadAction\",\"target\":[\"https:\/\/www.erresse-shop.it\/de\/shop\/food-de\/fratelli-desideri-le-cene-stellate-chef-antonino-cannavacciuolo-o-mare-mio\/\"]}]},{\"@type\":\"BreadcrumbList\",\"@id\":\"https:\/\/www.erresse-shop.it\/de\/shop\/food-de\/fratelli-desideri-le-cene-stellate-chef-antonino-cannavacciuolo-o-mare-mio\/#breadcrumb\",\"itemListElement\":[{\"@type\":\"ListItem\",\"position\":1,\"name\":\"Home\",\"item\":\"https:\/\/www.erresse-shop.it\/de\/\"},{\"@type\":\"ListItem\",\"position\":2,\"name\":\"Shop\",\"item\":\"https:\/\/www.erresse-shop.it\/de\/shop\/\"},{\"@type\":\"ListItem\",\"position\":3,\"name\":\"FRATELLI DESIDERI Le Cene Stellate Chef Antonino Cannavacciuolo O&#8217; Mare Mio\"}]},{\"@type\":\"WebSite\",\"@id\":\"https:\/\/www.erresse-shop.it\/de\/#website\",\"url\":\"https:\/\/www.erresse-shop.it\/de\/\",\"name\":\"Erresse Shop\",\"description\":\"Articoli di qualit\u00e0 per la casa\",\"potentialAction\":[{\"@type\":\"SearchAction\",\"target\":{\"@type\":\"EntryPoint\",\"urlTemplate\":\"https:\/\/www.erresse-shop.it\/de\/?s={search_term_string}\"},\"query-input\":\"required name=search_term_string\"}],\"inLanguage\":\"de-DE\"}]}<\/script>\n<!-- \/ Yoast SEO Premium plugin. -->","yoast_head_json":{"title":"FRATELLI DESIDERI Le Cene Stellate Chef Antonino Cannavacciuolo O' Mare Mio - Erresse Shop","description":"Der Fisch-Comic der Villa Crespi ist die geheime Zutat, die dem gastronomischen Meisterwerk von Antonino Cannavacciuolo, einem der renommiertesten","robots":{"index":"index","follow":"follow","max-snippet":"max-snippet:-1","max-image-preview":"max-image-preview:large","max-video-preview":"max-video-preview:-1"},"canonical":"https:\/\/www.erresse-shop.it\/de\/shop\/food-de\/fratelli-desideri-le-cene-stellate-chef-antonino-cannavacciuolo-o-mare-mio\/","og_locale":"de_DE","og_type":"article","og_title":"FRATELLI DESIDERI Le Cene Stellate Chef Antonino Cannavacciuolo O' Mare Mio","og_description":"Der Fisch-Comic der Villa Crespi ist die geheime Zutat, die dem gastronomischen Meisterwerk von Antonino Cannavacciuolo, einem der renommiertesten","og_url":"https:\/\/www.erresse-shop.it\/de\/shop\/food-de\/fratelli-desideri-le-cene-stellate-chef-antonino-cannavacciuolo-o-mare-mio\/","og_site_name":"Erresse Shop","article_modified_time":"2026-02-04T10:12:18+00:00","og_image":[{"width":1200,"height":1200,"url":"https:\/\/www.erresse-shop.it\/wp-content\/uploads\/2024\/11\/FRATELLI-DESIDERI-Le-Cene-Stellate-O-Mare-Mio.jpg","type":"image\/jpeg"}],"twitter_card":"summary_large_image","schema":{"@context":"https:\/\/schema.org","@graph":[{"@type":"WebPage","@id":"https:\/\/www.erresse-shop.it\/de\/shop\/food-de\/fratelli-desideri-le-cene-stellate-chef-antonino-cannavacciuolo-o-mare-mio\/","url":"https:\/\/www.erresse-shop.it\/de\/shop\/food-de\/fratelli-desideri-le-cene-stellate-chef-antonino-cannavacciuolo-o-mare-mio\/","name":"FRATELLI DESIDERI Le Cene Stellate Chef Antonino Cannavacciuolo O' Mare Mio - Erresse Shop","isPartOf":{"@id":"https:\/\/www.erresse-shop.it\/de\/#website"},"datePublished":"2024-11-22T09:46:49+00:00","dateModified":"2026-02-04T10:12:18+00:00","description":"Der Fisch-Comic der Villa Crespi ist die geheime Zutat, die dem gastronomischen Meisterwerk von Antonino Cannavacciuolo, einem der renommiertesten","breadcrumb":{"@id":"https:\/\/www.erresse-shop.it\/de\/shop\/food-de\/fratelli-desideri-le-cene-stellate-chef-antonino-cannavacciuolo-o-mare-mio\/#breadcrumb"},"inLanguage":"de-DE","potentialAction":[{"@type":"ReadAction","target":["https:\/\/www.erresse-shop.it\/de\/shop\/food-de\/fratelli-desideri-le-cene-stellate-chef-antonino-cannavacciuolo-o-mare-mio\/"]}]},{"@type":"BreadcrumbList","@id":"https:\/\/www.erresse-shop.it\/de\/shop\/food-de\/fratelli-desideri-le-cene-stellate-chef-antonino-cannavacciuolo-o-mare-mio\/#breadcrumb","itemListElement":[{"@type":"ListItem","position":1,"name":"Home","item":"https:\/\/www.erresse-shop.it\/de\/"},{"@type":"ListItem","position":2,"name":"Shop","item":"https:\/\/www.erresse-shop.it\/de\/shop\/"},{"@type":"ListItem","position":3,"name":"FRATELLI DESIDERI Le Cene Stellate Chef Antonino Cannavacciuolo O&#8217; Mare Mio"}]},{"@type":"WebSite","@id":"https:\/\/www.erresse-shop.it\/de\/#website","url":"https:\/\/www.erresse-shop.it\/de\/","name":"Erresse Shop","description":"Articoli di qualit\u00e0 per la casa","potentialAction":[{"@type":"SearchAction","target":{"@type":"EntryPoint","urlTemplate":"https:\/\/www.erresse-shop.it\/de\/?s={search_term_string}"},"query-input":"required name=search_term_string"}],"inLanguage":"de-DE"}]}},"df_price":62.95,"df_sale_price":62.95,"df_regular_price":68,"df_image_link":"https:\/\/www.erresse-shop.it\/wp-content\/uploads\/2024\/11\/FRATELLI-DESIDERI-Le-Cene-Stellate-O-Mare-Mio-300x300.jpg","_links":{"self":[{"href":"https:\/\/www.erresse-shop.it\/de\/wp-json\/wp\/v2\/product\/450510"}],"collection":[{"href":"https:\/\/www.erresse-shop.it\/de\/wp-json\/wp\/v2\/product"}],"about":[{"href":"https:\/\/www.erresse-shop.it\/de\/wp-json\/wp\/v2\/types\/product"}],"wp:featuredmedia":[{"embeddable":true,"href":"https:\/\/www.erresse-shop.it\/de\/wp-json\/wp\/v2\/media\/450540"}],"wp:attachment":[{"href":"https:\/\/www.erresse-shop.it\/de\/wp-json\/wp\/v2\/media?parent=450510"}],"wp:term":[{"taxonomy":"product_cat","embeddable":true,"href":"https:\/\/www.erresse-shop.it\/de\/wp-json\/wp\/v2\/product_cat?post=450510"},{"taxonomy":"product_tag","embeddable":true,"href":"https:\/\/www.erresse-shop.it\/de\/wp-json\/wp\/v2\/product_tag?post=450510"}],"curies":[{"name":"wp","href":"https:\/\/api.w.org\/{rel}","templated":true}]}}