{"id":450468,"date":"2024-11-22T09:02:46","date_gmt":"2024-11-22T09:02:46","guid":{"rendered":"https:\/\/www.erresse-shop.it\/?post_type=product&#038;p=450468"},"modified":"2026-02-04T10:09:14","modified_gmt":"2026-02-04T10:09:14","slug":"fratelli-desideri-le-cene-stellate-chef-carlo-cracco-loro-di-milano","status":"publish","type":"product","link":"https:\/\/www.erresse-shop.it\/de\/shop\/food-de\/fratelli-desideri-le-cene-stellate-chef-carlo-cracco-loro-di-milano\/","title":{"rendered":"FRATELLI DESIDERI Le Cene Stellate Chef Carlo Cracco L&#8217;Oro di Milano"},"content":{"rendered":"<div class=\"flex-shrink-0 flex flex-col relative items-end\">\n<div class=\"pt-0\">\n<div class=\"gizmo-bot-avatar flex h-8 w-8 items-center justify-center overflow-hiddenrounded-full\">\n<div class=\"relative p-1 abgerundet-sm flexible items-center justify-center bg-token-main-surface-primary text-token-text-primary h-8 w-8\">\n<p><strong>Carlo Cracco<\/strong> (6-Michelin-Sterne-Koch) signiert diese au\u00dfergew\u00f6hnliche Neuinterpretation des <strong>Risotto alla Milanese<\/strong>, eines Gerichts, das seine Wurzeln in der Geschichte der Mail\u00e4nder K\u00fcche hat und durch Interpretation des K\u00fcchenchefs, wird mit modernen und raffinierten Aromen bereichert. Das Originalrezept stammt aus dem Jahr 1574 und entstand am Tisch des Glasmachers <strong>Valerio di Fiandra<\/strong>, einer mit der Mail\u00e4nder Tradition verbundenen Pers\u00f6nlichkeit, die Safran verwendete &gt; nicht nur zur Versch\u00f6nerung von Gerichten, sondern auch um den Fenstern des Mail\u00e4nder Doms eine au\u00dfergew\u00f6hnliche Farbe zu verleihen, ein Symbol f\u00fcr die Handwerkskunst der damaligen Zeit. Auch heute noch gl\u00e4nzt Safran, der im Laufe der Zeit zu einer der ikonischsten Zutaten der italienischen K\u00fcche geworden ist, in dieser gastronomischen Kreation und tr\u00e4gt das reiche Erbe eines historischen Gerichts in sich.<\/p>\n<p>Chefkoch Carlo hat sorgf\u00e4ltig die <strong>feinsten Rohstoffe<\/strong> ausgew\u00e4hlt, um eine moderne Version anzubieten, die jedoch absolut der Tradition treu bleibt. Jede Zutat wurde nicht nur aufgrund ihrer Qualit\u00e4t ausgew\u00e4hlt, sondern auch aufgrund ihrer F\u00e4higkeit, Sie auf eine einzigartige und unvergessliche Sinnesreise zu f\u00fchren, bei der jeder Bissen eine Geschichte von Leidenschaft, Meisterschaft und Raffinesse erz\u00e4hlt.<\/p>\n<p>Im Mittelpunkt dieses Rezepts steht <strong>Safran in Safranum-Stempeln<\/strong>, ein sehr hochwertiges Produkt, das im Herzen der <strong>Langhe<\/strong> angebaut wird, einem Land, das f\u00fcr seine landwirtschaftlichen Traditionen bekannt ist seine gastronomische Exzellenz. Sein zarter und aromatischer Geschmack wird durch die <strong>s\u00fc\u00dfen Noten des wertvollen ecuadorianischen Kakaos<\/strong> perfekt unterstrichen, die dem Gericht eine \u00fcberraschende Nuance von Tiefe und Intensit\u00e4t verleihen. Das Zusammentreffen dieser beiden Zutaten, die beide au\u00dferordentlich edel sind, macht Risotto zu einem einzigartigen Erlebnis, das schon beim ersten Geschmack Emotionen wecken kann.<\/p>\n<p>Um das Gericht weiter zu bereichern, wird das Risotto durch eine <strong>einzigartige Zubereitung von Fleischbr\u00fche<\/strong>, handgefertigt nach einem Geheimrezept aus dem fr\u00fchen 20. Jahrhundert, mit einer Delikatesse umh\u00fcllt, die die Aromen verst\u00e4rkt und ausbalanciert, ohne sie zu \u00fcbert\u00f6nen. Die langsame und sorgf\u00e4ltige Zubereitung dieser Br\u00fche, die Zeit braucht, um die Aromen perfekt zu vermischen, ist eine echte Hommage an die traditionelle K\u00fcche, die es versteht, Zeiten und Techniken zu respektieren, um etwas Au\u00dfergew\u00f6hnliches zu schaffen.<\/p>\n<p>Bei jedem Geschmack werden Sie die leicht s\u00e4uerliche Note des <strong>Apfelessigs<\/strong> wahrnehmen, der dem Gericht eine Frische verleiht, die die Reichhaltigkeit des Risottos ausgleicht, und das umh\u00fcllende Aroma der <strong>Fr\u00fchlingszwiebel-Brunoise&lt; \/strong&gt; &gt;, das eine s\u00fc\u00dfe und knackige Note hinzuf\u00fcgt und dieses Meisterwerk harmonisch abrundet. Jede Zutat spielt eine wesentliche Rolle f\u00fcr die Gesamtbalance des Gerichts und sorgt f\u00fcr eine Symphonie von Aromen, die perfekt miteinander harmonieren.<\/strong><\/p>\n<p>Dieses neu interpretierte <strong>Risotto alla Milanese<\/strong> ist nicht nur ein Gericht, sondern ein echtes kulinarisches Erlebnis, bei dem Sie die Geschichte und Tradition der Mail\u00e4nder K\u00fcche genie\u00dfen k\u00f6nnen, bereichert durch die Meisterschaft von K\u00fcchenchef Carlo, der in der Lage ist, einen Klassiker zu verwandeln in einem gastronomischen Kunstwerk.<\/p>\n<\/div>\n<\/div>\n<\/div>\n<\/div>\n<p><strong>Produktdetails:<\/strong><\/p>\n<p><strong>Portionen:<\/strong> 4 Personen<br \/>\n<strong>Vorbereitungszeit:<\/strong> 25 Min.<br \/>\n<strong>Schwierigkeitsgrad:<\/strong> Niedrig<\/p>\n","protected":false},"excerpt":{"rendered":"<p>Carlo Cracco (6-Michelin-Sterne-Koch) signiert diese au\u00dfergew\u00f6hnliche Neuinterpretation des Risotto alla Milanese, eines Gerichts, das seine Wurzeln in der Geschichte der<\/p>\n","protected":false},"featured_media":450494,"template":"","meta":{"_acf_changed":false,"inline_featured_image":false},"product_cat":[25934],"product_tag":[21533],"acf":[],"yoast_head":"<!-- This site is optimized with the Yoast SEO Premium plugin v18.6 (Yoast SEO v19.13) - https:\/\/yoast.com\/wordpress\/plugins\/seo\/ -->\n<title>FRATELLI DESIDERI Le Cene Stellate Chef Carlo Cracco L&#039;Oro di Milano - Erresse Shop<\/title>\n<meta name=\"description\" content=\"Carlo Cracco (6-Michelin-Sterne-Koch) signiert diese au\u00dfergew\u00f6hnliche Neuinterpretation des Risotto alla Milanese, eines Gerichts, das seine Wurzeln in\" \/>\n<meta name=\"robots\" content=\"index, follow, max-snippet:-1, max-image-preview:large, max-video-preview:-1\" \/>\n<link rel=\"canonical\" href=\"https:\/\/www.erresse-shop.it\/de\/shop\/food-de\/fratelli-desideri-le-cene-stellate-chef-carlo-cracco-loro-di-milano\/\" \/>\n<meta property=\"og:locale\" content=\"de_DE\" \/>\n<meta property=\"og:type\" content=\"article\" \/>\n<meta property=\"og:title\" content=\"FRATELLI DESIDERI Le Cene Stellate Chef Carlo Cracco L&#039;Oro di Milano\" \/>\n<meta property=\"og:description\" content=\"Carlo Cracco (6-Michelin-Sterne-Koch) signiert diese au\u00dfergew\u00f6hnliche Neuinterpretation des Risotto alla Milanese, eines Gerichts, das seine Wurzeln in\" \/>\n<meta property=\"og:url\" content=\"https:\/\/www.erresse-shop.it\/de\/shop\/food-de\/fratelli-desideri-le-cene-stellate-chef-carlo-cracco-loro-di-milano\/\" \/>\n<meta property=\"og:site_name\" content=\"Erresse Shop\" \/>\n<meta property=\"article:modified_time\" content=\"2026-02-04T10:09:14+00:00\" \/>\n<meta property=\"og:image\" content=\"https:\/\/www.erresse-shop.it\/wp-content\/uploads\/2024\/11\/FRATELLI-DESIDERI-Le-Cene-Stellate-LOro-di-Milano.jpg\" \/>\n\t<meta property=\"og:image:width\" content=\"1200\" \/>\n\t<meta property=\"og:image:height\" content=\"1200\" \/>\n\t<meta property=\"og:image:type\" content=\"image\/jpeg\" \/>\n<meta name=\"twitter:card\" content=\"summary_large_image\" \/>\n<script type=\"application\/ld+json\" class=\"yoast-schema-graph\">{\"@context\":\"https:\/\/schema.org\",\"@graph\":[{\"@type\":\"WebPage\",\"@id\":\"https:\/\/www.erresse-shop.it\/de\/shop\/food-de\/fratelli-desideri-le-cene-stellate-chef-carlo-cracco-loro-di-milano\/\",\"url\":\"https:\/\/www.erresse-shop.it\/de\/shop\/food-de\/fratelli-desideri-le-cene-stellate-chef-carlo-cracco-loro-di-milano\/\",\"name\":\"FRATELLI DESIDERI Le Cene Stellate Chef Carlo Cracco L'Oro di Milano - Erresse Shop\",\"isPartOf\":{\"@id\":\"https:\/\/www.erresse-shop.it\/de\/#website\"},\"datePublished\":\"2024-11-22T09:02:46+00:00\",\"dateModified\":\"2026-02-04T10:09:14+00:00\",\"description\":\"Carlo Cracco (6-Michelin-Sterne-Koch) signiert diese au\u00dfergew\u00f6hnliche Neuinterpretation des Risotto alla Milanese, eines Gerichts, das seine Wurzeln in\",\"breadcrumb\":{\"@id\":\"https:\/\/www.erresse-shop.it\/de\/shop\/food-de\/fratelli-desideri-le-cene-stellate-chef-carlo-cracco-loro-di-milano\/#breadcrumb\"},\"inLanguage\":\"de-DE\",\"potentialAction\":[{\"@type\":\"ReadAction\",\"target\":[\"https:\/\/www.erresse-shop.it\/de\/shop\/food-de\/fratelli-desideri-le-cene-stellate-chef-carlo-cracco-loro-di-milano\/\"]}]},{\"@type\":\"BreadcrumbList\",\"@id\":\"https:\/\/www.erresse-shop.it\/de\/shop\/food-de\/fratelli-desideri-le-cene-stellate-chef-carlo-cracco-loro-di-milano\/#breadcrumb\",\"itemListElement\":[{\"@type\":\"ListItem\",\"position\":1,\"name\":\"Home\",\"item\":\"https:\/\/www.erresse-shop.it\/de\/\"},{\"@type\":\"ListItem\",\"position\":2,\"name\":\"Shop\",\"item\":\"https:\/\/www.erresse-shop.it\/de\/shop\/\"},{\"@type\":\"ListItem\",\"position\":3,\"name\":\"FRATELLI DESIDERI Le Cene Stellate Chef Carlo Cracco L&#8217;Oro di Milano\"}]},{\"@type\":\"WebSite\",\"@id\":\"https:\/\/www.erresse-shop.it\/de\/#website\",\"url\":\"https:\/\/www.erresse-shop.it\/de\/\",\"name\":\"Erresse Shop\",\"description\":\"Articoli di qualit\u00e0 per la casa\",\"potentialAction\":[{\"@type\":\"SearchAction\",\"target\":{\"@type\":\"EntryPoint\",\"urlTemplate\":\"https:\/\/www.erresse-shop.it\/de\/?s={search_term_string}\"},\"query-input\":\"required name=search_term_string\"}],\"inLanguage\":\"de-DE\"}]}<\/script>\n<!-- \/ Yoast SEO Premium plugin. -->","yoast_head_json":{"title":"FRATELLI DESIDERI Le Cene Stellate Chef Carlo Cracco L'Oro di Milano - Erresse Shop","description":"Carlo Cracco (6-Michelin-Sterne-Koch) signiert diese au\u00dfergew\u00f6hnliche Neuinterpretation des Risotto alla Milanese, eines Gerichts, das seine Wurzeln in","robots":{"index":"index","follow":"follow","max-snippet":"max-snippet:-1","max-image-preview":"max-image-preview:large","max-video-preview":"max-video-preview:-1"},"canonical":"https:\/\/www.erresse-shop.it\/de\/shop\/food-de\/fratelli-desideri-le-cene-stellate-chef-carlo-cracco-loro-di-milano\/","og_locale":"de_DE","og_type":"article","og_title":"FRATELLI DESIDERI Le Cene Stellate Chef Carlo Cracco L'Oro di Milano","og_description":"Carlo Cracco (6-Michelin-Sterne-Koch) signiert diese au\u00dfergew\u00f6hnliche Neuinterpretation des Risotto alla Milanese, eines Gerichts, das seine Wurzeln in","og_url":"https:\/\/www.erresse-shop.it\/de\/shop\/food-de\/fratelli-desideri-le-cene-stellate-chef-carlo-cracco-loro-di-milano\/","og_site_name":"Erresse Shop","article_modified_time":"2026-02-04T10:09:14+00:00","og_image":[{"width":1200,"height":1200,"url":"https:\/\/www.erresse-shop.it\/wp-content\/uploads\/2024\/11\/FRATELLI-DESIDERI-Le-Cene-Stellate-LOro-di-Milano.jpg","type":"image\/jpeg"}],"twitter_card":"summary_large_image","schema":{"@context":"https:\/\/schema.org","@graph":[{"@type":"WebPage","@id":"https:\/\/www.erresse-shop.it\/de\/shop\/food-de\/fratelli-desideri-le-cene-stellate-chef-carlo-cracco-loro-di-milano\/","url":"https:\/\/www.erresse-shop.it\/de\/shop\/food-de\/fratelli-desideri-le-cene-stellate-chef-carlo-cracco-loro-di-milano\/","name":"FRATELLI DESIDERI Le Cene Stellate Chef Carlo Cracco L'Oro di Milano - Erresse Shop","isPartOf":{"@id":"https:\/\/www.erresse-shop.it\/de\/#website"},"datePublished":"2024-11-22T09:02:46+00:00","dateModified":"2026-02-04T10:09:14+00:00","description":"Carlo Cracco (6-Michelin-Sterne-Koch) signiert diese au\u00dfergew\u00f6hnliche Neuinterpretation des Risotto alla Milanese, eines Gerichts, das seine Wurzeln in","breadcrumb":{"@id":"https:\/\/www.erresse-shop.it\/de\/shop\/food-de\/fratelli-desideri-le-cene-stellate-chef-carlo-cracco-loro-di-milano\/#breadcrumb"},"inLanguage":"de-DE","potentialAction":[{"@type":"ReadAction","target":["https:\/\/www.erresse-shop.it\/de\/shop\/food-de\/fratelli-desideri-le-cene-stellate-chef-carlo-cracco-loro-di-milano\/"]}]},{"@type":"BreadcrumbList","@id":"https:\/\/www.erresse-shop.it\/de\/shop\/food-de\/fratelli-desideri-le-cene-stellate-chef-carlo-cracco-loro-di-milano\/#breadcrumb","itemListElement":[{"@type":"ListItem","position":1,"name":"Home","item":"https:\/\/www.erresse-shop.it\/de\/"},{"@type":"ListItem","position":2,"name":"Shop","item":"https:\/\/www.erresse-shop.it\/de\/shop\/"},{"@type":"ListItem","position":3,"name":"FRATELLI DESIDERI Le Cene Stellate Chef Carlo Cracco L&#8217;Oro di Milano"}]},{"@type":"WebSite","@id":"https:\/\/www.erresse-shop.it\/de\/#website","url":"https:\/\/www.erresse-shop.it\/de\/","name":"Erresse Shop","description":"Articoli di qualit\u00e0 per la casa","potentialAction":[{"@type":"SearchAction","target":{"@type":"EntryPoint","urlTemplate":"https:\/\/www.erresse-shop.it\/de\/?s={search_term_string}"},"query-input":"required name=search_term_string"}],"inLanguage":"de-DE"}]}},"df_price":39,"df_sale_price":39,"df_regular_price":58,"df_image_link":"https:\/\/www.erresse-shop.it\/wp-content\/uploads\/2024\/11\/FRATELLI-DESIDERI-Le-Cene-Stellate-LOro-di-Milano-300x300.jpg","_links":{"self":[{"href":"https:\/\/www.erresse-shop.it\/de\/wp-json\/wp\/v2\/product\/450468"}],"collection":[{"href":"https:\/\/www.erresse-shop.it\/de\/wp-json\/wp\/v2\/product"}],"about":[{"href":"https:\/\/www.erresse-shop.it\/de\/wp-json\/wp\/v2\/types\/product"}],"wp:featuredmedia":[{"embeddable":true,"href":"https:\/\/www.erresse-shop.it\/de\/wp-json\/wp\/v2\/media\/450494"}],"wp:attachment":[{"href":"https:\/\/www.erresse-shop.it\/de\/wp-json\/wp\/v2\/media?parent=450468"}],"wp:term":[{"taxonomy":"product_cat","embeddable":true,"href":"https:\/\/www.erresse-shop.it\/de\/wp-json\/wp\/v2\/product_cat?post=450468"},{"taxonomy":"product_tag","embeddable":true,"href":"https:\/\/www.erresse-shop.it\/de\/wp-json\/wp\/v2\/product_tag?post=450468"}],"curies":[{"name":"wp","href":"https:\/\/api.w.org\/{rel}","templated":true}]}}