{"id":450433,"date":"2024-11-22T08:30:47","date_gmt":"2024-11-22T08:30:47","guid":{"rendered":"https:\/\/www.erresse-shop.it\/?post_type=product&#038;p=450433"},"modified":"2026-02-04T10:07:11","modified_gmt":"2026-02-04T10:07:11","slug":"fratelli-desideri-le-cene-stellate-chef-tommaso-arrigoni-il-pesto-del-re","status":"publish","type":"product","link":"https:\/\/www.erresse-shop.it\/de\/shop\/food-de\/fratelli-desideri-le-cene-stellate-chef-tommaso-arrigoni-il-pesto-del-re\/","title":{"rendered":"FRATELLI DESIDERI Le Cene Stellate Chef Tommaso Arrigoni Il Pesto Del Re"},"content":{"rendered":"<div class=\"flex-shrink-0 flex flex-col relative items-end\">\n<div>\n<div class=\"pt-0\">\n<div class=\"gizmo-bot-avatar flex h-8 w-8 items-center justify-center overflow-hiddenrounded-full\">\n<div class=\"relative p-1 abgerundet-sm flexible items-center justify-center bg-token-main-surface-primary text-token-text-primary h-8 w-8\">Der gro\u00dfe <strong>Mail\u00e4nder Koch Tommaso Arrigoni (1 Michelin-Sternkoch), bekannt f\u00fcr seine Kreativit\u00e4t und seine F\u00e4higkeit, Tradition und Innovation zu verbinden, schenkt uns ein \u201eglutenfreies\u201c Meisterwerk der Haute Cuisine, das das nicht kann lass es gleichg\u00fcltig! Dieses spektakul\u00e4re Gericht kann selbst die anspruchsvollsten Gaumen erobern, auch diejenigen, die normalerweise klassische Hartweizennudeln genie\u00dfen. Seine Eleganz, seine Ausgewogenheit der Aromen und seine Raffinesse machen diese kulinarische Kreation zu einem einzigartigen Erlebnis, in das sich jeder, der sie probiert, in sie verlieben wird.<\/strong><\/div>\n<\/div>\n<\/div>\n<\/div>\n<\/div>\n<div class=\"group\/conversation-turn relative flex w-full min-w-0 flex-col agent-turn\">\n<div class=\"flex-col gap-1 md:gap-3\">\n<div class=\"flex max-w-full flex-col flex-grow\">\n<div class=\"min-h-8 text-message flex w-full flex-col items-end gap-2 whitespace-normal break-words [.text-message+&amp;]:mt-5\" dir=\"auto \" data-message-author-role=\"assistant\" data-message-id=\"2aa5b66c-04c1-4582-89a9-7be908d7866c\" data-client-thread-id=\"WEB:4363d0a4-be62-42fe-a5ea-b54fe1c4b7d8\" data-message-model-slug=\"gpt-4o-mini\">\n<div class=\"flex w-full flex-col gap-1 empty:hidden first:pt-[3px]\">\n<div class=\"markdown prose w-full break-words dark:prose-invert dark\">\n<p>Dieses Rezept stellt eine <strong>aristokratische Neuinterpretation der traditionellen Pasta mit Pesto<\/strong> dar, ein Gericht, das in seiner klassischen Version bei allen beliebt ist, das aber dank der fachm\u00e4nnischen Hand von Arrigoni neue Geschmacks- und Komplexit\u00e4tsdimensionen erh\u00e4lt. Verfeinert wird das Gericht mit einer edlen und raffinierten Zutat wie dem <strong>schwarzen Sommertr\u00fcffel<\/strong>, der ihm eine raffinierte Note und ein intensives Aroma verleiht, das perfekt mit dem Pesto harmoniert und jeden Bissen zu einem unvergleichlichen Sinneserlebnis macht.<\/p>\n<p>Was dieses Gericht noch \u00fcberraschender macht, ist die Zugabe von <strong>Johannisbeeren<\/strong>, die mit ihrem prickelnden und fruchtigen Geschmack einen frischen und originellen Kontrast zum reichen Aroma des Tr\u00fcffels bilden. Das Ergebnis ist eine Symphonie der Aromen, eine perfekte Balance zwischen Tradition und Moderne, die vom ersten Geschmack an \u00fcberrascht und erobert. Ein Gericht, das nicht nur eine Hommage an die italienische K\u00fcche ist, sondern auch eine mutige und moderne Interpretation, die \u00fcberraschend und faszinierend ist.<\/p>\n<p>Das von uns vorgeschlagene <strong>Meal Kit<\/strong> ist das Ergebnis einer exklusiven Zusammenarbeit mit dem <strong>Pastificio Massimo Zero<\/strong>, einem Spitzenunternehmen in der Herstellung glutenfreier Pasta. Diese Nudelfabrik, die Qualit\u00e4t und Authentizit\u00e4t zu ihrem Markenzeichen gemacht hat, produziert Nudeln mit einem authentischen, echten und reinen Geschmack. Die glutenfreien Nudeln werden aus den besten Mais- und Reismehlen hergestellt und mit dem Wasser und der Luft der besonders geeigneten Region Meran vermischt zur Herstellung hochwertiger Lebensmittel. Dieser handwerkliche Prozess garantiert ein erstklassiges, unverf\u00e4lschtes Produkt, das die G\u00fcte und Konsistenz traditioneller Pasta beibeh\u00e4lt, ohne auf Geschmack zu verzichten.<\/p>\n<p>Mit diesem Gericht probieren Sie nicht nur eine K\u00fcche, die Eleganz und Raffinesse vereint, sondern bieten Ihnen auch ein Produkt von h\u00f6chster Qualit\u00e4t, das auch diejenigen zufriedenstellt, die sich glutenfrei ern\u00e4hren, ohne Kompromisse beim Geschmack und der Authentizit\u00e4t der Zutaten einzugehen .<\/p>\n<\/div>\n<\/div>\n<\/div>\n<\/div>\n<\/div>\n<\/div>\n<p><strong>Produktdetails:<\/strong><\/p>\n<p><strong>Portionen:<\/strong> 4 Personen<br \/>\n<strong>Vorbereitungszeit:<\/strong> 15 Min.<br \/>\n<strong>Schwierigkeitsgrad:<\/strong> Niedrig<\/p>\n","protected":false},"excerpt":{"rendered":"<p>Der gro\u00dfe Mail\u00e4nder Koch Tommaso Arrigoni (1 Michelin-Sternkoch), bekannt f\u00fcr seine Kreativit\u00e4t und seine F\u00e4higkeit, Tradition und Innovation zu verbinden,<\/p>\n","protected":false},"featured_media":450461,"template":"","meta":{"_acf_changed":false,"inline_featured_image":false},"product_cat":[25934],"product_tag":[21533],"acf":[],"yoast_head":"<!-- This site is optimized with the Yoast SEO Premium plugin v18.6 (Yoast SEO v19.13) - https:\/\/yoast.com\/wordpress\/plugins\/seo\/ -->\n<title>FRATELLI DESIDERI Le Cene Stellate Chef Tommaso Arrigoni Il Pesto Del Re - Erresse Shop<\/title>\n<meta name=\"description\" content=\"Der gro\u00dfe Mail\u00e4nder Koch Tommaso Arrigoni (1 Michelin-Sternkoch), bekannt f\u00fcr seine Kreativit\u00e4t und seine F\u00e4higkeit, Tradition und Innovation zu\" \/>\n<meta name=\"robots\" content=\"index, follow, max-snippet:-1, max-image-preview:large, max-video-preview:-1\" \/>\n<link rel=\"canonical\" href=\"https:\/\/www.erresse-shop.it\/de\/shop\/food-de\/fratelli-desideri-le-cene-stellate-chef-tommaso-arrigoni-il-pesto-del-re\/\" \/>\n<meta property=\"og:locale\" content=\"de_DE\" \/>\n<meta property=\"og:type\" content=\"article\" \/>\n<meta property=\"og:title\" content=\"FRATELLI DESIDERI Le Cene Stellate Chef Tommaso Arrigoni Il Pesto Del Re\" \/>\n<meta property=\"og:description\" content=\"Der gro\u00dfe Mail\u00e4nder Koch Tommaso Arrigoni (1 Michelin-Sternkoch), bekannt f\u00fcr seine Kreativit\u00e4t und seine F\u00e4higkeit, Tradition und Innovation zu\" \/>\n<meta property=\"og:url\" content=\"https:\/\/www.erresse-shop.it\/de\/shop\/food-de\/fratelli-desideri-le-cene-stellate-chef-tommaso-arrigoni-il-pesto-del-re\/\" \/>\n<meta property=\"og:site_name\" content=\"Erresse Shop\" \/>\n<meta property=\"article:modified_time\" content=\"2026-02-04T10:07:11+00:00\" \/>\n<meta property=\"og:image\" content=\"https:\/\/www.erresse-shop.it\/wp-content\/uploads\/2024\/11\/FRATELLI-DESIDERI-Le-Cene-Stellate-Il-Pesto-Del-Re.jpg\" \/>\n\t<meta property=\"og:image:width\" content=\"1200\" \/>\n\t<meta property=\"og:image:height\" content=\"1200\" \/>\n\t<meta property=\"og:image:type\" content=\"image\/jpeg\" \/>\n<meta name=\"twitter:card\" content=\"summary_large_image\" \/>\n<script type=\"application\/ld+json\" class=\"yoast-schema-graph\">{\"@context\":\"https:\/\/schema.org\",\"@graph\":[{\"@type\":\"WebPage\",\"@id\":\"https:\/\/www.erresse-shop.it\/de\/shop\/food-de\/fratelli-desideri-le-cene-stellate-chef-tommaso-arrigoni-il-pesto-del-re\/\",\"url\":\"https:\/\/www.erresse-shop.it\/de\/shop\/food-de\/fratelli-desideri-le-cene-stellate-chef-tommaso-arrigoni-il-pesto-del-re\/\",\"name\":\"FRATELLI DESIDERI Le Cene Stellate Chef Tommaso Arrigoni Il Pesto Del Re - Erresse Shop\",\"isPartOf\":{\"@id\":\"https:\/\/www.erresse-shop.it\/de\/#website\"},\"datePublished\":\"2024-11-22T08:30:47+00:00\",\"dateModified\":\"2026-02-04T10:07:11+00:00\",\"description\":\"Der gro\u00dfe Mail\u00e4nder Koch Tommaso Arrigoni (1 Michelin-Sternkoch), bekannt f\u00fcr seine Kreativit\u00e4t und seine F\u00e4higkeit, Tradition und Innovation zu\",\"breadcrumb\":{\"@id\":\"https:\/\/www.erresse-shop.it\/de\/shop\/food-de\/fratelli-desideri-le-cene-stellate-chef-tommaso-arrigoni-il-pesto-del-re\/#breadcrumb\"},\"inLanguage\":\"de-DE\",\"potentialAction\":[{\"@type\":\"ReadAction\",\"target\":[\"https:\/\/www.erresse-shop.it\/de\/shop\/food-de\/fratelli-desideri-le-cene-stellate-chef-tommaso-arrigoni-il-pesto-del-re\/\"]}]},{\"@type\":\"BreadcrumbList\",\"@id\":\"https:\/\/www.erresse-shop.it\/de\/shop\/food-de\/fratelli-desideri-le-cene-stellate-chef-tommaso-arrigoni-il-pesto-del-re\/#breadcrumb\",\"itemListElement\":[{\"@type\":\"ListItem\",\"position\":1,\"name\":\"Home\",\"item\":\"https:\/\/www.erresse-shop.it\/de\/\"},{\"@type\":\"ListItem\",\"position\":2,\"name\":\"Shop\",\"item\":\"https:\/\/www.erresse-shop.it\/de\/shop\/\"},{\"@type\":\"ListItem\",\"position\":3,\"name\":\"FRATELLI DESIDERI Le Cene Stellate Chef Tommaso Arrigoni Il Pesto Del Re\"}]},{\"@type\":\"WebSite\",\"@id\":\"https:\/\/www.erresse-shop.it\/de\/#website\",\"url\":\"https:\/\/www.erresse-shop.it\/de\/\",\"name\":\"Erresse Shop\",\"description\":\"Articoli di qualit\u00e0 per la casa\",\"potentialAction\":[{\"@type\":\"SearchAction\",\"target\":{\"@type\":\"EntryPoint\",\"urlTemplate\":\"https:\/\/www.erresse-shop.it\/de\/?s={search_term_string}\"},\"query-input\":\"required name=search_term_string\"}],\"inLanguage\":\"de-DE\"}]}<\/script>\n<!-- \/ Yoast SEO Premium plugin. -->","yoast_head_json":{"title":"FRATELLI DESIDERI Le Cene Stellate Chef Tommaso Arrigoni Il Pesto Del Re - Erresse Shop","description":"Der gro\u00dfe Mail\u00e4nder Koch Tommaso Arrigoni (1 Michelin-Sternkoch), bekannt f\u00fcr seine Kreativit\u00e4t und seine F\u00e4higkeit, Tradition und Innovation zu","robots":{"index":"index","follow":"follow","max-snippet":"max-snippet:-1","max-image-preview":"max-image-preview:large","max-video-preview":"max-video-preview:-1"},"canonical":"https:\/\/www.erresse-shop.it\/de\/shop\/food-de\/fratelli-desideri-le-cene-stellate-chef-tommaso-arrigoni-il-pesto-del-re\/","og_locale":"de_DE","og_type":"article","og_title":"FRATELLI DESIDERI Le Cene Stellate Chef Tommaso Arrigoni Il Pesto Del Re","og_description":"Der gro\u00dfe Mail\u00e4nder Koch Tommaso Arrigoni (1 Michelin-Sternkoch), bekannt f\u00fcr seine Kreativit\u00e4t und seine F\u00e4higkeit, Tradition und Innovation zu","og_url":"https:\/\/www.erresse-shop.it\/de\/shop\/food-de\/fratelli-desideri-le-cene-stellate-chef-tommaso-arrigoni-il-pesto-del-re\/","og_site_name":"Erresse Shop","article_modified_time":"2026-02-04T10:07:11+00:00","og_image":[{"width":1200,"height":1200,"url":"https:\/\/www.erresse-shop.it\/wp-content\/uploads\/2024\/11\/FRATELLI-DESIDERI-Le-Cene-Stellate-Il-Pesto-Del-Re.jpg","type":"image\/jpeg"}],"twitter_card":"summary_large_image","schema":{"@context":"https:\/\/schema.org","@graph":[{"@type":"WebPage","@id":"https:\/\/www.erresse-shop.it\/de\/shop\/food-de\/fratelli-desideri-le-cene-stellate-chef-tommaso-arrigoni-il-pesto-del-re\/","url":"https:\/\/www.erresse-shop.it\/de\/shop\/food-de\/fratelli-desideri-le-cene-stellate-chef-tommaso-arrigoni-il-pesto-del-re\/","name":"FRATELLI DESIDERI Le Cene Stellate Chef Tommaso Arrigoni Il Pesto Del Re - Erresse Shop","isPartOf":{"@id":"https:\/\/www.erresse-shop.it\/de\/#website"},"datePublished":"2024-11-22T08:30:47+00:00","dateModified":"2026-02-04T10:07:11+00:00","description":"Der gro\u00dfe Mail\u00e4nder Koch Tommaso Arrigoni (1 Michelin-Sternkoch), bekannt f\u00fcr seine Kreativit\u00e4t und seine F\u00e4higkeit, Tradition und Innovation zu","breadcrumb":{"@id":"https:\/\/www.erresse-shop.it\/de\/shop\/food-de\/fratelli-desideri-le-cene-stellate-chef-tommaso-arrigoni-il-pesto-del-re\/#breadcrumb"},"inLanguage":"de-DE","potentialAction":[{"@type":"ReadAction","target":["https:\/\/www.erresse-shop.it\/de\/shop\/food-de\/fratelli-desideri-le-cene-stellate-chef-tommaso-arrigoni-il-pesto-del-re\/"]}]},{"@type":"BreadcrumbList","@id":"https:\/\/www.erresse-shop.it\/de\/shop\/food-de\/fratelli-desideri-le-cene-stellate-chef-tommaso-arrigoni-il-pesto-del-re\/#breadcrumb","itemListElement":[{"@type":"ListItem","position":1,"name":"Home","item":"https:\/\/www.erresse-shop.it\/de\/"},{"@type":"ListItem","position":2,"name":"Shop","item":"https:\/\/www.erresse-shop.it\/de\/shop\/"},{"@type":"ListItem","position":3,"name":"FRATELLI DESIDERI Le Cene Stellate Chef Tommaso Arrigoni Il Pesto Del Re"}]},{"@type":"WebSite","@id":"https:\/\/www.erresse-shop.it\/de\/#website","url":"https:\/\/www.erresse-shop.it\/de\/","name":"Erresse Shop","description":"Articoli di qualit\u00e0 per la casa","potentialAction":[{"@type":"SearchAction","target":{"@type":"EntryPoint","urlTemplate":"https:\/\/www.erresse-shop.it\/de\/?s={search_term_string}"},"query-input":"required name=search_term_string"}],"inLanguage":"de-DE"}]}},"df_price":44.95,"df_sale_price":44.95,"df_regular_price":47,"df_image_link":"https:\/\/www.erresse-shop.it\/wp-content\/uploads\/2024\/11\/FRATELLI-DESIDERI-Le-Cene-Stellate-Il-Pesto-Del-Re-300x300.jpg","_links":{"self":[{"href":"https:\/\/www.erresse-shop.it\/de\/wp-json\/wp\/v2\/product\/450433"}],"collection":[{"href":"https:\/\/www.erresse-shop.it\/de\/wp-json\/wp\/v2\/product"}],"about":[{"href":"https:\/\/www.erresse-shop.it\/de\/wp-json\/wp\/v2\/types\/product"}],"wp:featuredmedia":[{"embeddable":true,"href":"https:\/\/www.erresse-shop.it\/de\/wp-json\/wp\/v2\/media\/450461"}],"wp:attachment":[{"href":"https:\/\/www.erresse-shop.it\/de\/wp-json\/wp\/v2\/media?parent=450433"}],"wp:term":[{"taxonomy":"product_cat","embeddable":true,"href":"https:\/\/www.erresse-shop.it\/de\/wp-json\/wp\/v2\/product_cat?post=450433"},{"taxonomy":"product_tag","embeddable":true,"href":"https:\/\/www.erresse-shop.it\/de\/wp-json\/wp\/v2\/product_tag?post=450433"}],"curies":[{"name":"wp","href":"https:\/\/api.w.org\/{rel}","templated":true}]}}