{"id":450404,"date":"2024-11-22T08:08:41","date_gmt":"2024-11-22T08:08:42","guid":{"rendered":"https:\/\/www.erresse-shop.it\/?post_type=product&#038;p=450404"},"modified":"2026-02-04T10:02:30","modified_gmt":"2026-02-04T10:02:30","slug":"fratelli-desideri-le-cene-stellate-chef-christian-milone-sua-maesta-bianco-tartufo","status":"publish","type":"product","link":"https:\/\/www.erresse-shop.it\/de\/shop\/food-de\/fratelli-desideri-le-cene-stellate-chef-christian-milone-sua-maesta-bianco-tartufo\/","title":{"rendered":"FRATELLI DESIDERI Le Cene Stellate Chef Christian Milone Sua Maest\u00e0 Bianco Tartufo"},"content":{"rendered":"<p>Mit diesem Rezept f\u00fchrt uns <strong>Christian Milone<\/strong> (Koch mit 1 Michelin-Stern) auf eine exklusive Reise in die Aristokratie der piemontesischen K\u00fcche, ein gastronomisches Erlebnis, das zwei der begehrtesten und k\u00f6stlichsten Spitzenleistungen Italiens zelebriert : der <strong>Wei\u00dfe Alba-Tr\u00fcffel<\/strong> (Tuber Magnatum Pico) und der <strong>Kostbare Schwarze Tr\u00fcffel<\/strong> (Tuber Melanosporum). Eine erhabene Begegnung intensiver Aromen und umh\u00fcllender Aromen, die die Raffinesse und Tradition dieses Landes mit seiner reichen gastronomischen Geschichte widerspiegeln.<\/p>\n<p>In diesem Rezept wird der nat\u00fcrliche <strong>Wei\u00dfe Tr\u00fcffel<\/strong> vorsichtig in eine sehr hochwertige <strong>italienische Milchbutter<\/strong> getaucht, die nicht nur den Geschmack des Tr\u00fcffels verst\u00e4rkt, sondern auch zur Herstellung beitr\u00e4gt unglaublich cremige und umh\u00fcllende Reiscreme. Das Ergebnis ist ein Gericht mit einem kr\u00e4ftigen und harmonischen Geschmack, bei dem der Tr\u00fcffel perfekt mit der Cremigkeit der Butter harmoniert.<\/p>\n<p>Um dieses kulinarische Meisterwerk zu vervollst\u00e4ndigen, wird der <strong>kostbare schwarze Tr\u00fcffel<\/strong>, der Protagonist einer raffinierten und unerwarteten Pr\u00e4sentation, in <strong>Kaviarperlen<\/strong> verwandelt. Diese kleinen schwarzen Kugeln, die am Gaumen zart explodieren, verleihen dem Gericht einen raffinierten Abschluss und erzeugen einen Texturkontrast, der das sensorische Erlebnis noch weiter bereichert. Ein letzter Schliff von einem echten Sternekoch, der jeden einzelnen Geschmack zu einem einzigartigen und unvergesslichen Erlebnis macht.<\/p>\n<p>In diesem Gericht sind alle Zutaten so konzipiert, dass sie sich gegenseitig verst\u00e4rken und eine perfekte Harmonie zwischen Tradition und Innovation schaffen, in der die Leidenschaft f\u00fcr das Kochen und die Kunst des Aufsch\u00e4umens ein beispielloses Ma\u00df an Eleganz erreichen.<\/p>\n<p><strong>Produktdetails:<\/strong><\/p>\n<p><strong>Portionen:<\/strong> 4 Personen<br \/>\n<strong>Vorbereitungszeit:<\/strong> 20 Min.<br \/>\n<strong>Schwierigkeitsgrad:<\/strong> Niedrig<\/p>\n","protected":false},"excerpt":{"rendered":"<p>Mit diesem Rezept f\u00fchrt uns Christian Milone (Koch mit 1 Michelin-Stern) auf eine exklusive Reise in die Aristokratie der piemontesischen<\/p>\n","protected":false},"featured_media":450427,"template":"","meta":{"_acf_changed":false,"inline_featured_image":false},"product_cat":[25934],"product_tag":[21533],"acf":[],"yoast_head":"<!-- This site is optimized with the Yoast SEO Premium plugin v18.6 (Yoast SEO v19.13) - https:\/\/yoast.com\/wordpress\/plugins\/seo\/ -->\n<title>FRATELLI DESIDERI Le Cene Stellate Chef Christian Milone Sua Maest\u00e0 Bianco Tartufo - Erresse Shop<\/title>\n<meta name=\"description\" content=\"Mit diesem Rezept f\u00fchrt uns Christian Milone (Koch mit 1 Michelin-Stern) auf eine exklusive Reise in die Aristokratie der piemontesischen K\u00fcche, ein\" \/>\n<meta name=\"robots\" content=\"index, follow, max-snippet:-1, max-image-preview:large, max-video-preview:-1\" \/>\n<link rel=\"canonical\" href=\"https:\/\/www.erresse-shop.it\/de\/shop\/food-de\/fratelli-desideri-le-cene-stellate-chef-christian-milone-sua-maesta-bianco-tartufo\/\" \/>\n<meta property=\"og:locale\" content=\"de_DE\" \/>\n<meta property=\"og:type\" content=\"article\" \/>\n<meta property=\"og:title\" content=\"FRATELLI DESIDERI Le Cene Stellate Chef Christian Milone Sua Maest\u00e0 Bianco Tartufo\" \/>\n<meta property=\"og:description\" content=\"Mit diesem Rezept f\u00fchrt uns Christian Milone (Koch mit 1 Michelin-Stern) auf eine exklusive Reise in die Aristokratie der piemontesischen K\u00fcche, ein\" \/>\n<meta property=\"og:url\" content=\"https:\/\/www.erresse-shop.it\/de\/shop\/food-de\/fratelli-desideri-le-cene-stellate-chef-christian-milone-sua-maesta-bianco-tartufo\/\" \/>\n<meta property=\"og:site_name\" content=\"Erresse Shop\" \/>\n<meta property=\"article:modified_time\" content=\"2026-02-04T10:02:30+00:00\" \/>\n<meta property=\"og:image\" content=\"https:\/\/www.erresse-shop.it\/wp-content\/uploads\/2024\/11\/FRATELLI-DESIDERI-Le-Cene-Stellate-Sua-Maesta-Bianco-Tartufo.jpg\" \/>\n\t<meta property=\"og:image:width\" content=\"1200\" \/>\n\t<meta property=\"og:image:height\" content=\"1200\" \/>\n\t<meta property=\"og:image:type\" content=\"image\/jpeg\" \/>\n<meta name=\"twitter:card\" content=\"summary_large_image\" \/>\n<script type=\"application\/ld+json\" class=\"yoast-schema-graph\">{\"@context\":\"https:\/\/schema.org\",\"@graph\":[{\"@type\":\"WebPage\",\"@id\":\"https:\/\/www.erresse-shop.it\/de\/shop\/food-de\/fratelli-desideri-le-cene-stellate-chef-christian-milone-sua-maesta-bianco-tartufo\/\",\"url\":\"https:\/\/www.erresse-shop.it\/de\/shop\/food-de\/fratelli-desideri-le-cene-stellate-chef-christian-milone-sua-maesta-bianco-tartufo\/\",\"name\":\"FRATELLI DESIDERI Le Cene Stellate Chef Christian Milone Sua Maest\u00e0 Bianco Tartufo - Erresse Shop\",\"isPartOf\":{\"@id\":\"https:\/\/www.erresse-shop.it\/de\/#website\"},\"datePublished\":\"2024-11-22T08:08:42+00:00\",\"dateModified\":\"2026-02-04T10:02:30+00:00\",\"description\":\"Mit diesem Rezept f\u00fchrt uns Christian Milone (Koch mit 1 Michelin-Stern) auf eine exklusive Reise in die Aristokratie der piemontesischen K\u00fcche, ein\",\"breadcrumb\":{\"@id\":\"https:\/\/www.erresse-shop.it\/de\/shop\/food-de\/fratelli-desideri-le-cene-stellate-chef-christian-milone-sua-maesta-bianco-tartufo\/#breadcrumb\"},\"inLanguage\":\"de-DE\",\"potentialAction\":[{\"@type\":\"ReadAction\",\"target\":[\"https:\/\/www.erresse-shop.it\/de\/shop\/food-de\/fratelli-desideri-le-cene-stellate-chef-christian-milone-sua-maesta-bianco-tartufo\/\"]}]},{\"@type\":\"BreadcrumbList\",\"@id\":\"https:\/\/www.erresse-shop.it\/de\/shop\/food-de\/fratelli-desideri-le-cene-stellate-chef-christian-milone-sua-maesta-bianco-tartufo\/#breadcrumb\",\"itemListElement\":[{\"@type\":\"ListItem\",\"position\":1,\"name\":\"Home\",\"item\":\"https:\/\/www.erresse-shop.it\/de\/\"},{\"@type\":\"ListItem\",\"position\":2,\"name\":\"Shop\",\"item\":\"https:\/\/www.erresse-shop.it\/de\/shop\/\"},{\"@type\":\"ListItem\",\"position\":3,\"name\":\"FRATELLI DESIDERI Le Cene Stellate Chef Christian Milone Sua Maest\u00e0 Bianco Tartufo\"}]},{\"@type\":\"WebSite\",\"@id\":\"https:\/\/www.erresse-shop.it\/de\/#website\",\"url\":\"https:\/\/www.erresse-shop.it\/de\/\",\"name\":\"Erresse Shop\",\"description\":\"Articoli di qualit\u00e0 per la casa\",\"potentialAction\":[{\"@type\":\"SearchAction\",\"target\":{\"@type\":\"EntryPoint\",\"urlTemplate\":\"https:\/\/www.erresse-shop.it\/de\/?s={search_term_string}\"},\"query-input\":\"required name=search_term_string\"}],\"inLanguage\":\"de-DE\"}]}<\/script>\n<!-- \/ Yoast SEO Premium plugin. -->","yoast_head_json":{"title":"FRATELLI DESIDERI Le Cene Stellate Chef Christian Milone Sua Maest\u00e0 Bianco Tartufo - Erresse Shop","description":"Mit diesem Rezept f\u00fchrt uns Christian Milone (Koch mit 1 Michelin-Stern) auf eine exklusive Reise in die Aristokratie der piemontesischen K\u00fcche, ein","robots":{"index":"index","follow":"follow","max-snippet":"max-snippet:-1","max-image-preview":"max-image-preview:large","max-video-preview":"max-video-preview:-1"},"canonical":"https:\/\/www.erresse-shop.it\/de\/shop\/food-de\/fratelli-desideri-le-cene-stellate-chef-christian-milone-sua-maesta-bianco-tartufo\/","og_locale":"de_DE","og_type":"article","og_title":"FRATELLI DESIDERI Le Cene Stellate Chef Christian Milone Sua Maest\u00e0 Bianco Tartufo","og_description":"Mit diesem Rezept f\u00fchrt uns Christian Milone (Koch mit 1 Michelin-Stern) auf eine exklusive Reise in die Aristokratie der piemontesischen K\u00fcche, ein","og_url":"https:\/\/www.erresse-shop.it\/de\/shop\/food-de\/fratelli-desideri-le-cene-stellate-chef-christian-milone-sua-maesta-bianco-tartufo\/","og_site_name":"Erresse Shop","article_modified_time":"2026-02-04T10:02:30+00:00","og_image":[{"width":1200,"height":1200,"url":"https:\/\/www.erresse-shop.it\/wp-content\/uploads\/2024\/11\/FRATELLI-DESIDERI-Le-Cene-Stellate-Sua-Maesta-Bianco-Tartufo.jpg","type":"image\/jpeg"}],"twitter_card":"summary_large_image","schema":{"@context":"https:\/\/schema.org","@graph":[{"@type":"WebPage","@id":"https:\/\/www.erresse-shop.it\/de\/shop\/food-de\/fratelli-desideri-le-cene-stellate-chef-christian-milone-sua-maesta-bianco-tartufo\/","url":"https:\/\/www.erresse-shop.it\/de\/shop\/food-de\/fratelli-desideri-le-cene-stellate-chef-christian-milone-sua-maesta-bianco-tartufo\/","name":"FRATELLI DESIDERI Le Cene Stellate Chef Christian Milone Sua Maest\u00e0 Bianco Tartufo - Erresse Shop","isPartOf":{"@id":"https:\/\/www.erresse-shop.it\/de\/#website"},"datePublished":"2024-11-22T08:08:42+00:00","dateModified":"2026-02-04T10:02:30+00:00","description":"Mit diesem Rezept f\u00fchrt uns Christian Milone (Koch mit 1 Michelin-Stern) auf eine exklusive Reise in die Aristokratie der piemontesischen K\u00fcche, ein","breadcrumb":{"@id":"https:\/\/www.erresse-shop.it\/de\/shop\/food-de\/fratelli-desideri-le-cene-stellate-chef-christian-milone-sua-maesta-bianco-tartufo\/#breadcrumb"},"inLanguage":"de-DE","potentialAction":[{"@type":"ReadAction","target":["https:\/\/www.erresse-shop.it\/de\/shop\/food-de\/fratelli-desideri-le-cene-stellate-chef-christian-milone-sua-maesta-bianco-tartufo\/"]}]},{"@type":"BreadcrumbList","@id":"https:\/\/www.erresse-shop.it\/de\/shop\/food-de\/fratelli-desideri-le-cene-stellate-chef-christian-milone-sua-maesta-bianco-tartufo\/#breadcrumb","itemListElement":[{"@type":"ListItem","position":1,"name":"Home","item":"https:\/\/www.erresse-shop.it\/de\/"},{"@type":"ListItem","position":2,"name":"Shop","item":"https:\/\/www.erresse-shop.it\/de\/shop\/"},{"@type":"ListItem","position":3,"name":"FRATELLI DESIDERI Le Cene Stellate Chef Christian Milone Sua Maest\u00e0 Bianco Tartufo"}]},{"@type":"WebSite","@id":"https:\/\/www.erresse-shop.it\/de\/#website","url":"https:\/\/www.erresse-shop.it\/de\/","name":"Erresse Shop","description":"Articoli di qualit\u00e0 per la casa","potentialAction":[{"@type":"SearchAction","target":{"@type":"EntryPoint","urlTemplate":"https:\/\/www.erresse-shop.it\/de\/?s={search_term_string}"},"query-input":"required name=search_term_string"}],"inLanguage":"de-DE"}]}},"df_price":42,"df_sale_price":42,"df_regular_price":52,"df_image_link":"https:\/\/www.erresse-shop.it\/wp-content\/uploads\/2024\/11\/FRATELLI-DESIDERI-Le-Cene-Stellate-Sua-Maesta-Bianco-Tartufo-300x300.jpg","_links":{"self":[{"href":"https:\/\/www.erresse-shop.it\/de\/wp-json\/wp\/v2\/product\/450404"}],"collection":[{"href":"https:\/\/www.erresse-shop.it\/de\/wp-json\/wp\/v2\/product"}],"about":[{"href":"https:\/\/www.erresse-shop.it\/de\/wp-json\/wp\/v2\/types\/product"}],"wp:featuredmedia":[{"embeddable":true,"href":"https:\/\/www.erresse-shop.it\/de\/wp-json\/wp\/v2\/media\/450427"}],"wp:attachment":[{"href":"https:\/\/www.erresse-shop.it\/de\/wp-json\/wp\/v2\/media?parent=450404"}],"wp:term":[{"taxonomy":"product_cat","embeddable":true,"href":"https:\/\/www.erresse-shop.it\/de\/wp-json\/wp\/v2\/product_cat?post=450404"},{"taxonomy":"product_tag","embeddable":true,"href":"https:\/\/www.erresse-shop.it\/de\/wp-json\/wp\/v2\/product_tag?post=450404"}],"curies":[{"name":"wp","href":"https:\/\/api.w.org\/{rel}","templated":true}]}}