{"id":450281,"date":"2024-11-21T15:01:44","date_gmt":"2024-11-21T15:01:44","guid":{"rendered":"https:\/\/www.erresse-shop.it\/?post_type=product&#038;p=450281"},"modified":"2026-02-24T09:44:18","modified_gmt":"2026-02-24T09:44:18","slug":"sambonet-arthur-krupp-satz-von-12-ancient-wall-schalen","status":"publish","type":"product","link":"https:\/\/www.erresse-shop.it\/de\/shop\/tisch\/teller-geschirr\/sambonet-arthur-krupp-satz-von-12-ancient-wall-schalen\/","title":{"rendered":"SAMBONET ARTHUR KRUPP Satz von 12 Ancient Wall Schalen"},"content":{"rendered":"<p>Service mit 12 Tellern, Teil der Ancient Wall-Kollektion, aus fein dekoriertem Porzellan. Das Set beinhaltet:<\/p>\n<ul>\n<li>4 Speiseteller \u00d8 27,5 cm;<\/li>\n<li>4 Suppenteller \u00d8 22 cm;<\/li>\n<li>4 Obstteller \u00d8 20 cm<\/li>\n<\/ul>\n<p><span class=\"HwtZe\" lang=\"de\"><span class=\"jCAhz ChMk0b\"><span class=\"ryNqvb\">Das Geschirrset \u201eAncient Wall\u201c verwandelt jeden Tisch in ein Designerlebnis und vereint zeitgen\u00f6ssischen Stil mit industriellem Chic.<\/span><\/span> <span class=\"jCAhz ChMk0b\"><span class=\"ryNqvb\">Inspiriert vom zeitlosen Charme industrieller Geb\u00e4udew\u00e4nde, interpretieren diese Teller strukturierte Oberfl\u00e4chen und Vintage-Details auf elegante und raffinierte Weise neu.<\/span><\/span> <span class=\"jCAhz ChMk0b\"><span class=\"ryNqvb\">Der Glanz des Porzellans hebt die Texturen und Nuancen jedes einzelnen St\u00fccks hervor und erzeugt ein faszinierendes Lichtspiel sowie optische Effekte, die den Blick fesseln.<\/span><\/span> <span class=\"jCAhz ChMk0b\"><span class=\"ryNqvb\">Jedes Geschirrteil besticht durch einen harmonischen Kontrast zwischen Textur und Glanz und verleiht der Tischdekoration eine originelle und raffinierte Note \u2013 perfekt f\u00fcr besondere Anl\u00e4sse und den Alltag.<\/span><\/span> <span class=\"jCAhz ChMk0b\"><span class=\"ryNqvb\">Hergestellt von <strong>Arthur Krupp<\/strong>, einem Unternehmen, das f\u00fcr Qualit\u00e4t und Liebe zum Detail steht, vereinen die Teller von Ancient Wall \u00c4sthetik und Langlebigkeit. Sie sind so konzipiert, dass sie \u00fcber Jahre hinweg Stil bewahren.<\/span><\/span> <span class=\"jCAhz ChMk0b\"><span class=\"ryNqvb\">Entscheiden Sie sich f\u00fcr Ancient Wall und bringen Sie moderne Eleganz mit Charakter auf Ihren Tisch \u2013 jedes Detail erz\u00e4hlt eine Geschichte.<\/span><\/span><\/span><\/p>\n","protected":false},"excerpt":{"rendered":"<p>Service mit 12 Tellern, Teil der Ancient Wall-Kollektion, aus fein dekoriertem Porzellan. Das Set beinhaltet: 4 Speiseteller \u00d8 27,5 cm;<\/p>\n","protected":false},"featured_media":450296,"template":"","meta":{"_acf_changed":false,"inline_featured_image":false},"product_cat":[6793,6787],"product_tag":[17243,11971,21386],"acf":[],"yoast_head":"<!-- This site is optimized with the Yoast SEO Premium plugin v18.6 (Yoast SEO v19.13) - https:\/\/yoast.com\/wordpress\/plugins\/seo\/ -->\n<title>SAMBONET ARTHUR KRUPP Satz von 12 Ancient Wall Schalen - Erresse Shop<\/title>\n<meta name=\"description\" content=\"Service mit 12 Tellern, Teil der Ancient Wall-Kollektion, aus fein dekoriertem Porzellan. Das Set beinhaltet: 4 Speiseteller \u00d8 27,5 cm; 4 Suppenteller \u00d8\" \/>\n<meta name=\"robots\" content=\"index, follow, max-snippet:-1, max-image-preview:large, max-video-preview:-1\" \/>\n<link rel=\"canonical\" href=\"https:\/\/www.erresse-shop.it\/de\/shop\/tisch\/teller-geschirr\/sambonet-arthur-krupp-satz-von-12-ancient-wall-schalen\/\" \/>\n<meta property=\"og:locale\" content=\"de_DE\" \/>\n<meta property=\"og:type\" content=\"article\" \/>\n<meta property=\"og:title\" content=\"SAMBONET ARTHUR KRUPP Satz von 12 Ancient Wall Schalen\" \/>\n<meta property=\"og:description\" content=\"Service mit 12 Tellern, Teil der Ancient Wall-Kollektion, aus fein dekoriertem Porzellan. Das Set beinhaltet: 4 Speiseteller \u00d8 27,5 cm; 4 Suppenteller \u00d8\" \/>\n<meta property=\"og:url\" content=\"https:\/\/www.erresse-shop.it\/de\/shop\/tisch\/teller-geschirr\/sambonet-arthur-krupp-satz-von-12-ancient-wall-schalen\/\" \/>\n<meta property=\"og:site_name\" content=\"Erresse Shop\" \/>\n<meta property=\"article:modified_time\" content=\"2026-02-24T09:44:18+00:00\" \/>\n<meta property=\"og:image\" content=\"https:\/\/www.erresse-shop.it\/wp-content\/uploads\/2024\/11\/SAMBONET-ARTHUR-KRUPP-Set-12-Piatti-Ancient-Wall.jpg\" \/>\n\t<meta property=\"og:image:width\" content=\"1200\" \/>\n\t<meta property=\"og:image:height\" content=\"1200\" \/>\n\t<meta property=\"og:image:type\" content=\"image\/jpeg\" \/>\n<meta name=\"twitter:card\" content=\"summary_large_image\" \/>\n<script type=\"application\/ld+json\" class=\"yoast-schema-graph\">{\"@context\":\"https:\/\/schema.org\",\"@graph\":[{\"@type\":\"WebPage\",\"@id\":\"https:\/\/www.erresse-shop.it\/de\/shop\/tisch\/teller-geschirr\/sambonet-arthur-krupp-satz-von-12-ancient-wall-schalen\/\",\"url\":\"https:\/\/www.erresse-shop.it\/de\/shop\/tisch\/teller-geschirr\/sambonet-arthur-krupp-satz-von-12-ancient-wall-schalen\/\",\"name\":\"SAMBONET ARTHUR KRUPP Satz von 12 Ancient Wall Schalen - Erresse Shop\",\"isPartOf\":{\"@id\":\"https:\/\/www.erresse-shop.it\/de\/#website\"},\"datePublished\":\"2024-11-21T15:01:44+00:00\",\"dateModified\":\"2026-02-24T09:44:18+00:00\",\"description\":\"Service mit 12 Tellern, Teil der Ancient Wall-Kollektion, aus fein dekoriertem Porzellan. Das Set beinhaltet: 4 Speiseteller \u00d8 27,5 cm; 4 Suppenteller \u00d8\",\"breadcrumb\":{\"@id\":\"https:\/\/www.erresse-shop.it\/de\/shop\/tisch\/teller-geschirr\/sambonet-arthur-krupp-satz-von-12-ancient-wall-schalen\/#breadcrumb\"},\"inLanguage\":\"de-DE\",\"potentialAction\":[{\"@type\":\"ReadAction\",\"target\":[\"https:\/\/www.erresse-shop.it\/de\/shop\/tisch\/teller-geschirr\/sambonet-arthur-krupp-satz-von-12-ancient-wall-schalen\/\"]}]},{\"@type\":\"BreadcrumbList\",\"@id\":\"https:\/\/www.erresse-shop.it\/de\/shop\/tisch\/teller-geschirr\/sambonet-arthur-krupp-satz-von-12-ancient-wall-schalen\/#breadcrumb\",\"itemListElement\":[{\"@type\":\"ListItem\",\"position\":1,\"name\":\"Home\",\"item\":\"https:\/\/www.erresse-shop.it\/de\/\"},{\"@type\":\"ListItem\",\"position\":2,\"name\":\"Shop\",\"item\":\"https:\/\/www.erresse-shop.it\/de\/shop\/\"},{\"@type\":\"ListItem\",\"position\":3,\"name\":\"SAMBONET ARTHUR KRUPP Satz von 12 Ancient Wall Schalen\"}]},{\"@type\":\"WebSite\",\"@id\":\"https:\/\/www.erresse-shop.it\/de\/#website\",\"url\":\"https:\/\/www.erresse-shop.it\/de\/\",\"name\":\"Erresse Shop\",\"description\":\"Articoli di qualit\u00e0 per la casa\",\"potentialAction\":[{\"@type\":\"SearchAction\",\"target\":{\"@type\":\"EntryPoint\",\"urlTemplate\":\"https:\/\/www.erresse-shop.it\/de\/?s={search_term_string}\"},\"query-input\":\"required name=search_term_string\"}],\"inLanguage\":\"de-DE\"}]}<\/script>\n<!-- \/ Yoast SEO Premium plugin. -->","yoast_head_json":{"title":"SAMBONET ARTHUR KRUPP Satz von 12 Ancient Wall Schalen - Erresse Shop","description":"Service mit 12 Tellern, Teil der Ancient Wall-Kollektion, aus fein dekoriertem Porzellan. Das Set beinhaltet: 4 Speiseteller \u00d8 27,5 cm; 4 Suppenteller \u00d8","robots":{"index":"index","follow":"follow","max-snippet":"max-snippet:-1","max-image-preview":"max-image-preview:large","max-video-preview":"max-video-preview:-1"},"canonical":"https:\/\/www.erresse-shop.it\/de\/shop\/tisch\/teller-geschirr\/sambonet-arthur-krupp-satz-von-12-ancient-wall-schalen\/","og_locale":"de_DE","og_type":"article","og_title":"SAMBONET ARTHUR KRUPP Satz von 12 Ancient Wall Schalen","og_description":"Service mit 12 Tellern, Teil der Ancient Wall-Kollektion, aus fein dekoriertem Porzellan. Das Set beinhaltet: 4 Speiseteller \u00d8 27,5 cm; 4 Suppenteller \u00d8","og_url":"https:\/\/www.erresse-shop.it\/de\/shop\/tisch\/teller-geschirr\/sambonet-arthur-krupp-satz-von-12-ancient-wall-schalen\/","og_site_name":"Erresse Shop","article_modified_time":"2026-02-24T09:44:18+00:00","og_image":[{"width":1200,"height":1200,"url":"https:\/\/www.erresse-shop.it\/wp-content\/uploads\/2024\/11\/SAMBONET-ARTHUR-KRUPP-Set-12-Piatti-Ancient-Wall.jpg","type":"image\/jpeg"}],"twitter_card":"summary_large_image","schema":{"@context":"https:\/\/schema.org","@graph":[{"@type":"WebPage","@id":"https:\/\/www.erresse-shop.it\/de\/shop\/tisch\/teller-geschirr\/sambonet-arthur-krupp-satz-von-12-ancient-wall-schalen\/","url":"https:\/\/www.erresse-shop.it\/de\/shop\/tisch\/teller-geschirr\/sambonet-arthur-krupp-satz-von-12-ancient-wall-schalen\/","name":"SAMBONET ARTHUR KRUPP Satz von 12 Ancient Wall Schalen - Erresse Shop","isPartOf":{"@id":"https:\/\/www.erresse-shop.it\/de\/#website"},"datePublished":"2024-11-21T15:01:44+00:00","dateModified":"2026-02-24T09:44:18+00:00","description":"Service mit 12 Tellern, Teil der Ancient Wall-Kollektion, aus fein dekoriertem Porzellan. Das Set beinhaltet: 4 Speiseteller \u00d8 27,5 cm; 4 Suppenteller \u00d8","breadcrumb":{"@id":"https:\/\/www.erresse-shop.it\/de\/shop\/tisch\/teller-geschirr\/sambonet-arthur-krupp-satz-von-12-ancient-wall-schalen\/#breadcrumb"},"inLanguage":"de-DE","potentialAction":[{"@type":"ReadAction","target":["https:\/\/www.erresse-shop.it\/de\/shop\/tisch\/teller-geschirr\/sambonet-arthur-krupp-satz-von-12-ancient-wall-schalen\/"]}]},{"@type":"BreadcrumbList","@id":"https:\/\/www.erresse-shop.it\/de\/shop\/tisch\/teller-geschirr\/sambonet-arthur-krupp-satz-von-12-ancient-wall-schalen\/#breadcrumb","itemListElement":[{"@type":"ListItem","position":1,"name":"Home","item":"https:\/\/www.erresse-shop.it\/de\/"},{"@type":"ListItem","position":2,"name":"Shop","item":"https:\/\/www.erresse-shop.it\/de\/shop\/"},{"@type":"ListItem","position":3,"name":"SAMBONET ARTHUR KRUPP Satz von 12 Ancient Wall Schalen"}]},{"@type":"WebSite","@id":"https:\/\/www.erresse-shop.it\/de\/#website","url":"https:\/\/www.erresse-shop.it\/de\/","name":"Erresse Shop","description":"Articoli di qualit\u00e0 per la casa","potentialAction":[{"@type":"SearchAction","target":{"@type":"EntryPoint","urlTemplate":"https:\/\/www.erresse-shop.it\/de\/?s={search_term_string}"},"query-input":"required name=search_term_string"}],"inLanguage":"de-DE"}]}},"df_price":49.99,"df_sale_price":49.99,"df_regular_price":219,"df_image_link":"https:\/\/www.erresse-shop.it\/wp-content\/uploads\/2024\/11\/SAMBONET-ARTHUR-KRUPP-Set-12-Piatti-Ancient-Wall-300x300.jpg","_links":{"self":[{"href":"https:\/\/www.erresse-shop.it\/de\/wp-json\/wp\/v2\/product\/450281"}],"collection":[{"href":"https:\/\/www.erresse-shop.it\/de\/wp-json\/wp\/v2\/product"}],"about":[{"href":"https:\/\/www.erresse-shop.it\/de\/wp-json\/wp\/v2\/types\/product"}],"wp:featuredmedia":[{"embeddable":true,"href":"https:\/\/www.erresse-shop.it\/de\/wp-json\/wp\/v2\/media\/450296"}],"wp:attachment":[{"href":"https:\/\/www.erresse-shop.it\/de\/wp-json\/wp\/v2\/media?parent=450281"}],"wp:term":[{"taxonomy":"product_cat","embeddable":true,"href":"https:\/\/www.erresse-shop.it\/de\/wp-json\/wp\/v2\/product_cat?post=450281"},{"taxonomy":"product_tag","embeddable":true,"href":"https:\/\/www.erresse-shop.it\/de\/wp-json\/wp\/v2\/product_tag?post=450281"}],"curies":[{"name":"wp","href":"https:\/\/api.w.org\/{rel}","templated":true}]}}