{"id":450253,"date":"2024-11-21T13:22:05","date_gmt":"2024-11-21T13:22:05","guid":{"rendered":"https:\/\/www.erresse-shop.it\/?post_type=product&#038;p=450253"},"modified":"2026-02-24T09:53:55","modified_gmt":"2026-02-24T09:53:55","slug":"galateo-friends-rossetto-tomatenessig-250-ml","status":"publish","type":"product","link":"https:\/\/www.erresse-shop.it\/de\/shop\/tisch\/oel-essig-salz\/galateo-friends-rossetto-tomatenessig-250-ml\/","title":{"rendered":"GALATEO &#038; FRIENDS Rossetto Tomatenessig 250 ml"},"content":{"rendered":"<div class=\"flex-shrink-0 flex flex-col relative items-end\">\n<div class=\"pt-0\">\n<div class=\"gizmo-bot-avatar flex h-8 w-8 items-center justify-center overflow-hiddenrounded-full\">\n<div class=\"relative p-1 abgerundet-sm flexible items-center justify-center bg-token-main-surface-primary text-token-text-primary h-8 w-8\">\n<p>Entdecken Sie den einzigartigen und intensiven Geschmack von\u00a0 <strong>Rossetto Tomatenessig<\/strong> , einem vielseitigen und innovativen Gew\u00fcrz, das die ganze Frische und S\u00fc\u00dfe sonnengereifter Tomaten auf den Tisch bringt. In dieser 250-ml-Flasche finden Sie einen Essig mit einem zarten, aber kr\u00e4ftigen Geschmack, der sich perfekt zum Verfeinern frischer Gerichte und kreativer Rezepte eignet.<\/p>\n<p><strong>Hauptmerkmale:<\/strong><\/p>\n<ul>\n<li>Frischer und ausgewogener Geschmack, der Gerichten eine einzigartige und originelle Note verleiht.<\/li>\n<li>Hervorragend geeignet f\u00fcr alle, die eine Alternative zu herk\u00f6mmlichen Essigen mit dem nat\u00fcrlichen Geschmack von Tomaten suchen.<\/li>\n<li>250-ml-Flasche, ideal f\u00fcr den t\u00e4glichen Gebrauch oder um Ihren Rezepten eine besondere Note zu verleihen.<\/li>\n<\/ul>\n<p>W\u00e4hlen Sie <strong>Rossetto Tomatenessig<\/strong> , um Ihre K\u00fcche mit einer innovativen und schmackhaften Zutat zu bereichern, die Ihren Gerichten einen Hauch von Frische und Kreativit\u00e4t verleiht. Ein perfektes Gew\u00fcrz f\u00fcr alle, die gerne mit neuen Geschmacksrichtungen experimentieren und die Authentizit\u00e4t der italienischen K\u00fcche suchen.<\/p>\n<\/div>\n<\/div>\n<\/div>\n<\/div>\n","protected":false},"excerpt":{"rendered":"<p>Entdecken Sie den einzigartigen und intensiven Geschmack von\u00a0 Rossetto Tomatenessig , einem vielseitigen und innovativen Gew\u00fcrz, das die ganze Frische<\/p>\n","protected":false},"featured_media":450262,"template":"","meta":{"_acf_changed":false,"inline_featured_image":false},"product_cat":[6787,25934,20474],"product_tag":[11435],"acf":[],"yoast_head":"<!-- This site is optimized with the Yoast SEO Premium plugin v18.6 (Yoast SEO v19.13) - https:\/\/yoast.com\/wordpress\/plugins\/seo\/ -->\n<title>GALATEO &amp; FRIENDS Rossetto Tomatenessig 250 ml - Erresse Shop<\/title>\n<meta name=\"description\" content=\"Entdecken Sie den einzigartigen und intensiven Geschmack von\u00a0 Rossetto Tomatenessig , einem vielseitigen und innovativen Gew\u00fcrz, das die ganze Frische und\" \/>\n<meta name=\"robots\" content=\"index, follow, max-snippet:-1, max-image-preview:large, max-video-preview:-1\" \/>\n<link rel=\"canonical\" href=\"https:\/\/www.erresse-shop.it\/de\/shop\/tisch\/oel-essig-salz\/galateo-friends-rossetto-tomatenessig-250-ml\/\" \/>\n<meta property=\"og:locale\" content=\"de_DE\" \/>\n<meta property=\"og:type\" content=\"article\" \/>\n<meta property=\"og:title\" content=\"GALATEO &amp; FRIENDS Rossetto Tomatenessig 250 ml\" \/>\n<meta property=\"og:description\" content=\"Entdecken Sie den einzigartigen und intensiven Geschmack von\u00a0 Rossetto Tomatenessig , einem vielseitigen und innovativen Gew\u00fcrz, das die ganze Frische und\" \/>\n<meta property=\"og:url\" content=\"https:\/\/www.erresse-shop.it\/de\/shop\/tisch\/oel-essig-salz\/galateo-friends-rossetto-tomatenessig-250-ml\/\" \/>\n<meta property=\"og:site_name\" content=\"Erresse Shop\" \/>\n<meta property=\"article:modified_time\" content=\"2026-02-24T09:53:55+00:00\" \/>\n<meta property=\"og:image\" content=\"https:\/\/www.erresse-shop.it\/wp-content\/uploads\/2024\/11\/GALATEO-FRIENDS-Rossetto-Aceto-di-Pomodoro-250-ml.jpg\" \/>\n\t<meta property=\"og:image:width\" content=\"1200\" \/>\n\t<meta property=\"og:image:height\" content=\"1200\" \/>\n\t<meta property=\"og:image:type\" content=\"image\/jpeg\" \/>\n<meta name=\"twitter:card\" content=\"summary_large_image\" \/>\n<script type=\"application\/ld+json\" class=\"yoast-schema-graph\">{\"@context\":\"https:\/\/schema.org\",\"@graph\":[{\"@type\":\"WebPage\",\"@id\":\"https:\/\/www.erresse-shop.it\/de\/shop\/tisch\/oel-essig-salz\/galateo-friends-rossetto-tomatenessig-250-ml\/\",\"url\":\"https:\/\/www.erresse-shop.it\/de\/shop\/tisch\/oel-essig-salz\/galateo-friends-rossetto-tomatenessig-250-ml\/\",\"name\":\"GALATEO & FRIENDS Rossetto Tomatenessig 250 ml - Erresse Shop\",\"isPartOf\":{\"@id\":\"https:\/\/www.erresse-shop.it\/de\/#website\"},\"datePublished\":\"2024-11-21T13:22:05+00:00\",\"dateModified\":\"2026-02-24T09:53:55+00:00\",\"description\":\"Entdecken Sie den einzigartigen und intensiven Geschmack von\u00a0 Rossetto Tomatenessig , einem vielseitigen und innovativen Gew\u00fcrz, das die ganze Frische und\",\"breadcrumb\":{\"@id\":\"https:\/\/www.erresse-shop.it\/de\/shop\/tisch\/oel-essig-salz\/galateo-friends-rossetto-tomatenessig-250-ml\/#breadcrumb\"},\"inLanguage\":\"de-DE\",\"potentialAction\":[{\"@type\":\"ReadAction\",\"target\":[\"https:\/\/www.erresse-shop.it\/de\/shop\/tisch\/oel-essig-salz\/galateo-friends-rossetto-tomatenessig-250-ml\/\"]}]},{\"@type\":\"BreadcrumbList\",\"@id\":\"https:\/\/www.erresse-shop.it\/de\/shop\/tisch\/oel-essig-salz\/galateo-friends-rossetto-tomatenessig-250-ml\/#breadcrumb\",\"itemListElement\":[{\"@type\":\"ListItem\",\"position\":1,\"name\":\"Home\",\"item\":\"https:\/\/www.erresse-shop.it\/de\/\"},{\"@type\":\"ListItem\",\"position\":2,\"name\":\"Shop\",\"item\":\"https:\/\/www.erresse-shop.it\/de\/shop\/\"},{\"@type\":\"ListItem\",\"position\":3,\"name\":\"GALATEO &#038; FRIENDS Rossetto Tomatenessig 250 ml\"}]},{\"@type\":\"WebSite\",\"@id\":\"https:\/\/www.erresse-shop.it\/de\/#website\",\"url\":\"https:\/\/www.erresse-shop.it\/de\/\",\"name\":\"Erresse Shop\",\"description\":\"Articoli di qualit\u00e0 per la casa\",\"potentialAction\":[{\"@type\":\"SearchAction\",\"target\":{\"@type\":\"EntryPoint\",\"urlTemplate\":\"https:\/\/www.erresse-shop.it\/de\/?s={search_term_string}\"},\"query-input\":\"required name=search_term_string\"}],\"inLanguage\":\"de-DE\"}]}<\/script>\n<!-- \/ Yoast SEO Premium plugin. -->","yoast_head_json":{"title":"GALATEO & FRIENDS Rossetto Tomatenessig 250 ml - Erresse Shop","description":"Entdecken Sie den einzigartigen und intensiven Geschmack von\u00a0 Rossetto Tomatenessig , einem vielseitigen und innovativen Gew\u00fcrz, das die ganze Frische und","robots":{"index":"index","follow":"follow","max-snippet":"max-snippet:-1","max-image-preview":"max-image-preview:large","max-video-preview":"max-video-preview:-1"},"canonical":"https:\/\/www.erresse-shop.it\/de\/shop\/tisch\/oel-essig-salz\/galateo-friends-rossetto-tomatenessig-250-ml\/","og_locale":"de_DE","og_type":"article","og_title":"GALATEO & FRIENDS Rossetto Tomatenessig 250 ml","og_description":"Entdecken Sie den einzigartigen und intensiven Geschmack von\u00a0 Rossetto Tomatenessig , einem vielseitigen und innovativen Gew\u00fcrz, das die ganze Frische und","og_url":"https:\/\/www.erresse-shop.it\/de\/shop\/tisch\/oel-essig-salz\/galateo-friends-rossetto-tomatenessig-250-ml\/","og_site_name":"Erresse Shop","article_modified_time":"2026-02-24T09:53:55+00:00","og_image":[{"width":1200,"height":1200,"url":"https:\/\/www.erresse-shop.it\/wp-content\/uploads\/2024\/11\/GALATEO-FRIENDS-Rossetto-Aceto-di-Pomodoro-250-ml.jpg","type":"image\/jpeg"}],"twitter_card":"summary_large_image","schema":{"@context":"https:\/\/schema.org","@graph":[{"@type":"WebPage","@id":"https:\/\/www.erresse-shop.it\/de\/shop\/tisch\/oel-essig-salz\/galateo-friends-rossetto-tomatenessig-250-ml\/","url":"https:\/\/www.erresse-shop.it\/de\/shop\/tisch\/oel-essig-salz\/galateo-friends-rossetto-tomatenessig-250-ml\/","name":"GALATEO & FRIENDS Rossetto Tomatenessig 250 ml - Erresse Shop","isPartOf":{"@id":"https:\/\/www.erresse-shop.it\/de\/#website"},"datePublished":"2024-11-21T13:22:05+00:00","dateModified":"2026-02-24T09:53:55+00:00","description":"Entdecken Sie den einzigartigen und intensiven Geschmack von\u00a0 Rossetto Tomatenessig , einem vielseitigen und innovativen Gew\u00fcrz, das die ganze Frische und","breadcrumb":{"@id":"https:\/\/www.erresse-shop.it\/de\/shop\/tisch\/oel-essig-salz\/galateo-friends-rossetto-tomatenessig-250-ml\/#breadcrumb"},"inLanguage":"de-DE","potentialAction":[{"@type":"ReadAction","target":["https:\/\/www.erresse-shop.it\/de\/shop\/tisch\/oel-essig-salz\/galateo-friends-rossetto-tomatenessig-250-ml\/"]}]},{"@type":"BreadcrumbList","@id":"https:\/\/www.erresse-shop.it\/de\/shop\/tisch\/oel-essig-salz\/galateo-friends-rossetto-tomatenessig-250-ml\/#breadcrumb","itemListElement":[{"@type":"ListItem","position":1,"name":"Home","item":"https:\/\/www.erresse-shop.it\/de\/"},{"@type":"ListItem","position":2,"name":"Shop","item":"https:\/\/www.erresse-shop.it\/de\/shop\/"},{"@type":"ListItem","position":3,"name":"GALATEO &#038; FRIENDS Rossetto Tomatenessig 250 ml"}]},{"@type":"WebSite","@id":"https:\/\/www.erresse-shop.it\/de\/#website","url":"https:\/\/www.erresse-shop.it\/de\/","name":"Erresse Shop","description":"Articoli di qualit\u00e0 per la casa","potentialAction":[{"@type":"SearchAction","target":{"@type":"EntryPoint","urlTemplate":"https:\/\/www.erresse-shop.it\/de\/?s={search_term_string}"},"query-input":"required name=search_term_string"}],"inLanguage":"de-DE"}]}},"df_price":14,"df_sale_price":14,"df_regular_price":14,"df_image_link":"https:\/\/www.erresse-shop.it\/wp-content\/uploads\/2024\/11\/GALATEO-FRIENDS-Rossetto-Aceto-di-Pomodoro-250-ml-300x300.jpg","_links":{"self":[{"href":"https:\/\/www.erresse-shop.it\/de\/wp-json\/wp\/v2\/product\/450253"}],"collection":[{"href":"https:\/\/www.erresse-shop.it\/de\/wp-json\/wp\/v2\/product"}],"about":[{"href":"https:\/\/www.erresse-shop.it\/de\/wp-json\/wp\/v2\/types\/product"}],"wp:featuredmedia":[{"embeddable":true,"href":"https:\/\/www.erresse-shop.it\/de\/wp-json\/wp\/v2\/media\/450262"}],"wp:attachment":[{"href":"https:\/\/www.erresse-shop.it\/de\/wp-json\/wp\/v2\/media?parent=450253"}],"wp:term":[{"taxonomy":"product_cat","embeddable":true,"href":"https:\/\/www.erresse-shop.it\/de\/wp-json\/wp\/v2\/product_cat?post=450253"},{"taxonomy":"product_tag","embeddable":true,"href":"https:\/\/www.erresse-shop.it\/de\/wp-json\/wp\/v2\/product_tag?post=450253"}],"curies":[{"name":"wp","href":"https:\/\/api.w.org\/{rel}","templated":true}]}}