{"id":450213,"date":"2024-11-21T11:06:17","date_gmt":"2024-11-21T11:06:18","guid":{"rendered":"https:\/\/www.erresse-shop.it\/?post_type=product&#038;p=450213"},"modified":"2024-11-21T11:22:49","modified_gmt":"2024-11-21T11:22:49","slug":"les-jardins-de-la-comtesse-picknickkorb-6-personen-marine-copia","status":"publish","type":"product","link":"https:\/\/www.erresse-shop.it\/de\/shop\/tisch\/picknickkoerbe\/les-jardins-de-la-comtesse-picknickkorb-6-personen-marine-copia\/","title":{"rendered":"LES JARDINS DE LA COMTESSE Picknickkorb 6 Personen Trianon"},"content":{"rendered":"<div style=\"text-align: justify;\">\n<div>\n<div>Ein raffinierter <strong>Korb<\/strong> mit Riemen, Griff und verstellbarem Schultergurt aus glattem und gen\u00e4htem Echtleder.<\/div>\n<div>Der Griff an der Oberseite erm\u00f6glicht es Ihnen, ihn horizontal zu tragen, ohne dass das zubereitete Geschirr umkippt.<\/div>\n<div>Innovation? Sein beschichteter Canvas-Stoff ist leicht zu reinigen. Haben Sie keine Angst mehr davor, Ihren\u00a0<strong>Korb<\/strong> zu verschmutzen, geben Sie ihm einfach einen Schwamm und schon ist er wieder sauber! Es bleibt immer perfekt, bei all Ihren\u00a0<strong>Picknicks<\/strong>.<\/div>\n<div>Die Basis bildet ein gro\u00dfes isothermisches Fach, um Produkte k\u00fchl zu halten. Im Inneren finden Sie Gl\u00e4ser, die von Lederschn\u00fcren gehalten werden, Lederriemen zum Halten einer Flasche und eine Handtasche mit Designerbesteck aus poliertem Edelstahl im Inneren.<\/div>\n<div>Der\u00a0<strong>Korb<\/strong>\u00a0ideal f\u00fcr ein Picknick.<\/div>\n<\/div>\n<p><strong>INHALT<\/strong><\/p>\n<ul>\n<li>6 Teller (Durchmesser 20,5 cm) aus wei\u00dfer Keramik. Die Platten werden von beidseitig glatt gen\u00e4hten Lederriemen gehalten.<\/li>\n<li>6 Gl\u00e4ser Wein (12 cl)<\/li>\n<li>Eine kleine Tasche mit 6 Messern, 6 Gabeln und 6 Designer-Kaffeel\u00f6ffeln aus poliertem Edelstahl.<\/li>\n<li>Salz- und Pfefferstreuer aus Metall mit Lederverschluss.<\/li>\n<li>Ein Korkenzieher im Lederverschluss.<\/li>\n<li>2 Lederriemen zum Halten einer Flasche.<\/li>\n<li>2 Lederriemen zum Halten der Handtasche mit Besteck<\/li>\n<\/ul>\n<p>Abmessungen: 52 x 36 x 27 cm<\/p>\n<p>Gewicht: 6.200 kg<\/p>\n<\/div>\n","protected":false},"excerpt":{"rendered":"<p>Ein raffinierter Korb mit Riemen, Griff und verstellbarem Schultergurt aus glattem und gen\u00e4htem Echtleder. Der Griff an der Oberseite erm\u00f6glicht<\/p>\n","protected":false},"featured_media":450234,"template":"","meta":{"_acf_changed":false,"inline_featured_image":false},"product_cat":[6787,15508],"product_tag":[13379,24604,13487,15501],"acf":[],"yoast_head":"<!-- This site is optimized with the Yoast SEO Premium plugin v18.6 (Yoast SEO v19.13) - https:\/\/yoast.com\/wordpress\/plugins\/seo\/ -->\n<title>LES JARDINS DE LA COMTESSE Picknickkorb 6 Personen Trianon - Erresse Shop<\/title>\n<meta name=\"description\" content=\"Ein raffinierter Korb mit Riemen, Griff und verstellbarem Schultergurt aus glattem und gen\u00e4htem Echtleder. Der Griff an der Oberseite erm\u00f6glicht es Ihnen,\" \/>\n<meta name=\"robots\" content=\"index, follow, max-snippet:-1, max-image-preview:large, max-video-preview:-1\" \/>\n<link rel=\"canonical\" href=\"https:\/\/www.erresse-shop.it\/de\/shop\/tisch\/picknickkoerbe\/les-jardins-de-la-comtesse-picknickkorb-6-personen-marine-copia\/\" \/>\n<meta property=\"og:locale\" content=\"de_DE\" \/>\n<meta property=\"og:type\" content=\"article\" \/>\n<meta property=\"og:title\" content=\"LES JARDINS DE LA COMTESSE Picknickkorb 6 Personen Trianon\" \/>\n<meta property=\"og:description\" content=\"Ein raffinierter Korb mit Riemen, Griff und verstellbarem Schultergurt aus glattem und gen\u00e4htem Echtleder. Der Griff an der Oberseite erm\u00f6glicht es Ihnen,\" \/>\n<meta property=\"og:url\" content=\"https:\/\/www.erresse-shop.it\/de\/shop\/tisch\/picknickkoerbe\/les-jardins-de-la-comtesse-picknickkorb-6-personen-marine-copia\/\" \/>\n<meta property=\"og:site_name\" content=\"Erresse Shop\" \/>\n<meta property=\"article:modified_time\" content=\"2024-11-21T11:22:49+00:00\" \/>\n<meta property=\"og:image\" content=\"https:\/\/www.erresse-shop.it\/wp-content\/uploads\/2024\/11\/LES-JARDINS-DE-LA-COMTESSE-Cestino-Picnic-6-Persone-Trianon.jpg\" \/>\n\t<meta property=\"og:image:width\" content=\"1200\" \/>\n\t<meta property=\"og:image:height\" content=\"1200\" \/>\n\t<meta property=\"og:image:type\" content=\"image\/jpeg\" \/>\n<meta name=\"twitter:card\" content=\"summary_large_image\" \/>\n<script type=\"application\/ld+json\" class=\"yoast-schema-graph\">{\"@context\":\"https:\/\/schema.org\",\"@graph\":[{\"@type\":\"WebPage\",\"@id\":\"https:\/\/www.erresse-shop.it\/de\/shop\/tisch\/picknickkoerbe\/les-jardins-de-la-comtesse-picknickkorb-6-personen-marine-copia\/\",\"url\":\"https:\/\/www.erresse-shop.it\/de\/shop\/tisch\/picknickkoerbe\/les-jardins-de-la-comtesse-picknickkorb-6-personen-marine-copia\/\",\"name\":\"LES JARDINS DE LA COMTESSE Picknickkorb 6 Personen Trianon - Erresse Shop\",\"isPartOf\":{\"@id\":\"https:\/\/www.erresse-shop.it\/de\/#website\"},\"datePublished\":\"2024-11-21T11:06:18+00:00\",\"dateModified\":\"2024-11-21T11:22:49+00:00\",\"description\":\"Ein raffinierter Korb mit Riemen, Griff und verstellbarem Schultergurt aus glattem und gen\u00e4htem Echtleder. Der Griff an der Oberseite erm\u00f6glicht es Ihnen,\",\"breadcrumb\":{\"@id\":\"https:\/\/www.erresse-shop.it\/de\/shop\/tisch\/picknickkoerbe\/les-jardins-de-la-comtesse-picknickkorb-6-personen-marine-copia\/#breadcrumb\"},\"inLanguage\":\"de-DE\",\"potentialAction\":[{\"@type\":\"ReadAction\",\"target\":[\"https:\/\/www.erresse-shop.it\/de\/shop\/tisch\/picknickkoerbe\/les-jardins-de-la-comtesse-picknickkorb-6-personen-marine-copia\/\"]}]},{\"@type\":\"BreadcrumbList\",\"@id\":\"https:\/\/www.erresse-shop.it\/de\/shop\/tisch\/picknickkoerbe\/les-jardins-de-la-comtesse-picknickkorb-6-personen-marine-copia\/#breadcrumb\",\"itemListElement\":[{\"@type\":\"ListItem\",\"position\":1,\"name\":\"Home\",\"item\":\"https:\/\/www.erresse-shop.it\/de\/\"},{\"@type\":\"ListItem\",\"position\":2,\"name\":\"Shop\",\"item\":\"https:\/\/www.erresse-shop.it\/de\/shop\/\"},{\"@type\":\"ListItem\",\"position\":3,\"name\":\"LES JARDINS DE LA COMTESSE Picknickkorb 6 Personen Trianon\"}]},{\"@type\":\"WebSite\",\"@id\":\"https:\/\/www.erresse-shop.it\/de\/#website\",\"url\":\"https:\/\/www.erresse-shop.it\/de\/\",\"name\":\"Erresse Shop\",\"description\":\"Articoli di qualit\u00e0 per la casa\",\"potentialAction\":[{\"@type\":\"SearchAction\",\"target\":{\"@type\":\"EntryPoint\",\"urlTemplate\":\"https:\/\/www.erresse-shop.it\/de\/?s={search_term_string}\"},\"query-input\":\"required name=search_term_string\"}],\"inLanguage\":\"de-DE\"}]}<\/script>\n<!-- \/ Yoast SEO Premium plugin. -->","yoast_head_json":{"title":"LES JARDINS DE LA COMTESSE Picknickkorb 6 Personen Trianon - Erresse Shop","description":"Ein raffinierter Korb mit Riemen, Griff und verstellbarem Schultergurt aus glattem und gen\u00e4htem Echtleder. Der Griff an der Oberseite erm\u00f6glicht es Ihnen,","robots":{"index":"index","follow":"follow","max-snippet":"max-snippet:-1","max-image-preview":"max-image-preview:large","max-video-preview":"max-video-preview:-1"},"canonical":"https:\/\/www.erresse-shop.it\/de\/shop\/tisch\/picknickkoerbe\/les-jardins-de-la-comtesse-picknickkorb-6-personen-marine-copia\/","og_locale":"de_DE","og_type":"article","og_title":"LES JARDINS DE LA COMTESSE Picknickkorb 6 Personen Trianon","og_description":"Ein raffinierter Korb mit Riemen, Griff und verstellbarem Schultergurt aus glattem und gen\u00e4htem Echtleder. Der Griff an der Oberseite erm\u00f6glicht es Ihnen,","og_url":"https:\/\/www.erresse-shop.it\/de\/shop\/tisch\/picknickkoerbe\/les-jardins-de-la-comtesse-picknickkorb-6-personen-marine-copia\/","og_site_name":"Erresse Shop","article_modified_time":"2024-11-21T11:22:49+00:00","og_image":[{"width":1200,"height":1200,"url":"https:\/\/www.erresse-shop.it\/wp-content\/uploads\/2024\/11\/LES-JARDINS-DE-LA-COMTESSE-Cestino-Picnic-6-Persone-Trianon.jpg","type":"image\/jpeg"}],"twitter_card":"summary_large_image","schema":{"@context":"https:\/\/schema.org","@graph":[{"@type":"WebPage","@id":"https:\/\/www.erresse-shop.it\/de\/shop\/tisch\/picknickkoerbe\/les-jardins-de-la-comtesse-picknickkorb-6-personen-marine-copia\/","url":"https:\/\/www.erresse-shop.it\/de\/shop\/tisch\/picknickkoerbe\/les-jardins-de-la-comtesse-picknickkorb-6-personen-marine-copia\/","name":"LES JARDINS DE LA COMTESSE Picknickkorb 6 Personen Trianon - Erresse Shop","isPartOf":{"@id":"https:\/\/www.erresse-shop.it\/de\/#website"},"datePublished":"2024-11-21T11:06:18+00:00","dateModified":"2024-11-21T11:22:49+00:00","description":"Ein raffinierter Korb mit Riemen, Griff und verstellbarem Schultergurt aus glattem und gen\u00e4htem Echtleder. Der Griff an der Oberseite erm\u00f6glicht es Ihnen,","breadcrumb":{"@id":"https:\/\/www.erresse-shop.it\/de\/shop\/tisch\/picknickkoerbe\/les-jardins-de-la-comtesse-picknickkorb-6-personen-marine-copia\/#breadcrumb"},"inLanguage":"de-DE","potentialAction":[{"@type":"ReadAction","target":["https:\/\/www.erresse-shop.it\/de\/shop\/tisch\/picknickkoerbe\/les-jardins-de-la-comtesse-picknickkorb-6-personen-marine-copia\/"]}]},{"@type":"BreadcrumbList","@id":"https:\/\/www.erresse-shop.it\/de\/shop\/tisch\/picknickkoerbe\/les-jardins-de-la-comtesse-picknickkorb-6-personen-marine-copia\/#breadcrumb","itemListElement":[{"@type":"ListItem","position":1,"name":"Home","item":"https:\/\/www.erresse-shop.it\/de\/"},{"@type":"ListItem","position":2,"name":"Shop","item":"https:\/\/www.erresse-shop.it\/de\/shop\/"},{"@type":"ListItem","position":3,"name":"LES JARDINS DE LA COMTESSE Picknickkorb 6 Personen Trianon"}]},{"@type":"WebSite","@id":"https:\/\/www.erresse-shop.it\/de\/#website","url":"https:\/\/www.erresse-shop.it\/de\/","name":"Erresse Shop","description":"Articoli di qualit\u00e0 per la casa","potentialAction":[{"@type":"SearchAction","target":{"@type":"EntryPoint","urlTemplate":"https:\/\/www.erresse-shop.it\/de\/?s={search_term_string}"},"query-input":"required name=search_term_string"}],"inLanguage":"de-DE"}]}},"df_price":117.42500000000001,"df_sale_price":117.42500000000001,"df_regular_price":213.5,"df_image_link":"https:\/\/www.erresse-shop.it\/wp-content\/uploads\/2024\/11\/LES-JARDINS-DE-LA-COMTESSE-Cestino-Picnic-6-Persone-Trianon-300x300.jpg","_links":{"self":[{"href":"https:\/\/www.erresse-shop.it\/de\/wp-json\/wp\/v2\/product\/450213"}],"collection":[{"href":"https:\/\/www.erresse-shop.it\/de\/wp-json\/wp\/v2\/product"}],"about":[{"href":"https:\/\/www.erresse-shop.it\/de\/wp-json\/wp\/v2\/types\/product"}],"wp:featuredmedia":[{"embeddable":true,"href":"https:\/\/www.erresse-shop.it\/de\/wp-json\/wp\/v2\/media\/450234"}],"wp:attachment":[{"href":"https:\/\/www.erresse-shop.it\/de\/wp-json\/wp\/v2\/media?parent=450213"}],"wp:term":[{"taxonomy":"product_cat","embeddable":true,"href":"https:\/\/www.erresse-shop.it\/de\/wp-json\/wp\/v2\/product_cat?post=450213"},{"taxonomy":"product_tag","embeddable":true,"href":"https:\/\/www.erresse-shop.it\/de\/wp-json\/wp\/v2\/product_tag?post=450213"}],"curies":[{"name":"wp","href":"https:\/\/api.w.org\/{rel}","templated":true}]}}