{"id":450178,"date":"2024-11-21T10:43:49","date_gmt":"2024-11-21T10:43:49","guid":{"rendered":"https:\/\/www.erresse-shop.it\/?post_type=product&#038;p=450178"},"modified":"2026-02-24T10:01:36","modified_gmt":"2026-02-24T10:01:36","slug":"les-jardins-de-la-comtesse-picknickkorb-6-personen-marine","status":"publish","type":"product","link":"https:\/\/www.erresse-shop.it\/de\/shop\/tisch\/picknickkoerbe\/les-jardins-de-la-comtesse-picknickkorb-6-personen-marine\/","title":{"rendered":"LES JARDINS DE LA COMTESSE Picknickkorb 6 Personen Marine"},"content":{"rendered":"<div style=\"text-align: justify;\">\n<div>Eine einzigartige und originelle Picknicktruhe mit ihren blauen Riemen<\/div>\n<div>\u00c4u\u00dferlich originell: Die Seilf\u00e4den passen zum wei\u00df lackierten Naturgeflecht. Die blauen B\u00e4nder und die blau-wei\u00dfe Tischdecke verleihen ihm einen exotischen Touch, der an die Tiefsee erinnert.<\/div>\n<div>Elegante Innenseite mit blauem Stoff mit wei\u00dfen Streifen und wei\u00dfen Tr\u00e4gern.<\/div>\n<div>Mit der Kombination aus Edelstahlbesteck und monogrammierten Keramiktellern ist es modisch, schick und raffiniert.<\/div>\n<div>Diese Truhe wurde f\u00fcr gro\u00dfe Familien und Freunde entwickelt, die gerne zusammenkommen, um einen Moment des Feierns auf dem Land, in den D\u00fcnen oder auf dem Wasser zu verbringen. Ein fantastisches und originelles Geschenk.<\/div>\n<div>Wie unsere anderen Truhen ist auch diese Picknicktruhe handgefertigt aus Weidenzweigen und Seil.<\/div>\n<div>Die gesamte Basis besteht aus einem isothermen Fach, um Speisen und Getr\u00e4nke k\u00fchl zu halten. Es wird mit einer sch\u00f6nen Picknicktischdecke aus dem gleichen Stoff mit wasserdichter Seite geliefert.<\/div>\n<div>Dank des zentralen Griffs oder des verstellbaren marineblauen Stoffriemens l\u00e4sst es sich bequem \u00fcber der Schulter tragen.<\/div>\n<p><strong>INHALT<\/strong><\/p>\n<ul>\n<li>\u00a0Ein isothermer Raum<\/li>\n<li>1 Plane mit blauer wasserdichter Seite und wei\u00dfen Streifen<\/li>\n<li>6 monogrammierte Keramikteller mit 20 cm Durchmesser<\/li>\n<li>\u00a06 komplette Sets Metallbesteck in einer Tasche,<\/li>\n<li>6 Glasgl\u00e4ser (12 cl)<\/li>\n<li>1 Flaschen\u00f6ffner, Korkenzieher aus verzinktem Stahl<\/li>\n<li>1 Set Salz- und Pfefferstreuer aus Metall<\/li>\n<li>6 blaue Servietten mit wei\u00dfen Streifen (35 x 35 cm)<\/li>\n<li>2 Schn\u00fcrsenkel f\u00fcr eine Flasche<\/li>\n<li>2 Schn\u00fcrsenkel auf der Stoffseite mit Klettverschluss zum Einf\u00fchren des Handtuchs<\/li>\n<li>1 kleine Tasche zur Aufbewahrung von schmutzigem Geschirr<\/li>\n<\/ul>\n<p>Abmessungen: 50 x 35 x 26 cm<\/p>\n<p>Gewicht: 6.620 kg<\/p>\n<\/div>\n","protected":false},"excerpt":{"rendered":"<p>Eine einzigartige und originelle Picknicktruhe mit ihren blauen Riemen \u00c4u\u00dferlich originell: Die Seilf\u00e4den passen zum wei\u00df lackierten Naturgeflecht. Die blauen<\/p>\n","protected":false},"featured_media":450205,"template":"","meta":{"_acf_changed":false,"inline_featured_image":false},"product_cat":[6787,15508],"product_tag":[13379,24604,13487,15501],"acf":[],"yoast_head":"<!-- This site is optimized with the Yoast SEO Premium plugin v18.6 (Yoast SEO v19.13) - https:\/\/yoast.com\/wordpress\/plugins\/seo\/ -->\n<title>LES JARDINS DE LA COMTESSE Picknickkorb 6 Personen Marine - Erresse Shop<\/title>\n<meta name=\"description\" content=\"Eine einzigartige und originelle Picknicktruhe mit ihren blauen Riemen \u00c4u\u00dferlich originell: Die Seilf\u00e4den passen zum wei\u00df lackierten Naturgeflecht. Die\" \/>\n<meta name=\"robots\" content=\"index, follow, max-snippet:-1, max-image-preview:large, max-video-preview:-1\" \/>\n<link rel=\"canonical\" href=\"https:\/\/www.erresse-shop.it\/de\/shop\/tisch\/picknickkoerbe\/les-jardins-de-la-comtesse-picknickkorb-6-personen-marine\/\" \/>\n<meta property=\"og:locale\" content=\"de_DE\" \/>\n<meta property=\"og:type\" content=\"article\" \/>\n<meta property=\"og:title\" content=\"LES JARDINS DE LA COMTESSE Picknickkorb 6 Personen Marine\" \/>\n<meta property=\"og:description\" content=\"Eine einzigartige und originelle Picknicktruhe mit ihren blauen Riemen \u00c4u\u00dferlich originell: Die Seilf\u00e4den passen zum wei\u00df lackierten Naturgeflecht. Die\" \/>\n<meta property=\"og:url\" content=\"https:\/\/www.erresse-shop.it\/de\/shop\/tisch\/picknickkoerbe\/les-jardins-de-la-comtesse-picknickkorb-6-personen-marine\/\" \/>\n<meta property=\"og:site_name\" content=\"Erresse Shop\" \/>\n<meta property=\"article:modified_time\" content=\"2026-02-24T10:01:36+00:00\" \/>\n<meta property=\"og:image\" content=\"https:\/\/www.erresse-shop.it\/wp-content\/uploads\/2024\/11\/LES-JARDINS-DE-LA-COMTESSE-Cestino-Picnic-6-Persone-Marine.jpg\" \/>\n\t<meta property=\"og:image:width\" content=\"1200\" \/>\n\t<meta property=\"og:image:height\" content=\"1200\" \/>\n\t<meta property=\"og:image:type\" content=\"image\/jpeg\" \/>\n<meta name=\"twitter:card\" content=\"summary_large_image\" \/>\n<script type=\"application\/ld+json\" class=\"yoast-schema-graph\">{\"@context\":\"https:\/\/schema.org\",\"@graph\":[{\"@type\":\"WebPage\",\"@id\":\"https:\/\/www.erresse-shop.it\/de\/shop\/tisch\/picknickkoerbe\/les-jardins-de-la-comtesse-picknickkorb-6-personen-marine\/\",\"url\":\"https:\/\/www.erresse-shop.it\/de\/shop\/tisch\/picknickkoerbe\/les-jardins-de-la-comtesse-picknickkorb-6-personen-marine\/\",\"name\":\"LES JARDINS DE LA COMTESSE Picknickkorb 6 Personen Marine - Erresse Shop\",\"isPartOf\":{\"@id\":\"https:\/\/www.erresse-shop.it\/de\/#website\"},\"datePublished\":\"2024-11-21T10:43:49+00:00\",\"dateModified\":\"2026-02-24T10:01:36+00:00\",\"description\":\"Eine einzigartige und originelle Picknicktruhe mit ihren blauen Riemen \u00c4u\u00dferlich originell: Die Seilf\u00e4den passen zum wei\u00df lackierten Naturgeflecht. Die\",\"breadcrumb\":{\"@id\":\"https:\/\/www.erresse-shop.it\/de\/shop\/tisch\/picknickkoerbe\/les-jardins-de-la-comtesse-picknickkorb-6-personen-marine\/#breadcrumb\"},\"inLanguage\":\"de-DE\",\"potentialAction\":[{\"@type\":\"ReadAction\",\"target\":[\"https:\/\/www.erresse-shop.it\/de\/shop\/tisch\/picknickkoerbe\/les-jardins-de-la-comtesse-picknickkorb-6-personen-marine\/\"]}]},{\"@type\":\"BreadcrumbList\",\"@id\":\"https:\/\/www.erresse-shop.it\/de\/shop\/tisch\/picknickkoerbe\/les-jardins-de-la-comtesse-picknickkorb-6-personen-marine\/#breadcrumb\",\"itemListElement\":[{\"@type\":\"ListItem\",\"position\":1,\"name\":\"Home\",\"item\":\"https:\/\/www.erresse-shop.it\/de\/\"},{\"@type\":\"ListItem\",\"position\":2,\"name\":\"Shop\",\"item\":\"https:\/\/www.erresse-shop.it\/de\/shop\/\"},{\"@type\":\"ListItem\",\"position\":3,\"name\":\"LES JARDINS DE LA COMTESSE Picknickkorb 6 Personen Marine\"}]},{\"@type\":\"WebSite\",\"@id\":\"https:\/\/www.erresse-shop.it\/de\/#website\",\"url\":\"https:\/\/www.erresse-shop.it\/de\/\",\"name\":\"Erresse Shop\",\"description\":\"Articoli di qualit\u00e0 per la casa\",\"potentialAction\":[{\"@type\":\"SearchAction\",\"target\":{\"@type\":\"EntryPoint\",\"urlTemplate\":\"https:\/\/www.erresse-shop.it\/de\/?s={search_term_string}\"},\"query-input\":\"required name=search_term_string\"}],\"inLanguage\":\"de-DE\"}]}<\/script>\n<!-- \/ Yoast SEO Premium plugin. -->","yoast_head_json":{"title":"LES JARDINS DE LA COMTESSE Picknickkorb 6 Personen Marine - Erresse Shop","description":"Eine einzigartige und originelle Picknicktruhe mit ihren blauen Riemen \u00c4u\u00dferlich originell: Die Seilf\u00e4den passen zum wei\u00df lackierten Naturgeflecht. Die","robots":{"index":"index","follow":"follow","max-snippet":"max-snippet:-1","max-image-preview":"max-image-preview:large","max-video-preview":"max-video-preview:-1"},"canonical":"https:\/\/www.erresse-shop.it\/de\/shop\/tisch\/picknickkoerbe\/les-jardins-de-la-comtesse-picknickkorb-6-personen-marine\/","og_locale":"de_DE","og_type":"article","og_title":"LES JARDINS DE LA COMTESSE Picknickkorb 6 Personen Marine","og_description":"Eine einzigartige und originelle Picknicktruhe mit ihren blauen Riemen \u00c4u\u00dferlich originell: Die Seilf\u00e4den passen zum wei\u00df lackierten Naturgeflecht. Die","og_url":"https:\/\/www.erresse-shop.it\/de\/shop\/tisch\/picknickkoerbe\/les-jardins-de-la-comtesse-picknickkorb-6-personen-marine\/","og_site_name":"Erresse Shop","article_modified_time":"2026-02-24T10:01:36+00:00","og_image":[{"width":1200,"height":1200,"url":"https:\/\/www.erresse-shop.it\/wp-content\/uploads\/2024\/11\/LES-JARDINS-DE-LA-COMTESSE-Cestino-Picnic-6-Persone-Marine.jpg","type":"image\/jpeg"}],"twitter_card":"summary_large_image","schema":{"@context":"https:\/\/schema.org","@graph":[{"@type":"WebPage","@id":"https:\/\/www.erresse-shop.it\/de\/shop\/tisch\/picknickkoerbe\/les-jardins-de-la-comtesse-picknickkorb-6-personen-marine\/","url":"https:\/\/www.erresse-shop.it\/de\/shop\/tisch\/picknickkoerbe\/les-jardins-de-la-comtesse-picknickkorb-6-personen-marine\/","name":"LES JARDINS DE LA COMTESSE Picknickkorb 6 Personen Marine - Erresse Shop","isPartOf":{"@id":"https:\/\/www.erresse-shop.it\/de\/#website"},"datePublished":"2024-11-21T10:43:49+00:00","dateModified":"2026-02-24T10:01:36+00:00","description":"Eine einzigartige und originelle Picknicktruhe mit ihren blauen Riemen \u00c4u\u00dferlich originell: Die Seilf\u00e4den passen zum wei\u00df lackierten Naturgeflecht. Die","breadcrumb":{"@id":"https:\/\/www.erresse-shop.it\/de\/shop\/tisch\/picknickkoerbe\/les-jardins-de-la-comtesse-picknickkorb-6-personen-marine\/#breadcrumb"},"inLanguage":"de-DE","potentialAction":[{"@type":"ReadAction","target":["https:\/\/www.erresse-shop.it\/de\/shop\/tisch\/picknickkoerbe\/les-jardins-de-la-comtesse-picknickkorb-6-personen-marine\/"]}]},{"@type":"BreadcrumbList","@id":"https:\/\/www.erresse-shop.it\/de\/shop\/tisch\/picknickkoerbe\/les-jardins-de-la-comtesse-picknickkorb-6-personen-marine\/#breadcrumb","itemListElement":[{"@type":"ListItem","position":1,"name":"Home","item":"https:\/\/www.erresse-shop.it\/de\/"},{"@type":"ListItem","position":2,"name":"Shop","item":"https:\/\/www.erresse-shop.it\/de\/shop\/"},{"@type":"ListItem","position":3,"name":"LES JARDINS DE LA COMTESSE Picknickkorb 6 Personen Marine"}]},{"@type":"WebSite","@id":"https:\/\/www.erresse-shop.it\/de\/#website","url":"https:\/\/www.erresse-shop.it\/de\/","name":"Erresse Shop","description":"Articoli di qualit\u00e0 per la casa","potentialAction":[{"@type":"SearchAction","target":{"@type":"EntryPoint","urlTemplate":"https:\/\/www.erresse-shop.it\/de\/?s={search_term_string}"},"query-input":"required name=search_term_string"}],"inLanguage":"de-DE"}]}},"df_price":119,"df_sale_price":119,"df_regular_price":202.31,"df_image_link":"https:\/\/www.erresse-shop.it\/wp-content\/uploads\/2024\/11\/LES-JARDINS-DE-LA-COMTESSE-Cestino-Picnic-6-Persone-Marine-300x300.jpg","_links":{"self":[{"href":"https:\/\/www.erresse-shop.it\/de\/wp-json\/wp\/v2\/product\/450178"}],"collection":[{"href":"https:\/\/www.erresse-shop.it\/de\/wp-json\/wp\/v2\/product"}],"about":[{"href":"https:\/\/www.erresse-shop.it\/de\/wp-json\/wp\/v2\/types\/product"}],"wp:featuredmedia":[{"embeddable":true,"href":"https:\/\/www.erresse-shop.it\/de\/wp-json\/wp\/v2\/media\/450205"}],"wp:attachment":[{"href":"https:\/\/www.erresse-shop.it\/de\/wp-json\/wp\/v2\/media?parent=450178"}],"wp:term":[{"taxonomy":"product_cat","embeddable":true,"href":"https:\/\/www.erresse-shop.it\/de\/wp-json\/wp\/v2\/product_cat?post=450178"},{"taxonomy":"product_tag","embeddable":true,"href":"https:\/\/www.erresse-shop.it\/de\/wp-json\/wp\/v2\/product_tag?post=450178"}],"curies":[{"name":"wp","href":"https:\/\/api.w.org\/{rel}","templated":true}]}}