{"id":450148,"date":"2024-11-21T10:12:52","date_gmt":"2024-11-21T10:12:52","guid":{"rendered":"https:\/\/www.erresse-shop.it\/?post_type=product&#038;p=450148"},"modified":"2025-01-26T18:05:56","modified_gmt":"2025-01-26T18:05:56","slug":"les-jardins-de-la-comtesse-4er-set-capri-dessertteller-23-cm-copia","status":"publish","type":"product","link":"https:\/\/www.erresse-shop.it\/de\/shop\/tisch\/teller-geschirr\/les-jardins-de-la-comtesse-4er-set-capri-dessertteller-23-cm-copia\/","title":{"rendered":"LES JARDINS DE LA COMTESSE Set mit 4 Capri-Esstellern 28 cm"},"content":{"rendered":"<div>\n<div>Versch\u00f6nern Sie Ihre Tische mit einem farbenfrohen und eleganten Geschirr und verleihen Sie Ihren Mahlzeiten mit diesen h\u00fcbschen Zitronen aus der \u201eCapri\u201c-Kollektion, inspiriert von der S\u00fc\u00dfe eines Sommers an der Mittelmeerk\u00fcste, ein wenig Glanz.<\/div>\n<div>Dieser sch\u00f6ne 28 cm gro\u00dfe runde Teller \u00e4hnelt optisch einem Tafelservice aus Keramik und ist aus Melamin gefertigt und daher \u00e4u\u00dferst schlagfest und langlebig. Es ist ideal zum Servieren Ihrer Lieblingsgerichte.<\/div>\n<div>Mit seinen Dekorationen, die Capri-Zitronen darstellen, umgeben von Weidengeflecht, nimmt Sie dieses Gericht mit auf eine Reise nach Italien. Der Rand in Bambusoptik verleiht diesem gro\u00dfen Teller viel Charme.<\/div>\n<\/div>\n<div><\/div>\n<div>Sie k\u00f6nnen den Teller von Hand oder in der Sp\u00fclmaschine waschen.<\/div>\n<div>Um es m\u00f6glichst lange haltbar zu machen, ist es besser, keine Messer mit scharfen Z\u00e4hnen zu verwenden, um ein Zerkratzen des Materials zu vermeiden.<\/div>\n<div>Garantiert BPA-freies Gl\u00e4tteisen<\/div>\n<div><\/div>\n<div>Material: 100 % Melamin<\/div>\n","protected":false},"excerpt":{"rendered":"<p>Versch\u00f6nern Sie Ihre Tische mit einem farbenfrohen und eleganten Geschirr und verleihen Sie Ihren Mahlzeiten mit diesen h\u00fcbschen Zitronen aus<\/p>\n","protected":false},"featured_media":491377,"template":"","meta":{"_acf_changed":false,"inline_featured_image":false},"product_cat":[6793,6787],"product_tag":[14286,21971,11971,21970,12350,11827],"acf":[],"yoast_head":"<!-- This site is optimized with the Yoast SEO Premium plugin v18.6 (Yoast SEO v19.13) - https:\/\/yoast.com\/wordpress\/plugins\/seo\/ -->\n<title>LES JARDINS DE LA COMTESSE Set mit 4 Capri-Esstellern 28 cm - Erresse Shop<\/title>\n<meta name=\"description\" content=\"Versch\u00f6nern Sie Ihre Tische mit einem farbenfrohen und eleganten Geschirr und verleihen Sie Ihren Mahlzeiten mit diesen h\u00fcbschen Zitronen aus der\" \/>\n<meta name=\"robots\" content=\"index, follow, max-snippet:-1, max-image-preview:large, max-video-preview:-1\" \/>\n<link rel=\"canonical\" href=\"https:\/\/www.erresse-shop.it\/de\/shop\/tisch\/teller-geschirr\/les-jardins-de-la-comtesse-4er-set-capri-dessertteller-23-cm-copia\/\" \/>\n<meta property=\"og:locale\" content=\"de_DE\" \/>\n<meta property=\"og:type\" content=\"article\" \/>\n<meta property=\"og:title\" content=\"LES JARDINS DE LA COMTESSE Set mit 4 Capri-Esstellern 28 cm\" \/>\n<meta property=\"og:description\" content=\"Versch\u00f6nern Sie Ihre Tische mit einem farbenfrohen und eleganten Geschirr und verleihen Sie Ihren Mahlzeiten mit diesen h\u00fcbschen Zitronen aus der\" \/>\n<meta property=\"og:url\" content=\"https:\/\/www.erresse-shop.it\/de\/shop\/tisch\/teller-geschirr\/les-jardins-de-la-comtesse-4er-set-capri-dessertteller-23-cm-copia\/\" \/>\n<meta property=\"og:site_name\" content=\"Erresse Shop\" \/>\n<meta property=\"article:modified_time\" content=\"2025-01-26T18:05:56+00:00\" \/>\n<meta property=\"og:image\" content=\"https:\/\/www.erresse-shop.it\/wp-content\/uploads\/2024\/11\/LES-JARDINS-DE-LA-COMTESSE-Set-4-Piatti-Piani-Capri-28-cm.jpg\" \/>\n\t<meta property=\"og:image:width\" content=\"1200\" \/>\n\t<meta property=\"og:image:height\" content=\"1200\" \/>\n\t<meta property=\"og:image:type\" content=\"image\/jpeg\" \/>\n<meta name=\"twitter:card\" content=\"summary_large_image\" \/>\n<script type=\"application\/ld+json\" class=\"yoast-schema-graph\">{\"@context\":\"https:\/\/schema.org\",\"@graph\":[{\"@type\":\"WebPage\",\"@id\":\"https:\/\/www.erresse-shop.it\/de\/shop\/tisch\/teller-geschirr\/les-jardins-de-la-comtesse-4er-set-capri-dessertteller-23-cm-copia\/\",\"url\":\"https:\/\/www.erresse-shop.it\/de\/shop\/tisch\/teller-geschirr\/les-jardins-de-la-comtesse-4er-set-capri-dessertteller-23-cm-copia\/\",\"name\":\"LES JARDINS DE LA COMTESSE Set mit 4 Capri-Esstellern 28 cm - Erresse Shop\",\"isPartOf\":{\"@id\":\"https:\/\/www.erresse-shop.it\/de\/#website\"},\"datePublished\":\"2024-11-21T10:12:52+00:00\",\"dateModified\":\"2025-01-26T18:05:56+00:00\",\"description\":\"Versch\u00f6nern Sie Ihre Tische mit einem farbenfrohen und eleganten Geschirr und verleihen Sie Ihren Mahlzeiten mit diesen h\u00fcbschen Zitronen aus der\",\"breadcrumb\":{\"@id\":\"https:\/\/www.erresse-shop.it\/de\/shop\/tisch\/teller-geschirr\/les-jardins-de-la-comtesse-4er-set-capri-dessertteller-23-cm-copia\/#breadcrumb\"},\"inLanguage\":\"de-DE\",\"potentialAction\":[{\"@type\":\"ReadAction\",\"target\":[\"https:\/\/www.erresse-shop.it\/de\/shop\/tisch\/teller-geschirr\/les-jardins-de-la-comtesse-4er-set-capri-dessertteller-23-cm-copia\/\"]}]},{\"@type\":\"BreadcrumbList\",\"@id\":\"https:\/\/www.erresse-shop.it\/de\/shop\/tisch\/teller-geschirr\/les-jardins-de-la-comtesse-4er-set-capri-dessertteller-23-cm-copia\/#breadcrumb\",\"itemListElement\":[{\"@type\":\"ListItem\",\"position\":1,\"name\":\"Home\",\"item\":\"https:\/\/www.erresse-shop.it\/de\/\"},{\"@type\":\"ListItem\",\"position\":2,\"name\":\"Shop\",\"item\":\"https:\/\/www.erresse-shop.it\/de\/shop\/\"},{\"@type\":\"ListItem\",\"position\":3,\"name\":\"LES JARDINS DE LA COMTESSE Set mit 4 Capri-Esstellern 28 cm\"}]},{\"@type\":\"WebSite\",\"@id\":\"https:\/\/www.erresse-shop.it\/de\/#website\",\"url\":\"https:\/\/www.erresse-shop.it\/de\/\",\"name\":\"Erresse Shop\",\"description\":\"Articoli di qualit\u00e0 per la casa\",\"potentialAction\":[{\"@type\":\"SearchAction\",\"target\":{\"@type\":\"EntryPoint\",\"urlTemplate\":\"https:\/\/www.erresse-shop.it\/de\/?s={search_term_string}\"},\"query-input\":\"required name=search_term_string\"}],\"inLanguage\":\"de-DE\"}]}<\/script>\n<!-- \/ Yoast SEO Premium plugin. -->","yoast_head_json":{"title":"LES JARDINS DE LA COMTESSE Set mit 4 Capri-Esstellern 28 cm - Erresse Shop","description":"Versch\u00f6nern Sie Ihre Tische mit einem farbenfrohen und eleganten Geschirr und verleihen Sie Ihren Mahlzeiten mit diesen h\u00fcbschen Zitronen aus der","robots":{"index":"index","follow":"follow","max-snippet":"max-snippet:-1","max-image-preview":"max-image-preview:large","max-video-preview":"max-video-preview:-1"},"canonical":"https:\/\/www.erresse-shop.it\/de\/shop\/tisch\/teller-geschirr\/les-jardins-de-la-comtesse-4er-set-capri-dessertteller-23-cm-copia\/","og_locale":"de_DE","og_type":"article","og_title":"LES JARDINS DE LA COMTESSE Set mit 4 Capri-Esstellern 28 cm","og_description":"Versch\u00f6nern Sie Ihre Tische mit einem farbenfrohen und eleganten Geschirr und verleihen Sie Ihren Mahlzeiten mit diesen h\u00fcbschen Zitronen aus der","og_url":"https:\/\/www.erresse-shop.it\/de\/shop\/tisch\/teller-geschirr\/les-jardins-de-la-comtesse-4er-set-capri-dessertteller-23-cm-copia\/","og_site_name":"Erresse Shop","article_modified_time":"2025-01-26T18:05:56+00:00","og_image":[{"width":1200,"height":1200,"url":"https:\/\/www.erresse-shop.it\/wp-content\/uploads\/2024\/11\/LES-JARDINS-DE-LA-COMTESSE-Set-4-Piatti-Piani-Capri-28-cm.jpg","type":"image\/jpeg"}],"twitter_card":"summary_large_image","schema":{"@context":"https:\/\/schema.org","@graph":[{"@type":"WebPage","@id":"https:\/\/www.erresse-shop.it\/de\/shop\/tisch\/teller-geschirr\/les-jardins-de-la-comtesse-4er-set-capri-dessertteller-23-cm-copia\/","url":"https:\/\/www.erresse-shop.it\/de\/shop\/tisch\/teller-geschirr\/les-jardins-de-la-comtesse-4er-set-capri-dessertteller-23-cm-copia\/","name":"LES JARDINS DE LA COMTESSE Set mit 4 Capri-Esstellern 28 cm - Erresse Shop","isPartOf":{"@id":"https:\/\/www.erresse-shop.it\/de\/#website"},"datePublished":"2024-11-21T10:12:52+00:00","dateModified":"2025-01-26T18:05:56+00:00","description":"Versch\u00f6nern Sie Ihre Tische mit einem farbenfrohen und eleganten Geschirr und verleihen Sie Ihren Mahlzeiten mit diesen h\u00fcbschen Zitronen aus der","breadcrumb":{"@id":"https:\/\/www.erresse-shop.it\/de\/shop\/tisch\/teller-geschirr\/les-jardins-de-la-comtesse-4er-set-capri-dessertteller-23-cm-copia\/#breadcrumb"},"inLanguage":"de-DE","potentialAction":[{"@type":"ReadAction","target":["https:\/\/www.erresse-shop.it\/de\/shop\/tisch\/teller-geschirr\/les-jardins-de-la-comtesse-4er-set-capri-dessertteller-23-cm-copia\/"]}]},{"@type":"BreadcrumbList","@id":"https:\/\/www.erresse-shop.it\/de\/shop\/tisch\/teller-geschirr\/les-jardins-de-la-comtesse-4er-set-capri-dessertteller-23-cm-copia\/#breadcrumb","itemListElement":[{"@type":"ListItem","position":1,"name":"Home","item":"https:\/\/www.erresse-shop.it\/de\/"},{"@type":"ListItem","position":2,"name":"Shop","item":"https:\/\/www.erresse-shop.it\/de\/shop\/"},{"@type":"ListItem","position":3,"name":"LES JARDINS DE LA COMTESSE Set mit 4 Capri-Esstellern 28 cm"}]},{"@type":"WebSite","@id":"https:\/\/www.erresse-shop.it\/de\/#website","url":"https:\/\/www.erresse-shop.it\/de\/","name":"Erresse Shop","description":"Articoli di qualit\u00e0 per la casa","potentialAction":[{"@type":"SearchAction","target":{"@type":"EntryPoint","urlTemplate":"https:\/\/www.erresse-shop.it\/de\/?s={search_term_string}"},"query-input":"required name=search_term_string"}],"inLanguage":"de-DE"}]}},"df_price":27.302000000000003,"df_sale_price":27.302000000000003,"df_regular_price":49.64,"df_image_link":"https:\/\/www.erresse-shop.it\/wp-content\/uploads\/2024\/11\/LES-JARDINS-DE-LA-COMTESSE-Set-4-Piatti-Piani-Capri-28-cm-300x300.jpg","_links":{"self":[{"href":"https:\/\/www.erresse-shop.it\/de\/wp-json\/wp\/v2\/product\/450148"}],"collection":[{"href":"https:\/\/www.erresse-shop.it\/de\/wp-json\/wp\/v2\/product"}],"about":[{"href":"https:\/\/www.erresse-shop.it\/de\/wp-json\/wp\/v2\/types\/product"}],"wp:featuredmedia":[{"embeddable":true,"href":"https:\/\/www.erresse-shop.it\/de\/wp-json\/wp\/v2\/media\/491377"}],"wp:attachment":[{"href":"https:\/\/www.erresse-shop.it\/de\/wp-json\/wp\/v2\/media?parent=450148"}],"wp:term":[{"taxonomy":"product_cat","embeddable":true,"href":"https:\/\/www.erresse-shop.it\/de\/wp-json\/wp\/v2\/product_cat?post=450148"},{"taxonomy":"product_tag","embeddable":true,"href":"https:\/\/www.erresse-shop.it\/de\/wp-json\/wp\/v2\/product_tag?post=450148"}],"curies":[{"name":"wp","href":"https:\/\/api.w.org\/{rel}","templated":true}]}}