{"id":449979,"date":"2024-11-20T13:52:11","date_gmt":"2024-11-20T13:52:11","guid":{"rendered":"https:\/\/www.erresse-shop.it\/?post_type=product&#038;p=449979"},"modified":"2024-12-09T13:34:25","modified_gmt":"2024-12-09T13:34:25","slug":"galateo-friends-burton-morris-geschenkbox-3-flaschen-copia","status":"publish","type":"product","link":"https:\/\/www.erresse-shop.it\/de\/shop\/tisch\/oel-essig-salz\/galateo-friends-burton-morris-geschenkbox-3-flaschen-copia\/","title":{"rendered":"GALATEO &#038; FRIENDS Codalunga Geschenkbox 1 Flasche Natives Oliven\u00f6l extra"},"content":{"rendered":"<div class=\"\">\n<div class=\"\">\n<div class=\"\">\n<div class=\"\" dir=\"auto\">\n<div class=\"\" dir=\"auto\">\n<div class=\"\" dir=\"auto\">\n<div class=\"\" dir=\"auto\">\n<div class=\"\">\n<div class=\"\">\n<div class=\"\">\n<div class=\"\">\n<div class=\"\">\n<div class=\"\">\n<div class=\"\">\n<div class=\"\">\n<div class=\"\">\n<div class=\"\">\n<div class=\"\">\n<div class=\"\">\n<div class=\"\">\n<div class=\"\">\n<div class=\"\">\n<div class=\"\">\n<div class=\"\">\n<div class=\"\">\n<div class=\"\">\n<div class=\"\"><strong><span class=\"\">VANILLA-OLIVEN BEI VILLAIN LOVE<\/span><\/strong><\/div>\n<\/div>\n<div>\n<div class=\"group\/conversation-turn relative flex w-full min-w-0 flex-col agent-turn\">\n<div class=\"flex-col gap-1 md:gap-3\">\n<div class=\"flex max-w-full flex-col flex-grow\">\n<div class=\"min-h-8 text-message flex w-full flex-col items-end gap-2 whitespace-normal break-words [.text-message+&amp;]:mt-5\" dir=\"auto \" data-message-author-role=\"assistant\" data-message-id=\"6a6aa8b4-9ecd-4451-9a9f-e2700f608f39\" data-message-model-slug=\"gpt-4o-mini\">\n<div class=\"flex w-full flex-col gap-1 empty:hidden first:pt-[3px]\">\n<div class=\"markdown prose w-full break-words dark:prose-invert dark\">\n<p>Entdecken Sie <em>Vanilla Olive a Villain Love<\/em>, das native Oliven\u00f6l extra, das Tradition und Innovation in einem unvergleichlichen Geschmackserlebnis vereint. Jede Flasche enth\u00e4lt ein feines \u00d6l, das aus mit gr\u00f6\u00dfter Sorgfalt ausgew\u00e4hlten Oliven gewonnen und kaltgepresst wird, um ihre nat\u00fcrlichen Eigenschaften bestm\u00f6glich zu bewahren. Das Ergebnis ist ein \u00d6l mit einzigartigem Geschmack, das sich durch die Harmonie zwischen zarter S\u00fc\u00dfe und einer unverwechselbaren Vanillenote auszeichnet und eine perfekte Balance schafft, um jedes Gericht zu bereichern.<\/p>\n<p>Diese 1-Flaschen-Packung ist ideal f\u00fcr alle, die ein raffiniertes Produkt suchen, das nicht nur die t\u00e4glichen Rezepte bereichert, sondern jede Zubereitung in ein Gourmet-Erlebnis verwandelt. <em>Vanilla Olive a Villain Love<\/em> eignet sich perfekt zum Anrichten von frischen Salaten, Carpaccio, Bruschetta und Fischgerichten und verleiht ihm eine Geschmackstiefe, die selbst die anspruchsvollsten Gaumen erobert.<\/p>\n<\/div>\n<\/div>\n<\/div>\n<\/div>\n<\/div>\n<\/div>\n<\/div>\n<div class=\"\">\n<div><\/div>\n<div class=\"\">Natives Oliven\u00f6l Extra und Bourbun-Vanille aus Madagaskar 250 ml<\/div>\n<\/div>\n<\/div>\n<\/div>\n<\/div>\n<\/div>\n<\/div>\n<\/div>\n<\/div>\n<\/div>\n<\/div>\n<\/div>\n<\/div>\n<\/div>\n<\/div>\n<\/div>\n<\/div>\n<\/div>\n<\/div>\n<\/div>\n<\/div>\n<\/div>\n<\/div>\n<\/div>\n<\/div>\n<\/div>\n<\/div>\n","protected":false},"excerpt":{"rendered":"<p>VANILLA-OLIVEN BEI VILLAIN LOVE Entdecken Sie Vanilla Olive a Villain Love, das native Oliven\u00f6l extra, das Tradition und Innovation in<\/p>\n","protected":false},"featured_media":449988,"template":"","meta":{"_acf_changed":false,"inline_featured_image":false},"product_cat":[6787,25934,20474],"product_tag":[11443],"acf":[],"yoast_head":"<!-- This site is optimized with the Yoast SEO Premium plugin v18.6 (Yoast SEO v19.13) - https:\/\/yoast.com\/wordpress\/plugins\/seo\/ -->\n<title>GALATEO &amp; FRIENDS Codalunga Geschenkbox 1 Flasche Natives Oliven\u00f6l extra - Erresse Shop<\/title>\n<meta name=\"description\" content=\"VANILLA-OLIVEN BEI VILLAIN LOVE Entdecken Sie Vanilla Olive a Villain Love, das native Oliven\u00f6l extra, das Tradition und Innovation in einem\" \/>\n<meta name=\"robots\" content=\"index, follow, max-snippet:-1, max-image-preview:large, max-video-preview:-1\" \/>\n<link rel=\"canonical\" href=\"https:\/\/www.erresse-shop.it\/de\/shop\/tisch\/oel-essig-salz\/galateo-friends-burton-morris-geschenkbox-3-flaschen-copia\/\" \/>\n<meta property=\"og:locale\" content=\"de_DE\" \/>\n<meta property=\"og:type\" content=\"article\" \/>\n<meta property=\"og:title\" content=\"GALATEO &amp; FRIENDS Codalunga Geschenkbox 1 Flasche Natives Oliven\u00f6l extra\" \/>\n<meta property=\"og:description\" content=\"VANILLA-OLIVEN BEI VILLAIN LOVE Entdecken Sie Vanilla Olive a Villain Love, das native Oliven\u00f6l extra, das Tradition und Innovation in einem\" \/>\n<meta property=\"og:url\" content=\"https:\/\/www.erresse-shop.it\/de\/shop\/tisch\/oel-essig-salz\/galateo-friends-burton-morris-geschenkbox-3-flaschen-copia\/\" \/>\n<meta property=\"og:site_name\" content=\"Erresse Shop\" \/>\n<meta property=\"article:modified_time\" content=\"2024-12-09T13:34:25+00:00\" \/>\n<meta property=\"og:image\" content=\"https:\/\/www.erresse-shop.it\/wp-content\/uploads\/2024\/11\/GALATEO-FRIENDS-Codalunga-Confezione-Regalo-1-Bottiglia.jpg\" \/>\n\t<meta property=\"og:image:width\" content=\"1200\" \/>\n\t<meta property=\"og:image:height\" content=\"1200\" \/>\n\t<meta property=\"og:image:type\" content=\"image\/jpeg\" \/>\n<meta name=\"twitter:card\" content=\"summary_large_image\" \/>\n<script type=\"application\/ld+json\" class=\"yoast-schema-graph\">{\"@context\":\"https:\/\/schema.org\",\"@graph\":[{\"@type\":\"WebPage\",\"@id\":\"https:\/\/www.erresse-shop.it\/de\/shop\/tisch\/oel-essig-salz\/galateo-friends-burton-morris-geschenkbox-3-flaschen-copia\/\",\"url\":\"https:\/\/www.erresse-shop.it\/de\/shop\/tisch\/oel-essig-salz\/galateo-friends-burton-morris-geschenkbox-3-flaschen-copia\/\",\"name\":\"GALATEO & FRIENDS Codalunga Geschenkbox 1 Flasche Natives Oliven\u00f6l extra - Erresse Shop\",\"isPartOf\":{\"@id\":\"https:\/\/www.erresse-shop.it\/de\/#website\"},\"datePublished\":\"2024-11-20T13:52:11+00:00\",\"dateModified\":\"2024-12-09T13:34:25+00:00\",\"description\":\"VANILLA-OLIVEN BEI VILLAIN LOVE Entdecken Sie Vanilla Olive a Villain Love, das native Oliven\u00f6l extra, das Tradition und Innovation in einem\",\"breadcrumb\":{\"@id\":\"https:\/\/www.erresse-shop.it\/de\/shop\/tisch\/oel-essig-salz\/galateo-friends-burton-morris-geschenkbox-3-flaschen-copia\/#breadcrumb\"},\"inLanguage\":\"de-DE\",\"potentialAction\":[{\"@type\":\"ReadAction\",\"target\":[\"https:\/\/www.erresse-shop.it\/de\/shop\/tisch\/oel-essig-salz\/galateo-friends-burton-morris-geschenkbox-3-flaschen-copia\/\"]}]},{\"@type\":\"BreadcrumbList\",\"@id\":\"https:\/\/www.erresse-shop.it\/de\/shop\/tisch\/oel-essig-salz\/galateo-friends-burton-morris-geschenkbox-3-flaschen-copia\/#breadcrumb\",\"itemListElement\":[{\"@type\":\"ListItem\",\"position\":1,\"name\":\"Home\",\"item\":\"https:\/\/www.erresse-shop.it\/de\/\"},{\"@type\":\"ListItem\",\"position\":2,\"name\":\"Shop\",\"item\":\"https:\/\/www.erresse-shop.it\/de\/shop\/\"},{\"@type\":\"ListItem\",\"position\":3,\"name\":\"GALATEO &#038; FRIENDS Codalunga Geschenkbox 1 Flasche Natives Oliven\u00f6l extra\"}]},{\"@type\":\"WebSite\",\"@id\":\"https:\/\/www.erresse-shop.it\/de\/#website\",\"url\":\"https:\/\/www.erresse-shop.it\/de\/\",\"name\":\"Erresse Shop\",\"description\":\"Articoli di qualit\u00e0 per la casa\",\"potentialAction\":[{\"@type\":\"SearchAction\",\"target\":{\"@type\":\"EntryPoint\",\"urlTemplate\":\"https:\/\/www.erresse-shop.it\/de\/?s={search_term_string}\"},\"query-input\":\"required name=search_term_string\"}],\"inLanguage\":\"de-DE\"}]}<\/script>\n<!-- \/ Yoast SEO Premium plugin. -->","yoast_head_json":{"title":"GALATEO & FRIENDS Codalunga Geschenkbox 1 Flasche Natives Oliven\u00f6l extra - Erresse Shop","description":"VANILLA-OLIVEN BEI VILLAIN LOVE Entdecken Sie Vanilla Olive a Villain Love, das native Oliven\u00f6l extra, das Tradition und Innovation in einem","robots":{"index":"index","follow":"follow","max-snippet":"max-snippet:-1","max-image-preview":"max-image-preview:large","max-video-preview":"max-video-preview:-1"},"canonical":"https:\/\/www.erresse-shop.it\/de\/shop\/tisch\/oel-essig-salz\/galateo-friends-burton-morris-geschenkbox-3-flaschen-copia\/","og_locale":"de_DE","og_type":"article","og_title":"GALATEO & FRIENDS Codalunga Geschenkbox 1 Flasche Natives Oliven\u00f6l extra","og_description":"VANILLA-OLIVEN BEI VILLAIN LOVE Entdecken Sie Vanilla Olive a Villain Love, das native Oliven\u00f6l extra, das Tradition und Innovation in einem","og_url":"https:\/\/www.erresse-shop.it\/de\/shop\/tisch\/oel-essig-salz\/galateo-friends-burton-morris-geschenkbox-3-flaschen-copia\/","og_site_name":"Erresse Shop","article_modified_time":"2024-12-09T13:34:25+00:00","og_image":[{"width":1200,"height":1200,"url":"https:\/\/www.erresse-shop.it\/wp-content\/uploads\/2024\/11\/GALATEO-FRIENDS-Codalunga-Confezione-Regalo-1-Bottiglia.jpg","type":"image\/jpeg"}],"twitter_card":"summary_large_image","schema":{"@context":"https:\/\/schema.org","@graph":[{"@type":"WebPage","@id":"https:\/\/www.erresse-shop.it\/de\/shop\/tisch\/oel-essig-salz\/galateo-friends-burton-morris-geschenkbox-3-flaschen-copia\/","url":"https:\/\/www.erresse-shop.it\/de\/shop\/tisch\/oel-essig-salz\/galateo-friends-burton-morris-geschenkbox-3-flaschen-copia\/","name":"GALATEO & FRIENDS Codalunga Geschenkbox 1 Flasche Natives Oliven\u00f6l extra - Erresse Shop","isPartOf":{"@id":"https:\/\/www.erresse-shop.it\/de\/#website"},"datePublished":"2024-11-20T13:52:11+00:00","dateModified":"2024-12-09T13:34:25+00:00","description":"VANILLA-OLIVEN BEI VILLAIN LOVE Entdecken Sie Vanilla Olive a Villain Love, das native Oliven\u00f6l extra, das Tradition und Innovation in einem","breadcrumb":{"@id":"https:\/\/www.erresse-shop.it\/de\/shop\/tisch\/oel-essig-salz\/galateo-friends-burton-morris-geschenkbox-3-flaschen-copia\/#breadcrumb"},"inLanguage":"de-DE","potentialAction":[{"@type":"ReadAction","target":["https:\/\/www.erresse-shop.it\/de\/shop\/tisch\/oel-essig-salz\/galateo-friends-burton-morris-geschenkbox-3-flaschen-copia\/"]}]},{"@type":"BreadcrumbList","@id":"https:\/\/www.erresse-shop.it\/de\/shop\/tisch\/oel-essig-salz\/galateo-friends-burton-morris-geschenkbox-3-flaschen-copia\/#breadcrumb","itemListElement":[{"@type":"ListItem","position":1,"name":"Home","item":"https:\/\/www.erresse-shop.it\/de\/"},{"@type":"ListItem","position":2,"name":"Shop","item":"https:\/\/www.erresse-shop.it\/de\/shop\/"},{"@type":"ListItem","position":3,"name":"GALATEO &#038; FRIENDS Codalunga Geschenkbox 1 Flasche Natives Oliven\u00f6l extra"}]},{"@type":"WebSite","@id":"https:\/\/www.erresse-shop.it\/de\/#website","url":"https:\/\/www.erresse-shop.it\/de\/","name":"Erresse Shop","description":"Articoli di qualit\u00e0 per la casa","potentialAction":[{"@type":"SearchAction","target":{"@type":"EntryPoint","urlTemplate":"https:\/\/www.erresse-shop.it\/de\/?s={search_term_string}"},"query-input":"required name=search_term_string"}],"inLanguage":"de-DE"}]}},"df_price":58,"df_sale_price":58,"df_regular_price":58,"df_image_link":"https:\/\/www.erresse-shop.it\/wp-content\/uploads\/2024\/11\/GALATEO-FRIENDS-Codalunga-Confezione-Regalo-1-Bottiglia-300x300.jpg","_links":{"self":[{"href":"https:\/\/www.erresse-shop.it\/de\/wp-json\/wp\/v2\/product\/449979"}],"collection":[{"href":"https:\/\/www.erresse-shop.it\/de\/wp-json\/wp\/v2\/product"}],"about":[{"href":"https:\/\/www.erresse-shop.it\/de\/wp-json\/wp\/v2\/types\/product"}],"wp:featuredmedia":[{"embeddable":true,"href":"https:\/\/www.erresse-shop.it\/de\/wp-json\/wp\/v2\/media\/449988"}],"wp:attachment":[{"href":"https:\/\/www.erresse-shop.it\/de\/wp-json\/wp\/v2\/media?parent=449979"}],"wp:term":[{"taxonomy":"product_cat","embeddable":true,"href":"https:\/\/www.erresse-shop.it\/de\/wp-json\/wp\/v2\/product_cat?post=449979"},{"taxonomy":"product_tag","embeddable":true,"href":"https:\/\/www.erresse-shop.it\/de\/wp-json\/wp\/v2\/product_tag?post=449979"}],"curies":[{"name":"wp","href":"https:\/\/api.w.org\/{rel}","templated":true}]}}