{"id":449932,"date":"2024-11-20T10:52:23","date_gmt":"2024-11-20T10:52:23","guid":{"rendered":"https:\/\/www.erresse-shop.it\/?post_type=product&#038;p=449932"},"modified":"2025-04-24T06:46:45","modified_gmt":"2025-04-24T06:46:45","slug":"galateo-friends-carlo-volpi-geschenkbox-2-copia-2","status":"publish","type":"product","link":"https:\/\/www.erresse-shop.it\/de\/shop\/tisch\/oel-essig-salz\/galateo-friends-carlo-volpi-geschenkbox-2-copia-2\/","title":{"rendered":"GALATEO &#038; FRIENDS Antonio Marras Geschenkbox 2 Flaschen \u00d6l und Essig"},"content":{"rendered":"<p>Entdecken Sie den authentischen und raffinierten Geschmack der italienischen gastronomischen Tradition mit der <strong>Antonio Marras Gift Box<\/strong>, einem exklusiven Set, das zwei K\u00f6stlichkeiten aus unserer K\u00fcche kombiniert: <strong>Natives Oliven\u00f6l extra<\/strong>\u00a0und <strong>Balsamico-Essig<\/strong>. Ein perfektes Geschenk f\u00fcr Liebhaber guten Essens oder um Ihre Speisekammer mit Zutaten h\u00f6chster Qualit\u00e4t zu bereichern.<\/p>\n<p><strong>Inhalt festlegen:<\/strong><\/p>\n<ul>\n<li><strong>ANTONIO MARRAS Natives Oliven\u00f6l Extra Taggiasca Sorte (250 ml)<\/strong>: Seine Frische und sein leicht w\u00fcrziger Nachgeschmack machen es ideal zum Anrichten von Salaten, Fischgerichten, gegrilltem Gem\u00fcse und zur Bereicherung jeder kulinarischen Zubereitung.<\/li>\n<li><strong>ANTONIO MARRAS Balsamico-Essig aus Modena (250 ml)<\/strong>: Ein traditioneller Essig mit intensivem Aroma und ausgewogenem Geschmack, der eine s\u00fc\u00dfe und s\u00e4uerliche Note bietet und sich perfekt zum Verfeinern von Salaten, Fleisch, reifem K\u00e4se usw. eignet Gerichte Gourmet. Auch hervorragend f\u00fcr die Zubereitung von Marinaden oder raffinierten So\u00dfen geeignet.<\/li>\n<\/ul>\n<p><strong>Eigenschaften:<\/strong><\/p>\n<ul>\n<li>Zutaten von h\u00f6chster Qualit\u00e4t, aus ausgew\u00e4hlten Kulturen und handwerklichen Verfahren.<\/li>\n<li>Perfekt f\u00fcr alle, die die Exzellenz der italienischen gastronomischen Tradition suchen.<\/li>\n<\/ul>\n","protected":false},"excerpt":{"rendered":"<p>Entdecken Sie den authentischen und raffinierten Geschmack der italienischen gastronomischen Tradition mit der Antonio Marras Gift Box, einem exklusiven Set,<\/p>\n","protected":false},"featured_media":449941,"template":"","meta":{"_acf_changed":false,"inline_featured_image":false},"product_cat":[6787,25934,20474],"product_tag":[11443],"acf":[],"yoast_head":"<!-- This site is optimized with the Yoast SEO Premium plugin v18.6 (Yoast SEO v19.13) - https:\/\/yoast.com\/wordpress\/plugins\/seo\/ -->\n<title>GALATEO &amp; FRIENDS Antonio Marras Geschenkbox 2 Flaschen \u00d6l und Essig - Erresse Shop<\/title>\n<meta name=\"description\" content=\"Entdecken Sie den authentischen und raffinierten Geschmack der italienischen gastronomischen Tradition mit der Antonio Marras Gift Box, einem exklusiven\" \/>\n<meta name=\"robots\" content=\"index, follow, max-snippet:-1, max-image-preview:large, max-video-preview:-1\" \/>\n<link rel=\"canonical\" href=\"https:\/\/www.erresse-shop.it\/de\/shop\/tisch\/oel-essig-salz\/galateo-friends-carlo-volpi-geschenkbox-2-copia-2\/\" \/>\n<meta property=\"og:locale\" content=\"de_DE\" \/>\n<meta property=\"og:type\" content=\"article\" \/>\n<meta property=\"og:title\" content=\"GALATEO &amp; FRIENDS Antonio Marras Geschenkbox 2 Flaschen \u00d6l und Essig\" \/>\n<meta property=\"og:description\" content=\"Entdecken Sie den authentischen und raffinierten Geschmack der italienischen gastronomischen Tradition mit der Antonio Marras Gift Box, einem exklusiven\" \/>\n<meta property=\"og:url\" content=\"https:\/\/www.erresse-shop.it\/de\/shop\/tisch\/oel-essig-salz\/galateo-friends-carlo-volpi-geschenkbox-2-copia-2\/\" \/>\n<meta property=\"og:site_name\" content=\"Erresse Shop\" \/>\n<meta property=\"article:modified_time\" content=\"2025-04-24T06:46:45+00:00\" \/>\n<meta property=\"og:image\" content=\"https:\/\/www.erresse-shop.it\/wp-content\/uploads\/2024\/11\/GALATEO-FRIENDS-Antonio-Marras-Confezione-Regalo.jpg\" \/>\n\t<meta property=\"og:image:width\" content=\"1200\" \/>\n\t<meta property=\"og:image:height\" content=\"1200\" \/>\n\t<meta property=\"og:image:type\" content=\"image\/jpeg\" \/>\n<meta name=\"twitter:card\" content=\"summary_large_image\" \/>\n<script type=\"application\/ld+json\" class=\"yoast-schema-graph\">{\"@context\":\"https:\/\/schema.org\",\"@graph\":[{\"@type\":\"WebPage\",\"@id\":\"https:\/\/www.erresse-shop.it\/de\/shop\/tisch\/oel-essig-salz\/galateo-friends-carlo-volpi-geschenkbox-2-copia-2\/\",\"url\":\"https:\/\/www.erresse-shop.it\/de\/shop\/tisch\/oel-essig-salz\/galateo-friends-carlo-volpi-geschenkbox-2-copia-2\/\",\"name\":\"GALATEO & FRIENDS Antonio Marras Geschenkbox 2 Flaschen \u00d6l und Essig - Erresse Shop\",\"isPartOf\":{\"@id\":\"https:\/\/www.erresse-shop.it\/de\/#website\"},\"datePublished\":\"2024-11-20T10:52:23+00:00\",\"dateModified\":\"2025-04-24T06:46:45+00:00\",\"description\":\"Entdecken Sie den authentischen und raffinierten Geschmack der italienischen gastronomischen Tradition mit der Antonio Marras Gift Box, einem exklusiven\",\"breadcrumb\":{\"@id\":\"https:\/\/www.erresse-shop.it\/de\/shop\/tisch\/oel-essig-salz\/galateo-friends-carlo-volpi-geschenkbox-2-copia-2\/#breadcrumb\"},\"inLanguage\":\"de-DE\",\"potentialAction\":[{\"@type\":\"ReadAction\",\"target\":[\"https:\/\/www.erresse-shop.it\/de\/shop\/tisch\/oel-essig-salz\/galateo-friends-carlo-volpi-geschenkbox-2-copia-2\/\"]}]},{\"@type\":\"BreadcrumbList\",\"@id\":\"https:\/\/www.erresse-shop.it\/de\/shop\/tisch\/oel-essig-salz\/galateo-friends-carlo-volpi-geschenkbox-2-copia-2\/#breadcrumb\",\"itemListElement\":[{\"@type\":\"ListItem\",\"position\":1,\"name\":\"Home\",\"item\":\"https:\/\/www.erresse-shop.it\/de\/\"},{\"@type\":\"ListItem\",\"position\":2,\"name\":\"Shop\",\"item\":\"https:\/\/www.erresse-shop.it\/de\/shop\/\"},{\"@type\":\"ListItem\",\"position\":3,\"name\":\"GALATEO &#038; FRIENDS Antonio Marras Geschenkbox 2 Flaschen \u00d6l und Essig\"}]},{\"@type\":\"WebSite\",\"@id\":\"https:\/\/www.erresse-shop.it\/de\/#website\",\"url\":\"https:\/\/www.erresse-shop.it\/de\/\",\"name\":\"Erresse Shop\",\"description\":\"Articoli di qualit\u00e0 per la casa\",\"potentialAction\":[{\"@type\":\"SearchAction\",\"target\":{\"@type\":\"EntryPoint\",\"urlTemplate\":\"https:\/\/www.erresse-shop.it\/de\/?s={search_term_string}\"},\"query-input\":\"required name=search_term_string\"}],\"inLanguage\":\"de-DE\"}]}<\/script>\n<!-- \/ Yoast SEO Premium plugin. -->","yoast_head_json":{"title":"GALATEO & FRIENDS Antonio Marras Geschenkbox 2 Flaschen \u00d6l und Essig - Erresse Shop","description":"Entdecken Sie den authentischen und raffinierten Geschmack der italienischen gastronomischen Tradition mit der Antonio Marras Gift Box, einem exklusiven","robots":{"index":"index","follow":"follow","max-snippet":"max-snippet:-1","max-image-preview":"max-image-preview:large","max-video-preview":"max-video-preview:-1"},"canonical":"https:\/\/www.erresse-shop.it\/de\/shop\/tisch\/oel-essig-salz\/galateo-friends-carlo-volpi-geschenkbox-2-copia-2\/","og_locale":"de_DE","og_type":"article","og_title":"GALATEO & FRIENDS Antonio Marras Geschenkbox 2 Flaschen \u00d6l und Essig","og_description":"Entdecken Sie den authentischen und raffinierten Geschmack der italienischen gastronomischen Tradition mit der Antonio Marras Gift Box, einem exklusiven","og_url":"https:\/\/www.erresse-shop.it\/de\/shop\/tisch\/oel-essig-salz\/galateo-friends-carlo-volpi-geschenkbox-2-copia-2\/","og_site_name":"Erresse Shop","article_modified_time":"2025-04-24T06:46:45+00:00","og_image":[{"width":1200,"height":1200,"url":"https:\/\/www.erresse-shop.it\/wp-content\/uploads\/2024\/11\/GALATEO-FRIENDS-Antonio-Marras-Confezione-Regalo.jpg","type":"image\/jpeg"}],"twitter_card":"summary_large_image","schema":{"@context":"https:\/\/schema.org","@graph":[{"@type":"WebPage","@id":"https:\/\/www.erresse-shop.it\/de\/shop\/tisch\/oel-essig-salz\/galateo-friends-carlo-volpi-geschenkbox-2-copia-2\/","url":"https:\/\/www.erresse-shop.it\/de\/shop\/tisch\/oel-essig-salz\/galateo-friends-carlo-volpi-geschenkbox-2-copia-2\/","name":"GALATEO & FRIENDS Antonio Marras Geschenkbox 2 Flaschen \u00d6l und Essig - Erresse Shop","isPartOf":{"@id":"https:\/\/www.erresse-shop.it\/de\/#website"},"datePublished":"2024-11-20T10:52:23+00:00","dateModified":"2025-04-24T06:46:45+00:00","description":"Entdecken Sie den authentischen und raffinierten Geschmack der italienischen gastronomischen Tradition mit der Antonio Marras Gift Box, einem exklusiven","breadcrumb":{"@id":"https:\/\/www.erresse-shop.it\/de\/shop\/tisch\/oel-essig-salz\/galateo-friends-carlo-volpi-geschenkbox-2-copia-2\/#breadcrumb"},"inLanguage":"de-DE","potentialAction":[{"@type":"ReadAction","target":["https:\/\/www.erresse-shop.it\/de\/shop\/tisch\/oel-essig-salz\/galateo-friends-carlo-volpi-geschenkbox-2-copia-2\/"]}]},{"@type":"BreadcrumbList","@id":"https:\/\/www.erresse-shop.it\/de\/shop\/tisch\/oel-essig-salz\/galateo-friends-carlo-volpi-geschenkbox-2-copia-2\/#breadcrumb","itemListElement":[{"@type":"ListItem","position":1,"name":"Home","item":"https:\/\/www.erresse-shop.it\/de\/"},{"@type":"ListItem","position":2,"name":"Shop","item":"https:\/\/www.erresse-shop.it\/de\/shop\/"},{"@type":"ListItem","position":3,"name":"GALATEO &#038; FRIENDS Antonio Marras Geschenkbox 2 Flaschen \u00d6l und Essig"}]},{"@type":"WebSite","@id":"https:\/\/www.erresse-shop.it\/de\/#website","url":"https:\/\/www.erresse-shop.it\/de\/","name":"Erresse Shop","description":"Articoli di qualit\u00e0 per la casa","potentialAction":[{"@type":"SearchAction","target":{"@type":"EntryPoint","urlTemplate":"https:\/\/www.erresse-shop.it\/de\/?s={search_term_string}"},"query-input":"required name=search_term_string"}],"inLanguage":"de-DE"}]}},"df_price":75,"df_sale_price":75,"df_regular_price":75,"df_image_link":"https:\/\/www.erresse-shop.it\/wp-content\/uploads\/2024\/11\/GALATEO-FRIENDS-Antonio-Marras-Confezione-Regalo-300x300.jpg","_links":{"self":[{"href":"https:\/\/www.erresse-shop.it\/de\/wp-json\/wp\/v2\/product\/449932"}],"collection":[{"href":"https:\/\/www.erresse-shop.it\/de\/wp-json\/wp\/v2\/product"}],"about":[{"href":"https:\/\/www.erresse-shop.it\/de\/wp-json\/wp\/v2\/types\/product"}],"wp:featuredmedia":[{"embeddable":true,"href":"https:\/\/www.erresse-shop.it\/de\/wp-json\/wp\/v2\/media\/449941"}],"wp:attachment":[{"href":"https:\/\/www.erresse-shop.it\/de\/wp-json\/wp\/v2\/media?parent=449932"}],"wp:term":[{"taxonomy":"product_cat","embeddable":true,"href":"https:\/\/www.erresse-shop.it\/de\/wp-json\/wp\/v2\/product_cat?post=449932"},{"taxonomy":"product_tag","embeddable":true,"href":"https:\/\/www.erresse-shop.it\/de\/wp-json\/wp\/v2\/product_tag?post=449932"}],"curies":[{"name":"wp","href":"https:\/\/api.w.org\/{rel}","templated":true}]}}