{"id":449918,"date":"2024-11-20T10:10:46","date_gmt":"2024-11-20T10:10:48","guid":{"rendered":"https:\/\/www.erresse-shop.it\/?post_type=product&#038;p=449918"},"modified":"2025-02-04T12:12:33","modified_gmt":"2025-02-04T12:12:33","slug":"galateo-friends-carlo-volpi-geschenkbox-3-copia","status":"publish","type":"product","link":"https:\/\/www.erresse-shop.it\/de\/shop\/tisch\/oel-essig-salz\/galateo-friends-carlo-volpi-geschenkbox-3-copia\/","title":{"rendered":"GALATEO &#038; FRIENDS Carlo Volpi Geschenkbox 4 Flaschen \u00d6l und Essig"},"content":{"rendered":"<div class=\"column\">\n<p>Entdecken Sie die Exzellenz der italienischen Gastronomie mit der <strong>Carlo Volpi Geschenkbox<\/strong>, einem exklusiven Set, das vier hochwertige Produkte vereint, um Ihre K\u00fcche mit authentischen und raffinierten Aromen zu bereichern. Dieses Paket eignet sich perfekt f\u00fcr Liebhaber guten Essens und ist eine ideale Geschenkidee oder eine wertvolle Erg\u00e4nzung f\u00fcr Ihre Speisekammer.<\/p>\n<p><strong>Inhalt festlegen:<\/strong><\/p>\n<ul>\n<li><strong>CARLO VOLPI Natives Oliven\u00f6l Extra Sorte Taggiasca (250 ml)<\/strong>: Ein Oliven\u00f6l von au\u00dfergew\u00f6hnlicher Qualit\u00e4t, gewonnen aus den besten Taggiasca-Oliven Liguriens. Sein fruchtiger und delikater Geschmack mit bitteren und w\u00fcrzigen Noten macht es perfekt zum Anrichten von Salaten, Fischgerichten und zum Verfeinern jeder Zubereitung.<\/li>\n<li><strong>CARLO VOLPI Balsamico-Essig aus Modena (250 ml):<\/strong> Ein Essig mit einem reichen und komplexen Geschmack, der Fleischgerichten, K\u00e4se, Salaten und Marinaden eine s\u00fc\u00dfe Note und eine ausgewogene S\u00e4ure verleihen kann. Aufgrund seiner Vielseitigkeit eignet es sich auch ideal f\u00fcr die Zubereitung von Gourmet-Saucen.<\/li>\n<li><strong>CARLO VOLPI Weinessig (250 ml)<\/strong>: Ein Weinessig mit einem kr\u00e4ftigen und frischen Geschmack, perfekt, um Fleisch-, Fisch- oder Gem\u00fcsegerichten eine besondere Note zu verleihen. Ideal auch zum Zubereiten von Vinaigrettes und einfachen Saucen, aber voller Charakter.<\/li>\n<li><strong>CARLO VOLPI Dressing auf Apfelessigbasis (250 ml)<\/strong>: Ein vielseitiges und leichtes Dressing mit dem s\u00fc\u00dfen und erfrischenden Geschmack von Apfelessig. Hervorragend geeignet f\u00fcr Salate, Fischgerichte oder als Basis f\u00fcr leichte Marinaden. Eine gesunde Wahl, um jedes Gericht zu bereichern.<\/li>\n<\/ul>\n<p><strong>Eigenschaften:<\/strong><\/p>\n<ul>\n<li>Eine raffinierte Verpackung, perfekt f\u00fcr jeden besonderen Anlass oder als Geschenk f\u00fcr Kochliebhaber.<\/li>\n<li>Produkte von h\u00f6chster Qualit\u00e4t, die aus den besten italienischen Traditionen stammen.<\/li>\n<li>Vielseitigkeit und Geschmack in jeder Flasche, ideal zum W\u00fcrzen, Marinieren und Verfeinern jedes Gerichts.<\/li>\n<\/ul>\n<\/div>\n","protected":false},"excerpt":{"rendered":"<p>Entdecken Sie die Exzellenz der italienischen Gastronomie mit der Carlo Volpi Geschenkbox, einem exklusiven Set, das vier hochwertige Produkte vereint,<\/p>\n","protected":false},"featured_media":449927,"template":"","meta":{"_acf_changed":false,"inline_featured_image":false},"product_cat":[6787,25934,20474],"product_tag":[11443],"acf":[],"yoast_head":"<!-- This site is optimized with the Yoast SEO Premium plugin v18.6 (Yoast SEO v19.13) - https:\/\/yoast.com\/wordpress\/plugins\/seo\/ -->\n<title>GALATEO &amp; FRIENDS Carlo Volpi Geschenkbox 4 Flaschen \u00d6l und Essig - Erresse Shop<\/title>\n<meta name=\"description\" content=\"Entdecken Sie die Exzellenz der italienischen Gastronomie mit der Carlo Volpi Geschenkbox, einem exklusiven Set, das vier hochwertige Produkte vereint, um\" \/>\n<meta name=\"robots\" content=\"index, follow, max-snippet:-1, max-image-preview:large, max-video-preview:-1\" \/>\n<link rel=\"canonical\" href=\"https:\/\/www.erresse-shop.it\/de\/shop\/tisch\/oel-essig-salz\/galateo-friends-carlo-volpi-geschenkbox-3-copia\/\" \/>\n<meta property=\"og:locale\" content=\"de_DE\" \/>\n<meta property=\"og:type\" content=\"article\" \/>\n<meta property=\"og:title\" content=\"GALATEO &amp; FRIENDS Carlo Volpi Geschenkbox 4 Flaschen \u00d6l und Essig\" \/>\n<meta property=\"og:description\" content=\"Entdecken Sie die Exzellenz der italienischen Gastronomie mit der Carlo Volpi Geschenkbox, einem exklusiven Set, das vier hochwertige Produkte vereint, um\" \/>\n<meta property=\"og:url\" content=\"https:\/\/www.erresse-shop.it\/de\/shop\/tisch\/oel-essig-salz\/galateo-friends-carlo-volpi-geschenkbox-3-copia\/\" \/>\n<meta property=\"og:site_name\" content=\"Erresse Shop\" \/>\n<meta property=\"article:modified_time\" content=\"2025-02-04T12:12:33+00:00\" \/>\n<meta property=\"og:image\" content=\"https:\/\/www.erresse-shop.it\/wp-content\/uploads\/2024\/11\/GALATEO-FRIENDS-Carlo-Volpi-Confezione-Regalo-4.jpg\" \/>\n\t<meta property=\"og:image:width\" content=\"1200\" \/>\n\t<meta property=\"og:image:height\" content=\"1200\" \/>\n\t<meta property=\"og:image:type\" content=\"image\/jpeg\" \/>\n<meta name=\"twitter:card\" content=\"summary_large_image\" \/>\n<script type=\"application\/ld+json\" class=\"yoast-schema-graph\">{\"@context\":\"https:\/\/schema.org\",\"@graph\":[{\"@type\":\"WebPage\",\"@id\":\"https:\/\/www.erresse-shop.it\/de\/shop\/tisch\/oel-essig-salz\/galateo-friends-carlo-volpi-geschenkbox-3-copia\/\",\"url\":\"https:\/\/www.erresse-shop.it\/de\/shop\/tisch\/oel-essig-salz\/galateo-friends-carlo-volpi-geschenkbox-3-copia\/\",\"name\":\"GALATEO & FRIENDS Carlo Volpi Geschenkbox 4 Flaschen \u00d6l und Essig - Erresse Shop\",\"isPartOf\":{\"@id\":\"https:\/\/www.erresse-shop.it\/de\/#website\"},\"datePublished\":\"2024-11-20T10:10:48+00:00\",\"dateModified\":\"2025-02-04T12:12:33+00:00\",\"description\":\"Entdecken Sie die Exzellenz der italienischen Gastronomie mit der Carlo Volpi Geschenkbox, einem exklusiven Set, das vier hochwertige Produkte vereint, um\",\"breadcrumb\":{\"@id\":\"https:\/\/www.erresse-shop.it\/de\/shop\/tisch\/oel-essig-salz\/galateo-friends-carlo-volpi-geschenkbox-3-copia\/#breadcrumb\"},\"inLanguage\":\"de-DE\",\"potentialAction\":[{\"@type\":\"ReadAction\",\"target\":[\"https:\/\/www.erresse-shop.it\/de\/shop\/tisch\/oel-essig-salz\/galateo-friends-carlo-volpi-geschenkbox-3-copia\/\"]}]},{\"@type\":\"BreadcrumbList\",\"@id\":\"https:\/\/www.erresse-shop.it\/de\/shop\/tisch\/oel-essig-salz\/galateo-friends-carlo-volpi-geschenkbox-3-copia\/#breadcrumb\",\"itemListElement\":[{\"@type\":\"ListItem\",\"position\":1,\"name\":\"Home\",\"item\":\"https:\/\/www.erresse-shop.it\/de\/\"},{\"@type\":\"ListItem\",\"position\":2,\"name\":\"Shop\",\"item\":\"https:\/\/www.erresse-shop.it\/de\/shop\/\"},{\"@type\":\"ListItem\",\"position\":3,\"name\":\"GALATEO &#038; FRIENDS Carlo Volpi Geschenkbox 4 Flaschen \u00d6l und Essig\"}]},{\"@type\":\"WebSite\",\"@id\":\"https:\/\/www.erresse-shop.it\/de\/#website\",\"url\":\"https:\/\/www.erresse-shop.it\/de\/\",\"name\":\"Erresse Shop\",\"description\":\"Articoli di qualit\u00e0 per la casa\",\"potentialAction\":[{\"@type\":\"SearchAction\",\"target\":{\"@type\":\"EntryPoint\",\"urlTemplate\":\"https:\/\/www.erresse-shop.it\/de\/?s={search_term_string}\"},\"query-input\":\"required name=search_term_string\"}],\"inLanguage\":\"de-DE\"}]}<\/script>\n<!-- \/ Yoast SEO Premium plugin. -->","yoast_head_json":{"title":"GALATEO & FRIENDS Carlo Volpi Geschenkbox 4 Flaschen \u00d6l und Essig - Erresse Shop","description":"Entdecken Sie die Exzellenz der italienischen Gastronomie mit der Carlo Volpi Geschenkbox, einem exklusiven Set, das vier hochwertige Produkte vereint, um","robots":{"index":"index","follow":"follow","max-snippet":"max-snippet:-1","max-image-preview":"max-image-preview:large","max-video-preview":"max-video-preview:-1"},"canonical":"https:\/\/www.erresse-shop.it\/de\/shop\/tisch\/oel-essig-salz\/galateo-friends-carlo-volpi-geschenkbox-3-copia\/","og_locale":"de_DE","og_type":"article","og_title":"GALATEO & FRIENDS Carlo Volpi Geschenkbox 4 Flaschen \u00d6l und Essig","og_description":"Entdecken Sie die Exzellenz der italienischen Gastronomie mit der Carlo Volpi Geschenkbox, einem exklusiven Set, das vier hochwertige Produkte vereint, um","og_url":"https:\/\/www.erresse-shop.it\/de\/shop\/tisch\/oel-essig-salz\/galateo-friends-carlo-volpi-geschenkbox-3-copia\/","og_site_name":"Erresse Shop","article_modified_time":"2025-02-04T12:12:33+00:00","og_image":[{"width":1200,"height":1200,"url":"https:\/\/www.erresse-shop.it\/wp-content\/uploads\/2024\/11\/GALATEO-FRIENDS-Carlo-Volpi-Confezione-Regalo-4.jpg","type":"image\/jpeg"}],"twitter_card":"summary_large_image","schema":{"@context":"https:\/\/schema.org","@graph":[{"@type":"WebPage","@id":"https:\/\/www.erresse-shop.it\/de\/shop\/tisch\/oel-essig-salz\/galateo-friends-carlo-volpi-geschenkbox-3-copia\/","url":"https:\/\/www.erresse-shop.it\/de\/shop\/tisch\/oel-essig-salz\/galateo-friends-carlo-volpi-geschenkbox-3-copia\/","name":"GALATEO & FRIENDS Carlo Volpi Geschenkbox 4 Flaschen \u00d6l und Essig - Erresse Shop","isPartOf":{"@id":"https:\/\/www.erresse-shop.it\/de\/#website"},"datePublished":"2024-11-20T10:10:48+00:00","dateModified":"2025-02-04T12:12:33+00:00","description":"Entdecken Sie die Exzellenz der italienischen Gastronomie mit der Carlo Volpi Geschenkbox, einem exklusiven Set, das vier hochwertige Produkte vereint, um","breadcrumb":{"@id":"https:\/\/www.erresse-shop.it\/de\/shop\/tisch\/oel-essig-salz\/galateo-friends-carlo-volpi-geschenkbox-3-copia\/#breadcrumb"},"inLanguage":"de-DE","potentialAction":[{"@type":"ReadAction","target":["https:\/\/www.erresse-shop.it\/de\/shop\/tisch\/oel-essig-salz\/galateo-friends-carlo-volpi-geschenkbox-3-copia\/"]}]},{"@type":"BreadcrumbList","@id":"https:\/\/www.erresse-shop.it\/de\/shop\/tisch\/oel-essig-salz\/galateo-friends-carlo-volpi-geschenkbox-3-copia\/#breadcrumb","itemListElement":[{"@type":"ListItem","position":1,"name":"Home","item":"https:\/\/www.erresse-shop.it\/de\/"},{"@type":"ListItem","position":2,"name":"Shop","item":"https:\/\/www.erresse-shop.it\/de\/shop\/"},{"@type":"ListItem","position":3,"name":"GALATEO &#038; FRIENDS Carlo Volpi Geschenkbox 4 Flaschen \u00d6l und Essig"}]},{"@type":"WebSite","@id":"https:\/\/www.erresse-shop.it\/de\/#website","url":"https:\/\/www.erresse-shop.it\/de\/","name":"Erresse Shop","description":"Articoli di qualit\u00e0 per la casa","potentialAction":[{"@type":"SearchAction","target":{"@type":"EntryPoint","urlTemplate":"https:\/\/www.erresse-shop.it\/de\/?s={search_term_string}"},"query-input":"required name=search_term_string"}],"inLanguage":"de-DE"}]}},"df_price":115,"df_sale_price":115,"df_regular_price":115,"df_image_link":"https:\/\/www.erresse-shop.it\/wp-content\/uploads\/2024\/11\/GALATEO-FRIENDS-Carlo-Volpi-Confezione-Regalo-4-300x300.jpg","_links":{"self":[{"href":"https:\/\/www.erresse-shop.it\/de\/wp-json\/wp\/v2\/product\/449918"}],"collection":[{"href":"https:\/\/www.erresse-shop.it\/de\/wp-json\/wp\/v2\/product"}],"about":[{"href":"https:\/\/www.erresse-shop.it\/de\/wp-json\/wp\/v2\/types\/product"}],"wp:featuredmedia":[{"embeddable":true,"href":"https:\/\/www.erresse-shop.it\/de\/wp-json\/wp\/v2\/media\/449927"}],"wp:attachment":[{"href":"https:\/\/www.erresse-shop.it\/de\/wp-json\/wp\/v2\/media?parent=449918"}],"wp:term":[{"taxonomy":"product_cat","embeddable":true,"href":"https:\/\/www.erresse-shop.it\/de\/wp-json\/wp\/v2\/product_cat?post=449918"},{"taxonomy":"product_tag","embeddable":true,"href":"https:\/\/www.erresse-shop.it\/de\/wp-json\/wp\/v2\/product_tag?post=449918"}],"curies":[{"name":"wp","href":"https:\/\/api.w.org\/{rel}","templated":true}]}}