{"id":449899,"date":"2024-11-20T09:39:58","date_gmt":"2024-11-20T09:39:58","guid":{"rendered":"https:\/\/www.erresse-shop.it\/?post_type=product&#038;p=449899"},"modified":"2024-12-09T13:21:42","modified_gmt":"2024-12-09T13:21:42","slug":"galateo-friends-carlo-volpi-geschenkbox-2-copia","status":"publish","type":"product","link":"https:\/\/www.erresse-shop.it\/de\/shop\/tisch\/oel-essig-salz\/galateo-friends-carlo-volpi-geschenkbox-2-copia\/","title":{"rendered":"GALATEO &#038; FRIENDS Carlo Volpi Geschenkbox 3 Flaschen \u00d6l und Essig"},"content":{"rendered":"<p>Verfeinern Sie Ihre Gerichte mit dem Besten der italienischen Gastronomietradition dank der <strong>Carlo Volpi-Geschenkbox<\/strong>, einem exklusiven Set mit drei feinen Gew\u00fcrzen, die Ihre K\u00fcche mit authentischen und raffinierten Aromen bereichern. Dieses Paket ist ideal f\u00fcr diejenigen, die gerne mit hochwertigen Zutaten kochen, und eignet sich auch perfekt als Geschenk f\u00fcr jeden besonderen Anlass.<\/p>\n<p><strong>Inhalt festlegen:<\/strong><\/p>\n<ul>\n<li><strong>CARLO VOLPI Natives Oliven\u00f6l Extra Taggiasca Sorte (250 ml)<\/strong>: Mit einem fruchtigen und delikaten Geschmack, mit einem leicht bitteren und w\u00fcrzigen Nachgeschmack ist dieses \u00d6l perfekt f\u00fcr Salate, Fischgerichte, Bruschetta und als W\u00fcrze f\u00fcr gegrilltes Gem\u00fcse.<\/li>\n<li>Weinessig von CARLO VOLPI (250 ml): Ein Essig mit einem kr\u00e4ftigen und ausgewogenen Geschmack, perfekt, um Fleisch-, Fisch- oder Salatgerichten eine zus\u00e4tzliche Note zu verleihen. Aufgrund seiner Frische eignet es sich auch ideal f\u00fcr die Zubereitung von Saucen, Vinaigrettes oder Marinaden, die Ihren Gerichten Charakter und Tiefe verleihen.<\/li>\n<li><strong>CARLO VOLPI Weinessig (250 ml)<\/strong>: Ein weiterer au\u00dfergew\u00f6hnlicher Weinessig, ebenfalls mit einem frischen und kr\u00e4ftigen Geschmack. Seine Vielseitigkeit macht es zu einer perfekten Zutat f\u00fcr viele Zubereitungen, vom W\u00fcrzen kalter Gerichte bis zur Zubereitung von Saucen f\u00fcr zweite G\u00e4nge, ohne die Verwendung in Marinaden zu vergessen.<\/li>\n<\/ul>\n<p><strong>Eigenschaften:<\/strong><\/p>\n<ul>\n<li>Eine raffinierte Auswahl an \u00d6len und Essigen, ideal f\u00fcr alle Kochbegeisterten, die Qualit\u00e4t und Authentizit\u00e4t suchen.<\/li>\n<li>Elegante und praktische Verpackung, perfekt als Geschenk oder zur Bereicherung Ihrer Speisekammer.<\/li>\n<li>Hergestellt von einer der beliebtesten Marken der italienischen Gastronomietradition.<\/li>\n<\/ul>\n<p>W\u00e4hlen Sie die <strong>Carlo Volpi-Geschenkbox<\/strong>, um Ihrer K\u00fcche einen Hauch von Klasse zu verleihen, mit authentischen Zutaten, die bei jedem Gericht den Unterschied machen. Ein besonderes Geschenk oder ein allt\u00e4glicher Luxus f\u00fcr diejenigen, die das Beste sch\u00e4tzen.<\/p>\n","protected":false},"excerpt":{"rendered":"<p>Verfeinern Sie Ihre Gerichte mit dem Besten der italienischen Gastronomietradition dank der Carlo Volpi-Geschenkbox, einem exklusiven Set mit drei feinen<\/p>\n","protected":false},"featured_media":449973,"template":"","meta":{"_acf_changed":false,"inline_featured_image":false},"product_cat":[6787,25934,20474],"product_tag":[11443],"acf":[],"yoast_head":"<!-- This site is optimized with the Yoast SEO Premium plugin v18.6 (Yoast SEO v19.13) - https:\/\/yoast.com\/wordpress\/plugins\/seo\/ -->\n<title>GALATEO &amp; FRIENDS Carlo Volpi Geschenkbox 3 Flaschen \u00d6l und Essig - Erresse Shop<\/title>\n<meta name=\"description\" content=\"Verfeinern Sie Ihre Gerichte mit dem Besten der italienischen Gastronomietradition dank der Carlo Volpi-Geschenkbox, einem exklusiven Set mit drei feinen\" \/>\n<meta name=\"robots\" content=\"index, follow, max-snippet:-1, max-image-preview:large, max-video-preview:-1\" \/>\n<link rel=\"canonical\" href=\"https:\/\/www.erresse-shop.it\/de\/shop\/tisch\/oel-essig-salz\/galateo-friends-carlo-volpi-geschenkbox-2-copia\/\" \/>\n<meta property=\"og:locale\" content=\"de_DE\" \/>\n<meta property=\"og:type\" content=\"article\" \/>\n<meta property=\"og:title\" content=\"GALATEO &amp; FRIENDS Carlo Volpi Geschenkbox 3 Flaschen \u00d6l und Essig\" \/>\n<meta property=\"og:description\" content=\"Verfeinern Sie Ihre Gerichte mit dem Besten der italienischen Gastronomietradition dank der Carlo Volpi-Geschenkbox, einem exklusiven Set mit drei feinen\" \/>\n<meta property=\"og:url\" content=\"https:\/\/www.erresse-shop.it\/de\/shop\/tisch\/oel-essig-salz\/galateo-friends-carlo-volpi-geschenkbox-2-copia\/\" \/>\n<meta property=\"og:site_name\" content=\"Erresse Shop\" \/>\n<meta property=\"article:modified_time\" content=\"2024-12-09T13:21:42+00:00\" \/>\n<meta property=\"og:image\" content=\"https:\/\/www.erresse-shop.it\/wp-content\/uploads\/2024\/11\/GALATEO-FRIENDS-Carlo-Volpi-Confezione-Regalo-3-Bottiglie.jpg\" \/>\n\t<meta property=\"og:image:width\" content=\"1200\" \/>\n\t<meta property=\"og:image:height\" content=\"1200\" \/>\n\t<meta property=\"og:image:type\" content=\"image\/jpeg\" \/>\n<meta name=\"twitter:card\" content=\"summary_large_image\" \/>\n<script type=\"application\/ld+json\" class=\"yoast-schema-graph\">{\"@context\":\"https:\/\/schema.org\",\"@graph\":[{\"@type\":\"WebPage\",\"@id\":\"https:\/\/www.erresse-shop.it\/de\/shop\/tisch\/oel-essig-salz\/galateo-friends-carlo-volpi-geschenkbox-2-copia\/\",\"url\":\"https:\/\/www.erresse-shop.it\/de\/shop\/tisch\/oel-essig-salz\/galateo-friends-carlo-volpi-geschenkbox-2-copia\/\",\"name\":\"GALATEO & FRIENDS Carlo Volpi Geschenkbox 3 Flaschen \u00d6l und Essig - Erresse Shop\",\"isPartOf\":{\"@id\":\"https:\/\/www.erresse-shop.it\/de\/#website\"},\"datePublished\":\"2024-11-20T09:39:58+00:00\",\"dateModified\":\"2024-12-09T13:21:42+00:00\",\"description\":\"Verfeinern Sie Ihre Gerichte mit dem Besten der italienischen Gastronomietradition dank der Carlo Volpi-Geschenkbox, einem exklusiven Set mit drei feinen\",\"breadcrumb\":{\"@id\":\"https:\/\/www.erresse-shop.it\/de\/shop\/tisch\/oel-essig-salz\/galateo-friends-carlo-volpi-geschenkbox-2-copia\/#breadcrumb\"},\"inLanguage\":\"de-DE\",\"potentialAction\":[{\"@type\":\"ReadAction\",\"target\":[\"https:\/\/www.erresse-shop.it\/de\/shop\/tisch\/oel-essig-salz\/galateo-friends-carlo-volpi-geschenkbox-2-copia\/\"]}]},{\"@type\":\"BreadcrumbList\",\"@id\":\"https:\/\/www.erresse-shop.it\/de\/shop\/tisch\/oel-essig-salz\/galateo-friends-carlo-volpi-geschenkbox-2-copia\/#breadcrumb\",\"itemListElement\":[{\"@type\":\"ListItem\",\"position\":1,\"name\":\"Home\",\"item\":\"https:\/\/www.erresse-shop.it\/de\/\"},{\"@type\":\"ListItem\",\"position\":2,\"name\":\"Shop\",\"item\":\"https:\/\/www.erresse-shop.it\/de\/shop\/\"},{\"@type\":\"ListItem\",\"position\":3,\"name\":\"GALATEO &#038; FRIENDS Carlo Volpi Geschenkbox 3 Flaschen \u00d6l und Essig\"}]},{\"@type\":\"WebSite\",\"@id\":\"https:\/\/www.erresse-shop.it\/de\/#website\",\"url\":\"https:\/\/www.erresse-shop.it\/de\/\",\"name\":\"Erresse Shop\",\"description\":\"Articoli di qualit\u00e0 per la casa\",\"potentialAction\":[{\"@type\":\"SearchAction\",\"target\":{\"@type\":\"EntryPoint\",\"urlTemplate\":\"https:\/\/www.erresse-shop.it\/de\/?s={search_term_string}\"},\"query-input\":\"required name=search_term_string\"}],\"inLanguage\":\"de-DE\"}]}<\/script>\n<!-- \/ Yoast SEO Premium plugin. -->","yoast_head_json":{"title":"GALATEO & FRIENDS Carlo Volpi Geschenkbox 3 Flaschen \u00d6l und Essig - Erresse Shop","description":"Verfeinern Sie Ihre Gerichte mit dem Besten der italienischen Gastronomietradition dank der Carlo Volpi-Geschenkbox, einem exklusiven Set mit drei feinen","robots":{"index":"index","follow":"follow","max-snippet":"max-snippet:-1","max-image-preview":"max-image-preview:large","max-video-preview":"max-video-preview:-1"},"canonical":"https:\/\/www.erresse-shop.it\/de\/shop\/tisch\/oel-essig-salz\/galateo-friends-carlo-volpi-geschenkbox-2-copia\/","og_locale":"de_DE","og_type":"article","og_title":"GALATEO & FRIENDS Carlo Volpi Geschenkbox 3 Flaschen \u00d6l und Essig","og_description":"Verfeinern Sie Ihre Gerichte mit dem Besten der italienischen Gastronomietradition dank der Carlo Volpi-Geschenkbox, einem exklusiven Set mit drei feinen","og_url":"https:\/\/www.erresse-shop.it\/de\/shop\/tisch\/oel-essig-salz\/galateo-friends-carlo-volpi-geschenkbox-2-copia\/","og_site_name":"Erresse Shop","article_modified_time":"2024-12-09T13:21:42+00:00","og_image":[{"width":1200,"height":1200,"url":"https:\/\/www.erresse-shop.it\/wp-content\/uploads\/2024\/11\/GALATEO-FRIENDS-Carlo-Volpi-Confezione-Regalo-3-Bottiglie.jpg","type":"image\/jpeg"}],"twitter_card":"summary_large_image","schema":{"@context":"https:\/\/schema.org","@graph":[{"@type":"WebPage","@id":"https:\/\/www.erresse-shop.it\/de\/shop\/tisch\/oel-essig-salz\/galateo-friends-carlo-volpi-geschenkbox-2-copia\/","url":"https:\/\/www.erresse-shop.it\/de\/shop\/tisch\/oel-essig-salz\/galateo-friends-carlo-volpi-geschenkbox-2-copia\/","name":"GALATEO & FRIENDS Carlo Volpi Geschenkbox 3 Flaschen \u00d6l und Essig - Erresse Shop","isPartOf":{"@id":"https:\/\/www.erresse-shop.it\/de\/#website"},"datePublished":"2024-11-20T09:39:58+00:00","dateModified":"2024-12-09T13:21:42+00:00","description":"Verfeinern Sie Ihre Gerichte mit dem Besten der italienischen Gastronomietradition dank der Carlo Volpi-Geschenkbox, einem exklusiven Set mit drei feinen","breadcrumb":{"@id":"https:\/\/www.erresse-shop.it\/de\/shop\/tisch\/oel-essig-salz\/galateo-friends-carlo-volpi-geschenkbox-2-copia\/#breadcrumb"},"inLanguage":"de-DE","potentialAction":[{"@type":"ReadAction","target":["https:\/\/www.erresse-shop.it\/de\/shop\/tisch\/oel-essig-salz\/galateo-friends-carlo-volpi-geschenkbox-2-copia\/"]}]},{"@type":"BreadcrumbList","@id":"https:\/\/www.erresse-shop.it\/de\/shop\/tisch\/oel-essig-salz\/galateo-friends-carlo-volpi-geschenkbox-2-copia\/#breadcrumb","itemListElement":[{"@type":"ListItem","position":1,"name":"Home","item":"https:\/\/www.erresse-shop.it\/de\/"},{"@type":"ListItem","position":2,"name":"Shop","item":"https:\/\/www.erresse-shop.it\/de\/shop\/"},{"@type":"ListItem","position":3,"name":"GALATEO &#038; FRIENDS Carlo Volpi Geschenkbox 3 Flaschen \u00d6l und Essig"}]},{"@type":"WebSite","@id":"https:\/\/www.erresse-shop.it\/de\/#website","url":"https:\/\/www.erresse-shop.it\/de\/","name":"Erresse Shop","description":"Articoli di qualit\u00e0 per la casa","potentialAction":[{"@type":"SearchAction","target":{"@type":"EntryPoint","urlTemplate":"https:\/\/www.erresse-shop.it\/de\/?s={search_term_string}"},"query-input":"required name=search_term_string"}],"inLanguage":"de-DE"}]}},"df_price":92,"df_sale_price":92,"df_regular_price":92,"df_image_link":"https:\/\/www.erresse-shop.it\/wp-content\/uploads\/2024\/11\/GALATEO-FRIENDS-Carlo-Volpi-Confezione-Regalo-3-Bottiglie-300x300.jpg","_links":{"self":[{"href":"https:\/\/www.erresse-shop.it\/de\/wp-json\/wp\/v2\/product\/449899"}],"collection":[{"href":"https:\/\/www.erresse-shop.it\/de\/wp-json\/wp\/v2\/product"}],"about":[{"href":"https:\/\/www.erresse-shop.it\/de\/wp-json\/wp\/v2\/types\/product"}],"wp:featuredmedia":[{"embeddable":true,"href":"https:\/\/www.erresse-shop.it\/de\/wp-json\/wp\/v2\/media\/449973"}],"wp:attachment":[{"href":"https:\/\/www.erresse-shop.it\/de\/wp-json\/wp\/v2\/media?parent=449899"}],"wp:term":[{"taxonomy":"product_cat","embeddable":true,"href":"https:\/\/www.erresse-shop.it\/de\/wp-json\/wp\/v2\/product_cat?post=449899"},{"taxonomy":"product_tag","embeddable":true,"href":"https:\/\/www.erresse-shop.it\/de\/wp-json\/wp\/v2\/product_tag?post=449899"}],"curies":[{"name":"wp","href":"https:\/\/api.w.org\/{rel}","templated":true}]}}