{"id":449684,"date":"2024-11-19T13:55:37","date_gmt":"2024-11-19T13:55:37","guid":{"rendered":"https:\/\/www.erresse-shop.it\/?post_type=product&#038;p=449684"},"modified":"2026-02-24T10:25:41","modified_gmt":"2026-02-24T10:25:41","slug":"taitu-garden-of-beauty-green-mittlere-salatschuessel","status":"publish","type":"product","link":"https:\/\/www.erresse-shop.it\/de\/shop\/tisch\/salatschuesseln-und-terrinen\/taitu-garden-of-beauty-green-mittlere-salatschuessel\/","title":{"rendered":"TAIT\u00d9 Garden of Beauty Green Mittlere Salatsch\u00fcssel"},"content":{"rendered":"<p><strong>Material:<\/strong> Feines Knochenporzellan<\/p>\n<p>Tauchen Sie ein in die zeitlose Sch\u00f6nheit der <em>Garden of Beauty Green<\/em>-Kollektion, in der die Reinheit von Wei\u00df mit dem Zauber der Natur verschmilzt. Unser Geschirr aus feinstem Fine Bone China ist mit zarten gr\u00fcnen Bl\u00e4ttern verziert, die an die Harmonie der edelsten G\u00e4rten erinnern. Jedes St\u00fcck ist eine perfekte Mischung aus Eleganz und Qualit\u00e4t und soll jedem Moment Ihres Tages einen Hauch von Frische und Klasse verleihen. Die Garden of Beauty Green-Kollektion ist ideal f\u00fcr alle, die ein raffiniertes und nat\u00fcrliches Design suchen, das jeden Tisch mit einem einzigartigen und zeitlosen Stil versch\u00f6nert.<\/p>\n<p><strong>WARNUNGEN<\/strong><br \/>\nSp\u00fclmaschinen- und mikrowellengeeignet.<\/p>\n<p><strong>Designerin:<\/strong> Silvia Cabassa<\/p>\n","protected":false},"excerpt":{"rendered":"<p>Material: Feines Knochenporzellan Tauchen Sie ein in die zeitlose Sch\u00f6nheit der Garden of Beauty Green-Kollektion, in der die Reinheit von<\/p>\n","protected":false},"featured_media":449699,"template":"","meta":{"_acf_changed":false,"inline_featured_image":false},"product_cat":[6892,6787],"product_tag":[13044,11565,11563],"acf":[],"yoast_head":"<!-- This site is optimized with the Yoast SEO Premium plugin v18.6 (Yoast SEO v19.13) - https:\/\/yoast.com\/wordpress\/plugins\/seo\/ -->\n<title>TAIT\u00d9 Garden of Beauty Green Mittlere Salatsch\u00fcssel - Erresse Shop<\/title>\n<meta name=\"description\" content=\"Material: Feines Knochenporzellan Tauchen Sie ein in die zeitlose Sch\u00f6nheit der Garden of Beauty Green-Kollektion, in der die Reinheit von Wei\u00df mit dem\" \/>\n<meta name=\"robots\" content=\"index, follow, max-snippet:-1, max-image-preview:large, max-video-preview:-1\" \/>\n<link rel=\"canonical\" href=\"https:\/\/www.erresse-shop.it\/de\/shop\/tisch\/salatschuesseln-und-terrinen\/taitu-garden-of-beauty-green-mittlere-salatschuessel\/\" \/>\n<meta property=\"og:locale\" content=\"de_DE\" \/>\n<meta property=\"og:type\" content=\"article\" \/>\n<meta property=\"og:title\" content=\"TAIT\u00d9 Garden of Beauty Green Mittlere Salatsch\u00fcssel\" \/>\n<meta property=\"og:description\" content=\"Material: Feines Knochenporzellan Tauchen Sie ein in die zeitlose Sch\u00f6nheit der Garden of Beauty Green-Kollektion, in der die Reinheit von Wei\u00df mit dem\" \/>\n<meta property=\"og:url\" content=\"https:\/\/www.erresse-shop.it\/de\/shop\/tisch\/salatschuesseln-und-terrinen\/taitu-garden-of-beauty-green-mittlere-salatschuessel\/\" \/>\n<meta property=\"og:site_name\" content=\"Erresse Shop\" \/>\n<meta property=\"article:modified_time\" content=\"2026-02-24T10:25:41+00:00\" \/>\n<meta property=\"og:image\" content=\"https:\/\/www.erresse-shop.it\/wp-content\/uploads\/2024\/11\/TAITU-Garden-of-Beauty-Green-Insalatiera-Media.jpg\" \/>\n\t<meta property=\"og:image:width\" content=\"1200\" \/>\n\t<meta property=\"og:image:height\" content=\"1200\" \/>\n\t<meta property=\"og:image:type\" content=\"image\/jpeg\" \/>\n<meta name=\"twitter:card\" content=\"summary_large_image\" \/>\n<script type=\"application\/ld+json\" class=\"yoast-schema-graph\">{\"@context\":\"https:\/\/schema.org\",\"@graph\":[{\"@type\":\"WebPage\",\"@id\":\"https:\/\/www.erresse-shop.it\/de\/shop\/tisch\/salatschuesseln-und-terrinen\/taitu-garden-of-beauty-green-mittlere-salatschuessel\/\",\"url\":\"https:\/\/www.erresse-shop.it\/de\/shop\/tisch\/salatschuesseln-und-terrinen\/taitu-garden-of-beauty-green-mittlere-salatschuessel\/\",\"name\":\"TAIT\u00d9 Garden of Beauty Green Mittlere Salatsch\u00fcssel - Erresse Shop\",\"isPartOf\":{\"@id\":\"https:\/\/www.erresse-shop.it\/de\/#website\"},\"datePublished\":\"2024-11-19T13:55:37+00:00\",\"dateModified\":\"2026-02-24T10:25:41+00:00\",\"description\":\"Material: Feines Knochenporzellan Tauchen Sie ein in die zeitlose Sch\u00f6nheit der Garden of Beauty Green-Kollektion, in der die Reinheit von Wei\u00df mit dem\",\"breadcrumb\":{\"@id\":\"https:\/\/www.erresse-shop.it\/de\/shop\/tisch\/salatschuesseln-und-terrinen\/taitu-garden-of-beauty-green-mittlere-salatschuessel\/#breadcrumb\"},\"inLanguage\":\"de-DE\",\"potentialAction\":[{\"@type\":\"ReadAction\",\"target\":[\"https:\/\/www.erresse-shop.it\/de\/shop\/tisch\/salatschuesseln-und-terrinen\/taitu-garden-of-beauty-green-mittlere-salatschuessel\/\"]}]},{\"@type\":\"BreadcrumbList\",\"@id\":\"https:\/\/www.erresse-shop.it\/de\/shop\/tisch\/salatschuesseln-und-terrinen\/taitu-garden-of-beauty-green-mittlere-salatschuessel\/#breadcrumb\",\"itemListElement\":[{\"@type\":\"ListItem\",\"position\":1,\"name\":\"Home\",\"item\":\"https:\/\/www.erresse-shop.it\/de\/\"},{\"@type\":\"ListItem\",\"position\":2,\"name\":\"Shop\",\"item\":\"https:\/\/www.erresse-shop.it\/de\/shop\/\"},{\"@type\":\"ListItem\",\"position\":3,\"name\":\"TAIT\u00d9 Garden of Beauty Green Mittlere Salatsch\u00fcssel\"}]},{\"@type\":\"WebSite\",\"@id\":\"https:\/\/www.erresse-shop.it\/de\/#website\",\"url\":\"https:\/\/www.erresse-shop.it\/de\/\",\"name\":\"Erresse Shop\",\"description\":\"Articoli di qualit\u00e0 per la casa\",\"potentialAction\":[{\"@type\":\"SearchAction\",\"target\":{\"@type\":\"EntryPoint\",\"urlTemplate\":\"https:\/\/www.erresse-shop.it\/de\/?s={search_term_string}\"},\"query-input\":\"required name=search_term_string\"}],\"inLanguage\":\"de-DE\"}]}<\/script>\n<!-- \/ Yoast SEO Premium plugin. -->","yoast_head_json":{"title":"TAIT\u00d9 Garden of Beauty Green Mittlere Salatsch\u00fcssel - Erresse Shop","description":"Material: Feines Knochenporzellan Tauchen Sie ein in die zeitlose Sch\u00f6nheit der Garden of Beauty Green-Kollektion, in der die Reinheit von Wei\u00df mit dem","robots":{"index":"index","follow":"follow","max-snippet":"max-snippet:-1","max-image-preview":"max-image-preview:large","max-video-preview":"max-video-preview:-1"},"canonical":"https:\/\/www.erresse-shop.it\/de\/shop\/tisch\/salatschuesseln-und-terrinen\/taitu-garden-of-beauty-green-mittlere-salatschuessel\/","og_locale":"de_DE","og_type":"article","og_title":"TAIT\u00d9 Garden of Beauty Green Mittlere Salatsch\u00fcssel","og_description":"Material: Feines Knochenporzellan Tauchen Sie ein in die zeitlose Sch\u00f6nheit der Garden of Beauty Green-Kollektion, in der die Reinheit von Wei\u00df mit dem","og_url":"https:\/\/www.erresse-shop.it\/de\/shop\/tisch\/salatschuesseln-und-terrinen\/taitu-garden-of-beauty-green-mittlere-salatschuessel\/","og_site_name":"Erresse Shop","article_modified_time":"2026-02-24T10:25:41+00:00","og_image":[{"width":1200,"height":1200,"url":"https:\/\/www.erresse-shop.it\/wp-content\/uploads\/2024\/11\/TAITU-Garden-of-Beauty-Green-Insalatiera-Media.jpg","type":"image\/jpeg"}],"twitter_card":"summary_large_image","schema":{"@context":"https:\/\/schema.org","@graph":[{"@type":"WebPage","@id":"https:\/\/www.erresse-shop.it\/de\/shop\/tisch\/salatschuesseln-und-terrinen\/taitu-garden-of-beauty-green-mittlere-salatschuessel\/","url":"https:\/\/www.erresse-shop.it\/de\/shop\/tisch\/salatschuesseln-und-terrinen\/taitu-garden-of-beauty-green-mittlere-salatschuessel\/","name":"TAIT\u00d9 Garden of Beauty Green Mittlere Salatsch\u00fcssel - Erresse Shop","isPartOf":{"@id":"https:\/\/www.erresse-shop.it\/de\/#website"},"datePublished":"2024-11-19T13:55:37+00:00","dateModified":"2026-02-24T10:25:41+00:00","description":"Material: Feines Knochenporzellan Tauchen Sie ein in die zeitlose Sch\u00f6nheit der Garden of Beauty Green-Kollektion, in der die Reinheit von Wei\u00df mit dem","breadcrumb":{"@id":"https:\/\/www.erresse-shop.it\/de\/shop\/tisch\/salatschuesseln-und-terrinen\/taitu-garden-of-beauty-green-mittlere-salatschuessel\/#breadcrumb"},"inLanguage":"de-DE","potentialAction":[{"@type":"ReadAction","target":["https:\/\/www.erresse-shop.it\/de\/shop\/tisch\/salatschuesseln-und-terrinen\/taitu-garden-of-beauty-green-mittlere-salatschuessel\/"]}]},{"@type":"BreadcrumbList","@id":"https:\/\/www.erresse-shop.it\/de\/shop\/tisch\/salatschuesseln-und-terrinen\/taitu-garden-of-beauty-green-mittlere-salatschuessel\/#breadcrumb","itemListElement":[{"@type":"ListItem","position":1,"name":"Home","item":"https:\/\/www.erresse-shop.it\/de\/"},{"@type":"ListItem","position":2,"name":"Shop","item":"https:\/\/www.erresse-shop.it\/de\/shop\/"},{"@type":"ListItem","position":3,"name":"TAIT\u00d9 Garden of Beauty Green Mittlere Salatsch\u00fcssel"}]},{"@type":"WebSite","@id":"https:\/\/www.erresse-shop.it\/de\/#website","url":"https:\/\/www.erresse-shop.it\/de\/","name":"Erresse Shop","description":"Articoli di qualit\u00e0 per la casa","potentialAction":[{"@type":"SearchAction","target":{"@type":"EntryPoint","urlTemplate":"https:\/\/www.erresse-shop.it\/de\/?s={search_term_string}"},"query-input":"required name=search_term_string"}],"inLanguage":"de-DE"}]}},"df_price":46.2,"df_sale_price":46.2,"df_regular_price":84,"df_image_link":"https:\/\/www.erresse-shop.it\/wp-content\/uploads\/2024\/11\/TAITU-Garden-of-Beauty-Green-Insalatiera-Media-300x300.jpg","_links":{"self":[{"href":"https:\/\/www.erresse-shop.it\/de\/wp-json\/wp\/v2\/product\/449684"}],"collection":[{"href":"https:\/\/www.erresse-shop.it\/de\/wp-json\/wp\/v2\/product"}],"about":[{"href":"https:\/\/www.erresse-shop.it\/de\/wp-json\/wp\/v2\/types\/product"}],"wp:featuredmedia":[{"embeddable":true,"href":"https:\/\/www.erresse-shop.it\/de\/wp-json\/wp\/v2\/media\/449699"}],"wp:attachment":[{"href":"https:\/\/www.erresse-shop.it\/de\/wp-json\/wp\/v2\/media?parent=449684"}],"wp:term":[{"taxonomy":"product_cat","embeddable":true,"href":"https:\/\/www.erresse-shop.it\/de\/wp-json\/wp\/v2\/product_cat?post=449684"},{"taxonomy":"product_tag","embeddable":true,"href":"https:\/\/www.erresse-shop.it\/de\/wp-json\/wp\/v2\/product_tag?post=449684"}],"curies":[{"name":"wp","href":"https:\/\/api.w.org\/{rel}","templated":true}]}}