{"id":449555,"date":"2024-11-19T07:37:23","date_gmt":"2024-11-19T07:37:24","guid":{"rendered":"https:\/\/www.erresse-shop.it\/?post_type=product&#038;p=449555"},"modified":"2026-02-24T11:11:28","modified_gmt":"2026-02-24T11:11:28","slug":"taitu-fil-rouge-bacche-cappuccino-teetassen-2-stueck","status":"publish","type":"product","link":"https:\/\/www.erresse-shop.it\/de\/shop\/tisch\/tassen\/taitu-fil-rouge-bacche-cappuccino-teetassen-2-stueck\/","title":{"rendered":"TAIT\u00d9 Fil Rouge Bacche Cappuccino Teetassen 2 St\u00fcck"},"content":{"rendered":"<p><strong>Handbemalt<\/strong><br \/>\n<strong>Material:<\/strong> Feines Knochenporzellan<\/p>\n<p>Einfache Grashalme schaffen dichte Texturen und unterst\u00fctzen flexibel jedes Detail von Fine Bone China und erinnern an die Werte eines gr\u00fcnen Lebensstils. Eine elegante, immergr\u00fcne Kollektion, die in ihrer Reinheit und Wesentlichkeit allein oder in Kombination mit anderen TAITU-Kollektionen verwendet werden kann.<\/p>\n<p>Die ikonische Dekoration TAITU wird mit einem Design wiedergeboren, das von Grashalmen inspiriert ist, die von einer leichten Brise bewegt werden: eine Hommage an die Einfachheit der Natur, ihre spontanen Geometrien und ihre F\u00e4higkeit, sich st\u00e4ndig zu erneuern. Eine Libelle, Sinnbild f\u00fcr Leichtigkeit und Freiheit, ist das magische Maskottchen, das jedes Objekt kennzeichnet.<\/p>\n<p><strong>Tait\u00f9 Design f\u00fcr die gehobene K\u00fcche<\/strong><\/p>\n<p>Die zeitgem\u00e4\u00dfen Formen aus durchscheinendem Fine Bone China und die minimale Dekoration der Teller und Schalen machen LIFE IN GREEN zur idealen Kollektion f\u00fcr die raffinierteste Tischdekoration, auch in Kombination mit den neuen Eco-Chic-Tischsets der FREESTYLE-Kollektion. Au\u00dferdem macht die Unterglasurdekorationstechnik die Dekore unver\u00e4nderlich, wenn sie in professionellen Geschirrsp\u00fclern gereinigt werden.<\/p>\n<p><strong>WARNUNGEN<\/strong><br \/>\nGeschirrsp\u00fcler und Mikrowellenherd: ja<\/p>\n","protected":false},"excerpt":{"rendered":"<p>Handbemalt Material: Feines Knochenporzellan Einfache Grashalme schaffen dichte Texturen und unterst\u00fctzen flexibel jedes Detail von Fine Bone China und erinnern<\/p>\n","protected":false},"featured_media":449570,"template":"","meta":{"_acf_changed":false,"inline_featured_image":false},"product_cat":[6847,6787],"product_tag":[25088,23911,23691,24398,22591,11640,11642,11694],"acf":[],"yoast_head":"<!-- This site is optimized with the Yoast SEO Premium plugin v18.6 (Yoast SEO v19.13) - https:\/\/yoast.com\/wordpress\/plugins\/seo\/ -->\n<title>TAIT\u00d9 Fil Rouge Bacche Cappuccino Teetassen 2 St\u00fcck - Erresse Shop<\/title>\n<meta name=\"description\" content=\"Handbemalt Material: Feines Knochenporzellan Einfache Grashalme schaffen dichte Texturen und unterst\u00fctzen flexibel jedes Detail von Fine Bone China und\" \/>\n<meta name=\"robots\" content=\"index, follow, max-snippet:-1, max-image-preview:large, max-video-preview:-1\" \/>\n<link rel=\"canonical\" href=\"https:\/\/www.erresse-shop.it\/de\/shop\/tisch\/tassen\/taitu-fil-rouge-bacche-cappuccino-teetassen-2-stueck\/\" \/>\n<meta property=\"og:locale\" content=\"de_DE\" \/>\n<meta property=\"og:type\" content=\"article\" \/>\n<meta property=\"og:title\" content=\"TAIT\u00d9 Fil Rouge Bacche Cappuccino Teetassen 2 St\u00fcck\" \/>\n<meta property=\"og:description\" content=\"Handbemalt Material: Feines Knochenporzellan Einfache Grashalme schaffen dichte Texturen und unterst\u00fctzen flexibel jedes Detail von Fine Bone China und\" \/>\n<meta property=\"og:url\" content=\"https:\/\/www.erresse-shop.it\/de\/shop\/tisch\/tassen\/taitu-fil-rouge-bacche-cappuccino-teetassen-2-stueck\/\" \/>\n<meta property=\"og:site_name\" content=\"Erresse Shop\" \/>\n<meta property=\"article:modified_time\" content=\"2026-02-24T11:11:28+00:00\" \/>\n<meta property=\"og:image\" content=\"https:\/\/www.erresse-shop.it\/wp-content\/uploads\/2024\/11\/TAITU-Fil-Rouge-Bacche-Tazze-Te-Cappuccino-2-Pezzi.jpg\" \/>\n\t<meta property=\"og:image:width\" content=\"1200\" \/>\n\t<meta property=\"og:image:height\" content=\"1200\" \/>\n\t<meta property=\"og:image:type\" content=\"image\/jpeg\" \/>\n<meta name=\"twitter:card\" content=\"summary_large_image\" \/>\n<script type=\"application\/ld+json\" class=\"yoast-schema-graph\">{\"@context\":\"https:\/\/schema.org\",\"@graph\":[{\"@type\":\"WebPage\",\"@id\":\"https:\/\/www.erresse-shop.it\/de\/shop\/tisch\/tassen\/taitu-fil-rouge-bacche-cappuccino-teetassen-2-stueck\/\",\"url\":\"https:\/\/www.erresse-shop.it\/de\/shop\/tisch\/tassen\/taitu-fil-rouge-bacche-cappuccino-teetassen-2-stueck\/\",\"name\":\"TAIT\u00d9 Fil Rouge Bacche Cappuccino Teetassen 2 St\u00fcck - Erresse Shop\",\"isPartOf\":{\"@id\":\"https:\/\/www.erresse-shop.it\/de\/#website\"},\"datePublished\":\"2024-11-19T07:37:24+00:00\",\"dateModified\":\"2026-02-24T11:11:28+00:00\",\"description\":\"Handbemalt Material: Feines Knochenporzellan Einfache Grashalme schaffen dichte Texturen und unterst\u00fctzen flexibel jedes Detail von Fine Bone China und\",\"breadcrumb\":{\"@id\":\"https:\/\/www.erresse-shop.it\/de\/shop\/tisch\/tassen\/taitu-fil-rouge-bacche-cappuccino-teetassen-2-stueck\/#breadcrumb\"},\"inLanguage\":\"de-DE\",\"potentialAction\":[{\"@type\":\"ReadAction\",\"target\":[\"https:\/\/www.erresse-shop.it\/de\/shop\/tisch\/tassen\/taitu-fil-rouge-bacche-cappuccino-teetassen-2-stueck\/\"]}]},{\"@type\":\"BreadcrumbList\",\"@id\":\"https:\/\/www.erresse-shop.it\/de\/shop\/tisch\/tassen\/taitu-fil-rouge-bacche-cappuccino-teetassen-2-stueck\/#breadcrumb\",\"itemListElement\":[{\"@type\":\"ListItem\",\"position\":1,\"name\":\"Home\",\"item\":\"https:\/\/www.erresse-shop.it\/de\/\"},{\"@type\":\"ListItem\",\"position\":2,\"name\":\"Shop\",\"item\":\"https:\/\/www.erresse-shop.it\/de\/shop\/\"},{\"@type\":\"ListItem\",\"position\":3,\"name\":\"TAIT\u00d9 Fil Rouge Bacche Cappuccino Teetassen 2 St\u00fcck\"}]},{\"@type\":\"WebSite\",\"@id\":\"https:\/\/www.erresse-shop.it\/de\/#website\",\"url\":\"https:\/\/www.erresse-shop.it\/de\/\",\"name\":\"Erresse Shop\",\"description\":\"Articoli di qualit\u00e0 per la casa\",\"potentialAction\":[{\"@type\":\"SearchAction\",\"target\":{\"@type\":\"EntryPoint\",\"urlTemplate\":\"https:\/\/www.erresse-shop.it\/de\/?s={search_term_string}\"},\"query-input\":\"required name=search_term_string\"}],\"inLanguage\":\"de-DE\"}]}<\/script>\n<!-- \/ Yoast SEO Premium plugin. -->","yoast_head_json":{"title":"TAIT\u00d9 Fil Rouge Bacche Cappuccino Teetassen 2 St\u00fcck - Erresse Shop","description":"Handbemalt Material: Feines Knochenporzellan Einfache Grashalme schaffen dichte Texturen und unterst\u00fctzen flexibel jedes Detail von Fine Bone China und","robots":{"index":"index","follow":"follow","max-snippet":"max-snippet:-1","max-image-preview":"max-image-preview:large","max-video-preview":"max-video-preview:-1"},"canonical":"https:\/\/www.erresse-shop.it\/de\/shop\/tisch\/tassen\/taitu-fil-rouge-bacche-cappuccino-teetassen-2-stueck\/","og_locale":"de_DE","og_type":"article","og_title":"TAIT\u00d9 Fil Rouge Bacche Cappuccino Teetassen 2 St\u00fcck","og_description":"Handbemalt Material: Feines Knochenporzellan Einfache Grashalme schaffen dichte Texturen und unterst\u00fctzen flexibel jedes Detail von Fine Bone China und","og_url":"https:\/\/www.erresse-shop.it\/de\/shop\/tisch\/tassen\/taitu-fil-rouge-bacche-cappuccino-teetassen-2-stueck\/","og_site_name":"Erresse Shop","article_modified_time":"2026-02-24T11:11:28+00:00","og_image":[{"width":1200,"height":1200,"url":"https:\/\/www.erresse-shop.it\/wp-content\/uploads\/2024\/11\/TAITU-Fil-Rouge-Bacche-Tazze-Te-Cappuccino-2-Pezzi.jpg","type":"image\/jpeg"}],"twitter_card":"summary_large_image","schema":{"@context":"https:\/\/schema.org","@graph":[{"@type":"WebPage","@id":"https:\/\/www.erresse-shop.it\/de\/shop\/tisch\/tassen\/taitu-fil-rouge-bacche-cappuccino-teetassen-2-stueck\/","url":"https:\/\/www.erresse-shop.it\/de\/shop\/tisch\/tassen\/taitu-fil-rouge-bacche-cappuccino-teetassen-2-stueck\/","name":"TAIT\u00d9 Fil Rouge Bacche Cappuccino Teetassen 2 St\u00fcck - Erresse Shop","isPartOf":{"@id":"https:\/\/www.erresse-shop.it\/de\/#website"},"datePublished":"2024-11-19T07:37:24+00:00","dateModified":"2026-02-24T11:11:28+00:00","description":"Handbemalt Material: Feines Knochenporzellan Einfache Grashalme schaffen dichte Texturen und unterst\u00fctzen flexibel jedes Detail von Fine Bone China und","breadcrumb":{"@id":"https:\/\/www.erresse-shop.it\/de\/shop\/tisch\/tassen\/taitu-fil-rouge-bacche-cappuccino-teetassen-2-stueck\/#breadcrumb"},"inLanguage":"de-DE","potentialAction":[{"@type":"ReadAction","target":["https:\/\/www.erresse-shop.it\/de\/shop\/tisch\/tassen\/taitu-fil-rouge-bacche-cappuccino-teetassen-2-stueck\/"]}]},{"@type":"BreadcrumbList","@id":"https:\/\/www.erresse-shop.it\/de\/shop\/tisch\/tassen\/taitu-fil-rouge-bacche-cappuccino-teetassen-2-stueck\/#breadcrumb","itemListElement":[{"@type":"ListItem","position":1,"name":"Home","item":"https:\/\/www.erresse-shop.it\/de\/"},{"@type":"ListItem","position":2,"name":"Shop","item":"https:\/\/www.erresse-shop.it\/de\/shop\/"},{"@type":"ListItem","position":3,"name":"TAIT\u00d9 Fil Rouge Bacche Cappuccino Teetassen 2 St\u00fcck"}]},{"@type":"WebSite","@id":"https:\/\/www.erresse-shop.it\/de\/#website","url":"https:\/\/www.erresse-shop.it\/de\/","name":"Erresse Shop","description":"Articoli di qualit\u00e0 per la casa","potentialAction":[{"@type":"SearchAction","target":{"@type":"EntryPoint","urlTemplate":"https:\/\/www.erresse-shop.it\/de\/?s={search_term_string}"},"query-input":"required name=search_term_string"}],"inLanguage":"de-DE"}]}},"df_price":56.1,"df_sale_price":56.1,"df_regular_price":102,"df_image_link":"https:\/\/www.erresse-shop.it\/wp-content\/uploads\/2024\/11\/TAITU-Fil-Rouge-Bacche-Tazze-Te-Cappuccino-2-Pezzi-300x300.jpg","_links":{"self":[{"href":"https:\/\/www.erresse-shop.it\/de\/wp-json\/wp\/v2\/product\/449555"}],"collection":[{"href":"https:\/\/www.erresse-shop.it\/de\/wp-json\/wp\/v2\/product"}],"about":[{"href":"https:\/\/www.erresse-shop.it\/de\/wp-json\/wp\/v2\/types\/product"}],"wp:featuredmedia":[{"embeddable":true,"href":"https:\/\/www.erresse-shop.it\/de\/wp-json\/wp\/v2\/media\/449570"}],"wp:attachment":[{"href":"https:\/\/www.erresse-shop.it\/de\/wp-json\/wp\/v2\/media?parent=449555"}],"wp:term":[{"taxonomy":"product_cat","embeddable":true,"href":"https:\/\/www.erresse-shop.it\/de\/wp-json\/wp\/v2\/product_cat?post=449555"},{"taxonomy":"product_tag","embeddable":true,"href":"https:\/\/www.erresse-shop.it\/de\/wp-json\/wp\/v2\/product_tag?post=449555"}],"curies":[{"name":"wp","href":"https:\/\/api.w.org\/{rel}","templated":true}]}}