{"id":449151,"date":"2024-11-18T10:58:18","date_gmt":"2024-11-18T10:58:19","guid":{"rendered":"https:\/\/www.erresse-shop.it\/?post_type=product&#038;p=449151"},"modified":"2024-11-18T11:13:09","modified_gmt":"2024-11-18T11:13:09","slug":"le-creuset-runde-cocotte-evolution-aus-gusseisen-24-cm-weis-copia","status":"publish","type":"product","link":"https:\/\/www.erresse-shop.it\/de\/shop\/toepfe-pfannen\/schalldaempfer-und-kokotten\/le-creuset-runde-cocotte-evolution-aus-gusseisen-24-cm-weis-copia\/","title":{"rendered":"LE CREUSET Runde Cocotte Evolution aus Gusseisen 24 cm Garnet"},"content":{"rendered":"<p class=\"mb-3\" style=\"text-align: justify;\">Seit fast einem Jahrhundert verliebt sie sich in K\u00f6che und K\u00f6che auf der ganzen Welt: Es ist die Cocotte von Le Creuset, ein authentischer Klassiker. Perfekt gebaut, um jedes Ihrer Rezepte zu einem Meisterwerk des Geschmacks zu machen, wird es Ihr untrennbarer Verb\u00fcndeter bei der Zubereitung von Eint\u00f6pfen, Braten, Suppen und Eint\u00f6pfen, aber auch beim Garen im Ofen sein.<\/p>\n<ul>\n<li>\n<p class=\"mb-3\">Unser hitzebest\u00e4ndiger Knopf (bis 260\u00a0\u00b0C) ist f\u00fcr einen hervorragenden Halt konzipiert, selbst wenn Sie zum Anheben des Deckels einen Topflappen verwenden.<\/p>\n<\/li>\n<li>\n<p class=\"mb-3\">Schnelle Reinigung: Eine d\u00fcnne, verglaste Innenschicht erleichtert die Reinigung.<\/p>\n<\/li>\n<li>\n<p class=\"mb-3\">Traumhafte Griffe: Dank unserer gro\u00dfen Griffe k\u00f6nnen Sie auch mit Ofenhandschuhen problemlos von der Herdplatte auf den Tisch gelangen.<\/p>\n<\/li>\n<li>\n<p class=\"mb-3\">Vielseitigkeit: Dieses Produkt ist f\u00fcr den Ofen, den Herd und den Ofen im Grillmodus geeignet.<\/p>\n<\/li>\n<li>\n<p class=\"mb-3\">Gro\u00dfartig schmeckende Speisen: Verglastes Gusseisen speichert die W\u00e4rme f\u00fcr gleichm\u00e4\u00dfiges Garen und Anbraten. Ihre k\u00f6stlichen Kreationen bleiben auch am Tisch l\u00e4nger warm.<\/p>\n<\/li>\n<li>\n<p class=\"mb-3\">Erh\u00e4lt die Saftigkeit: Unser Deckel bewahrt den beim Garen von Speisen entstehenden Dampf und verst\u00e4rkt den Geschmack f\u00fcr au\u00dfergew\u00f6hnliche Kochergebnisse.<\/p>\n<\/li>\n<li>\n<p class=\"mb-3\">Leicht zu greifen: Die eleganten und bequemen Griffe erm\u00f6glichen ein sicheres Anheben des Produkts.<\/p>\n<\/li>\n<li>\n<p class=\"mb-3\">Ein Regenbogen an Farben: Unser Sortiment ist in einer gro\u00dfen Farbauswahl erh\u00e4ltlich und verleiht Ihrer K\u00fcche einen Hauch von Farbe.<\/p>\n<\/li>\n<li>\n<p class=\"mb-3\">Nicht zu hei\u00df: Kochen Sie bei konstant niedriger bis mittlerer Hitze, um Ihr Gusseisenprodukt zu schonen und k\u00f6stliche Ergebnisse zu erzielen.<\/p>\n<\/li>\n<li>\n<p class=\"mb-3\">Sie haben die Wahl: erh\u00e4ltlich in verschiedenen Gr\u00f6\u00dfen f\u00fcr Ihre K\u00fcchenbed\u00fcrfnisse.<\/p>\n<\/li>\n<li>\n<p class=\"mb-3\">Beste seiner Klasse: Unsere Produkte werden aus den besten Materialien in Fabriken auf der ganzen Welt hergestellt, um die Qualit\u00e4t zu gew\u00e4hrleisten, die Sie von Le\u00a0Creuset erwarten.<\/p>\n<\/li>\n<\/ul>\n<p>Material: verglastes Gusseisen<br \/>\nHergestellt in: Frankreich<br \/>\nGarantie: lebenslang<\/p>\n<p>Fassungsverm\u00f6gen: 4,2 l<\/p>\n<p><strong>W\u00e4rmequelle:<\/strong><\/p>\n<ul>\n<li>Ofen<\/li>\n<li>Ofen im Grillmodus<\/li>\n<li>Elektroherd<\/li>\n<li>Keramikglas<\/li>\n<li>Gasherd<\/li>\n<li>Induktionskochfeld<\/li>\n<\/ul>\n<p><strong>Reinigung und Pflege:<\/strong><\/p>\n<div class=\"description-and-detail m-0 py-4 py-sm-5 pt-sm-6 mt-sm-2-3 mt-md-0 py-md-7\">\n<div class=\"container overflow-hidden\">\n<div class=\"row justify-content-sm-center\">\n<div class=\"col-xl-5 Accord-detail-section col-md-6 col-12 m-auto\">\n<div class=\"description-details col-sm-12 px-0 pl-0\">\n<div class=\"justify-content-end\">\n<div id=\"desc-accordion-21177240101441\" class=\"desc-accordion\">\n<div class=\"mb-0\">\n<div class=\"border-top-solid desc-accordion-item\">\n<div id=\"collapseFour-21177240101441\" class=\"collapse show\" data-parent=\"#desc-accordion-21177240101441\">\n<div class=\"col-12 d-flex p-0 pt-1-2 border-image-top-2\">\n<div class=\"col-8 p-0 description-message t-style-2 t-lyon\">\n<ul>\n<li class=\"mb-3\">Warten Sie, bis das Produkt vollst\u00e4ndig abgek\u00fchlt ist, bevor Sie mit der Reinigung beginnen.<\/li>\n<li class=\"mb-3\">Entfernen Sie alle R\u00fcckst\u00e4nde von der Basis und den Kanten des Produkts. Bei hartn\u00e4ckigen Speiseresten f\u00fcllen Sie das Produkt mit warmem Seifenwasser und lassen es 15\u201320 Minuten einweichen, bevor Sie es wie gewohnt waschen.<\/li>\n<li class=\"mb-3\">Verwenden Sie zum Reinigen von Oberfl\u00e4chen keine aggressiven Reinigungsmittel, Scheuer- und\/oder Metallschw\u00e4mme oder sehr harte und starre B\u00fcrsten.<\/li>\n<li class=\"mb-3\">Trocknen Sie das Produkt nach dem Waschen sorgf\u00e4ltig ab und lagern Sie es an einem trockenen Ort.<\/li>\n<li class=\"mb-3\">Kochtopf: Kocht\u00f6pfe mit Gusseisen- und Phenolgriffen sind sp\u00fclmaschinenfest. Allerdings kann die st\u00e4ndige Benutzung der Sp\u00fclmaschine dazu f\u00fchren, dass die verglaste Oberfl\u00e4che matt wird.<\/li>\n<li class=\"mb-3\">Topfdeckel: Deckel mit Edelstahl- und Phenolkn\u00f6pfen sind sp\u00fclmaschinenfest. Bez\u00fcge mit goldenen, schillernden, kupferfarbenen und schwarzen Nickelkn\u00f6pfen sollten von Hand gewaschen werden, um ihr Finish zu erhalten.<\/li>\n<\/ul>\n<\/div>\n<\/div>\n<\/div>\n<\/div>\n<\/div>\n<\/div>\n<\/div>\n<\/div>\n<\/div>\n<\/div>\n<\/div>\n<\/div>\n<div class=\"recommendations bg-white\">\n<div id=\"cq_recomm_slot-453657c5068d11797fb8ac5a37\">\n<div class=\"container justify-content-center overflow-hidden t-color-1 Recommendation-Products Slot-Recommendation-Products\">\n<div class=\"\"><\/div>\n<\/div>\n<\/div>\n<\/div>\n","protected":false},"excerpt":{"rendered":"<p>Seit fast einem Jahrhundert verliebt sie sich in K\u00f6che und K\u00f6che auf der ganzen Welt: Es ist die Cocotte von<\/p>\n","protected":false},"featured_media":449188,"template":"","meta":{"_acf_changed":false,"inline_featured_image":false},"product_cat":[6709,14793],"product_tag":[25088,11387,11381,14827,11383,11385,21533,12315,12992,25022,12205],"acf":[],"yoast_head":"<!-- This site is optimized with the Yoast SEO Premium plugin v18.6 (Yoast SEO v19.13) - https:\/\/yoast.com\/wordpress\/plugins\/seo\/ -->\n<title>LE CREUSET Runde Cocotte Evolution aus Gusseisen 24 cm Garnet - Erresse Shop<\/title>\n<meta name=\"description\" content=\"Seit fast einem Jahrhundert verliebt sie sich in K\u00f6che und K\u00f6che auf der ganzen Welt: Es ist die Cocotte von Le Creuset, ein authentischer Klassiker.\" \/>\n<meta name=\"robots\" content=\"index, follow, max-snippet:-1, max-image-preview:large, max-video-preview:-1\" \/>\n<link rel=\"canonical\" href=\"https:\/\/www.erresse-shop.it\/de\/shop\/toepfe-pfannen\/schalldaempfer-und-kokotten\/le-creuset-runde-cocotte-evolution-aus-gusseisen-24-cm-weis-copia\/\" \/>\n<meta property=\"og:locale\" content=\"de_DE\" \/>\n<meta property=\"og:type\" content=\"article\" \/>\n<meta property=\"og:title\" content=\"LE CREUSET Runde Cocotte Evolution aus Gusseisen 24 cm Garnet\" \/>\n<meta property=\"og:description\" content=\"Seit fast einem Jahrhundert verliebt sie sich in K\u00f6che und K\u00f6che auf der ganzen Welt: Es ist die Cocotte von Le Creuset, ein authentischer Klassiker.\" \/>\n<meta property=\"og:url\" content=\"https:\/\/www.erresse-shop.it\/de\/shop\/toepfe-pfannen\/schalldaempfer-und-kokotten\/le-creuset-runde-cocotte-evolution-aus-gusseisen-24-cm-weis-copia\/\" \/>\n<meta property=\"og:site_name\" content=\"Erresse Shop\" \/>\n<meta property=\"article:modified_time\" content=\"2024-11-18T11:13:09+00:00\" \/>\n<meta property=\"og:image\" content=\"https:\/\/www.erresse-shop.it\/wp-content\/uploads\/2024\/11\/LE-CREUSET-Cocotte-Rotonda-Evolution-in-Ghisa-24-cm-Garnet.jpg\" \/>\n\t<meta property=\"og:image:width\" content=\"1200\" \/>\n\t<meta property=\"og:image:height\" content=\"1200\" \/>\n\t<meta property=\"og:image:type\" content=\"image\/jpeg\" \/>\n<meta name=\"twitter:card\" content=\"summary_large_image\" \/>\n<script type=\"application\/ld+json\" class=\"yoast-schema-graph\">{\"@context\":\"https:\/\/schema.org\",\"@graph\":[{\"@type\":\"WebPage\",\"@id\":\"https:\/\/www.erresse-shop.it\/de\/shop\/toepfe-pfannen\/schalldaempfer-und-kokotten\/le-creuset-runde-cocotte-evolution-aus-gusseisen-24-cm-weis-copia\/\",\"url\":\"https:\/\/www.erresse-shop.it\/de\/shop\/toepfe-pfannen\/schalldaempfer-und-kokotten\/le-creuset-runde-cocotte-evolution-aus-gusseisen-24-cm-weis-copia\/\",\"name\":\"LE CREUSET Runde Cocotte Evolution aus Gusseisen 24 cm Garnet - Erresse Shop\",\"isPartOf\":{\"@id\":\"https:\/\/www.erresse-shop.it\/de\/#website\"},\"datePublished\":\"2024-11-18T10:58:19+00:00\",\"dateModified\":\"2024-11-18T11:13:09+00:00\",\"description\":\"Seit fast einem Jahrhundert verliebt sie sich in K\u00f6che und K\u00f6che auf der ganzen Welt: Es ist die Cocotte von Le Creuset, ein authentischer Klassiker.\",\"breadcrumb\":{\"@id\":\"https:\/\/www.erresse-shop.it\/de\/shop\/toepfe-pfannen\/schalldaempfer-und-kokotten\/le-creuset-runde-cocotte-evolution-aus-gusseisen-24-cm-weis-copia\/#breadcrumb\"},\"inLanguage\":\"de-DE\",\"potentialAction\":[{\"@type\":\"ReadAction\",\"target\":[\"https:\/\/www.erresse-shop.it\/de\/shop\/toepfe-pfannen\/schalldaempfer-und-kokotten\/le-creuset-runde-cocotte-evolution-aus-gusseisen-24-cm-weis-copia\/\"]}]},{\"@type\":\"BreadcrumbList\",\"@id\":\"https:\/\/www.erresse-shop.it\/de\/shop\/toepfe-pfannen\/schalldaempfer-und-kokotten\/le-creuset-runde-cocotte-evolution-aus-gusseisen-24-cm-weis-copia\/#breadcrumb\",\"itemListElement\":[{\"@type\":\"ListItem\",\"position\":1,\"name\":\"Home\",\"item\":\"https:\/\/www.erresse-shop.it\/de\/\"},{\"@type\":\"ListItem\",\"position\":2,\"name\":\"Shop\",\"item\":\"https:\/\/www.erresse-shop.it\/de\/shop\/\"},{\"@type\":\"ListItem\",\"position\":3,\"name\":\"LE CREUSET Runde Cocotte Evolution aus Gusseisen 24 cm Garnet\"}]},{\"@type\":\"WebSite\",\"@id\":\"https:\/\/www.erresse-shop.it\/de\/#website\",\"url\":\"https:\/\/www.erresse-shop.it\/de\/\",\"name\":\"Erresse Shop\",\"description\":\"Articoli di qualit\u00e0 per la casa\",\"potentialAction\":[{\"@type\":\"SearchAction\",\"target\":{\"@type\":\"EntryPoint\",\"urlTemplate\":\"https:\/\/www.erresse-shop.it\/de\/?s={search_term_string}\"},\"query-input\":\"required name=search_term_string\"}],\"inLanguage\":\"de-DE\"}]}<\/script>\n<!-- \/ Yoast SEO Premium plugin. -->","yoast_head_json":{"title":"LE CREUSET Runde Cocotte Evolution aus Gusseisen 24 cm Garnet - Erresse Shop","description":"Seit fast einem Jahrhundert verliebt sie sich in K\u00f6che und K\u00f6che auf der ganzen Welt: Es ist die Cocotte von Le Creuset, ein authentischer Klassiker.","robots":{"index":"index","follow":"follow","max-snippet":"max-snippet:-1","max-image-preview":"max-image-preview:large","max-video-preview":"max-video-preview:-1"},"canonical":"https:\/\/www.erresse-shop.it\/de\/shop\/toepfe-pfannen\/schalldaempfer-und-kokotten\/le-creuset-runde-cocotte-evolution-aus-gusseisen-24-cm-weis-copia\/","og_locale":"de_DE","og_type":"article","og_title":"LE CREUSET Runde Cocotte Evolution aus Gusseisen 24 cm Garnet","og_description":"Seit fast einem Jahrhundert verliebt sie sich in K\u00f6che und K\u00f6che auf der ganzen Welt: Es ist die Cocotte von Le Creuset, ein authentischer Klassiker.","og_url":"https:\/\/www.erresse-shop.it\/de\/shop\/toepfe-pfannen\/schalldaempfer-und-kokotten\/le-creuset-runde-cocotte-evolution-aus-gusseisen-24-cm-weis-copia\/","og_site_name":"Erresse Shop","article_modified_time":"2024-11-18T11:13:09+00:00","og_image":[{"width":1200,"height":1200,"url":"https:\/\/www.erresse-shop.it\/wp-content\/uploads\/2024\/11\/LE-CREUSET-Cocotte-Rotonda-Evolution-in-Ghisa-24-cm-Garnet.jpg","type":"image\/jpeg"}],"twitter_card":"summary_large_image","schema":{"@context":"https:\/\/schema.org","@graph":[{"@type":"WebPage","@id":"https:\/\/www.erresse-shop.it\/de\/shop\/toepfe-pfannen\/schalldaempfer-und-kokotten\/le-creuset-runde-cocotte-evolution-aus-gusseisen-24-cm-weis-copia\/","url":"https:\/\/www.erresse-shop.it\/de\/shop\/toepfe-pfannen\/schalldaempfer-und-kokotten\/le-creuset-runde-cocotte-evolution-aus-gusseisen-24-cm-weis-copia\/","name":"LE CREUSET Runde Cocotte Evolution aus Gusseisen 24 cm Garnet - Erresse Shop","isPartOf":{"@id":"https:\/\/www.erresse-shop.it\/de\/#website"},"datePublished":"2024-11-18T10:58:19+00:00","dateModified":"2024-11-18T11:13:09+00:00","description":"Seit fast einem Jahrhundert verliebt sie sich in K\u00f6che und K\u00f6che auf der ganzen Welt: Es ist die Cocotte von Le Creuset, ein authentischer Klassiker.","breadcrumb":{"@id":"https:\/\/www.erresse-shop.it\/de\/shop\/toepfe-pfannen\/schalldaempfer-und-kokotten\/le-creuset-runde-cocotte-evolution-aus-gusseisen-24-cm-weis-copia\/#breadcrumb"},"inLanguage":"de-DE","potentialAction":[{"@type":"ReadAction","target":["https:\/\/www.erresse-shop.it\/de\/shop\/toepfe-pfannen\/schalldaempfer-und-kokotten\/le-creuset-runde-cocotte-evolution-aus-gusseisen-24-cm-weis-copia\/"]}]},{"@type":"BreadcrumbList","@id":"https:\/\/www.erresse-shop.it\/de\/shop\/toepfe-pfannen\/schalldaempfer-und-kokotten\/le-creuset-runde-cocotte-evolution-aus-gusseisen-24-cm-weis-copia\/#breadcrumb","itemListElement":[{"@type":"ListItem","position":1,"name":"Home","item":"https:\/\/www.erresse-shop.it\/de\/"},{"@type":"ListItem","position":2,"name":"Shop","item":"https:\/\/www.erresse-shop.it\/de\/shop\/"},{"@type":"ListItem","position":3,"name":"LE CREUSET Runde Cocotte Evolution aus Gusseisen 24 cm Garnet"}]},{"@type":"WebSite","@id":"https:\/\/www.erresse-shop.it\/de\/#website","url":"https:\/\/www.erresse-shop.it\/de\/","name":"Erresse Shop","description":"Articoli di qualit\u00e0 per la casa","potentialAction":[{"@type":"SearchAction","target":{"@type":"EntryPoint","urlTemplate":"https:\/\/www.erresse-shop.it\/de\/?s={search_term_string}"},"query-input":"required name=search_term_string"}],"inLanguage":"de-DE"}]}},"df_price":152.55,"df_sale_price":152.55,"df_regular_price":339,"df_image_link":"https:\/\/www.erresse-shop.it\/wp-content\/uploads\/2024\/11\/LE-CREUSET-Cocotte-Rotonda-Evolution-in-Ghisa-24-cm-Garnet-300x300.jpg","_links":{"self":[{"href":"https:\/\/www.erresse-shop.it\/de\/wp-json\/wp\/v2\/product\/449151"}],"collection":[{"href":"https:\/\/www.erresse-shop.it\/de\/wp-json\/wp\/v2\/product"}],"about":[{"href":"https:\/\/www.erresse-shop.it\/de\/wp-json\/wp\/v2\/types\/product"}],"wp:featuredmedia":[{"embeddable":true,"href":"https:\/\/www.erresse-shop.it\/de\/wp-json\/wp\/v2\/media\/449188"}],"wp:attachment":[{"href":"https:\/\/www.erresse-shop.it\/de\/wp-json\/wp\/v2\/media?parent=449151"}],"wp:term":[{"taxonomy":"product_cat","embeddable":true,"href":"https:\/\/www.erresse-shop.it\/de\/wp-json\/wp\/v2\/product_cat?post=449151"},{"taxonomy":"product_tag","embeddable":true,"href":"https:\/\/www.erresse-shop.it\/de\/wp-json\/wp\/v2\/product_tag?post=449151"}],"curies":[{"name":"wp","href":"https:\/\/api.w.org\/{rel}","templated":true}]}}