{"id":449053,"date":"2024-11-18T09:44:40","date_gmt":"2024-11-18T09:44:40","guid":{"rendered":"https:\/\/www.erresse-shop.it\/?post_type=product&#038;p=449053"},"modified":"2026-02-24T11:35:10","modified_gmt":"2026-02-24T11:35:10","slug":"le-creuset-bratpfanne-evolution-doppelschnabel-26-cm-weiss","status":"publish","type":"product","link":"https:\/\/www.erresse-shop.it\/de\/shop\/toepfe-pfannen\/pfannen\/le-creuset-bratpfanne-evolution-doppelschnabel-26-cm-weiss\/","title":{"rendered":"LE CREUSET Bratpfanne Evolution Doppelschnabel 26 cm Wei\u00df"},"content":{"rendered":"<p>Diese Pfanne besteht aus unserem legend\u00e4ren verglasten Gusseisen und kann daher sowohl im Ofen als auch auf dem Herd verwendet werden. Er ist ein wirklich unverzichtbarer Verb\u00fcndeter in der K\u00fcche und verf\u00fcgt \u00fcber einen ergonomischen Griff, der das Bewegen erleichtert. Der Doppelauslauf dient zum tropfenfreien Ausgie\u00dfen und Servieren. Sind Sie bereit zu dienen? Bringen Sie das Essen direkt an den Tisch.<\/p>\n<ul>\n<li>\n<p class=\"mb-3\">Vielseitigkeit: Dieses Produkt ist f\u00fcr den Ofen, den Herd und den Ofen im Grillmodus geeignet.<\/p>\n<\/li>\n<li>\n<p class=\"mb-3\">Gro\u00dfartig schmeckende Speisen: Verglastes Gusseisen speichert die W\u00e4rme f\u00fcr gleichm\u00e4\u00dfiges Garen und Anbraten. Ihre k\u00f6stlichen Kreationen bleiben auch am Tisch l\u00e4nger warm.<\/p>\n<\/li>\n<li>\n<p class=\"mb-3\">Leicht zu greifen: Die eleganten und bequemen Griffe erm\u00f6glichen ein sicheres Anheben des Produkts.<\/p>\n<\/li>\n<li>\n<p class=\"mb-3\">Eine wertvolle Hilfe: Mit dem praktischen Griff k\u00f6nnen Sie das Produkt einfach anheben und zwischen Herd, Backofen und Tisch bewegen.<\/p>\n<\/li>\n<li>\n<p class=\"mb-3\">Bedenkenlos einschenken: Die seitlichen Ausgie\u00dfer erleichtern das Ausgie\u00dfen (ohne zu tropfen).<\/p>\n<\/li>\n<li>\n<p class=\"mb-3\">Ein Regenbogen an Farben: Unser Sortiment ist in einer gro\u00dfen Farbauswahl erh\u00e4ltlich und verleiht Ihrer K\u00fcche einen Hauch von Farbe.<\/p>\n<\/li>\n<li>\n<p class=\"mb-3\">Nicht zu hei\u00df: Kochen Sie bei konstant niedriger bis mittlerer Hitze, um Ihr Gusseisenprodukt zu schonen und k\u00f6stliche Ergebnisse zu erzielen.<\/p>\n<\/li>\n<li>\n<p class=\"mb-3\">Es verbessert sich mit der Zeit: Die verglaste Innenseite entwickelt eine nat\u00fcrliche Patina, die sich fast wie eine antihaftbeschichtete Oberfl\u00e4che verh\u00e4lt. Seine Oberfl\u00e4che verf\u00fcgt \u00fcber Eigenschaften, die ein Anhaften von Lebensmitteln auch bei geringeren \u00d6lmengen verhindern. Waschen Sie das Produkt nur mit Wasser, damit sich die Patina entwickeln kann.<\/p>\n<\/li>\n<li>\n<p class=\"mb-3\">Beste seiner Klasse: Unsere Produkte werden aus den besten Materialien in Fabriken auf der ganzen Welt hergestellt, um die Qualit\u00e4t zu gew\u00e4hrleisten, die Sie von Le\u00a0Creuset erwarten.<\/p>\n<\/li>\n<\/ul>\n<p>Material: verglastes Gusseisen<br \/>\nHergestellt in: Frankreich<br \/>\nGarantie: lebenslang<\/p>\n<p><strong>W\u00e4rmequelle:<\/strong><\/p>\n<ul>\n<li>Ofen<\/li>\n<li>Ofengrillmodus<\/li>\n<li>Elektroherd<\/li>\n<li>Keramikglas<\/li>\n<li>Gasherd<\/li>\n<li>Induktionskochfeld<\/li>\n<\/ul>\n<p><strong>Reinigung und Pflege:<\/strong><\/p>\n<ul>\n<li class=\"mb-3\">Warten Sie, bis das Produkt vollst\u00e4ndig abgek\u00fchlt ist, bevor Sie mit der Reinigung beginnen.<\/li>\n<li class=\"mb-3\">Entfernen Sie alle R\u00fcckst\u00e4nde vom Boden und den Seitenw\u00e4nden des Produkts. Bei hartn\u00e4ckigen Speiseresten f\u00fcllen Sie das Produkt mit warmem Seifenwasser und lassen es 15\u201320 Minuten einweichen, bevor Sie es wie gewohnt waschen.<\/li>\n<li class=\"mb-3\">Verwenden Sie zum Reinigen der Oberfl\u00e4chen keine Scheuermittel oder Metallreiniger, Scheuerschw\u00e4mme oder sehr harte, steife B\u00fcrsten.<\/li>\n<li class=\"mb-3\">Trocknen Sie das Produkt nach dem Waschen sorgf\u00e4ltig ab und lagern Sie es an einem trockenen Ort.<\/li>\n<\/ul>\n","protected":false},"excerpt":{"rendered":"<p>Diese Pfanne besteht aus unserem legend\u00e4ren verglasten Gusseisen und kann daher sowohl im Ofen als auch auf dem Herd verwendet<\/p>\n","protected":false},"featured_media":449224,"template":"","meta":{"_acf_changed":false,"inline_featured_image":false},"product_cat":[6709,14801],"product_tag":[25088,11383,11385,21533,12315,11605,25022],"acf":[],"yoast_head":"<!-- This site is optimized with the Yoast SEO Premium plugin v18.6 (Yoast SEO v19.13) - https:\/\/yoast.com\/wordpress\/plugins\/seo\/ -->\n<title>LE CREUSET Bratpfanne Evolution Doppelschnabel 26 cm Wei\u00df - Erresse Shop<\/title>\n<meta name=\"description\" content=\"Diese Pfanne besteht aus unserem legend\u00e4ren verglasten Gusseisen und kann daher sowohl im Ofen als auch auf dem Herd verwendet werden. Er ist ein wirklich\" \/>\n<meta name=\"robots\" content=\"index, follow, max-snippet:-1, max-image-preview:large, max-video-preview:-1\" \/>\n<link rel=\"canonical\" href=\"https:\/\/www.erresse-shop.it\/de\/shop\/toepfe-pfannen\/pfannen\/le-creuset-bratpfanne-evolution-doppelschnabel-26-cm-weiss\/\" \/>\n<meta property=\"og:locale\" content=\"de_DE\" \/>\n<meta property=\"og:type\" content=\"article\" \/>\n<meta property=\"og:title\" content=\"LE CREUSET Bratpfanne Evolution Doppelschnabel 26 cm Wei\u00df\" \/>\n<meta property=\"og:description\" content=\"Diese Pfanne besteht aus unserem legend\u00e4ren verglasten Gusseisen und kann daher sowohl im Ofen als auch auf dem Herd verwendet werden. Er ist ein wirklich\" \/>\n<meta property=\"og:url\" content=\"https:\/\/www.erresse-shop.it\/de\/shop\/toepfe-pfannen\/pfannen\/le-creuset-bratpfanne-evolution-doppelschnabel-26-cm-weiss\/\" \/>\n<meta property=\"og:site_name\" content=\"Erresse Shop\" \/>\n<meta property=\"article:modified_time\" content=\"2026-02-24T11:35:10+00:00\" \/>\n<meta property=\"og:image\" content=\"https:\/\/www.erresse-shop.it\/wp-content\/uploads\/2024\/11\/LE-CREUSET-Padella-Profonda-Evolution-Doppio-Becco-26-cm-Bianco.jpg\" \/>\n\t<meta property=\"og:image:width\" content=\"1200\" \/>\n\t<meta property=\"og:image:height\" content=\"1200\" \/>\n\t<meta property=\"og:image:type\" content=\"image\/jpeg\" \/>\n<meta name=\"twitter:card\" content=\"summary_large_image\" \/>\n<script type=\"application\/ld+json\" class=\"yoast-schema-graph\">{\"@context\":\"https:\/\/schema.org\",\"@graph\":[{\"@type\":\"WebPage\",\"@id\":\"https:\/\/www.erresse-shop.it\/de\/shop\/toepfe-pfannen\/pfannen\/le-creuset-bratpfanne-evolution-doppelschnabel-26-cm-weiss\/\",\"url\":\"https:\/\/www.erresse-shop.it\/de\/shop\/toepfe-pfannen\/pfannen\/le-creuset-bratpfanne-evolution-doppelschnabel-26-cm-weiss\/\",\"name\":\"LE CREUSET Bratpfanne Evolution Doppelschnabel 26 cm Wei\u00df - Erresse Shop\",\"isPartOf\":{\"@id\":\"https:\/\/www.erresse-shop.it\/de\/#website\"},\"datePublished\":\"2024-11-18T09:44:40+00:00\",\"dateModified\":\"2026-02-24T11:35:10+00:00\",\"description\":\"Diese Pfanne besteht aus unserem legend\u00e4ren verglasten Gusseisen und kann daher sowohl im Ofen als auch auf dem Herd verwendet werden. Er ist ein wirklich\",\"breadcrumb\":{\"@id\":\"https:\/\/www.erresse-shop.it\/de\/shop\/toepfe-pfannen\/pfannen\/le-creuset-bratpfanne-evolution-doppelschnabel-26-cm-weiss\/#breadcrumb\"},\"inLanguage\":\"de-DE\",\"potentialAction\":[{\"@type\":\"ReadAction\",\"target\":[\"https:\/\/www.erresse-shop.it\/de\/shop\/toepfe-pfannen\/pfannen\/le-creuset-bratpfanne-evolution-doppelschnabel-26-cm-weiss\/\"]}]},{\"@type\":\"BreadcrumbList\",\"@id\":\"https:\/\/www.erresse-shop.it\/de\/shop\/toepfe-pfannen\/pfannen\/le-creuset-bratpfanne-evolution-doppelschnabel-26-cm-weiss\/#breadcrumb\",\"itemListElement\":[{\"@type\":\"ListItem\",\"position\":1,\"name\":\"Home\",\"item\":\"https:\/\/www.erresse-shop.it\/de\/\"},{\"@type\":\"ListItem\",\"position\":2,\"name\":\"Shop\",\"item\":\"https:\/\/www.erresse-shop.it\/de\/shop\/\"},{\"@type\":\"ListItem\",\"position\":3,\"name\":\"LE CREUSET Bratpfanne Evolution Doppelschnabel 26 cm Wei\u00df\"}]},{\"@type\":\"WebSite\",\"@id\":\"https:\/\/www.erresse-shop.it\/de\/#website\",\"url\":\"https:\/\/www.erresse-shop.it\/de\/\",\"name\":\"Erresse Shop\",\"description\":\"Articoli di qualit\u00e0 per la casa\",\"potentialAction\":[{\"@type\":\"SearchAction\",\"target\":{\"@type\":\"EntryPoint\",\"urlTemplate\":\"https:\/\/www.erresse-shop.it\/de\/?s={search_term_string}\"},\"query-input\":\"required name=search_term_string\"}],\"inLanguage\":\"de-DE\"}]}<\/script>\n<!-- \/ Yoast SEO Premium plugin. -->","yoast_head_json":{"title":"LE CREUSET Bratpfanne Evolution Doppelschnabel 26 cm Wei\u00df - Erresse Shop","description":"Diese Pfanne besteht aus unserem legend\u00e4ren verglasten Gusseisen und kann daher sowohl im Ofen als auch auf dem Herd verwendet werden. Er ist ein wirklich","robots":{"index":"index","follow":"follow","max-snippet":"max-snippet:-1","max-image-preview":"max-image-preview:large","max-video-preview":"max-video-preview:-1"},"canonical":"https:\/\/www.erresse-shop.it\/de\/shop\/toepfe-pfannen\/pfannen\/le-creuset-bratpfanne-evolution-doppelschnabel-26-cm-weiss\/","og_locale":"de_DE","og_type":"article","og_title":"LE CREUSET Bratpfanne Evolution Doppelschnabel 26 cm Wei\u00df","og_description":"Diese Pfanne besteht aus unserem legend\u00e4ren verglasten Gusseisen und kann daher sowohl im Ofen als auch auf dem Herd verwendet werden. Er ist ein wirklich","og_url":"https:\/\/www.erresse-shop.it\/de\/shop\/toepfe-pfannen\/pfannen\/le-creuset-bratpfanne-evolution-doppelschnabel-26-cm-weiss\/","og_site_name":"Erresse Shop","article_modified_time":"2026-02-24T11:35:10+00:00","og_image":[{"width":1200,"height":1200,"url":"https:\/\/www.erresse-shop.it\/wp-content\/uploads\/2024\/11\/LE-CREUSET-Padella-Profonda-Evolution-Doppio-Becco-26-cm-Bianco.jpg","type":"image\/jpeg"}],"twitter_card":"summary_large_image","schema":{"@context":"https:\/\/schema.org","@graph":[{"@type":"WebPage","@id":"https:\/\/www.erresse-shop.it\/de\/shop\/toepfe-pfannen\/pfannen\/le-creuset-bratpfanne-evolution-doppelschnabel-26-cm-weiss\/","url":"https:\/\/www.erresse-shop.it\/de\/shop\/toepfe-pfannen\/pfannen\/le-creuset-bratpfanne-evolution-doppelschnabel-26-cm-weiss\/","name":"LE CREUSET Bratpfanne Evolution Doppelschnabel 26 cm Wei\u00df - Erresse Shop","isPartOf":{"@id":"https:\/\/www.erresse-shop.it\/de\/#website"},"datePublished":"2024-11-18T09:44:40+00:00","dateModified":"2026-02-24T11:35:10+00:00","description":"Diese Pfanne besteht aus unserem legend\u00e4ren verglasten Gusseisen und kann daher sowohl im Ofen als auch auf dem Herd verwendet werden. Er ist ein wirklich","breadcrumb":{"@id":"https:\/\/www.erresse-shop.it\/de\/shop\/toepfe-pfannen\/pfannen\/le-creuset-bratpfanne-evolution-doppelschnabel-26-cm-weiss\/#breadcrumb"},"inLanguage":"de-DE","potentialAction":[{"@type":"ReadAction","target":["https:\/\/www.erresse-shop.it\/de\/shop\/toepfe-pfannen\/pfannen\/le-creuset-bratpfanne-evolution-doppelschnabel-26-cm-weiss\/"]}]},{"@type":"BreadcrumbList","@id":"https:\/\/www.erresse-shop.it\/de\/shop\/toepfe-pfannen\/pfannen\/le-creuset-bratpfanne-evolution-doppelschnabel-26-cm-weiss\/#breadcrumb","itemListElement":[{"@type":"ListItem","position":1,"name":"Home","item":"https:\/\/www.erresse-shop.it\/de\/"},{"@type":"ListItem","position":2,"name":"Shop","item":"https:\/\/www.erresse-shop.it\/de\/shop\/"},{"@type":"ListItem","position":3,"name":"LE CREUSET Bratpfanne Evolution Doppelschnabel 26 cm Wei\u00df"}]},{"@type":"WebSite","@id":"https:\/\/www.erresse-shop.it\/de\/#website","url":"https:\/\/www.erresse-shop.it\/de\/","name":"Erresse Shop","description":"Articoli di qualit\u00e0 per la casa","potentialAction":[{"@type":"SearchAction","target":{"@type":"EntryPoint","urlTemplate":"https:\/\/www.erresse-shop.it\/de\/?s={search_term_string}"},"query-input":"required name=search_term_string"}],"inLanguage":"de-DE"}]}},"df_price":139.95,"df_sale_price":139.95,"df_regular_price":225,"df_image_link":"https:\/\/www.erresse-shop.it\/wp-content\/uploads\/2024\/11\/LE-CREUSET-Padella-Profonda-Evolution-Doppio-Becco-26-cm-Bianco-300x300.jpg","_links":{"self":[{"href":"https:\/\/www.erresse-shop.it\/de\/wp-json\/wp\/v2\/product\/449053"}],"collection":[{"href":"https:\/\/www.erresse-shop.it\/de\/wp-json\/wp\/v2\/product"}],"about":[{"href":"https:\/\/www.erresse-shop.it\/de\/wp-json\/wp\/v2\/types\/product"}],"wp:featuredmedia":[{"embeddable":true,"href":"https:\/\/www.erresse-shop.it\/de\/wp-json\/wp\/v2\/media\/449224"}],"wp:attachment":[{"href":"https:\/\/www.erresse-shop.it\/de\/wp-json\/wp\/v2\/media?parent=449053"}],"wp:term":[{"taxonomy":"product_cat","embeddable":true,"href":"https:\/\/www.erresse-shop.it\/de\/wp-json\/wp\/v2\/product_cat?post=449053"},{"taxonomy":"product_tag","embeddable":true,"href":"https:\/\/www.erresse-shop.it\/de\/wp-json\/wp\/v2\/product_tag?post=449053"}],"curies":[{"name":"wp","href":"https:\/\/api.w.org\/{rel}","templated":true}]}}