{"id":448996,"date":"2024-11-18T09:25:53","date_gmt":"2024-11-18T09:25:53","guid":{"rendered":"https:\/\/www.erresse-shop.it\/?post_type=product&#038;p=448996"},"modified":"2024-11-18T09:37:17","modified_gmt":"2024-11-18T09:37:17","slug":"le-creuset-gourmet-profitopf-aus-gusseisen-26cm-weis-copia","status":"publish","type":"product","link":"https:\/\/www.erresse-shop.it\/de\/shop\/toepfe-pfannen\/schmorpfannen\/le-creuset-gourmet-profitopf-aus-gusseisen-26cm-weis-copia\/","title":{"rendered":"LE CREUSET Gourmet-Profitopf aus Gusseisen 30 cm Wei\u00df"},"content":{"rendered":"<p><strong>GL\u00dcCK IM HERD<\/strong><\/p>\n<p>Unsere in unserer franz\u00f6sischen Gie\u00dferei hergestellten Produkte aus verglastem Gusseisen sind zu Legenden in der Welt der Kochkunst geworden. Diese flache Pfanne ist keine Ausnahme. Durch die breite, flache Form und die flachen Seiten eignet es sich perfekt zum Anbraten von Fleisch und Gem\u00fcse, zum K\u00f6cheln, Braten und Backen. Es verbessert auch die Karamellisierung und sorgt so f\u00fcr noch einladendere Gerichte.<\/p>\n<ul>\n<li>Unser hitzebest\u00e4ndiger Knopf (bis 260 \u00b0C) ist f\u00fcr einen hervorragenden Halt konzipiert, selbst wenn Sie zum Anheben des Deckels einen Topflappen verwenden.<\/li>\n<li>Schnelle Reinigung: Eine d\u00fcnne verglaste Innenschicht erleichtert die Reinigung.<\/li>\n<li>Traumhafte Griffe: Dank unserer gro\u00dfen Griffe k\u00f6nnen Sie auch mit Ofenhandschuhen problemlos von der Herdplatte auf den Tisch gelangen.<\/li>\n<li>Vielseitigkeit: Dieses Produkt ist f\u00fcr \u00d6fen, Herde und den Ofen im Grillmodus geeignet.<\/li>\n<li>Gut schmeckendes Essen: Verglastes Gusseisen speichert die W\u00e4rme und erm\u00f6glicht so ein gleichm\u00e4\u00dfiges Garen und Anbraten. Ihre k\u00f6stlichen Kreationen bleiben auch am Tisch l\u00e4nger warm.<\/li>\n<li>Erh\u00e4lt die Saftigkeit: Unser Deckel bewahrt den beim Garen von Speisen entstehenden Dampf und verst\u00e4rkt den Geschmack f\u00fcr au\u00dfergew\u00f6hnliche Kochergebnisse.<\/li>\n<li>Leicht zu greifen: Die eleganten und bequemen Griffe erm\u00f6glichen ein sicheres Anheben des Produkts.<\/li>\n<li>Nicht zu hei\u00df: Kochen Sie bei gleichm\u00e4\u00dfiger, niedriger bis mittlerer Hitze, um Ihr Steingussprodukt zu schonen und k\u00f6stliche Ergebnisse zu erzielen.<\/li>\n<li>Unsere Produkte werden aus den besten Materialien in Fabriken auf der ganzen Welt hergestellt, um die Qualit\u00e4t zu gew\u00e4hrleisten, die Sie von Le Creuset erwarten.<\/li>\n<\/ul>\n<p>Material: verglastes Gusseisen<br \/>\nHergestellt in: Frankreich<br \/>\nGarantie: lebenslang<\/p>\n<p><strong>W\u00e4rmequelle:<\/strong><\/p>\n<ul>\n<li>Ofen<\/li>\n<li>Ofengrillmodus<\/li>\n<li>Elektroherd<\/li>\n<li>Keramikglas<\/li>\n<li>Gasherd<\/li>\n<li>Induktionskochfeld<\/li>\n<\/ul>\n<p><strong>Reinigung und Pflege:<\/strong><\/p>\n<ul>\n<li>Warten Sie, bis das Produkt abgek\u00fchlt ist, bevor Sie mit der Reinigung beginnen.<\/li>\n<li>Reinigen Sie alle R\u00fcckst\u00e4nde von der Unterseite und den Seiten des Produkts. Wenn Essensreste festsitzen, f\u00fcllen Sie das Produkt mit warmem Seifenwasser und lassen Sie es 15\u201320 Minuten einweichen, bevor Sie es wie gewohnt waschen.<\/li>\n<li>Verwenden Sie auf keiner der Oberfl\u00e4chen Scheuermittel oder metallische, scheuernde oder sehr steife Schw\u00e4mme oder B\u00fcrsten.<\/li>\n<li>Nach dem Waschen gut trocknen und an einem trockenen Ort aufbewahren.<\/li>\n<\/ul>\n","protected":false},"excerpt":{"rendered":"<p>GL\u00dcCK IM HERD Unsere in unserer franz\u00f6sischen Gie\u00dferei hergestellten Produkte aus verglastem Gusseisen sind zu Legenden in der Welt der<\/p>\n","protected":false},"featured_media":449030,"template":"","meta":{"_acf_changed":false,"inline_featured_image":false},"product_cat":[6709,14798],"product_tag":[25088,11383,11385,21533,12315,25022,11607,11875,12205],"acf":[],"yoast_head":"<!-- This site is optimized with the Yoast SEO Premium plugin v18.6 (Yoast SEO v19.13) - https:\/\/yoast.com\/wordpress\/plugins\/seo\/ -->\n<title>LE CREUSET Gourmet-Profitopf aus Gusseisen 30 cm Wei\u00df - Erresse Shop<\/title>\n<meta name=\"description\" content=\"GL\u00dcCK IM HERD Unsere in unserer franz\u00f6sischen Gie\u00dferei hergestellten Produkte aus verglastem Gusseisen sind zu Legenden in der Welt der Kochkunst\" \/>\n<meta name=\"robots\" content=\"index, follow, max-snippet:-1, max-image-preview:large, max-video-preview:-1\" \/>\n<link rel=\"canonical\" href=\"https:\/\/www.erresse-shop.it\/de\/shop\/toepfe-pfannen\/schmorpfannen\/le-creuset-gourmet-profitopf-aus-gusseisen-26cm-weis-copia\/\" \/>\n<meta property=\"og:locale\" content=\"de_DE\" \/>\n<meta property=\"og:type\" content=\"article\" \/>\n<meta property=\"og:title\" content=\"LE CREUSET Gourmet-Profitopf aus Gusseisen 30 cm Wei\u00df\" \/>\n<meta property=\"og:description\" content=\"GL\u00dcCK IM HERD Unsere in unserer franz\u00f6sischen Gie\u00dferei hergestellten Produkte aus verglastem Gusseisen sind zu Legenden in der Welt der Kochkunst\" \/>\n<meta property=\"og:url\" content=\"https:\/\/www.erresse-shop.it\/de\/shop\/toepfe-pfannen\/schmorpfannen\/le-creuset-gourmet-profitopf-aus-gusseisen-26cm-weis-copia\/\" \/>\n<meta property=\"og:site_name\" content=\"Erresse Shop\" \/>\n<meta property=\"article:modified_time\" content=\"2024-11-18T09:37:17+00:00\" \/>\n<meta property=\"og:image\" content=\"https:\/\/www.erresse-shop.it\/wp-content\/uploads\/2024\/11\/LE-CREUSET-Tegame-Basso-Evolution-in-Ghisa-30-cm-Bianco.jpg\" \/>\n\t<meta property=\"og:image:width\" content=\"1200\" \/>\n\t<meta property=\"og:image:height\" content=\"1200\" \/>\n\t<meta property=\"og:image:type\" content=\"image\/jpeg\" \/>\n<meta name=\"twitter:card\" content=\"summary_large_image\" \/>\n<script type=\"application\/ld+json\" class=\"yoast-schema-graph\">{\"@context\":\"https:\/\/schema.org\",\"@graph\":[{\"@type\":\"WebPage\",\"@id\":\"https:\/\/www.erresse-shop.it\/de\/shop\/toepfe-pfannen\/schmorpfannen\/le-creuset-gourmet-profitopf-aus-gusseisen-26cm-weis-copia\/\",\"url\":\"https:\/\/www.erresse-shop.it\/de\/shop\/toepfe-pfannen\/schmorpfannen\/le-creuset-gourmet-profitopf-aus-gusseisen-26cm-weis-copia\/\",\"name\":\"LE CREUSET Gourmet-Profitopf aus Gusseisen 30 cm Wei\u00df - Erresse Shop\",\"isPartOf\":{\"@id\":\"https:\/\/www.erresse-shop.it\/de\/#website\"},\"datePublished\":\"2024-11-18T09:25:53+00:00\",\"dateModified\":\"2024-11-18T09:37:17+00:00\",\"description\":\"GL\u00dcCK IM HERD Unsere in unserer franz\u00f6sischen Gie\u00dferei hergestellten Produkte aus verglastem Gusseisen sind zu Legenden in der Welt der Kochkunst\",\"breadcrumb\":{\"@id\":\"https:\/\/www.erresse-shop.it\/de\/shop\/toepfe-pfannen\/schmorpfannen\/le-creuset-gourmet-profitopf-aus-gusseisen-26cm-weis-copia\/#breadcrumb\"},\"inLanguage\":\"de-DE\",\"potentialAction\":[{\"@type\":\"ReadAction\",\"target\":[\"https:\/\/www.erresse-shop.it\/de\/shop\/toepfe-pfannen\/schmorpfannen\/le-creuset-gourmet-profitopf-aus-gusseisen-26cm-weis-copia\/\"]}]},{\"@type\":\"BreadcrumbList\",\"@id\":\"https:\/\/www.erresse-shop.it\/de\/shop\/toepfe-pfannen\/schmorpfannen\/le-creuset-gourmet-profitopf-aus-gusseisen-26cm-weis-copia\/#breadcrumb\",\"itemListElement\":[{\"@type\":\"ListItem\",\"position\":1,\"name\":\"Home\",\"item\":\"https:\/\/www.erresse-shop.it\/de\/\"},{\"@type\":\"ListItem\",\"position\":2,\"name\":\"Shop\",\"item\":\"https:\/\/www.erresse-shop.it\/de\/shop\/\"},{\"@type\":\"ListItem\",\"position\":3,\"name\":\"LE CREUSET Gourmet-Profitopf aus Gusseisen 30 cm Wei\u00df\"}]},{\"@type\":\"WebSite\",\"@id\":\"https:\/\/www.erresse-shop.it\/de\/#website\",\"url\":\"https:\/\/www.erresse-shop.it\/de\/\",\"name\":\"Erresse Shop\",\"description\":\"Articoli di qualit\u00e0 per la casa\",\"potentialAction\":[{\"@type\":\"SearchAction\",\"target\":{\"@type\":\"EntryPoint\",\"urlTemplate\":\"https:\/\/www.erresse-shop.it\/de\/?s={search_term_string}\"},\"query-input\":\"required name=search_term_string\"}],\"inLanguage\":\"de-DE\"}]}<\/script>\n<!-- \/ Yoast SEO Premium plugin. -->","yoast_head_json":{"title":"LE CREUSET Gourmet-Profitopf aus Gusseisen 30 cm Wei\u00df - Erresse Shop","description":"GL\u00dcCK IM HERD Unsere in unserer franz\u00f6sischen Gie\u00dferei hergestellten Produkte aus verglastem Gusseisen sind zu Legenden in der Welt der Kochkunst","robots":{"index":"index","follow":"follow","max-snippet":"max-snippet:-1","max-image-preview":"max-image-preview:large","max-video-preview":"max-video-preview:-1"},"canonical":"https:\/\/www.erresse-shop.it\/de\/shop\/toepfe-pfannen\/schmorpfannen\/le-creuset-gourmet-profitopf-aus-gusseisen-26cm-weis-copia\/","og_locale":"de_DE","og_type":"article","og_title":"LE CREUSET Gourmet-Profitopf aus Gusseisen 30 cm Wei\u00df","og_description":"GL\u00dcCK IM HERD Unsere in unserer franz\u00f6sischen Gie\u00dferei hergestellten Produkte aus verglastem Gusseisen sind zu Legenden in der Welt der Kochkunst","og_url":"https:\/\/www.erresse-shop.it\/de\/shop\/toepfe-pfannen\/schmorpfannen\/le-creuset-gourmet-profitopf-aus-gusseisen-26cm-weis-copia\/","og_site_name":"Erresse Shop","article_modified_time":"2024-11-18T09:37:17+00:00","og_image":[{"width":1200,"height":1200,"url":"https:\/\/www.erresse-shop.it\/wp-content\/uploads\/2024\/11\/LE-CREUSET-Tegame-Basso-Evolution-in-Ghisa-30-cm-Bianco.jpg","type":"image\/jpeg"}],"twitter_card":"summary_large_image","schema":{"@context":"https:\/\/schema.org","@graph":[{"@type":"WebPage","@id":"https:\/\/www.erresse-shop.it\/de\/shop\/toepfe-pfannen\/schmorpfannen\/le-creuset-gourmet-profitopf-aus-gusseisen-26cm-weis-copia\/","url":"https:\/\/www.erresse-shop.it\/de\/shop\/toepfe-pfannen\/schmorpfannen\/le-creuset-gourmet-profitopf-aus-gusseisen-26cm-weis-copia\/","name":"LE CREUSET Gourmet-Profitopf aus Gusseisen 30 cm Wei\u00df - Erresse Shop","isPartOf":{"@id":"https:\/\/www.erresse-shop.it\/de\/#website"},"datePublished":"2024-11-18T09:25:53+00:00","dateModified":"2024-11-18T09:37:17+00:00","description":"GL\u00dcCK IM HERD Unsere in unserer franz\u00f6sischen Gie\u00dferei hergestellten Produkte aus verglastem Gusseisen sind zu Legenden in der Welt der Kochkunst","breadcrumb":{"@id":"https:\/\/www.erresse-shop.it\/de\/shop\/toepfe-pfannen\/schmorpfannen\/le-creuset-gourmet-profitopf-aus-gusseisen-26cm-weis-copia\/#breadcrumb"},"inLanguage":"de-DE","potentialAction":[{"@type":"ReadAction","target":["https:\/\/www.erresse-shop.it\/de\/shop\/toepfe-pfannen\/schmorpfannen\/le-creuset-gourmet-profitopf-aus-gusseisen-26cm-weis-copia\/"]}]},{"@type":"BreadcrumbList","@id":"https:\/\/www.erresse-shop.it\/de\/shop\/toepfe-pfannen\/schmorpfannen\/le-creuset-gourmet-profitopf-aus-gusseisen-26cm-weis-copia\/#breadcrumb","itemListElement":[{"@type":"ListItem","position":1,"name":"Home","item":"https:\/\/www.erresse-shop.it\/de\/"},{"@type":"ListItem","position":2,"name":"Shop","item":"https:\/\/www.erresse-shop.it\/de\/shop\/"},{"@type":"ListItem","position":3,"name":"LE CREUSET Gourmet-Profitopf aus Gusseisen 30 cm Wei\u00df"}]},{"@type":"WebSite","@id":"https:\/\/www.erresse-shop.it\/de\/#website","url":"https:\/\/www.erresse-shop.it\/de\/","name":"Erresse Shop","description":"Articoli di qualit\u00e0 per la casa","potentialAction":[{"@type":"SearchAction","target":{"@type":"EntryPoint","urlTemplate":"https:\/\/www.erresse-shop.it\/de\/?s={search_term_string}"},"query-input":"required name=search_term_string"}],"inLanguage":"de-DE"}]}},"df_price":152.55,"df_sale_price":152.55,"df_regular_price":339,"df_image_link":"https:\/\/www.erresse-shop.it\/wp-content\/uploads\/2024\/11\/LE-CREUSET-Tegame-Basso-Evolution-in-Ghisa-30-cm-Bianco-300x300.jpg","_links":{"self":[{"href":"https:\/\/www.erresse-shop.it\/de\/wp-json\/wp\/v2\/product\/448996"}],"collection":[{"href":"https:\/\/www.erresse-shop.it\/de\/wp-json\/wp\/v2\/product"}],"about":[{"href":"https:\/\/www.erresse-shop.it\/de\/wp-json\/wp\/v2\/types\/product"}],"wp:featuredmedia":[{"embeddable":true,"href":"https:\/\/www.erresse-shop.it\/de\/wp-json\/wp\/v2\/media\/449030"}],"wp:attachment":[{"href":"https:\/\/www.erresse-shop.it\/de\/wp-json\/wp\/v2\/media?parent=448996"}],"wp:term":[{"taxonomy":"product_cat","embeddable":true,"href":"https:\/\/www.erresse-shop.it\/de\/wp-json\/wp\/v2\/product_cat?post=448996"},{"taxonomy":"product_tag","embeddable":true,"href":"https:\/\/www.erresse-shop.it\/de\/wp-json\/wp\/v2\/product_tag?post=448996"}],"curies":[{"name":"wp","href":"https:\/\/api.w.org\/{rel}","templated":true}]}}