{"id":448535,"date":"2024-11-15T15:22:01","date_gmt":"2024-11-15T15:22:01","guid":{"rendered":"https:\/\/www.erresse-shop.it\/?post_type=product&#038;p=448535"},"modified":"2026-02-24T11:56:07","modified_gmt":"2026-02-24T11:56:07","slug":"le-creuset-mini-cocotte-10-cm-weiss","status":"publish","type":"product","link":"https:\/\/www.erresse-shop.it\/de\/shop\/toepfe-pfannen\/schalldaempfer-und-kokotten\/le-creuset-mini-cocotte-10-cm-weiss\/","title":{"rendered":"LE CREUSET Mini Cocotte 10 cm Wei\u00df"},"content":{"rendered":"<p>Diese h\u00fcbsche Mini-Cocotte eignet sich perfekt zum Kochen und Servieren von Einzelportionen oder Beilagen. Ihre G\u00e4ste werden sich in die harmonische Linienf\u00fchrung und das fr\u00f6hliche Erscheinungsbild verlieben. Es eignet sich auch perfekt f\u00fcr Gew\u00fcrze, Saucen und Vorspeisen. Dar\u00fcber hinaus k\u00f6nnen Sie ihn dank des Deckels zum Erhitzen von Saucen in der Mikrowelle oder zum Frischhalten eines Snacks verwenden. Klein, aber mit tausend Funktionen!<\/p>\n<p style=\"text-align: justify;\"><strong>Produktdetails:<\/strong><\/p>\n<ul>\n<li>\n<p class=\"mb-3\">Immer auf dem neuesten Stand: Unser Steinzeug ist kratzfest und leicht zu reinigen.<\/p>\n<\/li>\n<li>\n<p class=\"mb-3\">Perfekte Verarbeitung: Hergestellt aus hochwertiger Keramik, halten unsere Produkte aus Steingut gleichm\u00e4\u00dfige Temperaturen aufrecht und garantieren Widerstandsf\u00e4higkeit und Haltbarkeit \u00fcber die Zeit.<\/p>\n<\/li>\n<li>\n<p class=\"mb-3\">Ein Regenbogen an Farben: Unser Sortiment ist in einer gro\u00dfen Farbauswahl erh\u00e4ltlich und verleiht Ihrer K\u00fcche einen Hauch von Farbe.<\/p>\n<\/li>\n<li>\n<p class=\"mb-3\">Eine moderne Ikone: Mit dem charakteristischen Drei-Ring-Muster passt dieses Produkt zu unserem legend\u00e4ren Kochgeschirr aus verglastem Gusseisen und ist somit die perfekte Erg\u00e4nzung Ihrer Le\u00a0Creuset-Kollektion.&lt;\/p &gt;<\/p>\n<\/li>\n<li>\n<p class=\"mb-3\">Geeignet f\u00fcr Hitze und K\u00e4lte: Unser Steinzeug ist hitzebest\u00e4ndig von -23 \u00b0C bis +260 \u00b0C.<\/p>\n<\/li>\n<li>\n<p class=\"mb-3\">Beste seiner Klasse: Unsere Produkte werden aus den besten Materialien in Fabriken auf der ganzen Welt hergestellt, um die Qualit\u00e4t zu gew\u00e4hrleisten, die Sie von Le\u00a0Creuset erwarten.<\/p>\n<\/li>\n<\/ul>\n<p>Material: Verglastes Steinzeug<br \/>\nHergestellt in: Thailand<br \/>\nGarantie: 10 Jahre<\/p>\n<p>Fassungsverm\u00f6gen: 0,25 l<\/p>\n<p><strong>W\u00e4rmequelle:<\/strong><\/p>\n<ul>\n<li>Ofen<\/li>\n<li>Ofen im Grillmodus<\/li>\n<li>Mikrowelle<\/li>\n<\/ul>\n<p><strong>Reinigung und Pflege:<\/strong><\/p>\n<ul>\n<li class=\"mb-3\">Warten Sie, bis das Produkt vollst\u00e4ndig abgek\u00fchlt ist, bevor Sie mit der Reinigung beginnen.<\/li>\n<li class=\"mb-3\">Entfernen Sie alle R\u00fcckst\u00e4nde vom Boden und den Seitenw\u00e4nden des Produkts. Bei hartn\u00e4ckigen Speiseresten f\u00fcllen Sie das Produkt mit warmem Seifenwasser und lassen es 15\u201320 Minuten einweichen, bevor Sie es wie gewohnt waschen.<\/li>\n<li class=\"mb-3\">Von Hand waschen und trocknen. Oder geben Sie Ihr Steinzeugprodukt f\u00fcr einen kompletten Sp\u00fclgang in die Sp\u00fclmaschine.<\/li>\n<\/ul>\n","protected":false},"excerpt":{"rendered":"<p>Diese h\u00fcbsche Mini-Cocotte eignet sich perfekt zum Kochen und Servieren von Einzelportionen oder Beilagen. Ihre G\u00e4ste werden sich in die<\/p>\n","protected":false},"featured_media":448592,"template":"","meta":{"_acf_changed":false,"inline_featured_image":false},"product_cat":[6709,14793],"product_tag":[11387,11381,14827,11383,11385,12201,24392,12992,12205],"acf":[],"yoast_head":"<!-- This site is optimized with the Yoast SEO Premium plugin v18.6 (Yoast SEO v19.13) - https:\/\/yoast.com\/wordpress\/plugins\/seo\/ -->\n<title>LE CREUSET Mini Cocotte 10 cm Wei\u00df - Erresse Shop<\/title>\n<meta name=\"description\" content=\"Diese h\u00fcbsche Mini-Cocotte eignet sich perfekt zum Kochen und Servieren von Einzelportionen oder Beilagen. Ihre G\u00e4ste werden sich in die harmonische\" \/>\n<meta name=\"robots\" content=\"index, follow, max-snippet:-1, max-image-preview:large, max-video-preview:-1\" \/>\n<link rel=\"canonical\" href=\"https:\/\/www.erresse-shop.it\/de\/shop\/toepfe-pfannen\/schalldaempfer-und-kokotten\/le-creuset-mini-cocotte-10-cm-weiss\/\" \/>\n<meta property=\"og:locale\" content=\"de_DE\" \/>\n<meta property=\"og:type\" content=\"article\" \/>\n<meta property=\"og:title\" content=\"LE CREUSET Mini Cocotte 10 cm Wei\u00df\" \/>\n<meta property=\"og:description\" content=\"Diese h\u00fcbsche Mini-Cocotte eignet sich perfekt zum Kochen und Servieren von Einzelportionen oder Beilagen. Ihre G\u00e4ste werden sich in die harmonische\" \/>\n<meta property=\"og:url\" content=\"https:\/\/www.erresse-shop.it\/de\/shop\/toepfe-pfannen\/schalldaempfer-und-kokotten\/le-creuset-mini-cocotte-10-cm-weiss\/\" \/>\n<meta property=\"og:site_name\" content=\"Erresse Shop\" \/>\n<meta property=\"article:modified_time\" content=\"2026-02-24T11:56:07+00:00\" \/>\n<meta property=\"og:image\" content=\"https:\/\/www.erresse-shop.it\/wp-content\/uploads\/2024\/11\/LE-CREUSET-Mini-Cocotte-Metallics-10-cm-Bianco.jpg\" \/>\n\t<meta property=\"og:image:width\" content=\"1200\" \/>\n\t<meta property=\"og:image:height\" content=\"1200\" \/>\n\t<meta property=\"og:image:type\" content=\"image\/jpeg\" \/>\n<meta name=\"twitter:card\" content=\"summary_large_image\" \/>\n<script type=\"application\/ld+json\" class=\"yoast-schema-graph\">{\"@context\":\"https:\/\/schema.org\",\"@graph\":[{\"@type\":\"WebPage\",\"@id\":\"https:\/\/www.erresse-shop.it\/de\/shop\/toepfe-pfannen\/schalldaempfer-und-kokotten\/le-creuset-mini-cocotte-10-cm-weiss\/\",\"url\":\"https:\/\/www.erresse-shop.it\/de\/shop\/toepfe-pfannen\/schalldaempfer-und-kokotten\/le-creuset-mini-cocotte-10-cm-weiss\/\",\"name\":\"LE CREUSET Mini Cocotte 10 cm Wei\u00df - Erresse Shop\",\"isPartOf\":{\"@id\":\"https:\/\/www.erresse-shop.it\/de\/#website\"},\"datePublished\":\"2024-11-15T15:22:01+00:00\",\"dateModified\":\"2026-02-24T11:56:07+00:00\",\"description\":\"Diese h\u00fcbsche Mini-Cocotte eignet sich perfekt zum Kochen und Servieren von Einzelportionen oder Beilagen. Ihre G\u00e4ste werden sich in die harmonische\",\"breadcrumb\":{\"@id\":\"https:\/\/www.erresse-shop.it\/de\/shop\/toepfe-pfannen\/schalldaempfer-und-kokotten\/le-creuset-mini-cocotte-10-cm-weiss\/#breadcrumb\"},\"inLanguage\":\"de-DE\",\"potentialAction\":[{\"@type\":\"ReadAction\",\"target\":[\"https:\/\/www.erresse-shop.it\/de\/shop\/toepfe-pfannen\/schalldaempfer-und-kokotten\/le-creuset-mini-cocotte-10-cm-weiss\/\"]}]},{\"@type\":\"BreadcrumbList\",\"@id\":\"https:\/\/www.erresse-shop.it\/de\/shop\/toepfe-pfannen\/schalldaempfer-und-kokotten\/le-creuset-mini-cocotte-10-cm-weiss\/#breadcrumb\",\"itemListElement\":[{\"@type\":\"ListItem\",\"position\":1,\"name\":\"Home\",\"item\":\"https:\/\/www.erresse-shop.it\/de\/\"},{\"@type\":\"ListItem\",\"position\":2,\"name\":\"Shop\",\"item\":\"https:\/\/www.erresse-shop.it\/de\/shop\/\"},{\"@type\":\"ListItem\",\"position\":3,\"name\":\"LE CREUSET Mini Cocotte 10 cm Wei\u00df\"}]},{\"@type\":\"WebSite\",\"@id\":\"https:\/\/www.erresse-shop.it\/de\/#website\",\"url\":\"https:\/\/www.erresse-shop.it\/de\/\",\"name\":\"Erresse Shop\",\"description\":\"Articoli di qualit\u00e0 per la casa\",\"potentialAction\":[{\"@type\":\"SearchAction\",\"target\":{\"@type\":\"EntryPoint\",\"urlTemplate\":\"https:\/\/www.erresse-shop.it\/de\/?s={search_term_string}\"},\"query-input\":\"required name=search_term_string\"}],\"inLanguage\":\"de-DE\"}]}<\/script>\n<!-- \/ Yoast SEO Premium plugin. -->","yoast_head_json":{"title":"LE CREUSET Mini Cocotte 10 cm Wei\u00df - Erresse Shop","description":"Diese h\u00fcbsche Mini-Cocotte eignet sich perfekt zum Kochen und Servieren von Einzelportionen oder Beilagen. Ihre G\u00e4ste werden sich in die harmonische","robots":{"index":"index","follow":"follow","max-snippet":"max-snippet:-1","max-image-preview":"max-image-preview:large","max-video-preview":"max-video-preview:-1"},"canonical":"https:\/\/www.erresse-shop.it\/de\/shop\/toepfe-pfannen\/schalldaempfer-und-kokotten\/le-creuset-mini-cocotte-10-cm-weiss\/","og_locale":"de_DE","og_type":"article","og_title":"LE CREUSET Mini Cocotte 10 cm Wei\u00df","og_description":"Diese h\u00fcbsche Mini-Cocotte eignet sich perfekt zum Kochen und Servieren von Einzelportionen oder Beilagen. Ihre G\u00e4ste werden sich in die harmonische","og_url":"https:\/\/www.erresse-shop.it\/de\/shop\/toepfe-pfannen\/schalldaempfer-und-kokotten\/le-creuset-mini-cocotte-10-cm-weiss\/","og_site_name":"Erresse Shop","article_modified_time":"2026-02-24T11:56:07+00:00","og_image":[{"width":1200,"height":1200,"url":"https:\/\/www.erresse-shop.it\/wp-content\/uploads\/2024\/11\/LE-CREUSET-Mini-Cocotte-Metallics-10-cm-Bianco.jpg","type":"image\/jpeg"}],"twitter_card":"summary_large_image","schema":{"@context":"https:\/\/schema.org","@graph":[{"@type":"WebPage","@id":"https:\/\/www.erresse-shop.it\/de\/shop\/toepfe-pfannen\/schalldaempfer-und-kokotten\/le-creuset-mini-cocotte-10-cm-weiss\/","url":"https:\/\/www.erresse-shop.it\/de\/shop\/toepfe-pfannen\/schalldaempfer-und-kokotten\/le-creuset-mini-cocotte-10-cm-weiss\/","name":"LE CREUSET Mini Cocotte 10 cm Wei\u00df - Erresse Shop","isPartOf":{"@id":"https:\/\/www.erresse-shop.it\/de\/#website"},"datePublished":"2024-11-15T15:22:01+00:00","dateModified":"2026-02-24T11:56:07+00:00","description":"Diese h\u00fcbsche Mini-Cocotte eignet sich perfekt zum Kochen und Servieren von Einzelportionen oder Beilagen. Ihre G\u00e4ste werden sich in die harmonische","breadcrumb":{"@id":"https:\/\/www.erresse-shop.it\/de\/shop\/toepfe-pfannen\/schalldaempfer-und-kokotten\/le-creuset-mini-cocotte-10-cm-weiss\/#breadcrumb"},"inLanguage":"de-DE","potentialAction":[{"@type":"ReadAction","target":["https:\/\/www.erresse-shop.it\/de\/shop\/toepfe-pfannen\/schalldaempfer-und-kokotten\/le-creuset-mini-cocotte-10-cm-weiss\/"]}]},{"@type":"BreadcrumbList","@id":"https:\/\/www.erresse-shop.it\/de\/shop\/toepfe-pfannen\/schalldaempfer-und-kokotten\/le-creuset-mini-cocotte-10-cm-weiss\/#breadcrumb","itemListElement":[{"@type":"ListItem","position":1,"name":"Home","item":"https:\/\/www.erresse-shop.it\/de\/"},{"@type":"ListItem","position":2,"name":"Shop","item":"https:\/\/www.erresse-shop.it\/de\/shop\/"},{"@type":"ListItem","position":3,"name":"LE CREUSET Mini Cocotte 10 cm Wei\u00df"}]},{"@type":"WebSite","@id":"https:\/\/www.erresse-shop.it\/de\/#website","url":"https:\/\/www.erresse-shop.it\/de\/","name":"Erresse Shop","description":"Articoli di qualit\u00e0 per la casa","potentialAction":[{"@type":"SearchAction","target":{"@type":"EntryPoint","urlTemplate":"https:\/\/www.erresse-shop.it\/de\/?s={search_term_string}"},"query-input":"required name=search_term_string"}],"inLanguage":"de-DE"}]}},"df_price":19.95,"df_sale_price":19.95,"df_regular_price":28,"df_image_link":"https:\/\/www.erresse-shop.it\/wp-content\/uploads\/2024\/11\/LE-CREUSET-Mini-Cocotte-Metallics-10-cm-Bianco-300x300.jpg","_links":{"self":[{"href":"https:\/\/www.erresse-shop.it\/de\/wp-json\/wp\/v2\/product\/448535"}],"collection":[{"href":"https:\/\/www.erresse-shop.it\/de\/wp-json\/wp\/v2\/product"}],"about":[{"href":"https:\/\/www.erresse-shop.it\/de\/wp-json\/wp\/v2\/types\/product"}],"wp:featuredmedia":[{"embeddable":true,"href":"https:\/\/www.erresse-shop.it\/de\/wp-json\/wp\/v2\/media\/448592"}],"wp:attachment":[{"href":"https:\/\/www.erresse-shop.it\/de\/wp-json\/wp\/v2\/media?parent=448535"}],"wp:term":[{"taxonomy":"product_cat","embeddable":true,"href":"https:\/\/www.erresse-shop.it\/de\/wp-json\/wp\/v2\/product_cat?post=448535"},{"taxonomy":"product_tag","embeddable":true,"href":"https:\/\/www.erresse-shop.it\/de\/wp-json\/wp\/v2\/product_tag?post=448535"}],"curies":[{"name":"wp","href":"https:\/\/api.w.org\/{rel}","templated":true}]}}