{"id":448295,"date":"2024-11-15T14:19:34","date_gmt":"2024-11-15T14:19:35","guid":{"rendered":"https:\/\/www.erresse-shop.it\/?post_type=product&#038;p=448295"},"modified":"2024-11-15T14:28:19","modified_gmt":"2024-11-15T14:28:19","slug":"le-creuset-vancouver-teller-flach-27-cm-weis-copia","status":"publish","type":"product","link":"https:\/\/www.erresse-shop.it\/de\/shop\/tisch\/teller-geschirr\/le-creuset-vancouver-teller-flach-27-cm-weis-copia\/","title":{"rendered":"LE CREUSET Vancouver Obstteller 22 cm Orange"},"content":{"rendered":"<p>Erg\u00e4nzen Sie Ihr Tischservice um diesen herrlichen Obstteller. Er wurde sorgf\u00e4ltig hergestellt und hat einen leicht konkaven Boden, um den k\u00f6stlichen Saft Ihrer Gerichte aufzufangen. Der elegante und praktische Rand zeichnet sich durch die drei f\u00fcr Le\u00a0Creuset typischen konzentrischen Kreise aus.<\/p>\n<ul>\n<li>\n<p class=\"mb-3\">Immer auf dem neuesten Stand: Unser Steinzeug ist kratzfest und leicht zu reinigen.<\/p>\n<\/li>\n<li>\n<p class=\"mb-3\">Perfekte Verarbeitung: Hergestellt aus hochwertiger Keramik, halten unsere Produkte aus Steingut gleichm\u00e4\u00dfige Temperaturen aufrecht und garantieren Widerstandsf\u00e4higkeit und Haltbarkeit \u00fcber die Zeit.<\/p>\n<\/li>\n<li>\n<p class=\"mb-3\">Ein Regenbogen an Farben: Unser Sortiment ist in einer gro\u00dfen Farbauswahl erh\u00e4ltlich und verleiht Ihrer K\u00fcche einen Hauch von Farbe.<\/p>\n<\/li>\n<li>\n<p class=\"mb-3\">Eine moderne Ikone: Mit dem charakteristischen Drei-Ring-Muster passt dieses Produkt zu unserem legend\u00e4ren Kochgeschirr aus verglastem Gusseisen und ist somit die perfekte Erg\u00e4nzung Ihrer Le\u00a0Creuset-Kollektion.<\/p >\n<\/li>\n<li>\n<p class=\"mb-3\">Geeignet f\u00fcr Hitze und K\u00e4lte: Unser Steinzeug ist hitzebest\u00e4ndig von -23 \u00b0C bis +260 \u00b0C.<\/p>\n<\/li>\n<li>\n<p class=\"mb-3\">Beste seiner Klasse: Unsere Produkte werden aus den besten Materialien in Fabriken auf der ganzen Welt hergestellt, um die Qualit\u00e4t zu gew\u00e4hrleisten, die Sie von Le\u00a0Creuset erwarten.<\/p>\n<\/li>\n<\/ul>\n<p>Material: Verglastes Steinzeug<br \/>\nHergestellt in: Thailand<\/p>\n<p>Garantie: 10 Jahre<\/p>\n<p><strong>W\u00e4rmequelle:<\/strong><\/p>\n<ul>\n<li>Ofen<\/li>\n<li>Ofengrillmodus<\/li>\n<li>Mikrowelle<\/li>\n<\/ul>\n<p><strong>Reinigung und Pflege:<\/strong><\/p>\n<ul>\n<li class=\"mb-3\">Warten Sie, bis das Produkt vollst\u00e4ndig abgek\u00fchlt ist, bevor Sie mit der Reinigung beginnen.<\/li>\n<li class=\"mb-3\">Entfernen Sie alle R\u00fcckst\u00e4nde vom Boden und den Seitenw\u00e4nden des Produkts. Bei hartn\u00e4ckigen Speiseresten f\u00fcllen Sie das Produkt mit warmem Seifenwasser und lassen es 15\u201320 Minuten einweichen, bevor Sie es wie gewohnt waschen.<\/li>\n<li class=\"mb-3\">Von Hand waschen und trocknen. Oder geben Sie Ihr Steinzeugprodukt f\u00fcr einen kompletten Sp\u00fclgang in die Sp\u00fclmaschine.<\/li>\n<\/ul>\n","protected":false},"excerpt":{"rendered":"<p>Erg\u00e4nzen Sie Ihr Tischservice um diesen herrlichen Obstteller. Er wurde sorgf\u00e4ltig hergestellt und hat einen leicht konkaven Boden, um den<\/p>\n","protected":false},"featured_media":448322,"template":"","meta":{"_acf_changed":false,"inline_featured_image":false},"product_cat":[6793,6787],"product_tag":[14548,12201,20172,11971,11827],"acf":[],"yoast_head":"<!-- This site is optimized with the Yoast SEO Premium plugin v18.6 (Yoast SEO v19.13) - https:\/\/yoast.com\/wordpress\/plugins\/seo\/ -->\n<title>LE CREUSET Vancouver Obstteller 22 cm Orange - Erresse Shop<\/title>\n<meta name=\"description\" content=\"Erg\u00e4nzen Sie Ihr Tischservice um diesen herrlichen Obstteller. Er wurde sorgf\u00e4ltig hergestellt und hat einen leicht konkaven Boden, um den k\u00f6stlichen Saft\" \/>\n<meta name=\"robots\" content=\"index, follow, max-snippet:-1, max-image-preview:large, max-video-preview:-1\" \/>\n<link rel=\"canonical\" href=\"https:\/\/www.erresse-shop.it\/de\/shop\/tisch\/teller-geschirr\/le-creuset-vancouver-teller-flach-27-cm-weis-copia\/\" \/>\n<meta property=\"og:locale\" content=\"de_DE\" \/>\n<meta property=\"og:type\" content=\"article\" \/>\n<meta property=\"og:title\" content=\"LE CREUSET Vancouver Obstteller 22 cm Orange\" \/>\n<meta property=\"og:description\" content=\"Erg\u00e4nzen Sie Ihr Tischservice um diesen herrlichen Obstteller. Er wurde sorgf\u00e4ltig hergestellt und hat einen leicht konkaven Boden, um den k\u00f6stlichen Saft\" \/>\n<meta property=\"og:url\" content=\"https:\/\/www.erresse-shop.it\/de\/shop\/tisch\/teller-geschirr\/le-creuset-vancouver-teller-flach-27-cm-weis-copia\/\" \/>\n<meta property=\"og:site_name\" content=\"Erresse Shop\" \/>\n<meta property=\"article:modified_time\" content=\"2024-11-15T14:28:19+00:00\" \/>\n<meta property=\"og:image\" content=\"https:\/\/www.erresse-shop.it\/wp-content\/uploads\/2024\/11\/LE-CREUSET-Piatto-Frutta-Vancouver-22-cm-Arancio.jpg\" \/>\n\t<meta property=\"og:image:width\" content=\"1200\" \/>\n\t<meta property=\"og:image:height\" content=\"1200\" \/>\n\t<meta property=\"og:image:type\" content=\"image\/jpeg\" \/>\n<meta name=\"twitter:card\" content=\"summary_large_image\" \/>\n<script type=\"application\/ld+json\" class=\"yoast-schema-graph\">{\"@context\":\"https:\/\/schema.org\",\"@graph\":[{\"@type\":\"WebPage\",\"@id\":\"https:\/\/www.erresse-shop.it\/de\/shop\/tisch\/teller-geschirr\/le-creuset-vancouver-teller-flach-27-cm-weis-copia\/\",\"url\":\"https:\/\/www.erresse-shop.it\/de\/shop\/tisch\/teller-geschirr\/le-creuset-vancouver-teller-flach-27-cm-weis-copia\/\",\"name\":\"LE CREUSET Vancouver Obstteller 22 cm Orange - Erresse Shop\",\"isPartOf\":{\"@id\":\"https:\/\/www.erresse-shop.it\/de\/#website\"},\"datePublished\":\"2024-11-15T14:19:35+00:00\",\"dateModified\":\"2024-11-15T14:28:19+00:00\",\"description\":\"Erg\u00e4nzen Sie Ihr Tischservice um diesen herrlichen Obstteller. Er wurde sorgf\u00e4ltig hergestellt und hat einen leicht konkaven Boden, um den k\u00f6stlichen Saft\",\"breadcrumb\":{\"@id\":\"https:\/\/www.erresse-shop.it\/de\/shop\/tisch\/teller-geschirr\/le-creuset-vancouver-teller-flach-27-cm-weis-copia\/#breadcrumb\"},\"inLanguage\":\"de-DE\",\"potentialAction\":[{\"@type\":\"ReadAction\",\"target\":[\"https:\/\/www.erresse-shop.it\/de\/shop\/tisch\/teller-geschirr\/le-creuset-vancouver-teller-flach-27-cm-weis-copia\/\"]}]},{\"@type\":\"BreadcrumbList\",\"@id\":\"https:\/\/www.erresse-shop.it\/de\/shop\/tisch\/teller-geschirr\/le-creuset-vancouver-teller-flach-27-cm-weis-copia\/#breadcrumb\",\"itemListElement\":[{\"@type\":\"ListItem\",\"position\":1,\"name\":\"Home\",\"item\":\"https:\/\/www.erresse-shop.it\/de\/\"},{\"@type\":\"ListItem\",\"position\":2,\"name\":\"Shop\",\"item\":\"https:\/\/www.erresse-shop.it\/de\/shop\/\"},{\"@type\":\"ListItem\",\"position\":3,\"name\":\"LE CREUSET Vancouver Obstteller 22 cm Orange\"}]},{\"@type\":\"WebSite\",\"@id\":\"https:\/\/www.erresse-shop.it\/de\/#website\",\"url\":\"https:\/\/www.erresse-shop.it\/de\/\",\"name\":\"Erresse Shop\",\"description\":\"Articoli di qualit\u00e0 per la casa\",\"potentialAction\":[{\"@type\":\"SearchAction\",\"target\":{\"@type\":\"EntryPoint\",\"urlTemplate\":\"https:\/\/www.erresse-shop.it\/de\/?s={search_term_string}\"},\"query-input\":\"required name=search_term_string\"}],\"inLanguage\":\"de-DE\"}]}<\/script>\n<!-- \/ Yoast SEO Premium plugin. -->","yoast_head_json":{"title":"LE CREUSET Vancouver Obstteller 22 cm Orange - Erresse Shop","description":"Erg\u00e4nzen Sie Ihr Tischservice um diesen herrlichen Obstteller. Er wurde sorgf\u00e4ltig hergestellt und hat einen leicht konkaven Boden, um den k\u00f6stlichen Saft","robots":{"index":"index","follow":"follow","max-snippet":"max-snippet:-1","max-image-preview":"max-image-preview:large","max-video-preview":"max-video-preview:-1"},"canonical":"https:\/\/www.erresse-shop.it\/de\/shop\/tisch\/teller-geschirr\/le-creuset-vancouver-teller-flach-27-cm-weis-copia\/","og_locale":"de_DE","og_type":"article","og_title":"LE CREUSET Vancouver Obstteller 22 cm Orange","og_description":"Erg\u00e4nzen Sie Ihr Tischservice um diesen herrlichen Obstteller. Er wurde sorgf\u00e4ltig hergestellt und hat einen leicht konkaven Boden, um den k\u00f6stlichen Saft","og_url":"https:\/\/www.erresse-shop.it\/de\/shop\/tisch\/teller-geschirr\/le-creuset-vancouver-teller-flach-27-cm-weis-copia\/","og_site_name":"Erresse Shop","article_modified_time":"2024-11-15T14:28:19+00:00","og_image":[{"width":1200,"height":1200,"url":"https:\/\/www.erresse-shop.it\/wp-content\/uploads\/2024\/11\/LE-CREUSET-Piatto-Frutta-Vancouver-22-cm-Arancio.jpg","type":"image\/jpeg"}],"twitter_card":"summary_large_image","schema":{"@context":"https:\/\/schema.org","@graph":[{"@type":"WebPage","@id":"https:\/\/www.erresse-shop.it\/de\/shop\/tisch\/teller-geschirr\/le-creuset-vancouver-teller-flach-27-cm-weis-copia\/","url":"https:\/\/www.erresse-shop.it\/de\/shop\/tisch\/teller-geschirr\/le-creuset-vancouver-teller-flach-27-cm-weis-copia\/","name":"LE CREUSET Vancouver Obstteller 22 cm Orange - Erresse Shop","isPartOf":{"@id":"https:\/\/www.erresse-shop.it\/de\/#website"},"datePublished":"2024-11-15T14:19:35+00:00","dateModified":"2024-11-15T14:28:19+00:00","description":"Erg\u00e4nzen Sie Ihr Tischservice um diesen herrlichen Obstteller. Er wurde sorgf\u00e4ltig hergestellt und hat einen leicht konkaven Boden, um den k\u00f6stlichen Saft","breadcrumb":{"@id":"https:\/\/www.erresse-shop.it\/de\/shop\/tisch\/teller-geschirr\/le-creuset-vancouver-teller-flach-27-cm-weis-copia\/#breadcrumb"},"inLanguage":"de-DE","potentialAction":[{"@type":"ReadAction","target":["https:\/\/www.erresse-shop.it\/de\/shop\/tisch\/teller-geschirr\/le-creuset-vancouver-teller-flach-27-cm-weis-copia\/"]}]},{"@type":"BreadcrumbList","@id":"https:\/\/www.erresse-shop.it\/de\/shop\/tisch\/teller-geschirr\/le-creuset-vancouver-teller-flach-27-cm-weis-copia\/#breadcrumb","itemListElement":[{"@type":"ListItem","position":1,"name":"Home","item":"https:\/\/www.erresse-shop.it\/de\/"},{"@type":"ListItem","position":2,"name":"Shop","item":"https:\/\/www.erresse-shop.it\/de\/shop\/"},{"@type":"ListItem","position":3,"name":"LE CREUSET Vancouver Obstteller 22 cm Orange"}]},{"@type":"WebSite","@id":"https:\/\/www.erresse-shop.it\/de\/#website","url":"https:\/\/www.erresse-shop.it\/de\/","name":"Erresse Shop","description":"Articoli di qualit\u00e0 per la casa","potentialAction":[{"@type":"SearchAction","target":{"@type":"EntryPoint","urlTemplate":"https:\/\/www.erresse-shop.it\/de\/?s={search_term_string}"},"query-input":"required name=search_term_string"}],"inLanguage":"de-DE"}]}},"df_price":14.4,"df_sale_price":14.4,"df_regular_price":24,"df_image_link":"https:\/\/www.erresse-shop.it\/wp-content\/uploads\/2024\/11\/LE-CREUSET-Piatto-Frutta-Vancouver-22-cm-Arancio-300x300.jpg","_links":{"self":[{"href":"https:\/\/www.erresse-shop.it\/de\/wp-json\/wp\/v2\/product\/448295"}],"collection":[{"href":"https:\/\/www.erresse-shop.it\/de\/wp-json\/wp\/v2\/product"}],"about":[{"href":"https:\/\/www.erresse-shop.it\/de\/wp-json\/wp\/v2\/types\/product"}],"wp:featuredmedia":[{"embeddable":true,"href":"https:\/\/www.erresse-shop.it\/de\/wp-json\/wp\/v2\/media\/448322"}],"wp:attachment":[{"href":"https:\/\/www.erresse-shop.it\/de\/wp-json\/wp\/v2\/media?parent=448295"}],"wp:term":[{"taxonomy":"product_cat","embeddable":true,"href":"https:\/\/www.erresse-shop.it\/de\/wp-json\/wp\/v2\/product_cat?post=448295"},{"taxonomy":"product_tag","embeddable":true,"href":"https:\/\/www.erresse-shop.it\/de\/wp-json\/wp\/v2\/product_tag?post=448295"}],"curies":[{"name":"wp","href":"https:\/\/api.w.org\/{rel}","templated":true}]}}