{"id":447908,"date":"2024-11-15T11:11:55","date_gmt":"2024-11-15T11:11:56","guid":{"rendered":"https:\/\/www.erresse-shop.it\/?post_type=product&#038;p=447908"},"modified":"2024-12-07T08:01:14","modified_gmt":"2024-12-07T08:01:14","slug":"le-creuset-espresso-london-tasse-100-ml-weis-copia","status":"publish","type":"product","link":"https:\/\/www.erresse-shop.it\/de\/shop\/tisch\/oel-essig-salz\/le-creuset-espresso-london-tasse-100-ml-weis-copia\/","title":{"rendered":"LE CREUSET Evolution \u00d6l- und Essig-Set Baiser"},"content":{"rendered":"<p>Egal, ob Sie einen Salat anrichten oder einen Spritzer \u00d6l in eine hei\u00dfe Pfanne geben, dieses Steingut-Set ist f\u00fcr jeden Einsatz perfekt. Enth\u00e4lt eine Flasche mit Le Creuset-Logo und eine ohne Flasche zur einfachen Identifizierung sowie Edelstahlausgie\u00dfer f\u00fcr pr\u00e4zises Ausgie\u00dfen.<\/p>\n<p style=\"text-align: justify;\"><strong>Produktdetails:<\/strong><\/p>\n<ul>\n<li>\n<p class=\"mb-3\">Immer auf dem neuesten Stand: Unser Steinzeug ist kratzfest und leicht zu reinigen.<\/p>\n<\/li>\n<li>\n<p class=\"mb-3\">Perfekte Struktur: Unsere Produkte aus verglastem Steinzeug bestehen aus hochwertiger Keramik und halten gleichm\u00e4\u00dfige Temperaturen aufrecht und garantieren langfristig Best\u00e4ndigkeit und Haltbarkeit.<\/p>\n<\/li>\n<li>\n<p class=\"mb-3\">Eine moderne Ikone: Mit dem charakteristischen Drei-Kreis-Motiv passt dieses Produkt zu unseren ikonischen Kokotten aus verglastem Gusseisen und ist die perfekte Erg\u00e4nzung Ihrer Le\u00a0Creuset-Kollektion.<\/p>\n<\/li>\n<li>\n<p class=\"mb-3\">Geeignet f\u00fcr Hitze und K\u00e4lte: Unser Steinzeug ist temperaturbest\u00e4ndig von -23\u00a0\u00b0C bis +260\u00a0\u00b0C.<\/p>\n<\/li>\n<li>\n<p class=\"mb-3\">Beste seiner Klasse: Unsere Produkte werden aus den besten Materialien in Fabriken auf der ganzen Welt hergestellt, um die Qualit\u00e4t zu gew\u00e4hrleisten, die Sie von Le Creuset erwarten.<\/p>\n<\/li>\n<\/ul>\n<p>Material: Verglastes Steinzeug<br \/>\nHergestellt in: Thailand<br \/>\nGarantie: 10 Jahre<\/p>\n<p>Fassungsverm\u00f6gen: 0,3 l<\/p>\n<p><strong>Reinigung und Pflege:<\/strong><\/p>\n<ul>\n<li>Von Hand waschen und trocknen. Oder geben Sie Ihr Steinzeugprodukt f\u00fcr einen kompletten Sp\u00fclgang in die Sp\u00fclmaschine.<\/li>\n<\/ul>\n","protected":false},"excerpt":{"rendered":"<p>Egal, ob Sie einen Salat anrichten oder einen Spritzer \u00d6l in eine hei\u00dfe Pfanne geben, dieses Steingut-Set ist f\u00fcr jeden<\/p>\n","protected":false},"featured_media":447930,"template":"","meta":{"_acf_changed":false,"inline_featured_image":false},"product_cat":[6787,20474],"product_tag":[20450,12201,11559,11443],"acf":[],"yoast_head":"<!-- This site is optimized with the Yoast SEO Premium plugin v18.6 (Yoast SEO v19.13) - https:\/\/yoast.com\/wordpress\/plugins\/seo\/ -->\n<title>LE CREUSET Evolution \u00d6l- und Essig-Set Baiser - Erresse Shop<\/title>\n<meta name=\"description\" content=\"Egal, ob Sie einen Salat anrichten oder einen Spritzer \u00d6l in eine hei\u00dfe Pfanne geben, dieses Steingut-Set ist f\u00fcr jeden Einsatz perfekt. Enth\u00e4lt eine\" \/>\n<meta name=\"robots\" content=\"index, follow, max-snippet:-1, max-image-preview:large, max-video-preview:-1\" \/>\n<link rel=\"canonical\" href=\"https:\/\/www.erresse-shop.it\/de\/shop\/tisch\/oel-essig-salz\/le-creuset-espresso-london-tasse-100-ml-weis-copia\/\" \/>\n<meta property=\"og:locale\" content=\"de_DE\" \/>\n<meta property=\"og:type\" content=\"article\" \/>\n<meta property=\"og:title\" content=\"LE CREUSET Evolution \u00d6l- und Essig-Set Baiser\" \/>\n<meta property=\"og:description\" content=\"Egal, ob Sie einen Salat anrichten oder einen Spritzer \u00d6l in eine hei\u00dfe Pfanne geben, dieses Steingut-Set ist f\u00fcr jeden Einsatz perfekt. Enth\u00e4lt eine\" \/>\n<meta property=\"og:url\" content=\"https:\/\/www.erresse-shop.it\/de\/shop\/tisch\/oel-essig-salz\/le-creuset-espresso-london-tasse-100-ml-weis-copia\/\" \/>\n<meta property=\"og:site_name\" content=\"Erresse Shop\" \/>\n<meta property=\"article:modified_time\" content=\"2024-12-07T08:01:14+00:00\" \/>\n<meta property=\"og:image\" content=\"https:\/\/www.erresse-shop.it\/wp-content\/uploads\/2024\/11\/LE-CREUSET-Set-Olio-e-Aceto-Evolution-Meringa.jpg\" \/>\n\t<meta property=\"og:image:width\" content=\"1200\" \/>\n\t<meta property=\"og:image:height\" content=\"1200\" \/>\n\t<meta property=\"og:image:type\" content=\"image\/jpeg\" \/>\n<meta name=\"twitter:card\" content=\"summary_large_image\" \/>\n<script type=\"application\/ld+json\" class=\"yoast-schema-graph\">{\"@context\":\"https:\/\/schema.org\",\"@graph\":[{\"@type\":\"WebPage\",\"@id\":\"https:\/\/www.erresse-shop.it\/de\/shop\/tisch\/oel-essig-salz\/le-creuset-espresso-london-tasse-100-ml-weis-copia\/\",\"url\":\"https:\/\/www.erresse-shop.it\/de\/shop\/tisch\/oel-essig-salz\/le-creuset-espresso-london-tasse-100-ml-weis-copia\/\",\"name\":\"LE CREUSET Evolution \u00d6l- und Essig-Set Baiser - Erresse Shop\",\"isPartOf\":{\"@id\":\"https:\/\/www.erresse-shop.it\/de\/#website\"},\"datePublished\":\"2024-11-15T11:11:56+00:00\",\"dateModified\":\"2024-12-07T08:01:14+00:00\",\"description\":\"Egal, ob Sie einen Salat anrichten oder einen Spritzer \u00d6l in eine hei\u00dfe Pfanne geben, dieses Steingut-Set ist f\u00fcr jeden Einsatz perfekt. Enth\u00e4lt eine\",\"breadcrumb\":{\"@id\":\"https:\/\/www.erresse-shop.it\/de\/shop\/tisch\/oel-essig-salz\/le-creuset-espresso-london-tasse-100-ml-weis-copia\/#breadcrumb\"},\"inLanguage\":\"de-DE\",\"potentialAction\":[{\"@type\":\"ReadAction\",\"target\":[\"https:\/\/www.erresse-shop.it\/de\/shop\/tisch\/oel-essig-salz\/le-creuset-espresso-london-tasse-100-ml-weis-copia\/\"]}]},{\"@type\":\"BreadcrumbList\",\"@id\":\"https:\/\/www.erresse-shop.it\/de\/shop\/tisch\/oel-essig-salz\/le-creuset-espresso-london-tasse-100-ml-weis-copia\/#breadcrumb\",\"itemListElement\":[{\"@type\":\"ListItem\",\"position\":1,\"name\":\"Home\",\"item\":\"https:\/\/www.erresse-shop.it\/de\/\"},{\"@type\":\"ListItem\",\"position\":2,\"name\":\"Shop\",\"item\":\"https:\/\/www.erresse-shop.it\/de\/shop\/\"},{\"@type\":\"ListItem\",\"position\":3,\"name\":\"LE CREUSET Evolution \u00d6l- und Essig-Set Baiser\"}]},{\"@type\":\"WebSite\",\"@id\":\"https:\/\/www.erresse-shop.it\/de\/#website\",\"url\":\"https:\/\/www.erresse-shop.it\/de\/\",\"name\":\"Erresse Shop\",\"description\":\"Articoli di qualit\u00e0 per la casa\",\"potentialAction\":[{\"@type\":\"SearchAction\",\"target\":{\"@type\":\"EntryPoint\",\"urlTemplate\":\"https:\/\/www.erresse-shop.it\/de\/?s={search_term_string}\"},\"query-input\":\"required name=search_term_string\"}],\"inLanguage\":\"de-DE\"}]}<\/script>\n<!-- \/ Yoast SEO Premium plugin. -->","yoast_head_json":{"title":"LE CREUSET Evolution \u00d6l- und Essig-Set Baiser - Erresse Shop","description":"Egal, ob Sie einen Salat anrichten oder einen Spritzer \u00d6l in eine hei\u00dfe Pfanne geben, dieses Steingut-Set ist f\u00fcr jeden Einsatz perfekt. Enth\u00e4lt eine","robots":{"index":"index","follow":"follow","max-snippet":"max-snippet:-1","max-image-preview":"max-image-preview:large","max-video-preview":"max-video-preview:-1"},"canonical":"https:\/\/www.erresse-shop.it\/de\/shop\/tisch\/oel-essig-salz\/le-creuset-espresso-london-tasse-100-ml-weis-copia\/","og_locale":"de_DE","og_type":"article","og_title":"LE CREUSET Evolution \u00d6l- und Essig-Set Baiser","og_description":"Egal, ob Sie einen Salat anrichten oder einen Spritzer \u00d6l in eine hei\u00dfe Pfanne geben, dieses Steingut-Set ist f\u00fcr jeden Einsatz perfekt. Enth\u00e4lt eine","og_url":"https:\/\/www.erresse-shop.it\/de\/shop\/tisch\/oel-essig-salz\/le-creuset-espresso-london-tasse-100-ml-weis-copia\/","og_site_name":"Erresse Shop","article_modified_time":"2024-12-07T08:01:14+00:00","og_image":[{"width":1200,"height":1200,"url":"https:\/\/www.erresse-shop.it\/wp-content\/uploads\/2024\/11\/LE-CREUSET-Set-Olio-e-Aceto-Evolution-Meringa.jpg","type":"image\/jpeg"}],"twitter_card":"summary_large_image","schema":{"@context":"https:\/\/schema.org","@graph":[{"@type":"WebPage","@id":"https:\/\/www.erresse-shop.it\/de\/shop\/tisch\/oel-essig-salz\/le-creuset-espresso-london-tasse-100-ml-weis-copia\/","url":"https:\/\/www.erresse-shop.it\/de\/shop\/tisch\/oel-essig-salz\/le-creuset-espresso-london-tasse-100-ml-weis-copia\/","name":"LE CREUSET Evolution \u00d6l- und Essig-Set Baiser - Erresse Shop","isPartOf":{"@id":"https:\/\/www.erresse-shop.it\/de\/#website"},"datePublished":"2024-11-15T11:11:56+00:00","dateModified":"2024-12-07T08:01:14+00:00","description":"Egal, ob Sie einen Salat anrichten oder einen Spritzer \u00d6l in eine hei\u00dfe Pfanne geben, dieses Steingut-Set ist f\u00fcr jeden Einsatz perfekt. Enth\u00e4lt eine","breadcrumb":{"@id":"https:\/\/www.erresse-shop.it\/de\/shop\/tisch\/oel-essig-salz\/le-creuset-espresso-london-tasse-100-ml-weis-copia\/#breadcrumb"},"inLanguage":"de-DE","potentialAction":[{"@type":"ReadAction","target":["https:\/\/www.erresse-shop.it\/de\/shop\/tisch\/oel-essig-salz\/le-creuset-espresso-london-tasse-100-ml-weis-copia\/"]}]},{"@type":"BreadcrumbList","@id":"https:\/\/www.erresse-shop.it\/de\/shop\/tisch\/oel-essig-salz\/le-creuset-espresso-london-tasse-100-ml-weis-copia\/#breadcrumb","itemListElement":[{"@type":"ListItem","position":1,"name":"Home","item":"https:\/\/www.erresse-shop.it\/de\/"},{"@type":"ListItem","position":2,"name":"Shop","item":"https:\/\/www.erresse-shop.it\/de\/shop\/"},{"@type":"ListItem","position":3,"name":"LE CREUSET Evolution \u00d6l- und Essig-Set Baiser"}]},{"@type":"WebSite","@id":"https:\/\/www.erresse-shop.it\/de\/#website","url":"https:\/\/www.erresse-shop.it\/de\/","name":"Erresse Shop","description":"Articoli di qualit\u00e0 per la casa","potentialAction":[{"@type":"SearchAction","target":{"@type":"EntryPoint","urlTemplate":"https:\/\/www.erresse-shop.it\/de\/?s={search_term_string}"},"query-input":"required name=search_term_string"}],"inLanguage":"de-DE"}]}},"df_price":23.400000000000002,"df_sale_price":23.400000000000002,"df_regular_price":52,"df_image_link":"https:\/\/www.erresse-shop.it\/wp-content\/uploads\/2024\/11\/LE-CREUSET-Set-Olio-e-Aceto-Evolution-Meringa-300x300.jpg","_links":{"self":[{"href":"https:\/\/www.erresse-shop.it\/de\/wp-json\/wp\/v2\/product\/447908"}],"collection":[{"href":"https:\/\/www.erresse-shop.it\/de\/wp-json\/wp\/v2\/product"}],"about":[{"href":"https:\/\/www.erresse-shop.it\/de\/wp-json\/wp\/v2\/types\/product"}],"wp:featuredmedia":[{"embeddable":true,"href":"https:\/\/www.erresse-shop.it\/de\/wp-json\/wp\/v2\/media\/447930"}],"wp:attachment":[{"href":"https:\/\/www.erresse-shop.it\/de\/wp-json\/wp\/v2\/media?parent=447908"}],"wp:term":[{"taxonomy":"product_cat","embeddable":true,"href":"https:\/\/www.erresse-shop.it\/de\/wp-json\/wp\/v2\/product_cat?post=447908"},{"taxonomy":"product_tag","embeddable":true,"href":"https:\/\/www.erresse-shop.it\/de\/wp-json\/wp\/v2\/product_tag?post=447908"}],"curies":[{"name":"wp","href":"https:\/\/api.w.org\/{rel}","templated":true}]}}