{"id":447704,"date":"2024-11-15T09:28:06","date_gmt":"2024-11-15T09:28:06","guid":{"rendered":"https:\/\/www.erresse-shop.it\/?post_type=product&#038;p=447704"},"modified":"2024-11-15T09:42:59","modified_gmt":"2024-11-15T09:42:59","slug":"le-creuset-korkenzieher-gs-300-mit-kapselschneider-schwarz-copia","status":"publish","type":"product","link":"https:\/\/www.erresse-shop.it\/de\/shop\/tisch\/weinbar-korkenzieher-dekanter-eiskubel\/korkenzieher\/le-creuset-korkenzieher-gs-300-mit-kapselschneider-schwarz-copia\/","title":{"rendered":"LE CREUSET GS-100 Korkenzieher mit Kapselschneider FC-100 Schwarz"},"content":{"rendered":"<p>Dieses praktische Set besteht aus zwei sehr praktischen Werkzeugen. Benutzen Sie den Kapselschneider, um den Flaschenhals vorzubereiten, indem Sie einfach Ihr Handgelenk drehen, und verwenden Sie dann den Korkenzieher, um die Flasche m\u00fchelos zu \u00f6ffnen. Dieses Set wird in einer sch\u00f6nen Verpackung pr\u00e4sentiert und ist eine perfekte Geschenkidee f\u00fcr Weinliebhaber.<\/p>\n<p><strong>Details<\/strong><\/p>\n<ul>\n<li>\n<p class=\"mb-3\">Einfach zu bedienen: Dieser ergonomische Kapselschneider entfernt die Kapsel mit einer Vierteldrehung des Handgelenks.<\/p>\n<\/li>\n<li>\n<p class=\"mb-3\">Innovation in Aktion: Die integrierte Rotationstechnologie bietet hervorragende Leistung bei minimalem Aufwand.<\/p>\n<\/li>\n<li>\n<p class=\"mb-3\">Beste seiner Klasse: Unsere Produkte werden aus den besten Materialien in Fabriken auf der ganzen Welt hergestellt, um die Qualit\u00e4t zu gew\u00e4hrleisten, die Sie von Le\u00a0Creuset erwarten.<\/p>\n<\/li>\n<\/ul>\n<p>Material:\u00a0Polycarbonat<br \/>\nIn China hergestellt<\/p>\n<p><strong>Sauber<\/strong><\/p>\n<ul>\n<li class=\"mb-3\">Seien Sie beim Reinigen des Korkenziehers vorsichtig: Die Spitze ist scharf!<\/li>\n<li class=\"mb-3\">Reinigen Sie den Korkenzieher gelegentlich mit einem feuchten Tuch oder warmem Seifenwasser.<\/li>\n<li class=\"mb-3\">Trocknen Sie das Produkt nach dem Waschen sorgf\u00e4ltig ab und lagern Sie es an einem trockenen Ort.<\/li>\n<\/ul>\n","protected":false},"excerpt":{"rendered":"<p>Dieses praktische Set besteht aus zwei sehr praktischen Werkzeugen. Benutzen Sie den Kapselschneider, um den Flaschenhals vorzubereiten, indem Sie einfach<\/p>\n","protected":false},"featured_media":447727,"template":"","meta":{"_acf_changed":false,"inline_featured_image":false},"product_cat":[6787,6850,14462],"product_tag":[25088,11499,11501,21201,13068,13069,13070,25022,16885,11969,21330,23683],"acf":[],"yoast_head":"<!-- This site is optimized with the Yoast SEO Premium plugin v18.6 (Yoast SEO v19.13) - https:\/\/yoast.com\/wordpress\/plugins\/seo\/ -->\n<title>LE CREUSET GS-100 Korkenzieher mit Kapselschneider FC-100 Schwarz - Erresse Shop<\/title>\n<meta name=\"description\" content=\"Dieses praktische Set besteht aus zwei sehr praktischen Werkzeugen. Benutzen Sie den Kapselschneider, um den Flaschenhals vorzubereiten, indem Sie einfach\" \/>\n<meta name=\"robots\" content=\"index, follow, max-snippet:-1, max-image-preview:large, max-video-preview:-1\" \/>\n<link rel=\"canonical\" href=\"https:\/\/www.erresse-shop.it\/de\/shop\/tisch\/weinbar-korkenzieher-dekanter-eiskubel\/korkenzieher\/le-creuset-korkenzieher-gs-300-mit-kapselschneider-schwarz-copia\/\" \/>\n<meta property=\"og:locale\" content=\"de_DE\" \/>\n<meta property=\"og:type\" content=\"article\" \/>\n<meta property=\"og:title\" content=\"LE CREUSET GS-100 Korkenzieher mit Kapselschneider FC-100 Schwarz\" \/>\n<meta property=\"og:description\" content=\"Dieses praktische Set besteht aus zwei sehr praktischen Werkzeugen. Benutzen Sie den Kapselschneider, um den Flaschenhals vorzubereiten, indem Sie einfach\" \/>\n<meta property=\"og:url\" content=\"https:\/\/www.erresse-shop.it\/de\/shop\/tisch\/weinbar-korkenzieher-dekanter-eiskubel\/korkenzieher\/le-creuset-korkenzieher-gs-300-mit-kapselschneider-schwarz-copia\/\" \/>\n<meta property=\"og:site_name\" content=\"Erresse Shop\" \/>\n<meta property=\"article:modified_time\" content=\"2024-11-15T09:42:59+00:00\" \/>\n<meta property=\"og:image\" content=\"https:\/\/www.erresse-shop.it\/wp-content\/uploads\/2024\/11\/LE-CREUSET-Levatappi-GS-100-Con-Taglia-Capsule-FC-100-Nero.jpg\" \/>\n\t<meta property=\"og:image:width\" content=\"1200\" \/>\n\t<meta property=\"og:image:height\" content=\"1200\" \/>\n\t<meta property=\"og:image:type\" content=\"image\/jpeg\" \/>\n<meta name=\"twitter:card\" content=\"summary_large_image\" \/>\n<script type=\"application\/ld+json\" class=\"yoast-schema-graph\">{\"@context\":\"https:\/\/schema.org\",\"@graph\":[{\"@type\":\"WebPage\",\"@id\":\"https:\/\/www.erresse-shop.it\/de\/shop\/tisch\/weinbar-korkenzieher-dekanter-eiskubel\/korkenzieher\/le-creuset-korkenzieher-gs-300-mit-kapselschneider-schwarz-copia\/\",\"url\":\"https:\/\/www.erresse-shop.it\/de\/shop\/tisch\/weinbar-korkenzieher-dekanter-eiskubel\/korkenzieher\/le-creuset-korkenzieher-gs-300-mit-kapselschneider-schwarz-copia\/\",\"name\":\"LE CREUSET GS-100 Korkenzieher mit Kapselschneider FC-100 Schwarz - Erresse Shop\",\"isPartOf\":{\"@id\":\"https:\/\/www.erresse-shop.it\/de\/#website\"},\"datePublished\":\"2024-11-15T09:28:06+00:00\",\"dateModified\":\"2024-11-15T09:42:59+00:00\",\"description\":\"Dieses praktische Set besteht aus zwei sehr praktischen Werkzeugen. Benutzen Sie den Kapselschneider, um den Flaschenhals vorzubereiten, indem Sie einfach\",\"breadcrumb\":{\"@id\":\"https:\/\/www.erresse-shop.it\/de\/shop\/tisch\/weinbar-korkenzieher-dekanter-eiskubel\/korkenzieher\/le-creuset-korkenzieher-gs-300-mit-kapselschneider-schwarz-copia\/#breadcrumb\"},\"inLanguage\":\"de-DE\",\"potentialAction\":[{\"@type\":\"ReadAction\",\"target\":[\"https:\/\/www.erresse-shop.it\/de\/shop\/tisch\/weinbar-korkenzieher-dekanter-eiskubel\/korkenzieher\/le-creuset-korkenzieher-gs-300-mit-kapselschneider-schwarz-copia\/\"]}]},{\"@type\":\"BreadcrumbList\",\"@id\":\"https:\/\/www.erresse-shop.it\/de\/shop\/tisch\/weinbar-korkenzieher-dekanter-eiskubel\/korkenzieher\/le-creuset-korkenzieher-gs-300-mit-kapselschneider-schwarz-copia\/#breadcrumb\",\"itemListElement\":[{\"@type\":\"ListItem\",\"position\":1,\"name\":\"Home\",\"item\":\"https:\/\/www.erresse-shop.it\/de\/\"},{\"@type\":\"ListItem\",\"position\":2,\"name\":\"Shop\",\"item\":\"https:\/\/www.erresse-shop.it\/de\/shop\/\"},{\"@type\":\"ListItem\",\"position\":3,\"name\":\"LE CREUSET GS-100 Korkenzieher mit Kapselschneider FC-100 Schwarz\"}]},{\"@type\":\"WebSite\",\"@id\":\"https:\/\/www.erresse-shop.it\/de\/#website\",\"url\":\"https:\/\/www.erresse-shop.it\/de\/\",\"name\":\"Erresse Shop\",\"description\":\"Articoli di qualit\u00e0 per la casa\",\"potentialAction\":[{\"@type\":\"SearchAction\",\"target\":{\"@type\":\"EntryPoint\",\"urlTemplate\":\"https:\/\/www.erresse-shop.it\/de\/?s={search_term_string}\"},\"query-input\":\"required name=search_term_string\"}],\"inLanguage\":\"de-DE\"}]}<\/script>\n<!-- \/ Yoast SEO Premium plugin. -->","yoast_head_json":{"title":"LE CREUSET GS-100 Korkenzieher mit Kapselschneider FC-100 Schwarz - Erresse Shop","description":"Dieses praktische Set besteht aus zwei sehr praktischen Werkzeugen. Benutzen Sie den Kapselschneider, um den Flaschenhals vorzubereiten, indem Sie einfach","robots":{"index":"index","follow":"follow","max-snippet":"max-snippet:-1","max-image-preview":"max-image-preview:large","max-video-preview":"max-video-preview:-1"},"canonical":"https:\/\/www.erresse-shop.it\/de\/shop\/tisch\/weinbar-korkenzieher-dekanter-eiskubel\/korkenzieher\/le-creuset-korkenzieher-gs-300-mit-kapselschneider-schwarz-copia\/","og_locale":"de_DE","og_type":"article","og_title":"LE CREUSET GS-100 Korkenzieher mit Kapselschneider FC-100 Schwarz","og_description":"Dieses praktische Set besteht aus zwei sehr praktischen Werkzeugen. Benutzen Sie den Kapselschneider, um den Flaschenhals vorzubereiten, indem Sie einfach","og_url":"https:\/\/www.erresse-shop.it\/de\/shop\/tisch\/weinbar-korkenzieher-dekanter-eiskubel\/korkenzieher\/le-creuset-korkenzieher-gs-300-mit-kapselschneider-schwarz-copia\/","og_site_name":"Erresse Shop","article_modified_time":"2024-11-15T09:42:59+00:00","og_image":[{"width":1200,"height":1200,"url":"https:\/\/www.erresse-shop.it\/wp-content\/uploads\/2024\/11\/LE-CREUSET-Levatappi-GS-100-Con-Taglia-Capsule-FC-100-Nero.jpg","type":"image\/jpeg"}],"twitter_card":"summary_large_image","schema":{"@context":"https:\/\/schema.org","@graph":[{"@type":"WebPage","@id":"https:\/\/www.erresse-shop.it\/de\/shop\/tisch\/weinbar-korkenzieher-dekanter-eiskubel\/korkenzieher\/le-creuset-korkenzieher-gs-300-mit-kapselschneider-schwarz-copia\/","url":"https:\/\/www.erresse-shop.it\/de\/shop\/tisch\/weinbar-korkenzieher-dekanter-eiskubel\/korkenzieher\/le-creuset-korkenzieher-gs-300-mit-kapselschneider-schwarz-copia\/","name":"LE CREUSET GS-100 Korkenzieher mit Kapselschneider FC-100 Schwarz - Erresse Shop","isPartOf":{"@id":"https:\/\/www.erresse-shop.it\/de\/#website"},"datePublished":"2024-11-15T09:28:06+00:00","dateModified":"2024-11-15T09:42:59+00:00","description":"Dieses praktische Set besteht aus zwei sehr praktischen Werkzeugen. Benutzen Sie den Kapselschneider, um den Flaschenhals vorzubereiten, indem Sie einfach","breadcrumb":{"@id":"https:\/\/www.erresse-shop.it\/de\/shop\/tisch\/weinbar-korkenzieher-dekanter-eiskubel\/korkenzieher\/le-creuset-korkenzieher-gs-300-mit-kapselschneider-schwarz-copia\/#breadcrumb"},"inLanguage":"de-DE","potentialAction":[{"@type":"ReadAction","target":["https:\/\/www.erresse-shop.it\/de\/shop\/tisch\/weinbar-korkenzieher-dekanter-eiskubel\/korkenzieher\/le-creuset-korkenzieher-gs-300-mit-kapselschneider-schwarz-copia\/"]}]},{"@type":"BreadcrumbList","@id":"https:\/\/www.erresse-shop.it\/de\/shop\/tisch\/weinbar-korkenzieher-dekanter-eiskubel\/korkenzieher\/le-creuset-korkenzieher-gs-300-mit-kapselschneider-schwarz-copia\/#breadcrumb","itemListElement":[{"@type":"ListItem","position":1,"name":"Home","item":"https:\/\/www.erresse-shop.it\/de\/"},{"@type":"ListItem","position":2,"name":"Shop","item":"https:\/\/www.erresse-shop.it\/de\/shop\/"},{"@type":"ListItem","position":3,"name":"LE CREUSET GS-100 Korkenzieher mit Kapselschneider FC-100 Schwarz"}]},{"@type":"WebSite","@id":"https:\/\/www.erresse-shop.it\/de\/#website","url":"https:\/\/www.erresse-shop.it\/de\/","name":"Erresse Shop","description":"Articoli di qualit\u00e0 per la casa","potentialAction":[{"@type":"SearchAction","target":{"@type":"EntryPoint","urlTemplate":"https:\/\/www.erresse-shop.it\/de\/?s={search_term_string}"},"query-input":"required name=search_term_string"}],"inLanguage":"de-DE"}]}},"df_price":34.98,"df_sale_price":34.98,"df_regular_price":40,"df_image_link":"https:\/\/www.erresse-shop.it\/wp-content\/uploads\/2024\/11\/LE-CREUSET-Levatappi-GS-100-Con-Taglia-Capsule-FC-100-Nero-300x300.jpg","_links":{"self":[{"href":"https:\/\/www.erresse-shop.it\/de\/wp-json\/wp\/v2\/product\/447704"}],"collection":[{"href":"https:\/\/www.erresse-shop.it\/de\/wp-json\/wp\/v2\/product"}],"about":[{"href":"https:\/\/www.erresse-shop.it\/de\/wp-json\/wp\/v2\/types\/product"}],"wp:featuredmedia":[{"embeddable":true,"href":"https:\/\/www.erresse-shop.it\/de\/wp-json\/wp\/v2\/media\/447727"}],"wp:attachment":[{"href":"https:\/\/www.erresse-shop.it\/de\/wp-json\/wp\/v2\/media?parent=447704"}],"wp:term":[{"taxonomy":"product_cat","embeddable":true,"href":"https:\/\/www.erresse-shop.it\/de\/wp-json\/wp\/v2\/product_cat?post=447704"},{"taxonomy":"product_tag","embeddable":true,"href":"https:\/\/www.erresse-shop.it\/de\/wp-json\/wp\/v2\/product_tag?post=447704"}],"curies":[{"name":"wp","href":"https:\/\/api.w.org\/{rel}","templated":true}]}}