{"id":447533,"date":"2024-11-15T07:47:11","date_gmt":"2024-11-15T07:47:12","guid":{"rendered":"https:\/\/www.erresse-shop.it\/?post_type=product&#038;p=447533"},"modified":"2024-11-15T08:15:29","modified_gmt":"2024-11-15T08:15:29","slug":"le-creuset-cocotte-pumpkin-evolution-aus-gusseisen-24-cm-weis-copia","status":"publish","type":"product","link":"https:\/\/www.erresse-shop.it\/de\/shop\/tisch\/weinbar-korkenzieher-dekanter-eiskubel\/korkenzieher\/le-creuset-cocotte-pumpkin-evolution-aus-gusseisen-24-cm-weis-copia\/","title":{"rendered":"LE CREUSET WT-110 Korkenzieher Amico del Sommelier mit GS-190 Holzstopfen"},"content":{"rendered":"<p class=\"mb-3\" style=\"text-align: justify;\">Mit realistischen Merkmalen und Farben wird unsere K\u00fcrbiskokotte aus verglastem Gusseisen mit Sicherheit ein Gespr\u00e4chsthema am Tisch sein. Er hat ein Fassungsverm\u00f6gen von 3,7 l und einen authentisch geformten Stielknopf f\u00fcr einen bequemen Halt. Dar\u00fcber hinaus erleichtert der flache Boden das R\u00fchren und eignet sich perfekt zum K\u00f6cheln von Eint\u00f6pfen oder Suppen.<\/p>\n<ul>\n<li>\n<p class=\"mb-3\">Schnelle Reinigung: Eine d\u00fcnne verglaste Innenschicht erleichtert die Reinigung.<\/p>\n<\/li>\n<li>\n<p class=\"mb-3\">Vielseitigkeit: Dieses Produkt ist f\u00fcr den Ofen, den Herd und den Ofen im Grillmodus geeignet.<\/p>\n<\/li>\n<li>\n<p class=\"mb-3\">Gro\u00dfartig schmeckendes Essen: Verglastes Gusseisen speichert die W\u00e4rme f\u00fcr gleichm\u00e4\u00dfiges Garen und Anbraten. Ihre k\u00f6stlichen Kreationen bleiben auch am Tisch l\u00e4nger warm.<\/p>\n<\/li>\n<li>\n<p class=\"mb-3\">Erh\u00e4lt die Saftigkeit: Unser Deckel bewahrt den beim Garen von Speisen entstehenden Dampf und verst\u00e4rkt den Geschmack f\u00fcr au\u00dfergew\u00f6hnliche Kochergebnisse.<\/p>\n<\/li>\n<li>\n<p class=\"mb-3\">Nicht zu hei\u00df: Kochen Sie bei gleichm\u00e4\u00dfiger, niedriger bis mittlerer Hitze, um Ihr Gusseisenprodukt zu schonen und k\u00f6stliche Ergebnisse zu erzielen.<\/p>\n<\/li>\n<li>\n<p class=\"mb-3\">Beste seiner Klasse: Unsere Produkte werden aus den besten Materialien in Fabriken auf der ganzen Welt hergestellt, um die Qualit\u00e4t zu gew\u00e4hrleisten, die Sie von Le\u00a0Creuset erwarten.<\/p>\n<\/li>\n<\/ul>\n<p>Material: verglastes Gusseisen<br \/>\nHergestellt in: Frankreich<br \/>\nGarantie: lebenslang<\/p>\n<p>Fassungsverm\u00f6gen: 3,7 l<\/p>\n<p><strong>W\u00e4rmequelle:<\/strong><\/p>\n<ul>\n<li>Ofen<\/li>\n<li>Ofen im Grillmodus<\/li>\n<li>Elektroherd<\/li>\n<li>Keramikglas<\/li>\n<li>Gasherd<\/li>\n<li>Induktionskochfeld<\/li>\n<\/ul>\n<p><strong>Reinigung und Pflege:<\/strong><\/p>\n<ul>\n<li class=\"mb-3\">Warten Sie, bis das Produkt vollst\u00e4ndig abgek\u00fchlt ist, bevor Sie mit der Reinigung beginnen.<\/li>\n<li class=\"mb-3\">Entfernen Sie alle Speisereste vom Boden und den Kanten des Produkts. Bei hartn\u00e4ckigen Speiseresten f\u00fcllen Sie das Produkt mit warmem Seifenwasser und lassen es 15\u201320 Minuten einweichen, bevor Sie es wie gewohnt waschen.<\/li>\n<li class=\"mb-3\">Verwenden Sie zum Reinigen der Oberfl\u00e4chen keine Scheuermittel oder Metallreiniger, Scheuerschw\u00e4mme oder sehr harte, steife B\u00fcrsten.<\/li>\n<li class=\"mb-3\">Trocknen Sie das Produkt nach dem Waschen sorgf\u00e4ltig ab und lagern Sie es an einem trockenen Ort.<\/li>\n<\/ul>\n","protected":false},"excerpt":{"rendered":"<p>Mit realistischen Merkmalen und Farben wird unsere K\u00fcrbiskokotte aus verglastem Gusseisen mit Sicherheit ein Gespr\u00e4chsthema am Tisch sein. Er hat<\/p>\n","protected":false},"featured_media":447567,"template":"","meta":{"_acf_changed":false,"inline_featured_image":false},"product_cat":[6787,6850,14462],"product_tag":[25088,14151,13068,25022,11969],"acf":[],"yoast_head":"<!-- This site is optimized with the Yoast SEO Premium plugin v18.6 (Yoast SEO v19.13) - https:\/\/yoast.com\/wordpress\/plugins\/seo\/ -->\n<title>LE CREUSET WT-110 Korkenzieher Amico del Sommelier mit GS-190 Holzstopfen - Erresse Shop<\/title>\n<meta name=\"description\" content=\"Mit realistischen Merkmalen und Farben wird unsere K\u00fcrbiskokotte aus verglastem Gusseisen mit Sicherheit ein Gespr\u00e4chsthema am Tisch sein. Er hat ein\" \/>\n<meta name=\"robots\" content=\"index, follow, max-snippet:-1, max-image-preview:large, max-video-preview:-1\" \/>\n<link rel=\"canonical\" href=\"https:\/\/www.erresse-shop.it\/de\/shop\/tisch\/weinbar-korkenzieher-dekanter-eiskubel\/korkenzieher\/le-creuset-cocotte-pumpkin-evolution-aus-gusseisen-24-cm-weis-copia\/\" \/>\n<meta property=\"og:locale\" content=\"de_DE\" \/>\n<meta property=\"og:type\" content=\"article\" \/>\n<meta property=\"og:title\" content=\"LE CREUSET WT-110 Korkenzieher Amico del Sommelier mit GS-190 Holzstopfen\" \/>\n<meta property=\"og:description\" content=\"Mit realistischen Merkmalen und Farben wird unsere K\u00fcrbiskokotte aus verglastem Gusseisen mit Sicherheit ein Gespr\u00e4chsthema am Tisch sein. Er hat ein\" \/>\n<meta property=\"og:url\" content=\"https:\/\/www.erresse-shop.it\/de\/shop\/tisch\/weinbar-korkenzieher-dekanter-eiskubel\/korkenzieher\/le-creuset-cocotte-pumpkin-evolution-aus-gusseisen-24-cm-weis-copia\/\" \/>\n<meta property=\"og:site_name\" content=\"Erresse Shop\" \/>\n<meta property=\"article:modified_time\" content=\"2024-11-15T08:15:29+00:00\" \/>\n<meta property=\"og:image\" content=\"https:\/\/www.erresse-shop.it\/wp-content\/uploads\/2024\/11\/LE-CREUSET-Cavatappi-Amico-del-Sommelier-WT-110-con-Tappo-in-Legno-GS-190.jpg\" \/>\n\t<meta property=\"og:image:width\" content=\"1200\" \/>\n\t<meta property=\"og:image:height\" content=\"1200\" \/>\n\t<meta property=\"og:image:type\" content=\"image\/jpeg\" \/>\n<meta name=\"twitter:card\" content=\"summary_large_image\" \/>\n<script type=\"application\/ld+json\" class=\"yoast-schema-graph\">{\"@context\":\"https:\/\/schema.org\",\"@graph\":[{\"@type\":\"WebPage\",\"@id\":\"https:\/\/www.erresse-shop.it\/de\/shop\/tisch\/weinbar-korkenzieher-dekanter-eiskubel\/korkenzieher\/le-creuset-cocotte-pumpkin-evolution-aus-gusseisen-24-cm-weis-copia\/\",\"url\":\"https:\/\/www.erresse-shop.it\/de\/shop\/tisch\/weinbar-korkenzieher-dekanter-eiskubel\/korkenzieher\/le-creuset-cocotte-pumpkin-evolution-aus-gusseisen-24-cm-weis-copia\/\",\"name\":\"LE CREUSET WT-110 Korkenzieher Amico del Sommelier mit GS-190 Holzstopfen - Erresse Shop\",\"isPartOf\":{\"@id\":\"https:\/\/www.erresse-shop.it\/de\/#website\"},\"datePublished\":\"2024-11-15T07:47:12+00:00\",\"dateModified\":\"2024-11-15T08:15:29+00:00\",\"description\":\"Mit realistischen Merkmalen und Farben wird unsere K\u00fcrbiskokotte aus verglastem Gusseisen mit Sicherheit ein Gespr\u00e4chsthema am Tisch sein. Er hat ein\",\"breadcrumb\":{\"@id\":\"https:\/\/www.erresse-shop.it\/de\/shop\/tisch\/weinbar-korkenzieher-dekanter-eiskubel\/korkenzieher\/le-creuset-cocotte-pumpkin-evolution-aus-gusseisen-24-cm-weis-copia\/#breadcrumb\"},\"inLanguage\":\"de-DE\",\"potentialAction\":[{\"@type\":\"ReadAction\",\"target\":[\"https:\/\/www.erresse-shop.it\/de\/shop\/tisch\/weinbar-korkenzieher-dekanter-eiskubel\/korkenzieher\/le-creuset-cocotte-pumpkin-evolution-aus-gusseisen-24-cm-weis-copia\/\"]}]},{\"@type\":\"BreadcrumbList\",\"@id\":\"https:\/\/www.erresse-shop.it\/de\/shop\/tisch\/weinbar-korkenzieher-dekanter-eiskubel\/korkenzieher\/le-creuset-cocotte-pumpkin-evolution-aus-gusseisen-24-cm-weis-copia\/#breadcrumb\",\"itemListElement\":[{\"@type\":\"ListItem\",\"position\":1,\"name\":\"Home\",\"item\":\"https:\/\/www.erresse-shop.it\/de\/\"},{\"@type\":\"ListItem\",\"position\":2,\"name\":\"Shop\",\"item\":\"https:\/\/www.erresse-shop.it\/de\/shop\/\"},{\"@type\":\"ListItem\",\"position\":3,\"name\":\"LE CREUSET WT-110 Korkenzieher Amico del Sommelier mit GS-190 Holzstopfen\"}]},{\"@type\":\"WebSite\",\"@id\":\"https:\/\/www.erresse-shop.it\/de\/#website\",\"url\":\"https:\/\/www.erresse-shop.it\/de\/\",\"name\":\"Erresse Shop\",\"description\":\"Articoli di qualit\u00e0 per la casa\",\"potentialAction\":[{\"@type\":\"SearchAction\",\"target\":{\"@type\":\"EntryPoint\",\"urlTemplate\":\"https:\/\/www.erresse-shop.it\/de\/?s={search_term_string}\"},\"query-input\":\"required name=search_term_string\"}],\"inLanguage\":\"de-DE\"}]}<\/script>\n<!-- \/ Yoast SEO Premium plugin. -->","yoast_head_json":{"title":"LE CREUSET WT-110 Korkenzieher Amico del Sommelier mit GS-190 Holzstopfen - Erresse Shop","description":"Mit realistischen Merkmalen und Farben wird unsere K\u00fcrbiskokotte aus verglastem Gusseisen mit Sicherheit ein Gespr\u00e4chsthema am Tisch sein. Er hat ein","robots":{"index":"index","follow":"follow","max-snippet":"max-snippet:-1","max-image-preview":"max-image-preview:large","max-video-preview":"max-video-preview:-1"},"canonical":"https:\/\/www.erresse-shop.it\/de\/shop\/tisch\/weinbar-korkenzieher-dekanter-eiskubel\/korkenzieher\/le-creuset-cocotte-pumpkin-evolution-aus-gusseisen-24-cm-weis-copia\/","og_locale":"de_DE","og_type":"article","og_title":"LE CREUSET WT-110 Korkenzieher Amico del Sommelier mit GS-190 Holzstopfen","og_description":"Mit realistischen Merkmalen und Farben wird unsere K\u00fcrbiskokotte aus verglastem Gusseisen mit Sicherheit ein Gespr\u00e4chsthema am Tisch sein. Er hat ein","og_url":"https:\/\/www.erresse-shop.it\/de\/shop\/tisch\/weinbar-korkenzieher-dekanter-eiskubel\/korkenzieher\/le-creuset-cocotte-pumpkin-evolution-aus-gusseisen-24-cm-weis-copia\/","og_site_name":"Erresse Shop","article_modified_time":"2024-11-15T08:15:29+00:00","og_image":[{"width":1200,"height":1200,"url":"https:\/\/www.erresse-shop.it\/wp-content\/uploads\/2024\/11\/LE-CREUSET-Cavatappi-Amico-del-Sommelier-WT-110-con-Tappo-in-Legno-GS-190.jpg","type":"image\/jpeg"}],"twitter_card":"summary_large_image","schema":{"@context":"https:\/\/schema.org","@graph":[{"@type":"WebPage","@id":"https:\/\/www.erresse-shop.it\/de\/shop\/tisch\/weinbar-korkenzieher-dekanter-eiskubel\/korkenzieher\/le-creuset-cocotte-pumpkin-evolution-aus-gusseisen-24-cm-weis-copia\/","url":"https:\/\/www.erresse-shop.it\/de\/shop\/tisch\/weinbar-korkenzieher-dekanter-eiskubel\/korkenzieher\/le-creuset-cocotte-pumpkin-evolution-aus-gusseisen-24-cm-weis-copia\/","name":"LE CREUSET WT-110 Korkenzieher Amico del Sommelier mit GS-190 Holzstopfen - Erresse Shop","isPartOf":{"@id":"https:\/\/www.erresse-shop.it\/de\/#website"},"datePublished":"2024-11-15T07:47:12+00:00","dateModified":"2024-11-15T08:15:29+00:00","description":"Mit realistischen Merkmalen und Farben wird unsere K\u00fcrbiskokotte aus verglastem Gusseisen mit Sicherheit ein Gespr\u00e4chsthema am Tisch sein. Er hat ein","breadcrumb":{"@id":"https:\/\/www.erresse-shop.it\/de\/shop\/tisch\/weinbar-korkenzieher-dekanter-eiskubel\/korkenzieher\/le-creuset-cocotte-pumpkin-evolution-aus-gusseisen-24-cm-weis-copia\/#breadcrumb"},"inLanguage":"de-DE","potentialAction":[{"@type":"ReadAction","target":["https:\/\/www.erresse-shop.it\/de\/shop\/tisch\/weinbar-korkenzieher-dekanter-eiskubel\/korkenzieher\/le-creuset-cocotte-pumpkin-evolution-aus-gusseisen-24-cm-weis-copia\/"]}]},{"@type":"BreadcrumbList","@id":"https:\/\/www.erresse-shop.it\/de\/shop\/tisch\/weinbar-korkenzieher-dekanter-eiskubel\/korkenzieher\/le-creuset-cocotte-pumpkin-evolution-aus-gusseisen-24-cm-weis-copia\/#breadcrumb","itemListElement":[{"@type":"ListItem","position":1,"name":"Home","item":"https:\/\/www.erresse-shop.it\/de\/"},{"@type":"ListItem","position":2,"name":"Shop","item":"https:\/\/www.erresse-shop.it\/de\/shop\/"},{"@type":"ListItem","position":3,"name":"LE CREUSET WT-110 Korkenzieher Amico del Sommelier mit GS-190 Holzstopfen"}]},{"@type":"WebSite","@id":"https:\/\/www.erresse-shop.it\/de\/#website","url":"https:\/\/www.erresse-shop.it\/de\/","name":"Erresse Shop","description":"Articoli di qualit\u00e0 per la casa","potentialAction":[{"@type":"SearchAction","target":{"@type":"EntryPoint","urlTemplate":"https:\/\/www.erresse-shop.it\/de\/?s={search_term_string}"},"query-input":"required name=search_term_string"}],"inLanguage":"de-DE"}]}},"df_price":35.550000000000004,"df_sale_price":35.550000000000004,"df_regular_price":79,"df_image_link":"https:\/\/www.erresse-shop.it\/wp-content\/uploads\/2024\/11\/LE-CREUSET-Cavatappi-Amico-del-Sommelier-WT-110-con-Tappo-in-Legno-GS-190-300x300.jpg","_links":{"self":[{"href":"https:\/\/www.erresse-shop.it\/de\/wp-json\/wp\/v2\/product\/447533"}],"collection":[{"href":"https:\/\/www.erresse-shop.it\/de\/wp-json\/wp\/v2\/product"}],"about":[{"href":"https:\/\/www.erresse-shop.it\/de\/wp-json\/wp\/v2\/types\/product"}],"wp:featuredmedia":[{"embeddable":true,"href":"https:\/\/www.erresse-shop.it\/de\/wp-json\/wp\/v2\/media\/447567"}],"wp:attachment":[{"href":"https:\/\/www.erresse-shop.it\/de\/wp-json\/wp\/v2\/media?parent=447533"}],"wp:term":[{"taxonomy":"product_cat","embeddable":true,"href":"https:\/\/www.erresse-shop.it\/de\/wp-json\/wp\/v2\/product_cat?post=447533"},{"taxonomy":"product_tag","embeddable":true,"href":"https:\/\/www.erresse-shop.it\/de\/wp-json\/wp\/v2\/product_tag?post=447533"}],"curies":[{"name":"wp","href":"https:\/\/api.w.org\/{rel}","templated":true}]}}