{"id":447396,"date":"2024-11-14T15:08:10","date_gmt":"2024-11-14T15:08:10","guid":{"rendered":"https:\/\/www.erresse-shop.it\/?post_type=product&#038;p=447396"},"modified":"2024-11-17T11:45:25","modified_gmt":"2024-11-17T11:45:25","slug":"le-creuset-niedriger-gusseisen-kurbistopf-30-cm-orange-copia","status":"publish","type":"product","link":"https:\/\/www.erresse-shop.it\/de\/shop\/toepfe-pfannen\/schmorpfannen\/le-creuset-niedriger-gusseisen-kurbistopf-30-cm-orange-copia\/","title":{"rendered":"LE CREUSET Niedriger Gusseisen-K\u00fcrbistopf 28 cm Wei\u00df"},"content":{"rendered":"<p>Bereiten Sie Ihre Rezepte mit der Zucca Low Pan zu und bringen Sie sie auf den Tisch. Ausgestattet mit einem k\u00fcrbisstielf\u00f6rmigen Edelstahlknauf sorgt dieses Produkt f\u00fcr die perfekte herbstliche Atmosph\u00e4re. Seine flache Form eignet sich perfekt zum Schmoren und K\u00f6cheln und ist somit ideal f\u00fcr Eint\u00f6pfe.<\/p>\n<ul>\n<li>\n<p class=\"mb-3\">Schnelle Reinigung: Eine d\u00fcnne, verglaste Innenschicht erleichtert die Reinigung.<\/p>\n<\/li>\n<li>\n<p class=\"mb-3\">Vielseitigkeit: Dieses Produkt ist f\u00fcr den Ofen, den Herd und den Ofen im Grillmodus geeignet.<\/p>\n<\/li>\n<li>\n<p class=\"mb-3\">Hervorragende Aromen: Verglastes Gusseisen speichert die W\u00e4rme f\u00fcr gleichm\u00e4\u00dfiges Kochen und Anbraten. Ihre k\u00f6stlichen Kreationen bleiben auch am Tisch l\u00e4nger warm.<\/p>\n<\/li>\n<li>\n<p class=\"mb-3\">Bewahren Sie den Geschmack: Unser Deckel bewahrt den beim Garen von Speisen entstehenden Dampf und verst\u00e4rkt den Geschmack f\u00fcr au\u00dfergew\u00f6hnliche Kochergebnisse.<\/p>\n<\/li>\n<li>\n<p class=\"mb-3\">Nicht zu hei\u00df: Kochen Sie bei gleichm\u00e4\u00dfiger, niedriger bis mittlerer Hitze, um Ihr Gusseisenprodukt zu schonen und k\u00f6stliche Ergebnisse zu erzielen.<\/p>\n<\/li>\n<li>\n<p class=\"mb-3\">Beste seiner Klasse: Unsere Produkte werden aus den besten Materialien hergestellt, um h\u00f6chste Qualit\u00e4t zu garantieren.<\/p>\n<\/li>\n<\/ul>\n<p>Material: verglastes Gusseisen<br \/>\nHergestellt in: Frankreich<\/p>\n<p>Fassungsverm\u00f6gen: 2,5 l<\/p>\n<p><strong>W\u00e4rmequelle:<\/strong><\/p>\n<ul>\n<li>Ofen<\/li>\n<li>Ofengrillmodus<\/li>\n<li>Elektroherd<\/li>\n<li>Keramikglas<\/li>\n<li>Gasherd<\/li>\n<li>Induktionskochfeld<\/li>\n<\/ul>\n<p><strong>Reinigung und Pflege:<\/strong><\/p>\n<ul>\n<li class=\"mb-3\">Warten Sie, bis das Produkt vollst\u00e4ndig abgek\u00fchlt ist, bevor Sie mit der Reinigung beginnen.<\/li>\n<li class=\"mb-3\">Entfernen Sie alle R\u00fcckst\u00e4nde von der Basis und den Kanten des Produkts. Bei hartn\u00e4ckigen Speiseresten f\u00fcllen Sie das Produkt mit warmem Seifenwasser und lassen es vor dem Waschen 15\u201320 Minuten einweichen.<\/li>\n<li class=\"mb-3\">Verwenden Sie zum Reinigen von Oberfl\u00e4chen keine aggressiven Reinigungsmittel, Scheuer- und\/oder Metallschw\u00e4mme oder sehr harte und starre B\u00fcrsten.<\/li>\n<li class=\"mb-3\">Trocknen Sie das Produkt nach dem Waschen sorgf\u00e4ltig ab und lagern Sie es an einem trockenen Ort.<\/li>\n<\/ul>\n","protected":false},"excerpt":{"rendered":"<p>Bereiten Sie Ihre Rezepte mit der Zucca Low Pan zu und bringen Sie sie auf den Tisch. Ausgestattet mit einem<\/p>\n","protected":false},"featured_media":447423,"template":"","meta":{"_acf_changed":false,"inline_featured_image":false},"product_cat":[6709,14798],"product_tag":[11387,11381,11383,11385,12315,12992,12205],"acf":[],"yoast_head":"<!-- This site is optimized with the Yoast SEO Premium plugin v18.6 (Yoast SEO v19.13) - https:\/\/yoast.com\/wordpress\/plugins\/seo\/ -->\n<title>LE CREUSET Niedriger Gusseisen-K\u00fcrbistopf 28 cm Wei\u00df - Erresse Shop<\/title>\n<meta name=\"description\" content=\"Bereiten Sie Ihre Rezepte mit der Zucca Low Pan zu und bringen Sie sie auf den Tisch. Ausgestattet mit einem k\u00fcrbisstielf\u00f6rmigen Edelstahlknauf sorgt\" \/>\n<meta name=\"robots\" content=\"index, follow, max-snippet:-1, max-image-preview:large, max-video-preview:-1\" \/>\n<link rel=\"canonical\" href=\"https:\/\/www.erresse-shop.it\/de\/shop\/toepfe-pfannen\/schmorpfannen\/le-creuset-niedriger-gusseisen-kurbistopf-30-cm-orange-copia\/\" \/>\n<meta property=\"og:locale\" content=\"de_DE\" \/>\n<meta property=\"og:type\" content=\"article\" \/>\n<meta property=\"og:title\" content=\"LE CREUSET Niedriger Gusseisen-K\u00fcrbistopf 28 cm Wei\u00df\" \/>\n<meta property=\"og:description\" content=\"Bereiten Sie Ihre Rezepte mit der Zucca Low Pan zu und bringen Sie sie auf den Tisch. Ausgestattet mit einem k\u00fcrbisstielf\u00f6rmigen Edelstahlknauf sorgt\" \/>\n<meta property=\"og:url\" content=\"https:\/\/www.erresse-shop.it\/de\/shop\/toepfe-pfannen\/schmorpfannen\/le-creuset-niedriger-gusseisen-kurbistopf-30-cm-orange-copia\/\" \/>\n<meta property=\"og:site_name\" content=\"Erresse Shop\" \/>\n<meta property=\"article:modified_time\" content=\"2024-11-17T11:45:25+00:00\" \/>\n<meta property=\"og:image\" content=\"https:\/\/www.erresse-shop.it\/wp-content\/uploads\/2024\/11\/LE-CREUSET-Tegame-Basso-Zucca-in-Ghisa-28-cm-Bianco.jpg\" \/>\n\t<meta property=\"og:image:width\" content=\"1200\" \/>\n\t<meta property=\"og:image:height\" content=\"1200\" \/>\n\t<meta property=\"og:image:type\" content=\"image\/jpeg\" \/>\n<meta name=\"twitter:card\" content=\"summary_large_image\" \/>\n<script type=\"application\/ld+json\" class=\"yoast-schema-graph\">{\"@context\":\"https:\/\/schema.org\",\"@graph\":[{\"@type\":\"WebPage\",\"@id\":\"https:\/\/www.erresse-shop.it\/de\/shop\/toepfe-pfannen\/schmorpfannen\/le-creuset-niedriger-gusseisen-kurbistopf-30-cm-orange-copia\/\",\"url\":\"https:\/\/www.erresse-shop.it\/de\/shop\/toepfe-pfannen\/schmorpfannen\/le-creuset-niedriger-gusseisen-kurbistopf-30-cm-orange-copia\/\",\"name\":\"LE CREUSET Niedriger Gusseisen-K\u00fcrbistopf 28 cm Wei\u00df - Erresse Shop\",\"isPartOf\":{\"@id\":\"https:\/\/www.erresse-shop.it\/de\/#website\"},\"datePublished\":\"2024-11-14T15:08:10+00:00\",\"dateModified\":\"2024-11-17T11:45:25+00:00\",\"description\":\"Bereiten Sie Ihre Rezepte mit der Zucca Low Pan zu und bringen Sie sie auf den Tisch. Ausgestattet mit einem k\u00fcrbisstielf\u00f6rmigen Edelstahlknauf sorgt\",\"breadcrumb\":{\"@id\":\"https:\/\/www.erresse-shop.it\/de\/shop\/toepfe-pfannen\/schmorpfannen\/le-creuset-niedriger-gusseisen-kurbistopf-30-cm-orange-copia\/#breadcrumb\"},\"inLanguage\":\"de-DE\",\"potentialAction\":[{\"@type\":\"ReadAction\",\"target\":[\"https:\/\/www.erresse-shop.it\/de\/shop\/toepfe-pfannen\/schmorpfannen\/le-creuset-niedriger-gusseisen-kurbistopf-30-cm-orange-copia\/\"]}]},{\"@type\":\"BreadcrumbList\",\"@id\":\"https:\/\/www.erresse-shop.it\/de\/shop\/toepfe-pfannen\/schmorpfannen\/le-creuset-niedriger-gusseisen-kurbistopf-30-cm-orange-copia\/#breadcrumb\",\"itemListElement\":[{\"@type\":\"ListItem\",\"position\":1,\"name\":\"Home\",\"item\":\"https:\/\/www.erresse-shop.it\/de\/\"},{\"@type\":\"ListItem\",\"position\":2,\"name\":\"Shop\",\"item\":\"https:\/\/www.erresse-shop.it\/de\/shop\/\"},{\"@type\":\"ListItem\",\"position\":3,\"name\":\"LE CREUSET Niedriger Gusseisen-K\u00fcrbistopf 28 cm Wei\u00df\"}]},{\"@type\":\"WebSite\",\"@id\":\"https:\/\/www.erresse-shop.it\/de\/#website\",\"url\":\"https:\/\/www.erresse-shop.it\/de\/\",\"name\":\"Erresse Shop\",\"description\":\"Articoli di qualit\u00e0 per la casa\",\"potentialAction\":[{\"@type\":\"SearchAction\",\"target\":{\"@type\":\"EntryPoint\",\"urlTemplate\":\"https:\/\/www.erresse-shop.it\/de\/?s={search_term_string}\"},\"query-input\":\"required name=search_term_string\"}],\"inLanguage\":\"de-DE\"}]}<\/script>\n<!-- \/ Yoast SEO Premium plugin. -->","yoast_head_json":{"title":"LE CREUSET Niedriger Gusseisen-K\u00fcrbistopf 28 cm Wei\u00df - Erresse Shop","description":"Bereiten Sie Ihre Rezepte mit der Zucca Low Pan zu und bringen Sie sie auf den Tisch. Ausgestattet mit einem k\u00fcrbisstielf\u00f6rmigen Edelstahlknauf sorgt","robots":{"index":"index","follow":"follow","max-snippet":"max-snippet:-1","max-image-preview":"max-image-preview:large","max-video-preview":"max-video-preview:-1"},"canonical":"https:\/\/www.erresse-shop.it\/de\/shop\/toepfe-pfannen\/schmorpfannen\/le-creuset-niedriger-gusseisen-kurbistopf-30-cm-orange-copia\/","og_locale":"de_DE","og_type":"article","og_title":"LE CREUSET Niedriger Gusseisen-K\u00fcrbistopf 28 cm Wei\u00df","og_description":"Bereiten Sie Ihre Rezepte mit der Zucca Low Pan zu und bringen Sie sie auf den Tisch. Ausgestattet mit einem k\u00fcrbisstielf\u00f6rmigen Edelstahlknauf sorgt","og_url":"https:\/\/www.erresse-shop.it\/de\/shop\/toepfe-pfannen\/schmorpfannen\/le-creuset-niedriger-gusseisen-kurbistopf-30-cm-orange-copia\/","og_site_name":"Erresse Shop","article_modified_time":"2024-11-17T11:45:25+00:00","og_image":[{"width":1200,"height":1200,"url":"https:\/\/www.erresse-shop.it\/wp-content\/uploads\/2024\/11\/LE-CREUSET-Tegame-Basso-Zucca-in-Ghisa-28-cm-Bianco.jpg","type":"image\/jpeg"}],"twitter_card":"summary_large_image","schema":{"@context":"https:\/\/schema.org","@graph":[{"@type":"WebPage","@id":"https:\/\/www.erresse-shop.it\/de\/shop\/toepfe-pfannen\/schmorpfannen\/le-creuset-niedriger-gusseisen-kurbistopf-30-cm-orange-copia\/","url":"https:\/\/www.erresse-shop.it\/de\/shop\/toepfe-pfannen\/schmorpfannen\/le-creuset-niedriger-gusseisen-kurbistopf-30-cm-orange-copia\/","name":"LE CREUSET Niedriger Gusseisen-K\u00fcrbistopf 28 cm Wei\u00df - Erresse Shop","isPartOf":{"@id":"https:\/\/www.erresse-shop.it\/de\/#website"},"datePublished":"2024-11-14T15:08:10+00:00","dateModified":"2024-11-17T11:45:25+00:00","description":"Bereiten Sie Ihre Rezepte mit der Zucca Low Pan zu und bringen Sie sie auf den Tisch. Ausgestattet mit einem k\u00fcrbisstielf\u00f6rmigen Edelstahlknauf sorgt","breadcrumb":{"@id":"https:\/\/www.erresse-shop.it\/de\/shop\/toepfe-pfannen\/schmorpfannen\/le-creuset-niedriger-gusseisen-kurbistopf-30-cm-orange-copia\/#breadcrumb"},"inLanguage":"de-DE","potentialAction":[{"@type":"ReadAction","target":["https:\/\/www.erresse-shop.it\/de\/shop\/toepfe-pfannen\/schmorpfannen\/le-creuset-niedriger-gusseisen-kurbistopf-30-cm-orange-copia\/"]}]},{"@type":"BreadcrumbList","@id":"https:\/\/www.erresse-shop.it\/de\/shop\/toepfe-pfannen\/schmorpfannen\/le-creuset-niedriger-gusseisen-kurbistopf-30-cm-orange-copia\/#breadcrumb","itemListElement":[{"@type":"ListItem","position":1,"name":"Home","item":"https:\/\/www.erresse-shop.it\/de\/"},{"@type":"ListItem","position":2,"name":"Shop","item":"https:\/\/www.erresse-shop.it\/de\/shop\/"},{"@type":"ListItem","position":3,"name":"LE CREUSET Niedriger Gusseisen-K\u00fcrbistopf 28 cm Wei\u00df"}]},{"@type":"WebSite","@id":"https:\/\/www.erresse-shop.it\/de\/#website","url":"https:\/\/www.erresse-shop.it\/de\/","name":"Erresse Shop","description":"Articoli di qualit\u00e0 per la casa","potentialAction":[{"@type":"SearchAction","target":{"@type":"EntryPoint","urlTemplate":"https:\/\/www.erresse-shop.it\/de\/?s={search_term_string}"},"query-input":"required name=search_term_string"}],"inLanguage":"de-DE"}]}},"df_price":146.25,"df_sale_price":146.25,"df_regular_price":325,"df_image_link":"https:\/\/www.erresse-shop.it\/wp-content\/uploads\/2024\/11\/LE-CREUSET-Tegame-Basso-Zucca-in-Ghisa-28-cm-Bianco-300x300.jpg","_links":{"self":[{"href":"https:\/\/www.erresse-shop.it\/de\/wp-json\/wp\/v2\/product\/447396"}],"collection":[{"href":"https:\/\/www.erresse-shop.it\/de\/wp-json\/wp\/v2\/product"}],"about":[{"href":"https:\/\/www.erresse-shop.it\/de\/wp-json\/wp\/v2\/types\/product"}],"wp:featuredmedia":[{"embeddable":true,"href":"https:\/\/www.erresse-shop.it\/de\/wp-json\/wp\/v2\/media\/447423"}],"wp:attachment":[{"href":"https:\/\/www.erresse-shop.it\/de\/wp-json\/wp\/v2\/media?parent=447396"}],"wp:term":[{"taxonomy":"product_cat","embeddable":true,"href":"https:\/\/www.erresse-shop.it\/de\/wp-json\/wp\/v2\/product_cat?post=447396"},{"taxonomy":"product_tag","embeddable":true,"href":"https:\/\/www.erresse-shop.it\/de\/wp-json\/wp\/v2\/product_tag?post=447396"}],"curies":[{"name":"wp","href":"https:\/\/api.w.org\/{rel}","templated":true}]}}