{"id":447166,"date":"2024-11-14T13:10:07","date_gmt":"2024-11-14T13:10:07","guid":{"rendered":"https:\/\/www.erresse-shop.it\/?post_type=product&#038;p=447166"},"modified":"2024-11-14T13:27:30","modified_gmt":"2024-11-14T13:27:30","slug":"le-creuset-gusseisen-weihnachtsbaum-evolution-runde-cocotte-24-cm-weis-copia","status":"publish","type":"product","link":"https:\/\/www.erresse-shop.it\/de\/shop\/tisch\/teller-geschirr\/servierplatten\/le-creuset-gusseisen-weihnachtsbaum-evolution-runde-cocotte-24-cm-weis-copia\/","title":{"rendered":"Le Creuset Butterdose K\u00fcrbis"},"content":{"rendered":"<p class=\"mb-3\" style=\"text-align: justify;\">Mit ihrem entz\u00fcckenden Design ist die K\u00fcrbisbutterdose eine sch\u00f6ne saisonale Erg\u00e4nzung f\u00fcr die K\u00fcche und auf dem Tisch. Es eignet sich auch perfekt zum Kochen von Vorspeisen, zum Servieren einzelner Gratins und Beilagen oder sogar f\u00fcr Desserts wie Mousse und Cr\u00e8me Br\u00fbl\u00e9e. Der glasierte Steinzeugdeckel speichert Feuchtigkeit und W\u00e4rme w\u00e4hrend des Kochens und h\u00e4lt die Butter auf der perfekten Temperatur. Die Zucca-Butterdose besteht aus hochwertigem Steinzeug und ist leicht zu reinigen, sp\u00fclmaschinenfest und resistent gegen Kratzer und Flecken.<\/p>\n<ul>\n<li>\n<p class=\"mb-3\">Immer auf dem neuesten Stand: Unser Steinzeug ist kratzfest und leicht zu reinigen.<\/p>\n<\/li>\n<li>\n<p class=\"mb-3\">Hervorragende Handwerkskunst: Unsere Produkte aus Steinzeug bestehen aus hochwertigem Steinzeug und halten gleichm\u00e4\u00dfige Temperaturen aufrecht und garantieren Widerstandsf\u00e4higkeit und Haltbarkeit im Laufe der Zeit.<\/p>\n<\/li>\n<li>\n<p class=\"mb-3\">Geeignet f\u00fcr Hitze und K\u00e4lte: Unser Steingut ist hitzebest\u00e4ndig von -23\u00b0C bis +260\u00b0C.<\/p>\n<\/li>\n<li>\n<p class=\"mb-3\">Beste seiner Klasse: Unsere Produkte werden aus den besten Materialien hergestellt, um h\u00f6chste Qualit\u00e4t zu garantieren.<\/p>\n<\/li>\n<\/ul>\n<p>Material: Verglastes Steinzeug<br \/>\nHergestellt in: Thailand<br \/>\nGarantie: 10 Jahre<\/p>\n<p><strong>Reinigung und Pflege:<\/strong><\/p>\n<ul>\n<li class=\"mb-3\">Warten Sie, bis das Produkt vollst\u00e4ndig abgek\u00fchlt ist, bevor Sie mit der Reinigung beginnen.<\/li>\n<li class=\"mb-3\">Entfernen Sie alle R\u00fcckst\u00e4nde von der Basis und den Kanten des Produkts. Bei hartn\u00e4ckigen Speiseresten f\u00fcllen Sie das Produkt mit warmem Seifenwasser und lassen es vor dem Waschen 15\u201320 Minuten einweichen.<\/li>\n<li class=\"mb-3\">Waschen und trocknen Sie Ihr Steinzeugprodukt von Hand oder geben Sie es f\u00fcr einen kompletten Zyklus in die Sp\u00fclmaschine.<\/li>\n<\/ul>\n","protected":false},"excerpt":{"rendered":"<p>Mit ihrem entz\u00fcckenden Design ist die K\u00fcrbisbutterdose eine sch\u00f6ne saisonale Erg\u00e4nzung f\u00fcr die K\u00fcche und auf dem Tisch. Es eignet<\/p>\n","protected":false},"featured_media":447199,"template":"","meta":{"_acf_changed":false,"inline_featured_image":false},"product_cat":[6796,6787],"product_tag":[25088,14262,14558,25022],"acf":[],"yoast_head":"<!-- This site is optimized with the Yoast SEO Premium plugin v18.6 (Yoast SEO v19.13) - https:\/\/yoast.com\/wordpress\/plugins\/seo\/ -->\n<title>Le Creuset Butterdose K\u00fcrbis - Erresse Shop<\/title>\n<meta name=\"description\" content=\"Mit ihrem entz\u00fcckenden Design ist die K\u00fcrbisbutterdose eine sch\u00f6ne saisonale Erg\u00e4nzung f\u00fcr die K\u00fcche und auf dem Tisch. Es eignet sich auch perfekt zum\" \/>\n<meta name=\"robots\" content=\"index, follow, max-snippet:-1, max-image-preview:large, max-video-preview:-1\" \/>\n<link rel=\"canonical\" href=\"https:\/\/www.erresse-shop.it\/de\/shop\/tisch\/teller-geschirr\/servierplatten\/le-creuset-gusseisen-weihnachtsbaum-evolution-runde-cocotte-24-cm-weis-copia\/\" \/>\n<meta property=\"og:locale\" content=\"de_DE\" \/>\n<meta property=\"og:type\" content=\"article\" \/>\n<meta property=\"og:title\" content=\"Le Creuset Butterdose K\u00fcrbis\" \/>\n<meta property=\"og:description\" content=\"Mit ihrem entz\u00fcckenden Design ist die K\u00fcrbisbutterdose eine sch\u00f6ne saisonale Erg\u00e4nzung f\u00fcr die K\u00fcche und auf dem Tisch. Es eignet sich auch perfekt zum\" \/>\n<meta property=\"og:url\" content=\"https:\/\/www.erresse-shop.it\/de\/shop\/tisch\/teller-geschirr\/servierplatten\/le-creuset-gusseisen-weihnachtsbaum-evolution-runde-cocotte-24-cm-weis-copia\/\" \/>\n<meta property=\"og:site_name\" content=\"Erresse Shop\" \/>\n<meta property=\"article:modified_time\" content=\"2024-11-14T13:27:30+00:00\" \/>\n<meta property=\"og:image\" content=\"https:\/\/www.erresse-shop.it\/wp-content\/uploads\/2024\/11\/LE-CREUSET-Porta-Burro-Zucca.jpg\" \/>\n\t<meta property=\"og:image:width\" content=\"1200\" \/>\n\t<meta property=\"og:image:height\" content=\"1200\" \/>\n\t<meta property=\"og:image:type\" content=\"image\/jpeg\" \/>\n<meta name=\"twitter:card\" content=\"summary_large_image\" \/>\n<script type=\"application\/ld+json\" class=\"yoast-schema-graph\">{\"@context\":\"https:\/\/schema.org\",\"@graph\":[{\"@type\":\"WebPage\",\"@id\":\"https:\/\/www.erresse-shop.it\/de\/shop\/tisch\/teller-geschirr\/servierplatten\/le-creuset-gusseisen-weihnachtsbaum-evolution-runde-cocotte-24-cm-weis-copia\/\",\"url\":\"https:\/\/www.erresse-shop.it\/de\/shop\/tisch\/teller-geschirr\/servierplatten\/le-creuset-gusseisen-weihnachtsbaum-evolution-runde-cocotte-24-cm-weis-copia\/\",\"name\":\"Le Creuset Butterdose K\u00fcrbis - Erresse Shop\",\"isPartOf\":{\"@id\":\"https:\/\/www.erresse-shop.it\/de\/#website\"},\"datePublished\":\"2024-11-14T13:10:07+00:00\",\"dateModified\":\"2024-11-14T13:27:30+00:00\",\"description\":\"Mit ihrem entz\u00fcckenden Design ist die K\u00fcrbisbutterdose eine sch\u00f6ne saisonale Erg\u00e4nzung f\u00fcr die K\u00fcche und auf dem Tisch. Es eignet sich auch perfekt zum\",\"breadcrumb\":{\"@id\":\"https:\/\/www.erresse-shop.it\/de\/shop\/tisch\/teller-geschirr\/servierplatten\/le-creuset-gusseisen-weihnachtsbaum-evolution-runde-cocotte-24-cm-weis-copia\/#breadcrumb\"},\"inLanguage\":\"de-DE\",\"potentialAction\":[{\"@type\":\"ReadAction\",\"target\":[\"https:\/\/www.erresse-shop.it\/de\/shop\/tisch\/teller-geschirr\/servierplatten\/le-creuset-gusseisen-weihnachtsbaum-evolution-runde-cocotte-24-cm-weis-copia\/\"]}]},{\"@type\":\"BreadcrumbList\",\"@id\":\"https:\/\/www.erresse-shop.it\/de\/shop\/tisch\/teller-geschirr\/servierplatten\/le-creuset-gusseisen-weihnachtsbaum-evolution-runde-cocotte-24-cm-weis-copia\/#breadcrumb\",\"itemListElement\":[{\"@type\":\"ListItem\",\"position\":1,\"name\":\"Home\",\"item\":\"https:\/\/www.erresse-shop.it\/de\/\"},{\"@type\":\"ListItem\",\"position\":2,\"name\":\"Shop\",\"item\":\"https:\/\/www.erresse-shop.it\/de\/shop\/\"},{\"@type\":\"ListItem\",\"position\":3,\"name\":\"Le Creuset Butterdose K\u00fcrbis\"}]},{\"@type\":\"WebSite\",\"@id\":\"https:\/\/www.erresse-shop.it\/de\/#website\",\"url\":\"https:\/\/www.erresse-shop.it\/de\/\",\"name\":\"Erresse Shop\",\"description\":\"Articoli di qualit\u00e0 per la casa\",\"potentialAction\":[{\"@type\":\"SearchAction\",\"target\":{\"@type\":\"EntryPoint\",\"urlTemplate\":\"https:\/\/www.erresse-shop.it\/de\/?s={search_term_string}\"},\"query-input\":\"required name=search_term_string\"}],\"inLanguage\":\"de-DE\"}]}<\/script>\n<!-- \/ Yoast SEO Premium plugin. -->","yoast_head_json":{"title":"Le Creuset Butterdose K\u00fcrbis - Erresse Shop","description":"Mit ihrem entz\u00fcckenden Design ist die K\u00fcrbisbutterdose eine sch\u00f6ne saisonale Erg\u00e4nzung f\u00fcr die K\u00fcche und auf dem Tisch. Es eignet sich auch perfekt zum","robots":{"index":"index","follow":"follow","max-snippet":"max-snippet:-1","max-image-preview":"max-image-preview:large","max-video-preview":"max-video-preview:-1"},"canonical":"https:\/\/www.erresse-shop.it\/de\/shop\/tisch\/teller-geschirr\/servierplatten\/le-creuset-gusseisen-weihnachtsbaum-evolution-runde-cocotte-24-cm-weis-copia\/","og_locale":"de_DE","og_type":"article","og_title":"Le Creuset Butterdose K\u00fcrbis","og_description":"Mit ihrem entz\u00fcckenden Design ist die K\u00fcrbisbutterdose eine sch\u00f6ne saisonale Erg\u00e4nzung f\u00fcr die K\u00fcche und auf dem Tisch. Es eignet sich auch perfekt zum","og_url":"https:\/\/www.erresse-shop.it\/de\/shop\/tisch\/teller-geschirr\/servierplatten\/le-creuset-gusseisen-weihnachtsbaum-evolution-runde-cocotte-24-cm-weis-copia\/","og_site_name":"Erresse Shop","article_modified_time":"2024-11-14T13:27:30+00:00","og_image":[{"width":1200,"height":1200,"url":"https:\/\/www.erresse-shop.it\/wp-content\/uploads\/2024\/11\/LE-CREUSET-Porta-Burro-Zucca.jpg","type":"image\/jpeg"}],"twitter_card":"summary_large_image","schema":{"@context":"https:\/\/schema.org","@graph":[{"@type":"WebPage","@id":"https:\/\/www.erresse-shop.it\/de\/shop\/tisch\/teller-geschirr\/servierplatten\/le-creuset-gusseisen-weihnachtsbaum-evolution-runde-cocotte-24-cm-weis-copia\/","url":"https:\/\/www.erresse-shop.it\/de\/shop\/tisch\/teller-geschirr\/servierplatten\/le-creuset-gusseisen-weihnachtsbaum-evolution-runde-cocotte-24-cm-weis-copia\/","name":"Le Creuset Butterdose K\u00fcrbis - Erresse Shop","isPartOf":{"@id":"https:\/\/www.erresse-shop.it\/de\/#website"},"datePublished":"2024-11-14T13:10:07+00:00","dateModified":"2024-11-14T13:27:30+00:00","description":"Mit ihrem entz\u00fcckenden Design ist die K\u00fcrbisbutterdose eine sch\u00f6ne saisonale Erg\u00e4nzung f\u00fcr die K\u00fcche und auf dem Tisch. Es eignet sich auch perfekt zum","breadcrumb":{"@id":"https:\/\/www.erresse-shop.it\/de\/shop\/tisch\/teller-geschirr\/servierplatten\/le-creuset-gusseisen-weihnachtsbaum-evolution-runde-cocotte-24-cm-weis-copia\/#breadcrumb"},"inLanguage":"de-DE","potentialAction":[{"@type":"ReadAction","target":["https:\/\/www.erresse-shop.it\/de\/shop\/tisch\/teller-geschirr\/servierplatten\/le-creuset-gusseisen-weihnachtsbaum-evolution-runde-cocotte-24-cm-weis-copia\/"]}]},{"@type":"BreadcrumbList","@id":"https:\/\/www.erresse-shop.it\/de\/shop\/tisch\/teller-geschirr\/servierplatten\/le-creuset-gusseisen-weihnachtsbaum-evolution-runde-cocotte-24-cm-weis-copia\/#breadcrumb","itemListElement":[{"@type":"ListItem","position":1,"name":"Home","item":"https:\/\/www.erresse-shop.it\/de\/"},{"@type":"ListItem","position":2,"name":"Shop","item":"https:\/\/www.erresse-shop.it\/de\/shop\/"},{"@type":"ListItem","position":3,"name":"Le Creuset Butterdose K\u00fcrbis"}]},{"@type":"WebSite","@id":"https:\/\/www.erresse-shop.it\/de\/#website","url":"https:\/\/www.erresse-shop.it\/de\/","name":"Erresse Shop","description":"Articoli di qualit\u00e0 per la casa","potentialAction":[{"@type":"SearchAction","target":{"@type":"EntryPoint","urlTemplate":"https:\/\/www.erresse-shop.it\/de\/?s={search_term_string}"},"query-input":"required name=search_term_string"}],"inLanguage":"de-DE"}]}},"df_price":49.95,"df_sale_price":49.95,"df_regular_price":69,"df_image_link":"https:\/\/www.erresse-shop.it\/wp-content\/uploads\/2024\/11\/LE-CREUSET-Porta-Burro-Zucca-300x300.jpg","_links":{"self":[{"href":"https:\/\/www.erresse-shop.it\/de\/wp-json\/wp\/v2\/product\/447166"}],"collection":[{"href":"https:\/\/www.erresse-shop.it\/de\/wp-json\/wp\/v2\/product"}],"about":[{"href":"https:\/\/www.erresse-shop.it\/de\/wp-json\/wp\/v2\/types\/product"}],"wp:featuredmedia":[{"embeddable":true,"href":"https:\/\/www.erresse-shop.it\/de\/wp-json\/wp\/v2\/media\/447199"}],"wp:attachment":[{"href":"https:\/\/www.erresse-shop.it\/de\/wp-json\/wp\/v2\/media?parent=447166"}],"wp:term":[{"taxonomy":"product_cat","embeddable":true,"href":"https:\/\/www.erresse-shop.it\/de\/wp-json\/wp\/v2\/product_cat?post=447166"},{"taxonomy":"product_tag","embeddable":true,"href":"https:\/\/www.erresse-shop.it\/de\/wp-json\/wp\/v2\/product_tag?post=447166"}],"curies":[{"name":"wp","href":"https:\/\/api.w.org\/{rel}","templated":true}]}}