{"id":446961,"date":"2024-11-14T10:30:36","date_gmt":"2024-11-14T10:30:36","guid":{"rendered":"https:\/\/www.erresse-shop.it\/?post_type=product&#038;p=446961"},"modified":"2025-06-07T06:28:56","modified_gmt":"2025-06-07T06:28:56","slug":"le-creuset-holly-teller-19-cm-kirsche-copia-2","status":"publish","type":"product","link":"https:\/\/www.erresse-shop.it\/de\/shop\/tisch\/teller-geschirr\/servierplatten\/le-creuset-holly-teller-19-cm-kirsche-copia-2\/","title":{"rendered":"LE CREUSET Ovale Servierplatte Weihnachtsmann 35 cm Kirsche"},"content":{"rendered":"<p>Feiern Sie Weihnachten mit Stil mit unserer limitierten Weihnachtsmann-Servierplatte aus hochwertigem glasiertem Steinzeug in lebendigen Farbt\u00f6nen. Locken Sie alle am Tisch an und lassen Sie sie sich von dieser wundersch\u00f6nen Platte bedienen, die sich perfekt zum Servieren von Canap\u00e9s und zum Teilen von Tellern eignet. Es ist auch eine perfekte Geschenkidee f\u00fcr alle, die gutes Essen lieben.<\/p>\n<ul>\n<li>\n<p class=\"mb-3\">Immer auf dem neuesten Stand: Unser Steinzeug ist kratzfest und leicht zu reinigen.<\/p>\n<\/li>\n<li>\n<p class=\"mb-3\">Perfekte Verarbeitung: Hergestellt aus hochwertiger Keramik, halten unsere Produkte aus Steinzeug gleichm\u00e4\u00dfige Temperaturen aufrecht und garantieren Widerstandsf\u00e4higkeit und Haltbarkeit \u00fcber die Zeit.<\/p>\n<\/li>\n<li>\n<p class=\"mb-3\">Eine moderne Ikone: Mit dem charakteristischen Drei-Ring-Muster passt dieses Produkt zu unserem legend\u00e4ren Kochgeschirr aus verglastem Gusseisen und ist somit die perfekte Erg\u00e4nzung Ihrer Le\u00a0Creuset-Kollektion.<\/p >\n<\/li>\n<li>\n<p class=\"mb-3\">Geeignet f\u00fcr Hitze und K\u00e4lte: Unser Steinzeug ist hitzebest\u00e4ndig von -23 \u00b0C bis +260 \u00b0C.<\/p>\n<\/li>\n<li>\n<p class=\"mb-3\">Beste seiner Klasse: Unsere Produkte werden aus den besten Materialien in Fabriken auf der ganzen Welt hergestellt, um die Qualit\u00e4t zu gew\u00e4hrleisten, die Sie von Le\u00a0Creuset erwarten.<\/p>\n<\/li>\n<\/ul>\n<p>Material: Verglastes Steinzeug<br \/>\nHergestellt in: Thailand<br \/>\nGarantie: 10 Jahre<\/p>\n<p><strong>W\u00e4rmequelle:<\/strong><\/p>\n<ul>\n<li>Ofen<\/li>\n<li>Ofengrillmodus<\/li>\n<li>Mikrowelle<\/li>\n<\/ul>\n<p><strong>Reinigung und Pflege:<\/strong><\/p>\n<ul>\n<li>\n<p class=\"mb-3\">Warten Sie, bis das Produkt vollst\u00e4ndig abgek\u00fchlt ist, bevor Sie mit der Reinigung beginnen.<\/p>\n<p class=\"mb-3\">\n<\/li>\n<li>\n<p class=\"mb-3\">Entfernen Sie alle R\u00fcckst\u00e4nde vom Boden und den Seitenw\u00e4nden des Produkts. Bei hartn\u00e4ckigen Speiseresten f\u00fcllen Sie das Produkt mit warmem Seifenwasser und lassen es 15\u201320 Minuten einweichen, bevor Sie es wie gewohnt waschen.<\/p>\n<p class=\"mb-3\">\n<\/li>\n<li>\n<p class=\"mb-3\">Von Hand waschen und trocknen. Oder geben Sie Ihr Steinzeugprodukt f\u00fcr einen kompletten Sp\u00fclgang in die Sp\u00fclmaschine.<\/p>\n<\/li>\n<\/ul>\n","protected":false},"excerpt":{"rendered":"<p>Feiern Sie Weihnachten mit Stil mit unserer limitierten Weihnachtsmann-Servierplatte aus hochwertigem glasiertem Steinzeug in lebendigen Farbt\u00f6nen. Locken Sie alle am<\/p>\n","protected":false},"featured_media":446994,"template":"","meta":{"_acf_changed":false,"inline_featured_image":false},"product_cat":[6796,6787],"product_tag":[12201,11971,14558,11587,11827],"acf":[],"yoast_head":"<!-- This site is optimized with the Yoast SEO Premium plugin v18.6 (Yoast SEO v19.13) - https:\/\/yoast.com\/wordpress\/plugins\/seo\/ -->\n<title>LE CREUSET Ovale Servierplatte Weihnachtsmann 35 cm Kirsche - Erresse Shop<\/title>\n<meta name=\"description\" content=\"Feiern Sie Weihnachten mit Stil mit unserer limitierten Weihnachtsmann-Servierplatte aus hochwertigem glasiertem Steinzeug in lebendigen Farbt\u00f6nen. Locken\" \/>\n<meta name=\"robots\" content=\"index, follow, max-snippet:-1, max-image-preview:large, max-video-preview:-1\" \/>\n<link rel=\"canonical\" href=\"https:\/\/www.erresse-shop.it\/de\/shop\/tisch\/teller-geschirr\/servierplatten\/le-creuset-holly-teller-19-cm-kirsche-copia-2\/\" \/>\n<meta property=\"og:locale\" content=\"de_DE\" \/>\n<meta property=\"og:type\" content=\"article\" \/>\n<meta property=\"og:title\" content=\"LE CREUSET Ovale Servierplatte Weihnachtsmann 35 cm Kirsche\" \/>\n<meta property=\"og:description\" content=\"Feiern Sie Weihnachten mit Stil mit unserer limitierten Weihnachtsmann-Servierplatte aus hochwertigem glasiertem Steinzeug in lebendigen Farbt\u00f6nen. Locken\" \/>\n<meta property=\"og:url\" content=\"https:\/\/www.erresse-shop.it\/de\/shop\/tisch\/teller-geschirr\/servierplatten\/le-creuset-holly-teller-19-cm-kirsche-copia-2\/\" \/>\n<meta property=\"og:site_name\" content=\"Erresse Shop\" \/>\n<meta property=\"article:modified_time\" content=\"2025-06-07T06:28:56+00:00\" \/>\n<meta property=\"og:image\" content=\"https:\/\/www.erresse-shop.it\/wp-content\/uploads\/2024\/11\/LE-CREUSET-Piatto-da-Portata-Ovale-Babbo-Natale-35-cm-Ciliegia.jpg\" \/>\n\t<meta property=\"og:image:width\" content=\"1200\" \/>\n\t<meta property=\"og:image:height\" content=\"1200\" \/>\n\t<meta property=\"og:image:type\" content=\"image\/jpeg\" \/>\n<meta name=\"twitter:card\" content=\"summary_large_image\" \/>\n<script type=\"application\/ld+json\" class=\"yoast-schema-graph\">{\"@context\":\"https:\/\/schema.org\",\"@graph\":[{\"@type\":\"WebPage\",\"@id\":\"https:\/\/www.erresse-shop.it\/de\/shop\/tisch\/teller-geschirr\/servierplatten\/le-creuset-holly-teller-19-cm-kirsche-copia-2\/\",\"url\":\"https:\/\/www.erresse-shop.it\/de\/shop\/tisch\/teller-geschirr\/servierplatten\/le-creuset-holly-teller-19-cm-kirsche-copia-2\/\",\"name\":\"LE CREUSET Ovale Servierplatte Weihnachtsmann 35 cm Kirsche - Erresse Shop\",\"isPartOf\":{\"@id\":\"https:\/\/www.erresse-shop.it\/de\/#website\"},\"datePublished\":\"2024-11-14T10:30:36+00:00\",\"dateModified\":\"2025-06-07T06:28:56+00:00\",\"description\":\"Feiern Sie Weihnachten mit Stil mit unserer limitierten Weihnachtsmann-Servierplatte aus hochwertigem glasiertem Steinzeug in lebendigen Farbt\u00f6nen. Locken\",\"breadcrumb\":{\"@id\":\"https:\/\/www.erresse-shop.it\/de\/shop\/tisch\/teller-geschirr\/servierplatten\/le-creuset-holly-teller-19-cm-kirsche-copia-2\/#breadcrumb\"},\"inLanguage\":\"de-DE\",\"potentialAction\":[{\"@type\":\"ReadAction\",\"target\":[\"https:\/\/www.erresse-shop.it\/de\/shop\/tisch\/teller-geschirr\/servierplatten\/le-creuset-holly-teller-19-cm-kirsche-copia-2\/\"]}]},{\"@type\":\"BreadcrumbList\",\"@id\":\"https:\/\/www.erresse-shop.it\/de\/shop\/tisch\/teller-geschirr\/servierplatten\/le-creuset-holly-teller-19-cm-kirsche-copia-2\/#breadcrumb\",\"itemListElement\":[{\"@type\":\"ListItem\",\"position\":1,\"name\":\"Home\",\"item\":\"https:\/\/www.erresse-shop.it\/de\/\"},{\"@type\":\"ListItem\",\"position\":2,\"name\":\"Shop\",\"item\":\"https:\/\/www.erresse-shop.it\/de\/shop\/\"},{\"@type\":\"ListItem\",\"position\":3,\"name\":\"LE CREUSET Ovale Servierplatte Weihnachtsmann 35 cm Kirsche\"}]},{\"@type\":\"WebSite\",\"@id\":\"https:\/\/www.erresse-shop.it\/de\/#website\",\"url\":\"https:\/\/www.erresse-shop.it\/de\/\",\"name\":\"Erresse Shop\",\"description\":\"Articoli di qualit\u00e0 per la casa\",\"potentialAction\":[{\"@type\":\"SearchAction\",\"target\":{\"@type\":\"EntryPoint\",\"urlTemplate\":\"https:\/\/www.erresse-shop.it\/de\/?s={search_term_string}\"},\"query-input\":\"required name=search_term_string\"}],\"inLanguage\":\"de-DE\"}]}<\/script>\n<!-- \/ Yoast SEO Premium plugin. -->","yoast_head_json":{"title":"LE CREUSET Ovale Servierplatte Weihnachtsmann 35 cm Kirsche - Erresse Shop","description":"Feiern Sie Weihnachten mit Stil mit unserer limitierten Weihnachtsmann-Servierplatte aus hochwertigem glasiertem Steinzeug in lebendigen Farbt\u00f6nen. Locken","robots":{"index":"index","follow":"follow","max-snippet":"max-snippet:-1","max-image-preview":"max-image-preview:large","max-video-preview":"max-video-preview:-1"},"canonical":"https:\/\/www.erresse-shop.it\/de\/shop\/tisch\/teller-geschirr\/servierplatten\/le-creuset-holly-teller-19-cm-kirsche-copia-2\/","og_locale":"de_DE","og_type":"article","og_title":"LE CREUSET Ovale Servierplatte Weihnachtsmann 35 cm Kirsche","og_description":"Feiern Sie Weihnachten mit Stil mit unserer limitierten Weihnachtsmann-Servierplatte aus hochwertigem glasiertem Steinzeug in lebendigen Farbt\u00f6nen. Locken","og_url":"https:\/\/www.erresse-shop.it\/de\/shop\/tisch\/teller-geschirr\/servierplatten\/le-creuset-holly-teller-19-cm-kirsche-copia-2\/","og_site_name":"Erresse Shop","article_modified_time":"2025-06-07T06:28:56+00:00","og_image":[{"width":1200,"height":1200,"url":"https:\/\/www.erresse-shop.it\/wp-content\/uploads\/2024\/11\/LE-CREUSET-Piatto-da-Portata-Ovale-Babbo-Natale-35-cm-Ciliegia.jpg","type":"image\/jpeg"}],"twitter_card":"summary_large_image","schema":{"@context":"https:\/\/schema.org","@graph":[{"@type":"WebPage","@id":"https:\/\/www.erresse-shop.it\/de\/shop\/tisch\/teller-geschirr\/servierplatten\/le-creuset-holly-teller-19-cm-kirsche-copia-2\/","url":"https:\/\/www.erresse-shop.it\/de\/shop\/tisch\/teller-geschirr\/servierplatten\/le-creuset-holly-teller-19-cm-kirsche-copia-2\/","name":"LE CREUSET Ovale Servierplatte Weihnachtsmann 35 cm Kirsche - Erresse Shop","isPartOf":{"@id":"https:\/\/www.erresse-shop.it\/de\/#website"},"datePublished":"2024-11-14T10:30:36+00:00","dateModified":"2025-06-07T06:28:56+00:00","description":"Feiern Sie Weihnachten mit Stil mit unserer limitierten Weihnachtsmann-Servierplatte aus hochwertigem glasiertem Steinzeug in lebendigen Farbt\u00f6nen. Locken","breadcrumb":{"@id":"https:\/\/www.erresse-shop.it\/de\/shop\/tisch\/teller-geschirr\/servierplatten\/le-creuset-holly-teller-19-cm-kirsche-copia-2\/#breadcrumb"},"inLanguage":"de-DE","potentialAction":[{"@type":"ReadAction","target":["https:\/\/www.erresse-shop.it\/de\/shop\/tisch\/teller-geschirr\/servierplatten\/le-creuset-holly-teller-19-cm-kirsche-copia-2\/"]}]},{"@type":"BreadcrumbList","@id":"https:\/\/www.erresse-shop.it\/de\/shop\/tisch\/teller-geschirr\/servierplatten\/le-creuset-holly-teller-19-cm-kirsche-copia-2\/#breadcrumb","itemListElement":[{"@type":"ListItem","position":1,"name":"Home","item":"https:\/\/www.erresse-shop.it\/de\/"},{"@type":"ListItem","position":2,"name":"Shop","item":"https:\/\/www.erresse-shop.it\/de\/shop\/"},{"@type":"ListItem","position":3,"name":"LE CREUSET Ovale Servierplatte Weihnachtsmann 35 cm Kirsche"}]},{"@type":"WebSite","@id":"https:\/\/www.erresse-shop.it\/de\/#website","url":"https:\/\/www.erresse-shop.it\/de\/","name":"Erresse Shop","description":"Articoli di qualit\u00e0 per la casa","potentialAction":[{"@type":"SearchAction","target":{"@type":"EntryPoint","urlTemplate":"https:\/\/www.erresse-shop.it\/de\/?s={search_term_string}"},"query-input":"required name=search_term_string"}],"inLanguage":"de-DE"}]}},"df_price":53.4,"df_sale_price":53.4,"df_regular_price":89,"df_image_link":"https:\/\/www.erresse-shop.it\/wp-content\/uploads\/2024\/11\/LE-CREUSET-Piatto-da-Portata-Ovale-Babbo-Natale-35-cm-Ciliegia-300x300.jpg","_links":{"self":[{"href":"https:\/\/www.erresse-shop.it\/de\/wp-json\/wp\/v2\/product\/446961"}],"collection":[{"href":"https:\/\/www.erresse-shop.it\/de\/wp-json\/wp\/v2\/product"}],"about":[{"href":"https:\/\/www.erresse-shop.it\/de\/wp-json\/wp\/v2\/types\/product"}],"wp:featuredmedia":[{"embeddable":true,"href":"https:\/\/www.erresse-shop.it\/de\/wp-json\/wp\/v2\/media\/446994"}],"wp:attachment":[{"href":"https:\/\/www.erresse-shop.it\/de\/wp-json\/wp\/v2\/media?parent=446961"}],"wp:term":[{"taxonomy":"product_cat","embeddable":true,"href":"https:\/\/www.erresse-shop.it\/de\/wp-json\/wp\/v2\/product_cat?post=446961"},{"taxonomy":"product_tag","embeddable":true,"href":"https:\/\/www.erresse-shop.it\/de\/wp-json\/wp\/v2\/product_tag?post=446961"}],"curies":[{"name":"wp","href":"https:\/\/api.w.org\/{rel}","templated":true}]}}